{"id":8158,"date":"2026-04-19T09:58:31","date_gmt":"2026-04-19T09:58:31","guid":{"rendered":"https:\/\/cappadociatourturkey.com\/?post_type=product&#038;p=8158"},"modified":"2026-04-20T06:41:32","modified_gmt":"2026-04-20T06:41:32","slug":"cappadocia-daylight-flight","status":"publish","type":"product","link":"https:\/\/cappadociatourturkey.com\/pt-pt\/passeios-na-capad\u00f3cia\/cappadocia-daylight-flight\/","title":{"rendered":"Voo diurno para a Capad\u00f3cia"},"content":{"rendered":"[vc_row type=&#8221;full_width_background&#8221; full_screen_row_position=&#8221;middle&#8221; column_margin=&#8221;90px&#8221; equal_height=&#8221;yes&#8221; content_placement=&#8221;middle&#8221; column_direction=&#8221;default&#8221; column_direction_tablet=&#8221;default&#8221; column_direction_phone=&#8221;default&#8221; bg_color=&#8221;#ffffff&#8221; scene_position=&#8221;center&#8221; constrain_group_1=&#8221;yes&#8221; top_padding_tablet=&#8221;8%&#8221; bottom_padding_tablet=&#8221;8%&#8221; text_color=&#8221;dark&#8221; text_align=&#8221;left&#8221; row_border_radius=&#8221;none&#8221; row_border_radius_applies=&#8221;bg&#8221; row_position_desktop=&#8221;default&#8221; row_position_tablet=&#8221;inherit&#8221; row_position_phone=&#8221;inherit&#8221; overflow=&#8221;visible&#8221; id=&#8221;home&#8221; overlay_strength=&#8221;0.5&#8243; gradient_direction=&#8221;top_to_bottom&#8221; shape_divider_position=&#8221;bottom&#8221; bg_image_animation=&#8221;none&#8221; shape_type=&#8221;straight_section&#8221;][vc_column column_padding=&#8221;padding-2-percent&#8221; column_padding_tablet=&#8221;no-extra-padding&#8221; column_padding_phone=&#8221;no-extra-padding&#8221; column_padding_position=&#8221;right&#8221; flex_gap_desktop=&#8221;10px&#8221; column_element_direction_desktop=&#8221;default&#8221; column_element_spacing=&#8221;default&#8221; desktop_text_alignment=&#8221;default&#8221; tablet_text_alignment=&#8221;default&#8221; phone_text_alignment=&#8221;default&#8221; background_color_opacity=&#8221;1&#8243; background_hover_color_opacity=&#8221;1&#8243; column_backdrop_filter=&#8221;none&#8221; column_shadow=&#8221;none&#8221; column_border_radius=&#8221;none&#8221; column_link_target=&#8221;_self&#8221; column_position=&#8221;default&#8221; zindex=&#8221;100&#8243; gradient_direction=&#8221;left_t_to_right_b&#8221; overlay_strength=&#8221;0.3&#8243; width=&#8221;1\/1&#8243; tablet_width_inherit=&#8221;default&#8221; animation_type=&#8221;default&#8221; bg_image_animation=&#8221;none&#8221; border_type=&#8221;simple&#8221; column_border_width=&#8221;none&#8221; column_border_style=&#8221;solid&#8221; offset=&#8221;vc_col-xs-12&#8243;][vc_row_inner column_margin=&#8221;default&#8221; column_direction=&#8221;default&#8221; column_direction_tablet=&#8221;default&#8221; column_direction_phone=&#8221;default&#8221; text_align=&#8221;left&#8221; row_position=&#8221;default&#8221; row_position_tablet=&#8221;inherit&#8221; row_position_phone=&#8221;inherit&#8221; overflow=&#8221;visible&#8221; pointer_events=&#8221;all&#8221; min_width=&#8221;47vh&#8221;][vc_column_inner column_padding=&#8221;no-extra-padding&#8221; column_padding_tablet=&#8221;inherit&#8221; column_padding_phone=&#8221;inherit&#8221; column_padding_position=&#8221;all&#8221; flex_gap_desktop=&#8221;10px&#8221; column_element_direction_desktop=&#8221;default&#8221; column_element_spacing=&#8221;default&#8221; desktop_text_alignment=&#8221;default&#8221; tablet_text_alignment=&#8221;default&#8221; phone_text_alignment=&#8221;default&#8221; background_color_opacity=&#8221;1&#8243; background_hover_color_opacity=&#8221;1&#8243; column_backdrop_filter=&#8221;none&#8221; column_shadow=&#8221;none&#8221; column_border_radius=&#8221;none&#8221; column_link_target=&#8221;_self&#8221; overflow=&#8221;visible&#8221; gradient_direction=&#8221;left_to_right&#8221; overlay_strength=&#8221;0.3&#8243; width=&#8221;1\/1&#8243; tablet_width_inherit=&#8221;default&#8221; animation_type=&#8221;default&#8221; enable_animation=&#8221;true&#8221; animation=&#8221;fade-in-from-bottom&#8221; animation_easing=&#8221;default&#8221; bg_image_animation=&#8221;none&#8221; border_type=&#8221;simple&#8221; column_border_width=&#8221;none&#8221; column_border_style=&#8221;solid&#8221; enable_border_animation=&#8221;true&#8221;][vc_column_text css_animation=&#8221;none&#8221; css=&#8221;.vc_custom_1776665948012{margin-bottom: 20px !important;}&#8221; text_direction=&#8221;default&#8221;]\n<h2>Voo diurno para a Capad\u00f3cia<\/h2>\n[\/vc_column_text][vc_custom_heading text=&#8221;Embarca numa aventura m\u00e1gica sobre as paisagens de cortar a respira\u00e7\u00e3o da Capad\u00f3cia com um passeio de bal\u00e3o de ar quente. Dura\u00e7\u00e3o aproximada de 1 hora. &#8221; font_container=&#8221;tag:p|font_size:20px|text_align:left|line_height:2em&#8221; use_theme_fonts=&#8221;yes&#8221; css_animation=&#8221;none&#8221; css=&#8221;&#8221;][vc_column_text css=&#8221;&#8221; text_direction=&#8221;default&#8221;]\n<h3><span dir=\"auto\">O voo diurno parte precisamente ao nascer do sol. Se desejas especificamente ver o nascer do sol do ar, recomendamos que reserves o voo   <\/span><a title=\"Voo ao nascer do sol na Capad\u00f3cia\" href=\"https:\/\/cappadociatourturkey.com\/pt-pt\/passeios-na-capad\u00f3cia\/o-voo-regular-de-amanhecer\/\"><span dir=\"auto\">Voo regular do nascer do sol<\/span><\/a><span dir=\"auto\"> N\u00e3o te esque\u00e7as de que, devido a problemas operacionais, podem ocorrer atrasos.<\/span><\/h3>\n<p>Embarca numa <strong>aventura m\u00e1gica<\/strong> sobre as paisagens de cortar a respira\u00e7\u00e3o da Capad\u00f3cia com um passeio de bal\u00e3o de ar quente \u00e0 luz do dia. A tua viagem come\u00e7a cedo, pois ser\u00e1s recolhido no teu hotel cerca de uma hora antes do nascer do sol. Ser\u00e1s levado ao escrit\u00f3rio da empresa de bal\u00f5es para te registares e tomares <strong>um pequeno-almo\u00e7o ligeiro.<\/strong>  <\/p>\n<p>Enquanto esperas, os pilotos est\u00e3o ocupados a verificar as condi\u00e7\u00f5es meteorol\u00f3gicas para determinar os <strong>pontos de lan\u00e7amento perfeitos.<\/strong> Estes pontos de descolagem mudam todos os dias, dependendo da velocidade e da dire\u00e7\u00e3o do vento, para garantir que tens a melhor experi\u00eancia de voo poss\u00edvel.<\/p>\n<p>Uma vez dada a luz verde pela autoridade turca da avia\u00e7\u00e3o civil, ser\u00e1s levado para o ponto de descolagem designado. Aqui, seguir\u00e1s as instru\u00e7\u00f5es de seguran\u00e7a e assistir\u00e1s \u00e0s fases finais da <strong>insufla\u00e7\u00e3o do bal\u00e3o<\/strong>. <\/p>\n<p>Maravilha-te com a vis\u00e3o hipnotizante do bal\u00e3o a ganhar vida contra o pano de fundo do sol.<\/p>\n<p>Com a ajuda da equipa de terra, entra no cesto e levanta voo suavemente para o c\u00e9u da manh\u00e3. Sobe aos c\u00e9us rosados, onde as vistas panor\u00e2micas dos vales ic\u00f3nicos da Capad\u00f3cia, das vinhas e das chamin\u00e9s de fadas se estendem por baixo de ti como uma obra-prima. Guiado por um piloto experiente, descobrir\u00e1s j\u00f3ias escondidas e paisagens surreais ao longo do caminho, durante <strong>aproximadamente uma hora<\/strong>.  <\/p>\n<p>A dura\u00e7\u00e3o do voo pode variar de 5 a 10 minutos em fun\u00e7\u00e3o das condi\u00e7\u00f5es do vento e dos diferentes pontos de aterragem. As <strong>minivans estar\u00e3o \u00e0 tua espera<\/strong> quando aterrares suavemente. <\/p>\n<p>No final do teu voo, celebra a experi\u00eancia com um tradicional <strong>brinde com champanhe<\/strong>. Receber\u00e1s tamb\u00e9m um <strong>certificado de voo<\/strong>comemorativo como recorda\u00e7\u00e3o desta extraordin\u00e1ria aventura. Ser\u00e1s <strong>conduzido de volta ao teu hotel<\/strong>, pronto para aproveitar o resto do dia nesta regi\u00e3o encantadora. Um passeio de bal\u00e3o de ar quente sobre a Capad\u00f3cia n\u00e3o \u00e9 apenas um espet\u00e1culo visual, mas uma viagem que mexe com a alma e deixa uma impress\u00e3o duradoura.[\/vc_column_text][\/vc_column_inner][\/vc_row_inner][\/vc_column][\/vc_row][vc_row type=&#8221;full_width_background&#8221; full_screen_row_position=&#8221;middle&#8221; column_margin=&#8221;90px&#8221; equal_height=&#8221;yes&#8221; content_placement=&#8221;middle&#8221; column_direction=&#8221;default&#8221; column_direction_tablet=&#8221;default&#8221; column_direction_phone=&#8221;default&#8221; bg_color=&#8221;#ffffff&#8221; scene_position=&#8221;center&#8221; constrain_group_1=&#8221;yes&#8221; top_padding_tablet=&#8221;8%&#8221; bottom_padding_tablet=&#8221;8%&#8221; text_color=&#8221;dark&#8221; text_align=&#8221;left&#8221; row_border_radius=&#8221;none&#8221; row_border_radius_applies=&#8221;bg&#8221; row_position_desktop=&#8221;default&#8221; row_position_tablet=&#8221;inherit&#8221; row_position_phone=&#8221;inherit&#8221; overflow=&#8221;visible&#8221; overlay_strength=&#8221;0.5&#8243; gradient_direction=&#8221;top_to_bottom&#8221; shape_divider_position=&#8221;bottom&#8221; bg_image_animation=&#8221;none&#8221; shape_type=&#8221;straight_section&#8221; gradient_type=&#8221;default&#8221;][vc_column column_padding=&#8221;padding-2-percent&#8221; column_padding_tablet=&#8221;no-extra-padding&#8221; column_padding_phone=&#8221;no-extra-padding&#8221; column_padding_position=&#8221;right&#8221; top_margin=&#8221;5%&#8221; flex_gap_desktop=&#8221;10px&#8221; column_element_direction_desktop=&#8221;default&#8221; column_element_spacing=&#8221;default&#8221; desktop_text_alignment=&#8221;default&#8221; tablet_text_alignment=&#8221;default&#8221; phone_text_alignment=&#8221;default&#8221; background_color_opacity=&#8221;1&#8243; background_hover_color_opacity=&#8221;1&#8243; column_backdrop_filter=&#8221;none&#8221; column_shadow=&#8221;none&#8221; column_border_radius=&#8221;none&#8221; column_link_target=&#8221;_self&#8221; column_position=&#8221;default&#8221; zindex=&#8221;100&#8243; gradient_direction=&#8221;left_t_to_right_b&#8221; overlay_strength=&#8221;0.3&#8243; width=&#8221;1\/1&#8243; tablet_width_inherit=&#8221;default&#8221; animation_type=&#8221;default&#8221; bg_image_animation=&#8221;none&#8221; border_type=&#8221;simple&#8221; column_border_width=&#8221;none&#8221; column_border_style=&#8221;solid&#8221; offset=&#8221;vc_col-xs-12&#8243; column_padding_type=&#8221;default&#8221; gradient_type=&#8221;default&#8221;][vc_row_inner column_margin=&#8221;70px&#8221; column_direction=&#8221;default&#8221; column_direction_tablet=&#8221;default&#8221; column_direction_phone=&#8221;default&#8221; top_padding=&#8221;25&#8243; bottom_padding=&#8221;15&#8243; text_align=&#8221;left&#8221; row_position=&#8221;default&#8221; row_position_tablet=&#8221;inherit&#8221; row_position_phone=&#8221;inherit&#8221; overflow=&#8221;visible&#8221; pointer_events=&#8221;all&#8221;][vc_column_inner column_padding=&#8221;no-extra-padding&#8221; column_padding_tablet=&#8221;inherit&#8221; column_padding_phone=&#8221;inherit&#8221; column_padding_position=&#8221;all&#8221; flex_gap_desktop=&#8221;10px&#8221; column_element_direction_desktop=&#8221;default&#8221; column_element_spacing=&#8221;default&#8221; desktop_text_alignment=&#8221;default&#8221; tablet_text_alignment=&#8221;default&#8221; phone_text_alignment=&#8221;default&#8221; background_color_opacity=&#8221;1&#8243; background_hover_color_opacity=&#8221;1&#8243; column_backdrop_filter=&#8221;none&#8221; column_shadow=&#8221;none&#8221; column_border_radius=&#8221;none&#8221; column_link_target=&#8221;_self&#8221; overflow=&#8221;visible&#8221; gradient_direction=&#8221;left_to_right&#8221; overlay_strength=&#8221;0.3&#8243; width=&#8221;1\/3&#8243; tablet_width_inherit=&#8221;small_desktop&#8221; animation_type=&#8221;default&#8221; enable_animation=&#8221;true&#8221; animation=&#8221;fade-in-from-bottom&#8221; animation_easing=&#8221;default&#8221; bg_image_animation=&#8221;none&#8221; border_type=&#8221;simple&#8221; column_border_width=&#8221;none&#8221; column_border_style=&#8221;solid&#8221;][vc_column_text css_animation=&#8221;none&#8221; css=&#8221;.vc_custom_1689773585088{margin-bottom: 10px !important;}&#8221;]\n<h4>Inclus\u00f5es<\/h4>\n[\/vc_column_text][vc_column_text css=&#8221;&#8221; text_direction=&#8221;default&#8221;]\n<ul>\n<li>Recolha e entrega no teu hotel<\/li>\n<li>Pequeno-almo\u00e7o ligeiro<\/li>\n<li>Aproximadamente 1 hora de voo, cesto para 28-32 pessoas<\/li>\n<li>Celebra\u00e7\u00e3o com champanhe e certificado de voo<\/li>\n<li>Seguro pessoal no valor de 25 milh\u00f5es de euros<\/li>\n<\/ul>\n[\/vc_column_text][\/vc_column_inner][vc_column_inner column_padding=&#8221;no-extra-padding&#8221; column_padding_tablet=&#8221;inherit&#8221; column_padding_phone=&#8221;inherit&#8221; column_padding_position=&#8221;all&#8221; flex_gap_desktop=&#8221;10px&#8221; column_element_direction_desktop=&#8221;default&#8221; column_element_spacing=&#8221;default&#8221; desktop_text_alignment=&#8221;default&#8221; tablet_text_alignment=&#8221;default&#8221; phone_text_alignment=&#8221;default&#8221; background_color_opacity=&#8221;1&#8243; background_hover_color_opacity=&#8221;1&#8243; column_backdrop_filter=&#8221;none&#8221; column_shadow=&#8221;none&#8221; column_border_radius=&#8221;none&#8221; column_link_target=&#8221;_self&#8221; overflow=&#8221;visible&#8221; gradient_direction=&#8221;left_to_right&#8221; overlay_strength=&#8221;0.3&#8243; width=&#8221;1\/3&#8243; tablet_width_inherit=&#8221;small_desktop&#8221; animation_type=&#8221;default&#8221; enable_animation=&#8221;true&#8221; animation=&#8221;fade-in-from-bottom&#8221; animation_easing=&#8221;default&#8221; bg_image_animation=&#8221;none&#8221; border_type=&#8221;simple&#8221; column_border_width=&#8221;none&#8221; column_border_style=&#8221;solid&#8221;][vc_column_text css_animation=&#8221;none&#8221; css=&#8221;.vc_custom_1689773390381{margin-bottom: 10px !important;}&#8221;]\n<h4>Notas<\/h4>\n[\/vc_column_text][vc_column_text text_direction=&#8221;default&#8221;]\n<ul>\n<li><strong>Hora de recolha<\/strong>: A hora depende do nascer do sol. Consulta <a href=\"https:\/\/www.timeanddate.com\/sun\/@313947\" target=\"_blank\" rel=\"noopener\">esta liga\u00e7\u00e3o<\/a> para veres as horas do p\u00f4r do sol para as datas da tua visita. <\/li>\n<li>Por raz\u00f5es de seguran\u00e7a, as crian\u00e7as com menos de 6 anos N\u00c3O podem voar no voo de bal\u00e3o da Capad\u00f3cia.<\/li>\n<\/ul>\n[\/vc_column_text][\/vc_column_inner][vc_column_inner column_padding=&#8221;no-extra-padding&#8221; column_padding_tablet=&#8221;inherit&#8221; column_padding_phone=&#8221;inherit&#8221; column_padding_position=&#8221;all&#8221; flex_gap_desktop=&#8221;10px&#8221; column_element_direction_desktop=&#8221;default&#8221; column_element_spacing=&#8221;default&#8221; desktop_text_alignment=&#8221;default&#8221; tablet_text_alignment=&#8221;default&#8221; phone_text_alignment=&#8221;default&#8221; background_color_opacity=&#8221;1&#8243; background_hover_color_opacity=&#8221;1&#8243; column_backdrop_filter=&#8221;none&#8221; column_shadow=&#8221;none&#8221; column_border_radius=&#8221;none&#8221; column_link_target=&#8221;_self&#8221; overflow=&#8221;visible&#8221; gradient_direction=&#8221;left_to_right&#8221; overlay_strength=&#8221;0.3&#8243; width=&#8221;1\/3&#8243; tablet_width_inherit=&#8221;default&#8221; animation_type=&#8221;default&#8221; enable_animation=&#8221;true&#8221; animation=&#8221;fade-in-from-bottom&#8221; animation_easing=&#8221;default&#8221; bg_image_animation=&#8221;none&#8221; border_type=&#8221;simple&#8221; column_border_width=&#8221;none&#8221; column_border_style=&#8221;solid&#8221; column_padding_type=&#8221;default&#8221; gradient_type=&#8221;default&#8221;][vc_column_text css_animation=&#8221;none&#8221; css=&#8221;.vc_custom_1689772799372{margin-bottom: 10px !important;}&#8221;]\n<h4>Cancelamentos<\/h4>\n[\/vc_column_text][vc_column_text]\n<ul>\n<li>Se o voo de bal\u00e3o for cancelado devido ao mau tempo, receber\u00e1s <strong>um reembolso de 100%.<\/strong><\/li>\n<li>Os cancelamentos <strong>efectuados a mais de 48 horas<\/strong> do in\u00edcio da excurs\u00e3o n\u00e3o ser\u00e3o cobrados.<\/li>\n<li>Os cancelamentos <strong>efectuados entre 24 e 48 horas<\/strong> antes do in\u00edcio da excurs\u00e3o implicam a cobran\u00e7a de 50% do montante devido.<\/li>\n<li>As n\u00e3o compar\u00eancias e os cancelamentos <strong>efectuados nas 24 horas<\/strong> anteriores ao in\u00edcio da hora de in\u00edcio ser\u00e3o cobrados a 100% do montante devido.<\/li>\n<\/ul>\n[\/vc_column_text][\/vc_column_inner][\/vc_row_inner][\/vc_column][\/vc_row][vc_row type=&#8221;in_container&#8221; full_screen_row_position=&#8221;middle&#8221; column_margin=&#8221;default&#8221; column_direction=&#8221;default&#8221; column_direction_tablet=&#8221;default&#8221; column_direction_phone=&#8221;default&#8221; scene_position=&#8221;center&#8221; text_color=&#8221;dark&#8221; text_align=&#8221;left&#8221; row_border_radius=&#8221;none&#8221; row_border_radius_applies=&#8221;bg&#8221; row_position_desktop=&#8221;default&#8221; row_position_tablet=&#8221;inherit&#8221; row_position_phone=&#8221;inherit&#8221; overflow=&#8221;visible&#8221; overlay_strength=&#8221;0.3&#8243; gradient_direction=&#8221;left_to_right&#8221; shape_divider_position=&#8221;bottom&#8221; bg_image_animation=&#8221;none&#8221;][vc_column column_padding=&#8221;no-extra-padding&#8221; column_padding_tablet=&#8221;inherit&#8221; column_padding_phone=&#8221;inherit&#8221; column_padding_position=&#8221;all&#8221; flex_gap_desktop=&#8221;10px&#8221; column_element_direction_desktop=&#8221;default&#8221; column_element_spacing=&#8221;default&#8221; desktop_text_alignment=&#8221;default&#8221; tablet_text_alignment=&#8221;default&#8221; phone_text_alignment=&#8221;default&#8221; background_color_opacity=&#8221;1&#8243; background_hover_color_opacity=&#8221;1&#8243; column_backdrop_filter=&#8221;none&#8221; column_shadow=&#8221;none&#8221; column_border_radius=&#8221;none&#8221; column_link_target=&#8221;_self&#8221; column_position=&#8221;default&#8221; gradient_direction=&#8221;left_to_right&#8221; overlay_strength=&#8221;0.3&#8243; width=&#8221;1\/4&#8243; tablet_width_inherit=&#8221;default&#8221; animation_type=&#8221;default&#8221; enable_animation=&#8221;true&#8221; animation=&#8221;fade-in-from-left&#8221; animation_easing=&#8221;default&#8221; bg_image_animation=&#8221;none&#8221; border_type=&#8221;simple&#8221; column_border_width=&#8221;none&#8221; column_border_style=&#8221;solid&#8221; column_padding_type=&#8221;default&#8221; gradient_type=&#8221;default&#8221;][vc_raw_html css=&#8221;&#8221;]PGRpdiBjbGFzcz0iY3RjX2NoYXQgY3RjX3dvb19wbGFjZSIgc3R5bGU9ImN1cnNvcjpwb2ludGVyO2Rpc3BsYXk6IGJsb2NrOyIgZGF0YS1kdD0iYmxvY2siPgogICAgICAgICAgICAgICAgCjxzdHlsZSBpZD0iaHQtY3RjLXM4Ij4KLmh0LWN0Yy1zdHlsZS04IC5zXzggLnNfOF9pY29ue29yZGVyOjA7bWFyZ2luLXJpZ2h0OiAxNXB4Ozt9Lmh0LWN0YyAuaHQtY3RjLXN0eWxlLTg6aG92ZXIgLnNfOCBzdmcgZyBwYXRoe2ZpbGw6I2ZmZmZmZiAhaW1wb3J0YW50O30uaHQtY3RjIC5odC1jdGMtc3R5bGUtODpob3ZlciAuc184IC5odC1jdGMtczgtdGV4dHtjb2xvcjojZmZmZmZmICFpbXBvcnRhbnQ7fS5odC1jdGMgLmh0LWN0Yy1zdHlsZS04OmhvdmVyIC5zXzh7Ym94LXNoYWRvdzogMCAzcHggM3B4IDAgcmdiYSg3LDYsNiwuMTQpLCAwIDFweCA3cHggMCByZ2JhKDAsMCwwLC4xMiksIDAgM3B4IDFweCAtMXB4IHJnYmEoMCwwLDAsLjIpICFpbXBvcnRhbnQ7IHRyYW5zaXRpb246IC4ycyBlYXNlLW91dCAhaW1wb3J0YW50OyBiYWNrZ3JvdW5kLWNvbG9yOiMyNmE2OWEgIWltcG9ydGFudDsgfTwvc3R5bGU+Cgo8ZGl2IGNsYXNzPSJodC1jdGMtc3R5bGUtOCBjdGMtYW5hbHl0aWNzIj4KICA8c3BhbiBjbGFzcz0ic184IHdhdmVzLWVmZmVjdCB3YXZlcy1saWdodCBjdGMtYW5hbHl0aWNzIiBzdHlsZT0iZGlzcGxheTogZmxleDsgcGFkZGluZzogMCAycmVtO2xldHRlci1zcGFjaW5nOiAuNXB4O3RyYW5zaXRpb246IC4ycyBlYXNlLW91dDt0ZXh0LWFsaWduOiBjZW50ZXI7anVzdGlmeS1jb250ZW50OiBjZW50ZXI7YWxpZ24taXRlbXM6IGNlbnRlcjtib3JkZXItcmFkaXVzOjJweDtoZWlnaHQ6MzZweDtsaW5lLWhlaWdodDozNnB4O3ZlcnRpY2FsLWFsaWduOm1pZGRsZTtib3gtc2hhZG93OjAgMnB4IDJweCAwIHJnYmEoMCwwLDAsLjE0KSwgMCAxcHggNXB4IDAgcmdiYSgwLDAsMCwuMTIpLCAwIDNweCAxcHggLTJweCByZ2JhKDAsMCwwLC4yKTtib3gtc2l6aW5nOmluaGVyaXQ7YmFja2dyb3VuZC1jb2xvcjojMjZhNjlhOyI+CiAgPHNwYW4gY2xhc3M9InNfOF9pY29uIj4KICAgIDxzdmcgc3R5bGU9ImRpc3BsYXk6YmxvY2s7IiBoZWlnaHQ9IjE3cHgiIHZlcnNpb249IjEuMSIgdmlld2JveD0iMCAwIDUwOSA1MTIiIHdpZHRoPSIxN3B4Ij4KICAgICAgICA8ZyBmaWxsPSJub25lIiBmaWxsLXJ1bGU9ImV2ZW5vZGQiIGlkPSJQYWdlLTEiIHN0cm9rZT0ibm9uZSIgc3Ryb2tlLXdpZHRoPSIxIj4KICAgICAgICAgICAgPHBhdGggc3R5bGU9ImZpbGw6ICNmZmZmZmY7IiBkPSJNMjU5LjI1MzEzNywwLjAwMTgwMzg5Mzk2IEMxMjEuNTAyODU5LDAuMDAxODAzODkzOTYgOS44MzczMDY4NywxMTEuNjYyODk2IDkuODM3MzA2ODcsMjQ5LjQxMzE3NSBDOS44MzczMDY4NywyOTYuNTMwMjMyIDIyLjkxNDIyOTksMzQwLjU5NzEyMiA0NS42MjU0ODk3LDM3OC4xOTEzMjUgTDAuNjEzMjI2NTk3LDUxMi4wMDE4MDQgTDEzOC43MDAxODMsNDY3Ljc4Nzc1NyBDMTc0LjQzMDM5NSw0ODcuNTQ5MTg0IDIxNS41MjI5MjYsNDk4LjgxMTE2OCAyNTkuMjUzMTM3LDQ5OC44MTExNjggQzM5Ni45OTQ0OTgsNDk4LjgxMTE2OCA1MDguNjYwMDQ5LDM4Ny4xNTQ1MzUgNTA4LjY2MDA0OSwyNDkuNDE1NDA1IEM1MDguNjYyMjc5LDExMS42NjI4OTYgMzk2Ljk5NjcyNywwLjAwMTgwMzg5Mzk2IDI1OS4yNTMxMzcsMC4wMDE4MDM4OTM5NiBMMjU5LjI1MzEzNywwLjAwMTgwMzg5Mzk2IFogTTI1OS4yNTMxMzcsNDU5LjA4OTg3NSBDMjE2LjY1NzgyLDQ1OS4wODk4NzUgMTc2Ljk5ODk1Nyw0NDYuMzEzOTU2IDE0My44ODYzNTksNDI0LjQxMjA2IEw2My4zMDQ0MTk1LDQ1MC4yMTgwOCBMODkuNDkzOTQwMSwzNzIuMzQ1MTcxIEM2NC4zOTI0OTA4LDMzNy43NzY2MDkgNDkuNTYwODI5NywyOTUuMjk5NDYzIDQ5LjU2MDgyOTcsMjQ5LjQwNjQ4NiBDNDkuNTYwODI5NywxMzMuNzgzMjk4IDE0My42Mjc3MTksMzkuNzE4NjM3OCAyNTkuMjUzMTM3LDM5LjcxODYzNzggQzM3NC44NzE4NjcsMzkuNzE4NjM3OCA0NjguOTQwOTg2LDEzMy43ODMyOTggNDY4Ljk0MDk4NiwyNDkuNDA2NDg2IEM0NjguOTQwOTg2LDM2NS4wMjUyMTUgMzc0Ljg3NDA5Niw0NTkuMDg5ODc1IDI1OS4yNTMxMzcsNDU5LjA4OTg3NSBaIE0yMDAuNzU1OTI0LDE0Ni4yNDcwNjYgQzE5Ni43MTU3OTEsMTM2LjUxMDE2NSAxOTMuNjIxMDMsMTM2LjE4MDE3NiAxODcuMzgwMjI4LDEzNS44ODM2MzIgQzE4NS4yMzk3NTksMTM1Ljc4MTA2OCAxODIuOTE4Njg5LDEzNS42ODI5NjMgMTgwLjM3OTExMywxMzUuNjgyOTYzIEMxNzIuMzM4OTc5LDEzNS42ODI5NjMgMTY0LjAwMjMwMSwxMzguMDUwODU2IDE1OC45Nzg4OSwxNDMuMTkwMjEgQzE1Mi44NjUxNzgsMTQ5LjQ0NDM5IDEzNy41Nzg2NjcsMTY0LjA5MzIyIDEzNy41Nzg2NjcsMTk0LjE3MTI1OCBDMTM3LjU3ODY2NywyMjQuMjUzNzU1IDE1OS40ODcyNTEsMjUzLjMyMTc1OSAxNjIuNTM5NjQ4LDI1Ny40MDIwMjcgQzE2NS42MDA5NjMsMjYxLjQ3NzgzNSAyMDUuMjY4NzQ1LDMyNC4xMTEwNTcgMjY2Ljk4NTU3OSwzNDkuNjgyOTYzIEMzMTUuMTU3MjYyLDM2OS42MzYxNDEgMzI5LjQ2MDQ5NSwzNjcuODU5MTA2IDM0MC40NTA0NjIsMzY1LjQ1NTUzOSBDMzU2LjQ0MTU0MywzNjEuOTYzOSAzNzYuNTIxODExLDM1MC4xODY4NjUgMzgxLjYxNjU3MSwzMzUuOTE3MDc3IEMzODYuNzExMzMxLDMyMS42MzgzNyAzODYuNzExMzMxLDMwOS4zOTk3OTcgMzg1LjE4NDAxOCwzMDYuODU3OTkxIEMzODMuNjU0NDc1LDMwNC4zMDUwMzcgMzc5LjU3ODY2NywzMDIuNzgyMTgzIDM3My40NjQ5NTUsMjk5LjcxNjQwOCBDMzY3LjM1MTI0MiwyOTYuNjU5NTUyIDMzNy4yODg4MTIsMjgxLjg3MDI1NCAzMzEuNjg1NjksMjc5LjgzNDU4IEMzMjYuMDgwMzM5LDI3Ny43OTY2NzYgMzIwLjg5ODYyMiwyNzguNDE4NzQ5IDMxNi41ODg3LDI4NC4zNzg2MTUgQzMxMC42Mzk5ODIsMjkyLjYxMjcyOSAzMDQuOTE4Njg5LDMwMS4wNzQyNjggMzAwLjE4MDY3NCwzMDYuMDkwOTkgQzI5Ni40NjE2MSwzMTAuMDI4NTYgMjkwLjQ3NzIxOCwzMTAuNTc3MDU1IDI4NS4zMzExNzUsMzA4LjM4OTc2NCBDMjc4LjU2NDE3NCwzMDUuNTA2ODIxIDI1OS41MTYyMzcsMjk4Ljg2OTEzOSAyMzYuMTYwNjA3LDI3OC4wNDg2MjcgQzIxNy45ODg5MjMsMjYxLjg0Nzk1OCAyMDUuNzE2OTA2LDI0MS44MzQ1OCAyMDIuMTQ5NDU4LDIzNS43MTE5NDkgQzE5OC41ODIwMTEsMjI5LjU5ODIzNiAyMDEuODM1MDc3LDIyNS45NDgyOTIgMjA0LjU4NDI0MSwyMjIuNjIxNjQ4IEMyMDcuNzE5MTM1LDIxOC44MjQ1NDYgMjEwLjYxMDk5NywyMTYuMDk3Njc5IDIxMy42Njc4NTMsMjEyLjUzMjQ2MiBDMjE2LjcyNDcwOSwyMDguOTYwNTU1IDIxOC40MzI2MjUsMjA3LjA1ODY2IDIyMC40NzA1MjksMjAyLjk3MzkzMyBDMjIyLjUwODQzMywxOTguODk4MTI1IDIyMS4xMzcxOTUsMTk0LjY5MDc2NyAyMTkuNjA3NjUyLDE5MS42Mjk0NTIgQzIxOC4wNzU4OCwxODguNTY4MTM2IDIwNS44MzUwNzcsMTU4LjQ5NDU1OCAyMDAuNzU1OTI0LDE0Ni4yNDcwNjYgWiIgZmlsbD0iI2ZmZmZmZiIgaWQ9Imh0d2FpY29uLWNoYXQiPjwvcGF0aD4KICAgICAgICA8L2c+CiAgICAgICAgPC9zdmc+ICAgIDwvc3Bhbj4KICAgIDxzcGFuIGNsYXNzPSJodC1jdGMtczgtdGV4dCBzOF9zcGFuIGN0Yy1hbmFseXRpY3MgY3RjX2N0YSIgc3R5bGU9ImNvbG9yOiNmZmZmZmY7ICAiPgogIFdoYXRzQXBwICA8L3NwYW4+CiAgPC9zcGFuPgo8L2Rpdj4gICAgICAgICAgICA8L2Rpdj4=[\/vc_raw_html][\/vc_column][vc_column column_padding=&#8221;no-extra-padding&#8221; column_padding_tablet=&#8221;inherit&#8221; column_padding_phone=&#8221;inherit&#8221; column_padding_position=&#8221;all&#8221; flex_gap_desktop=&#8221;10px&#8221; column_element_direction_desktop=&#8221;default&#8221; column_element_spacing=&#8221;default&#8221; desktop_text_alignment=&#8221;default&#8221; tablet_text_alignment=&#8221;default&#8221; phone_text_alignment=&#8221;default&#8221; background_color_opacity=&#8221;1&#8243; background_hover_color_opacity=&#8221;1&#8243; column_backdrop_filter=&#8221;none&#8221; column_shadow=&#8221;none&#8221; column_border_radius=&#8221;none&#8221; column_link_target=&#8221;_self&#8221; column_position=&#8221;default&#8221; gradient_direction=&#8221;left_to_right&#8221; overlay_strength=&#8221;0.3&#8243; width=&#8221;1\/2&#8243; tablet_width_inherit=&#8221;default&#8221; animation_type=&#8221;default&#8221; bg_image_animation=&#8221;none&#8221; border_type=&#8221;simple&#8221; column_border_width=&#8221;none&#8221; column_border_style=&#8221;solid&#8221;][\/vc_column][vc_column column_padding=&#8221;no-extra-padding&#8221; column_padding_tablet=&#8221;inherit&#8221; column_padding_phone=&#8221;inherit&#8221; column_padding_position=&#8221;all&#8221; flex_gap_desktop=&#8221;10px&#8221; column_element_direction_desktop=&#8221;default&#8221; column_element_spacing=&#8221;default&#8221; desktop_text_alignment=&#8221;default&#8221; tablet_text_alignment=&#8221;default&#8221; phone_text_alignment=&#8221;default&#8221; background_color_opacity=&#8221;1&#8243; background_hover_color_opacity=&#8221;1&#8243; column_backdrop_filter=&#8221;none&#8221; column_shadow=&#8221;none&#8221; column_border_radius=&#8221;none&#8221; column_link_target=&#8221;_self&#8221; column_position=&#8221;default&#8221; gradient_direction=&#8221;left_to_right&#8221; overlay_strength=&#8221;0.3&#8243; width=&#8221;1\/4&#8243; tablet_width_inherit=&#8221;default&#8221; animation_type=&#8221;default&#8221; bg_image_animation=&#8221;none&#8221; border_type=&#8221;simple&#8221; column_border_width=&#8221;none&#8221; column_border_style=&#8221;solid&#8221;][\/vc_column][\/vc_row]\n","protected":false},"excerpt":{"rendered":"<p><strong>(Descola 25-30 minutos ap\u00f3s o primeiro voo). Enquanto os primeiros voos partem 30 minutos antes do nascer do sol, este voo parte precisamente ao nascer do sol. <\/strong><\/p>\n","protected":false},"featured_media":8168,"template":"","meta":[],"product_brand":[],"product_cat":[196],"product_tag":[],"class_list":{"0":"post-8158","1":"product","2":"type-product","3":"status-publish","4":"has-post-thumbnail","6":"product_cat-voos-de-balao-a-capadocia-goreme","8":"first","9":"instock","10":"featured","11":"shipping-taxable","12":"purchasable","13":"product-type-simple"},"aioseo_notices":[],"_links":{"self":[{"href":"https:\/\/cappadociatourturkey.com\/pt-pt\/wp-json\/wp\/v2\/product\/8158","targetHints":{"allow":["GET"]}}],"collection":[{"href":"https:\/\/cappadociatourturkey.com\/pt-pt\/wp-json\/wp\/v2\/product"}],"about":[{"href":"https:\/\/cappadociatourturkey.com\/pt-pt\/wp-json\/wp\/v2\/types\/product"}],"wp:featuredmedia":[{"embeddable":true,"href":"https:\/\/cappadociatourturkey.com\/pt-pt\/wp-json\/wp\/v2\/media\/8168"}],"wp:attachment":[{"href":"https:\/\/cappadociatourturkey.com\/pt-pt\/wp-json\/wp\/v2\/media?parent=8158"}],"wp:term":[{"taxonomy":"product_brand","embeddable":true,"href":"https:\/\/cappadociatourturkey.com\/pt-pt\/wp-json\/wp\/v2\/product_brand?post=8158"},{"taxonomy":"product_cat","embeddable":true,"href":"https:\/\/cappadociatourturkey.com\/pt-pt\/wp-json\/wp\/v2\/product_cat?post=8158"},{"taxonomy":"product_tag","embeddable":true,"href":"https:\/\/cappadociatourturkey.com\/pt-pt\/wp-json\/wp\/v2\/product_tag?post=8158"}],"curies":[{"name":"wp","href":"https:\/\/api.w.org\/{rel}","templated":true}]}}