{"id":5082,"date":"2024-04-02T16:42:59","date_gmt":"2024-04-02T16:42:59","guid":{"rendered":"https:\/\/cappadociatourturkey.com\/?post_type=product&#038;p=5082"},"modified":"2025-03-27T06:58:53","modified_gmt":"2025-03-27T06:58:53","slug":"tour-mix-da-capadocia","status":"publish","type":"product","link":"https:\/\/cappadociatourturkey.com\/pt-pt\/passeios-na-capad\u00f3cia\/tour-mix-da-capadocia\/","title":{"rendered":"Tour Mix da Capad\u00f3cia"},"content":{"rendered":"[vc_row type=&#8221;full_width_background&#8221; full_screen_row_position=&#8221;middle&#8221; column_margin=&#8221;90px&#8221; equal_height=&#8221;yes&#8221; content_placement=&#8221;middle&#8221; column_direction=&#8221;default&#8221; column_direction_tablet=&#8221;default&#8221; column_direction_phone=&#8221;default&#8221; bg_color=&#8221;#ffffff&#8221; scene_position=&#8221;center&#8221; constrain_group_1=&#8221;yes&#8221; top_padding_tablet=&#8221;8%&#8221; bottom_padding_tablet=&#8221;8%&#8221; text_color=&#8221;dark&#8221; text_align=&#8221;left&#8221; row_border_radius=&#8221;none&#8221; row_border_radius_applies=&#8221;bg&#8221; overflow=&#8221;visible&#8221; id=&#8221;home&#8221; overlay_strength=&#8221;0.5&#8243; gradient_direction=&#8221;top_to_bottom&#8221; shape_divider_position=&#8221;bottom&#8221; bg_image_animation=&#8221;none&#8221; shape_type=&#8221;straight_section&#8221;][vc_column column_padding=&#8221;padding-2-percent&#8221; column_padding_tablet=&#8221;no-extra-padding&#8221; column_padding_phone=&#8221;no-extra-padding&#8221; column_padding_position=&#8221;right&#8221; column_element_direction_desktop=&#8221;default&#8221; column_element_spacing=&#8221;default&#8221; desktop_text_alignment=&#8221;default&#8221; tablet_text_alignment=&#8221;default&#8221; phone_text_alignment=&#8221;default&#8221; background_color_opacity=&#8221;1&#8243; background_hover_color_opacity=&#8221;1&#8243; column_backdrop_filter=&#8221;none&#8221; column_shadow=&#8221;none&#8221; column_border_radius=&#8221;none&#8221; column_link_target=&#8221;_self&#8221; column_position=&#8221;default&#8221; zindex=&#8221;100&#8243; gradient_direction=&#8221;left_t_to_right_b&#8221; overlay_strength=&#8221;0.3&#8243; width=&#8221;1\/1&#8243; tablet_width_inherit=&#8221;default&#8221; animation_type=&#8221;default&#8221; bg_image_animation=&#8221;none&#8221; border_type=&#8221;simple&#8221; column_border_width=&#8221;none&#8221; column_border_style=&#8221;solid&#8221; offset=&#8221;vc_col-xs-12&#8243;][vc_row_inner column_margin=&#8221;default&#8221; column_direction=&#8221;default&#8221; column_direction_tablet=&#8221;default&#8221; column_direction_phone=&#8221;default&#8221; text_align=&#8221;left&#8221; row_position=&#8221;default&#8221; row_position_tablet=&#8221;inherit&#8221; row_position_phone=&#8221;inherit&#8221; overflow=&#8221;visible&#8221; pointer_events=&#8221;all&#8221; min_width=&#8221;47vh&#8221;][vc_column_inner column_padding=&#8221;no-extra-padding&#8221; column_padding_tablet=&#8221;inherit&#8221; column_padding_phone=&#8221;inherit&#8221; column_padding_position=&#8221;all&#8221; column_element_direction_desktop=&#8221;default&#8221; column_element_spacing=&#8221;default&#8221; desktop_text_alignment=&#8221;default&#8221; tablet_text_alignment=&#8221;default&#8221; phone_text_alignment=&#8221;default&#8221; background_color_opacity=&#8221;1&#8243; background_hover_color_opacity=&#8221;1&#8243; column_backdrop_filter=&#8221;none&#8221; column_shadow=&#8221;none&#8221; column_border_radius=&#8221;none&#8221; column_link_target=&#8221;_self&#8221; overflow=&#8221;visible&#8221; gradient_direction=&#8221;left_to_right&#8221; overlay_strength=&#8221;0.3&#8243; width=&#8221;1\/1&#8243; tablet_width_inherit=&#8221;default&#8221; animation_type=&#8221;default&#8221; enable_animation=&#8221;true&#8221; animation=&#8221;fade-in-from-bottom&#8221; animation_easing=&#8221;default&#8221; bg_image_animation=&#8221;none&#8221; border_type=&#8221;simple&#8221; column_border_width=&#8221;none&#8221; column_border_style=&#8221;solid&#8221; enable_border_animation=&#8221;true&#8221;][vc_column_text css_animation=&#8221;none&#8221; css=&#8221;.vc_custom_1712076191483{margin-bottom: 20px !important;}&#8221; text_direction=&#8221;default&#8221;]\n<h2>Tour Mix da Capad\u00f3cia<\/h2>\n[\/vc_column_text][vc_custom_heading text=&#8221;Este \u00e9 o tour misto de tour verde e tour vermelho que tem tempo limitado na Capad\u00f3cia. Iremos lev\u00e1-lo a locais hist\u00f3ricos encontrados na regi\u00e3o central e norte da Capad\u00f3cia e na cidade subterr\u00e2nea&#8221; font_container=&#8221;tag:p|font_size:20px|text_align:left|line_height:2em&#8221; use_theme_fonts=&#8221;yes&#8221; css_animation=&#8221;none&#8221; css=&#8221;&#8221;][vc_column_text css=&#8221;&#8221; text_direction=&#8221;default&#8221;]\n<p class=\"vc_custom_heading vc_do_custom_heading\">subterr\u00e2nea<\/p>\n<div class=\"wpb_text_column wpb_content_element \">\n<div class=\"wpb_wrapper\">\n<p><strong><u>Itiner\u00e1rio:<\/u><\/strong><\/p>\n<ul>\n<li>Servi\u00e7o de busca em seu hotel por volta das\u00a0<strong>09h30 nos hot\u00e9is da Capad\u00f3cia<\/strong><\/li>\n<li>A primeira parada \u00e9 no\u00a0<strong>Castelo de U\u00e7hisar<\/strong>,a forma\u00e7\u00e3o rochosa mais alta da Capad\u00f3cia. O guia explicar\u00e1 como essa paisagem incr\u00edvel surgiu.<\/li>\n<li>Veja as antigas casas gregas na\u00a0vila de\u00a0<strong>\u00c7avu\u015fin<\/strong>, abandonadas durante a troca de popula\u00e7\u00e3o grega\/turca em 1924.<\/li>\n<li>No museu\u00a0<strong>Zelve Ar livre<\/strong>, o guia explicar\u00e1 a import\u00e2ncia do cristianismo e da vida mon\u00e1stica na Capad\u00f3cia antes de deix\u00e1-lo livre para explorar as igrejas e mosteiros das cavernas dos s\u00e9culos 10 e 11 com afrescos lindamente pintados retratando famosas cenas b\u00edblicas<\/li>\n<li>Desfrute de um almo\u00e7o em estilo\u00a0<strong>Avanos<\/strong><strong>,<\/strong>\u00a0oferecendo uma ampla variedade de pratos da Capad\u00f3cia, incluindo mezes, saladas, carnes, pratos vegetarianos e sobremesas.<\/li>\n<li><strong>Ainda em Avanos<\/strong>, visite uma aut\u00eantica oficina de cer\u00e2mica familiar localizada em uma caverna subterr\u00e2nea. A argila do rio K\u0131z\u0131l\u0131rmak (vermelho) foi usada pela primeira vez na produ\u00e7\u00e3o de cer\u00e2mica pelos hititas antes de 1700 aC e continua como uma forma de arte hoje. Assista a um\u00a0<strong>mestre demonstrar como<\/strong>\u00a0fazer um pote e observe os pintores e vidraceiros aplicarem seus padr\u00f5es delicados. Experimente voc\u00ea mesmo a roda do oleiro e fa\u00e7a seu pr\u00f3prio pote exclusivo, se desejar.<\/li>\n<li><strong>Em Pa\u015faba\u011f\u0131\u00a0<\/strong>(tamb\u00e9m conhecido como Vale dos Monges por causa da Capela de S\u00e3o Sime\u00e3o encontrada l\u00e1), passeie pelos grupos incomuns de \u201cchamin\u00e9s de fada\u201d (forma\u00e7\u00f5es rochosas) em forma de cogumelo com v\u00e1rias cabe\u00e7as.<\/li>\n<li><strong>Vale Devrent<\/strong><strong>(\u201cVale da Imagina\u00e7\u00e3o\u201d)<\/strong>\u00a0\u2013 um vale deslumbrante onde voc\u00ea pode observar forma\u00e7\u00f5es rochosas naturais em muitas formas reconhec\u00edveis na Capad\u00f3cia, incluindo a famosa rocha em forma de camelo. Use sua imagina\u00e7\u00e3o e veja que outras formas voc\u00ea pode encontrar.<\/li>\n<li><strong>A Cidade Subterr\u00e2nea de Kaymakl\u0131<\/strong>\u00a0\u00e9 um dos grandes e profundos assentamentos subterr\u00e2neos da Capad\u00f3cia, que remonta aos s\u00e9culos VII e VIII. Des\u00e7a 5 n\u00edveis, cada um interligado por t\u00faneis estreitos e escadas esculpidas em pedra. Veja a vin\u00edcola, a igreja, as cozinhas, as \u00e1reas de armazenamento de alimentos e as barracas de animais, enquanto seu guia lhe d\u00e1 uma vis\u00e3o de sua vida di\u00e1ria.<\/li>\n<li>Uma parada final em um mirante deslumbrante em U\u00e7hisar, com vista para o infame\u00a0<strong>Vale dos Pombos e<\/strong>\u00a0ver os pombais esculpidos na pedra pelos antigos habitantes.<\/li>\n<\/ul>\n<\/div>\n<\/div>\n[\/vc_column_text][\/vc_column_inner][\/vc_row_inner][\/vc_column][\/vc_row][vc_row type=&#8221;full_width_background&#8221; full_screen_row_position=&#8221;middle&#8221; column_margin=&#8221;90px&#8221; equal_height=&#8221;yes&#8221; content_placement=&#8221;middle&#8221; column_direction=&#8221;default&#8221; column_direction_tablet=&#8221;default&#8221; column_direction_phone=&#8221;default&#8221; bg_color=&#8221;#ffffff&#8221; scene_position=&#8221;center&#8221; constrain_group_1=&#8221;yes&#8221; top_padding_tablet=&#8221;8%&#8221; bottom_padding_tablet=&#8221;8%&#8221; text_color=&#8221;dark&#8221; text_align=&#8221;left&#8221; row_border_radius=&#8221;none&#8221; row_border_radius_applies=&#8221;bg&#8221; overflow=&#8221;visible&#8221; overlay_strength=&#8221;0.5&#8243; gradient_direction=&#8221;top_to_bottom&#8221; shape_divider_position=&#8221;bottom&#8221; bg_image_animation=&#8221;none&#8221; shape_type=&#8221;straight_section&#8221; gradient_type=&#8221;default&#8221;][vc_column column_padding=&#8221;padding-2-percent&#8221; column_padding_tablet=&#8221;no-extra-padding&#8221; column_padding_phone=&#8221;no-extra-padding&#8221; column_padding_position=&#8221;right&#8221; top_margin=&#8221;5%&#8221; column_element_direction_desktop=&#8221;default&#8221; column_element_spacing=&#8221;default&#8221; desktop_text_alignment=&#8221;default&#8221; tablet_text_alignment=&#8221;default&#8221; phone_text_alignment=&#8221;default&#8221; background_color_opacity=&#8221;1&#8243; background_hover_color_opacity=&#8221;1&#8243; column_backdrop_filter=&#8221;none&#8221; column_shadow=&#8221;none&#8221; column_border_radius=&#8221;none&#8221; column_link_target=&#8221;_self&#8221; column_position=&#8221;default&#8221; zindex=&#8221;100&#8243; gradient_direction=&#8221;left_t_to_right_b&#8221; overlay_strength=&#8221;0.3&#8243; width=&#8221;1\/1&#8243; tablet_width_inherit=&#8221;default&#8221; animation_type=&#8221;default&#8221; bg_image_animation=&#8221;none&#8221; border_type=&#8221;simple&#8221; column_border_width=&#8221;none&#8221; column_border_style=&#8221;solid&#8221; offset=&#8221;vc_col-xs-12&#8243; column_padding_type=&#8221;default&#8221; gradient_type=&#8221;default&#8221;][vc_row_inner column_margin=&#8221;70px&#8221; column_direction=&#8221;default&#8221; column_direction_tablet=&#8221;default&#8221; column_direction_phone=&#8221;default&#8221; top_padding=&#8221;25&#8243; bottom_padding=&#8221;15&#8243; text_align=&#8221;left&#8221; row_position=&#8221;default&#8221; row_position_tablet=&#8221;inherit&#8221; row_position_phone=&#8221;inherit&#8221; overflow=&#8221;visible&#8221; pointer_events=&#8221;all&#8221;][vc_column_inner column_padding=&#8221;no-extra-padding&#8221; column_padding_tablet=&#8221;inherit&#8221; column_padding_phone=&#8221;inherit&#8221; column_padding_position=&#8221;all&#8221; column_element_direction_desktop=&#8221;default&#8221; column_element_spacing=&#8221;default&#8221; desktop_text_alignment=&#8221;default&#8221; tablet_text_alignment=&#8221;default&#8221; phone_text_alignment=&#8221;default&#8221; background_color_opacity=&#8221;1&#8243; background_hover_color_opacity=&#8221;1&#8243; column_backdrop_filter=&#8221;none&#8221; column_shadow=&#8221;none&#8221; column_border_radius=&#8221;none&#8221; column_link_target=&#8221;_self&#8221; overflow=&#8221;visible&#8221; gradient_direction=&#8221;left_to_right&#8221; overlay_strength=&#8221;0.3&#8243; width=&#8221;1\/3&#8243; tablet_width_inherit=&#8221;small_desktop&#8221; animation_type=&#8221;default&#8221; enable_animation=&#8221;true&#8221; animation=&#8221;fade-in-from-bottom&#8221; animation_easing=&#8221;default&#8221; bg_image_animation=&#8221;none&#8221; border_type=&#8221;simple&#8221; column_border_width=&#8221;none&#8221; column_border_style=&#8221;solid&#8221;][vc_column_text css_animation=&#8221;none&#8221; css=&#8221;.vc_custom_1689773585088{margin-bottom: 10px !important;}&#8221;]\n<h4>Inclus\u00f5es<\/h4>\n[\/vc_column_text][vc_column_text text_direction=&#8221;default&#8221;]\n<ul>\n<li>Servi\u00e7o de busca e deixar no hotel Transporte em minivan confort\u00e1vel e moderna<\/li>\n<li>Guia profissional fluente em Portugues<\/li>\n<li>Todos os ingressos<\/li>\n<li>Almo\u00e7o (sem bebidas)<\/li>\n<\/ul>\n[\/vc_column_text][\/vc_column_inner][vc_column_inner column_padding=&#8221;no-extra-padding&#8221; column_padding_tablet=&#8221;inherit&#8221; column_padding_phone=&#8221;inherit&#8221; column_padding_position=&#8221;all&#8221; column_element_direction_desktop=&#8221;default&#8221; column_element_spacing=&#8221;default&#8221; desktop_text_alignment=&#8221;default&#8221; tablet_text_alignment=&#8221;default&#8221; phone_text_alignment=&#8221;default&#8221; background_color_opacity=&#8221;1&#8243; background_hover_color_opacity=&#8221;1&#8243; column_backdrop_filter=&#8221;none&#8221; column_shadow=&#8221;none&#8221; column_border_radius=&#8221;none&#8221; column_link_target=&#8221;_self&#8221; overflow=&#8221;visible&#8221; gradient_direction=&#8221;left_to_right&#8221; overlay_strength=&#8221;0.3&#8243; width=&#8221;1\/3&#8243; tablet_width_inherit=&#8221;small_desktop&#8221; animation_type=&#8221;default&#8221; enable_animation=&#8221;true&#8221; animation=&#8221;fade-in-from-bottom&#8221; animation_easing=&#8221;default&#8221; bg_image_animation=&#8221;none&#8221; border_type=&#8221;simple&#8221; column_border_width=&#8221;none&#8221; column_border_style=&#8221;solid&#8221;][vc_column_text css_animation=&#8221;none&#8221; css=&#8221;.vc_custom_1690216469527{margin-bottom: 10px !important;}&#8221;]\n<h4>Outros<\/h4>\n[\/vc_column_text][vc_column_text text_direction=&#8221;default&#8221;]\n<ul>\n<li>Se voc\u00ea nos avisar com anteced\u00eancia, ser\u00e1 poss\u00edvel participar deste passeio tamb\u00e9m em espanhol, portugu\u00eas e russo<\/li>\n<li>0-3 anos gr\u00e1tis, quando n\u00e3o necessita de assento pr\u00f3prio<\/li>\n<li>3-8 anos 50% de desconto, oferecemos assento pr\u00f3prio<\/li>\n<\/ul>\n[\/vc_column_text][\/vc_column_inner][vc_column_inner column_padding=&#8221;no-extra-padding&#8221; column_padding_tablet=&#8221;inherit&#8221; column_padding_phone=&#8221;inherit&#8221; column_padding_position=&#8221;all&#8221; column_element_direction_desktop=&#8221;default&#8221; column_element_spacing=&#8221;default&#8221; desktop_text_alignment=&#8221;default&#8221; tablet_text_alignment=&#8221;default&#8221; phone_text_alignment=&#8221;default&#8221; background_color_opacity=&#8221;1&#8243; background_hover_color_opacity=&#8221;1&#8243; column_backdrop_filter=&#8221;none&#8221; column_shadow=&#8221;none&#8221; column_border_radius=&#8221;none&#8221; column_link_target=&#8221;_self&#8221; overflow=&#8221;visible&#8221; gradient_direction=&#8221;left_to_right&#8221; overlay_strength=&#8221;0.3&#8243; width=&#8221;1\/3&#8243; tablet_width_inherit=&#8221;default&#8221; animation_type=&#8221;default&#8221; enable_animation=&#8221;true&#8221; animation=&#8221;fade-in-from-bottom&#8221; animation_easing=&#8221;default&#8221; bg_image_animation=&#8221;none&#8221; border_type=&#8221;simple&#8221; column_border_width=&#8221;none&#8221; column_border_style=&#8221;solid&#8221; column_padding_type=&#8221;default&#8221; gradient_type=&#8221;default&#8221;][vc_column_text css_animation=&#8221;none&#8221; css=&#8221;.vc_custom_1689772799372{margin-bottom: 10px !important;}&#8221;]\n<h4>Cancelamentos<\/h4>\n[\/vc_column_text][vc_column_text text_direction=&#8221;default&#8221;]\n<ul>\n<li>Os cancelamentos efetuados\u00a0<strong>mais de 48 horas<\/strong>do in\u00edcio do passeio n\u00e3o ser\u00e3o cobrados.<\/li>\n<li>Os cancelamentos efetuados<strong>entre as 24 e as 48 horas<\/strong>\u00a0a partir do in\u00edcio do passeio ser\u00e3o cobrados 50% do valor devido.<\/li>\n<li>As n\u00e3o compar\u00eancias e cancelamentos\u00a0<strong>efectuados nas 24 horas<\/strong>do in\u00edcio do hor\u00e1rio de in\u00edcio ser\u00e3o cobrados a 100% do valor devido.<\/li>\n<\/ul>\n<p>&nbsp;<br \/>\n[\/vc_column_text][\/vc_column_inner][\/vc_row_inner][\/vc_column][\/vc_row][vc_row type=&#8221;in_container&#8221; full_screen_row_position=&#8221;middle&#8221; column_margin=&#8221;default&#8221; column_direction=&#8221;default&#8221; column_direction_tablet=&#8221;default&#8221; column_direction_phone=&#8221;default&#8221; scene_position=&#8221;center&#8221; text_color=&#8221;dark&#8221; text_align=&#8221;left&#8221; row_border_radius=&#8221;none&#8221; row_border_radius_applies=&#8221;bg&#8221; overflow=&#8221;visible&#8221; overlay_strength=&#8221;0.3&#8243; gradient_direction=&#8221;left_to_right&#8221; shape_divider_position=&#8221;bottom&#8221; bg_image_animation=&#8221;none&#8221;][vc_column column_padding=&#8221;no-extra-padding&#8221; column_padding_tablet=&#8221;inherit&#8221; column_padding_phone=&#8221;inherit&#8221; column_padding_position=&#8221;all&#8221; column_element_direction_desktop=&#8221;default&#8221; column_element_spacing=&#8221;default&#8221; desktop_text_alignment=&#8221;default&#8221; tablet_text_alignment=&#8221;default&#8221; phone_text_alignment=&#8221;default&#8221; background_color_opacity=&#8221;1&#8243; background_hover_color_opacity=&#8221;1&#8243; column_backdrop_filter=&#8221;none&#8221; column_shadow=&#8221;none&#8221; column_border_radius=&#8221;none&#8221; column_link_target=&#8221;_self&#8221; column_position=&#8221;default&#8221; gradient_direction=&#8221;left_to_right&#8221; overlay_strength=&#8221;0.3&#8243; width=&#8221;1\/4&#8243; tablet_width_inherit=&#8221;default&#8221; animation_type=&#8221;default&#8221; enable_animation=&#8221;true&#8221; animation=&#8221;fade-in-from-left&#8221; animation_easing=&#8221;default&#8221; bg_image_animation=&#8221;none&#8221; border_type=&#8221;simple&#8221; column_border_width=&#8221;none&#8221; column_border_style=&#8221;solid&#8221; column_padding_type=&#8221;default&#8221; gradient_type=&#8221;default&#8221;][vc_raw_html css=&#8221;&#8221;]PGRpdiBjbGFzcz0iY3RjX2NoYXQgY3RjX3dvb19wbGFjZSIgc3R5bGU9ImN1cnNvcjogcG9pbnRlcjsgZGlzcGxheTogYmxvY2s7IiBkYXRhLWR0PSJibG9jayI+PHN0eWxlIGlkPSJodC1jdGMtczgiPg0KLmh0LWN0Yy1zdHlsZS04IC5zXzggLnNfOF9pY29ue29yZGVyOjA7bWFyZ2luLXJpZ2h0OiAxNXB4Ozt9Lmh0LWN0YyAuaHQtY3RjLXN0eWxlLTg6aG92ZXIgLnNfOCBzdmcgZyBwYXRoe2ZpbGw6I2ZmZmZmZiAhaW1wb3J0YW50O30uaHQtY3RjIC5odC1jdGMtc3R5bGUtODpob3ZlciAuc184IC5odC1jdGMtczgtdGV4dHtjb2xvcjojZmZmZmZmICFpbXBvcnRhbnQ7fS5odC1jdGMgLmh0LWN0Yy1zdHlsZS04OmhvdmVyIC5zXzh7Ym94LXNoYWRvdzogMCAzcHggM3B4IDAgcmdiYSg3LDYsNiwuMTQpLCAwIDFweCA3cHggMCByZ2JhKDAsMCwwLC4xMiksIDAgM3B4IDFweCAtMXB4IHJnYmEoMCwwLDAsLjIpICFpbXBvcnRhbnQ7IHRyYW5zaXRpb246IC4ycyBlYXNlLW91dCAhaW1wb3J0YW50OyBiYWNrZ3JvdW5kLWNvbG9yOiMyNmE2OWEgIWltcG9ydGFudDsgfTwvc3R5bGU+DQo8ZGl2IGNsYXNzPSJodC1jdGMtc3R5bGUtOCBjdGMtYW5hbHl0aWNzIj48c3BhbiBjbGFzcz0ic184IHdhdmVzLWVmZmVjdCB3YXZlcy1saWdodCBjdGMtYW5hbHl0aWNzIiBzdHlsZT0iZGlzcGxheTogZmxleDsgcGFkZGluZzogMCAycmVtOyBsZXR0ZXItc3BhY2luZzogLjVweDsgdHJhbnNpdGlvbjogLjJzIGVhc2Utb3V0OyB0ZXh0LWFsaWduOiBjZW50ZXI7IGp1c3RpZnktY29udGVudDogY2VudGVyOyBhbGlnbi1pdGVtczogY2VudGVyOyBib3JkZXItcmFkaXVzOiAycHg7IGhlaWdodDogMzZweDsgbGluZS1oZWlnaHQ6IDM2cHg7IHZlcnRpY2FsLWFsaWduOiBtaWRkbGU7IGJveC1zaGFkb3c6IDAgMnB4IDJweCAwIHJnYmEoMCwwLDAsLjE0KSwgMCAxcHggNXB4IDAgcmdiYSgwLDAsMCwuMTIpLCAwIDNweCAxcHggLTJweCByZ2JhKDAsMCwwLC4yKTsgYm94LXNpemluZzogaW5oZXJpdDsgYmFja2dyb3VuZC1jb2xvcjogIzI2YTY5YTsiPg0KPHNwYW4gY2xhc3M9Imh0LWN0Yy1zOC10ZXh0IHM4X3NwYW4gY3RjLWFuYWx5dGljcyBjdGNfY3RhIiBzdHlsZT0iY29sb3I6ICNmZmZmZmY7Ij4NCldoYXRzQXBwIDwvc3Bhbj4NCjwvc3Bhbj48L2Rpdj4NCjwvZGl2Pg==[\/vc_raw_html][\/vc_column][vc_column column_padding=&#8221;no-extra-padding&#8221; column_padding_tablet=&#8221;inherit&#8221; column_padding_phone=&#8221;inherit&#8221; column_padding_position=&#8221;all&#8221; column_element_direction_desktop=&#8221;default&#8221; column_element_spacing=&#8221;default&#8221; desktop_text_alignment=&#8221;default&#8221; tablet_text_alignment=&#8221;default&#8221; phone_text_alignment=&#8221;default&#8221; background_color_opacity=&#8221;1&#8243; background_hover_color_opacity=&#8221;1&#8243; column_backdrop_filter=&#8221;none&#8221; column_shadow=&#8221;none&#8221; column_border_radius=&#8221;none&#8221; column_link_target=&#8221;_self&#8221; column_position=&#8221;default&#8221; gradient_direction=&#8221;left_to_right&#8221; overlay_strength=&#8221;0.3&#8243; width=&#8221;1\/2&#8243; tablet_width_inherit=&#8221;default&#8221; animation_type=&#8221;default&#8221; bg_image_animation=&#8221;none&#8221; border_type=&#8221;simple&#8221; column_border_width=&#8221;none&#8221; column_border_style=&#8221;solid&#8221;][\/vc_column][vc_column column_padding=&#8221;no-extra-padding&#8221; column_padding_tablet=&#8221;inherit&#8221; column_padding_phone=&#8221;inherit&#8221; column_padding_position=&#8221;all&#8221; column_element_direction_desktop=&#8221;default&#8221; column_element_spacing=&#8221;default&#8221; desktop_text_alignment=&#8221;default&#8221; tablet_text_alignment=&#8221;default&#8221; phone_text_alignment=&#8221;default&#8221; background_color_opacity=&#8221;1&#8243; background_hover_color_opacity=&#8221;1&#8243; column_backdrop_filter=&#8221;none&#8221; column_shadow=&#8221;none&#8221; column_border_radius=&#8221;none&#8221; column_link_target=&#8221;_self&#8221; column_position=&#8221;default&#8221; gradient_direction=&#8221;left_to_right&#8221; overlay_strength=&#8221;0.3&#8243; width=&#8221;1\/4&#8243; tablet_width_inherit=&#8221;default&#8221; animation_type=&#8221;default&#8221; bg_image_animation=&#8221;none&#8221; border_type=&#8221;simple&#8221; column_border_width=&#8221;none&#8221; column_border_style=&#8221;solid&#8221;][\/vc_column][\/vc_row]\n","protected":false},"excerpt":{"rendered":"<p>Este \u00e9 o tour misto de tour verde e tour vermelho que tem tempo limitado na Capad\u00f3cia. Iremos lev\u00e1-lo a locais hist\u00f3ricos encontrados na regi\u00e3o central e norte da Capad\u00f3cia e na cidade subterr\u00e2nea<\/p>\n","protected":false},"featured_media":6976,"template":"","meta":[],"product_brand":[],"product_cat":[194],"product_tag":[],"class_list":{"0":"post-5082","1":"product","2":"type-product","3":"status-publish","4":"has-post-thumbnail","6":"product_cat-passeios-com-grupo","8":"first","9":"instock","10":"featured","11":"shipping-taxable","12":"purchasable","13":"product-type-simple"},"aioseo_notices":[],"_links":{"self":[{"href":"https:\/\/cappadociatourturkey.com\/pt-pt\/wp-json\/wp\/v2\/product\/5082","targetHints":{"allow":["GET"]}}],"collection":[{"href":"https:\/\/cappadociatourturkey.com\/pt-pt\/wp-json\/wp\/v2\/product"}],"about":[{"href":"https:\/\/cappadociatourturkey.com\/pt-pt\/wp-json\/wp\/v2\/types\/product"}],"wp:featuredmedia":[{"embeddable":true,"href":"https:\/\/cappadociatourturkey.com\/pt-pt\/wp-json\/wp\/v2\/media\/6976"}],"wp:attachment":[{"href":"https:\/\/cappadociatourturkey.com\/pt-pt\/wp-json\/wp\/v2\/media?parent=5082"}],"wp:term":[{"taxonomy":"product_brand","embeddable":true,"href":"https:\/\/cappadociatourturkey.com\/pt-pt\/wp-json\/wp\/v2\/product_brand?post=5082"},{"taxonomy":"product_cat","embeddable":true,"href":"https:\/\/cappadociatourturkey.com\/pt-pt\/wp-json\/wp\/v2\/product_cat?post=5082"},{"taxonomy":"product_tag","embeddable":true,"href":"https:\/\/cappadociatourturkey.com\/pt-pt\/wp-json\/wp\/v2\/product_tag?post=5082"}],"curies":[{"name":"wp","href":"https:\/\/api.w.org\/{rel}","templated":true}]}}