{"id":4871,"date":"2024-03-19T14:35:49","date_gmt":"2024-03-19T14:35:49","guid":{"rendered":"https:\/\/cappadociatourturkey.com\/?post_type=product&#038;p=4871"},"modified":"2025-07-02T11:12:28","modified_gmt":"2025-07-02T11:12:28","slug":"voo-de-balao-em-cat","status":"publish","type":"product","link":"https:\/\/cappadociatourturkey.com\/pt-pt\/passeios-na-capad\u00f3cia\/voo-de-balao-em-cat\/","title":{"rendered":"Voo De Balao em \u00c7at"},"content":{"rendered":"[vc_row type=&#8221;full_width_background&#8221; full_screen_row_position=&#8221;middle&#8221; column_margin=&#8221;90px&#8221; equal_height=&#8221;yes&#8221; content_placement=&#8221;middle&#8221; column_direction=&#8221;default&#8221; column_direction_tablet=&#8221;default&#8221; column_direction_phone=&#8221;default&#8221; bg_color=&#8221;#ffffff&#8221; scene_position=&#8221;center&#8221; constrain_group_1=&#8221;yes&#8221; top_padding_tablet=&#8221;8%&#8221; bottom_padding_tablet=&#8221;8%&#8221; text_color=&#8221;dark&#8221; text_align=&#8221;left&#8221; row_border_radius=&#8221;none&#8221; row_border_radius_applies=&#8221;bg&#8221; overflow=&#8221;visible&#8221; id=&#8221;home&#8221; overlay_strength=&#8221;0.5&#8243; gradient_direction=&#8221;top_to_bottom&#8221; shape_divider_position=&#8221;bottom&#8221; bg_image_animation=&#8221;none&#8221; shape_type=&#8221;straight_section&#8221;][vc_column column_padding=&#8221;padding-2-percent&#8221; column_padding_tablet=&#8221;no-extra-padding&#8221; column_padding_phone=&#8221;no-extra-padding&#8221; column_padding_position=&#8221;right&#8221; column_element_direction_desktop=&#8221;default&#8221; column_element_spacing=&#8221;default&#8221; desktop_text_alignment=&#8221;default&#8221; tablet_text_alignment=&#8221;default&#8221; phone_text_alignment=&#8221;default&#8221; background_color_opacity=&#8221;1&#8243; background_hover_color_opacity=&#8221;1&#8243; column_backdrop_filter=&#8221;none&#8221; column_shadow=&#8221;none&#8221; column_border_radius=&#8221;none&#8221; column_link_target=&#8221;_self&#8221; column_position=&#8221;default&#8221; zindex=&#8221;100&#8243; gradient_direction=&#8221;left_t_to_right_b&#8221; overlay_strength=&#8221;0.3&#8243; width=&#8221;1\/1&#8243; tablet_width_inherit=&#8221;default&#8221; animation_type=&#8221;default&#8221; bg_image_animation=&#8221;none&#8221; border_type=&#8221;simple&#8221; column_border_width=&#8221;none&#8221; column_border_style=&#8221;solid&#8221; offset=&#8221;vc_col-xs-12&#8243;][vc_row_inner column_margin=&#8221;default&#8221; column_direction=&#8221;default&#8221; column_direction_tablet=&#8221;default&#8221; column_direction_phone=&#8221;default&#8221; text_align=&#8221;left&#8221; row_position=&#8221;default&#8221; row_position_tablet=&#8221;inherit&#8221; row_position_phone=&#8221;inherit&#8221; overflow=&#8221;visible&#8221; pointer_events=&#8221;all&#8221; min_width=&#8221;47vh&#8221;][vc_column_inner column_padding=&#8221;no-extra-padding&#8221; column_padding_tablet=&#8221;inherit&#8221; column_padding_phone=&#8221;inherit&#8221; column_padding_position=&#8221;all&#8221; column_element_direction_desktop=&#8221;default&#8221; column_element_spacing=&#8221;default&#8221; desktop_text_alignment=&#8221;default&#8221; tablet_text_alignment=&#8221;default&#8221; phone_text_alignment=&#8221;default&#8221; background_color_opacity=&#8221;1&#8243; background_hover_color_opacity=&#8221;1&#8243; column_backdrop_filter=&#8221;none&#8221; column_shadow=&#8221;none&#8221; column_border_radius=&#8221;none&#8221; column_link_target=&#8221;_self&#8221; overflow=&#8221;visible&#8221; gradient_direction=&#8221;left_to_right&#8221; overlay_strength=&#8221;0.3&#8243; width=&#8221;1\/1&#8243; tablet_width_inherit=&#8221;default&#8221; animation_type=&#8221;default&#8221; enable_animation=&#8221;true&#8221; animation=&#8221;fade-in-from-bottom&#8221; animation_easing=&#8221;default&#8221; bg_image_animation=&#8221;none&#8221; border_type=&#8221;simple&#8221; column_border_width=&#8221;none&#8221; column_border_style=&#8221;solid&#8221; enable_border_animation=&#8221;true&#8221;][vc_column_text css_animation=&#8221;none&#8221; css=&#8221;.vc_custom_1710858953487{margin-bottom: 20px !important;}&#8221; text_direction=&#8221;default&#8221;]\n<h2>Voo De Balao em \u00c7at<\/h2>\n[\/vc_column_text][vc_custom_heading text=&#8221;O Vale de \u00c7at est\u00e1 a 20 km da \u00e1rea principal de voo de bal\u00e3o. Haver\u00e1 um m\u00e1ximo de 6 bal\u00f5es voando juntos devido \u00e0s permiss\u00f5es de voo da avia\u00e7\u00e3o civil. H\u00e1 uma paisagem semelhante \u00e0 do passeio de bal\u00e3o na Capad\u00f3cia.&#8221; font_container=&#8221;tag:p|font_size:20px|text_align:left|line_height:2em&#8221; use_theme_fonts=&#8221;yes&#8221; css_animation=&#8221;none&#8221; css=&#8221;&#8221;][vc_column_text css=&#8221;&#8221; text_direction=&#8221;default&#8221;]Se o voo for cancelado na \u00e1rea principal, o Vale de \u00c7at pode ser uma boa oportunidade para ver como acontecem os voos de bal\u00e3o.<\/p>\n<p>Seu passeio de bal\u00e3o ter\u00e1 aproximadamente 45 minutos enquanto seu piloto guia o bal\u00e3o sobre os vales pitorescos. Conforme o sol nasce e os raios dourados de luz iluminam as forma\u00e7\u00f5es rochosas \u00fanicas, voc\u00ea ficar\u00e1 surpreso com a beleza.<\/p>\n<p>Dura\u00e7\u00e3o do voo: 45 minutos<br \/>\nTamanho do cesto: m\u00e1ximo de 20 pessoas<\/p>\n<ul>\n<li>O QUE ESPERAR:<\/li>\n<li>\u00a0Sua aventura come\u00e7ar\u00e1 aproximadamente 1,5 horas antes do nascer do sol, quando voc\u00ea for buscado em seu hotel e levado ao escrit\u00f3rio da empresa de bal\u00f5es para registro e um caf\u00e9 da manh\u00e3 leve.<\/li>\n<li>Enquanto voc\u00ea espera, os pilotos est\u00e3o ocupados verificando as condi\u00e7\u00f5es meteorol\u00f3gicas para determinar os pontos de decolagem perfeitos. Esses pontos de decolagem mudar\u00e3o a cada dia para garantir que voc\u00ea tenha a melhor experi\u00eancia de voo poss\u00edvel, dependendo da velocidade e dire\u00e7\u00e3o do vento.<\/li>\n<li>Uma vez que a Autoridade de Avia\u00e7\u00e3o Civil Turca d\u00ea luz verde, voc\u00ea ser\u00e1 levado ao ponto de decolagem designado. Aqui voc\u00ea ver\u00e1 as etapas finais da infla\u00e7\u00e3o do bal\u00e3o antes de entrar no cesto.<\/li>\n<li>O passeio de bal\u00e3o em \u00c7at ter\u00e1 aproximadamente 45 minutos enquanto seu piloto guia o bal\u00e3o sobre os vales de \u00c7at. Conforme o sol nasce e os raios dourados de luz iluminam as forma\u00e7\u00f5es rochosas \u00fanicas, voc\u00ea ficar\u00e1 surpreso com a beleza.<\/li>\n<li>O passeio de bal\u00e3o em \u00c7at pode terminar 5-10 minutos antes ou depois do tempo prometido, pois n\u00e3o h\u00e1 controle de dire\u00e7\u00e3o e nenhum ponto de pouso espec\u00edfico.<\/li>\n<li>No final do seu voo, o piloto guiar\u00e1 o bal\u00e3o de volta \u00e0 terra, sempre em um local diferente de onde voc\u00ea come\u00e7ou. Os minivans estar\u00e3o esperando.<\/li>\n<li>\u00a0De volta ao ch\u00e3o, aproveite uma celebra\u00e7\u00e3o tradicional com champanhe e receba seu certificado de voo para lembr\u00e1-lo de sua experi\u00eancia por anos. Depois, voc\u00ea ser\u00e1 levado de volta ao seu hotel, onde poder\u00e1 desfrutar do seu segundo caf\u00e9 da manh\u00e3 enquanto relembra as mem\u00f3rias da manh\u00e3 mais incr\u00edvel que j\u00e1 viveu.<\/li>\n<\/ul>\n[\/vc_column_text][\/vc_column_inner][\/vc_row_inner][\/vc_column][\/vc_row][vc_row type=&#8221;full_width_background&#8221; full_screen_row_position=&#8221;middle&#8221; column_margin=&#8221;90px&#8221; equal_height=&#8221;yes&#8221; content_placement=&#8221;middle&#8221; column_direction=&#8221;default&#8221; column_direction_tablet=&#8221;default&#8221; column_direction_phone=&#8221;default&#8221; bg_color=&#8221;#ffffff&#8221; scene_position=&#8221;center&#8221; constrain_group_1=&#8221;yes&#8221; top_padding_tablet=&#8221;8%&#8221; bottom_padding_tablet=&#8221;8%&#8221; text_color=&#8221;dark&#8221; text_align=&#8221;left&#8221; row_border_radius=&#8221;none&#8221; row_border_radius_applies=&#8221;bg&#8221; overflow=&#8221;visible&#8221; overlay_strength=&#8221;0.5&#8243; gradient_direction=&#8221;top_to_bottom&#8221; shape_divider_position=&#8221;bottom&#8221; bg_image_animation=&#8221;none&#8221; shape_type=&#8221;straight_section&#8221; gradient_type=&#8221;default&#8221;][vc_column column_padding=&#8221;padding-2-percent&#8221; column_padding_tablet=&#8221;no-extra-padding&#8221; column_padding_phone=&#8221;no-extra-padding&#8221; column_padding_position=&#8221;right&#8221; column_element_direction_desktop=&#8221;default&#8221; column_element_spacing=&#8221;default&#8221; desktop_text_alignment=&#8221;default&#8221; tablet_text_alignment=&#8221;default&#8221; phone_text_alignment=&#8221;default&#8221; background_color_opacity=&#8221;1&#8243; background_hover_color_opacity=&#8221;1&#8243; column_backdrop_filter=&#8221;none&#8221; column_shadow=&#8221;none&#8221; column_border_radius=&#8221;none&#8221; column_link_target=&#8221;_self&#8221; column_position=&#8221;default&#8221; zindex=&#8221;100&#8243; gradient_direction=&#8221;left_t_to_right_b&#8221; overlay_strength=&#8221;0.3&#8243; width=&#8221;1\/1&#8243; tablet_width_inherit=&#8221;default&#8221; animation_type=&#8221;default&#8221; bg_image_animation=&#8221;none&#8221; border_type=&#8221;simple&#8221; column_border_width=&#8221;none&#8221; column_border_style=&#8221;solid&#8221; offset=&#8221;vc_col-xs-12&#8243;][vc_row_inner column_margin=&#8221;70px&#8221; column_direction=&#8221;default&#8221; column_direction_tablet=&#8221;default&#8221; column_direction_phone=&#8221;default&#8221; top_padding=&#8221;25&#8243; bottom_padding=&#8221;15&#8243; text_align=&#8221;left&#8221; row_position=&#8221;default&#8221; row_position_tablet=&#8221;inherit&#8221; row_position_phone=&#8221;inherit&#8221; overflow=&#8221;visible&#8221; pointer_events=&#8221;all&#8221;][vc_column_inner column_padding=&#8221;no-extra-padding&#8221; column_padding_tablet=&#8221;inherit&#8221; column_padding_phone=&#8221;inherit&#8221; column_padding_position=&#8221;all&#8221; column_element_direction_desktop=&#8221;default&#8221; column_element_spacing=&#8221;default&#8221; desktop_text_alignment=&#8221;default&#8221; tablet_text_alignment=&#8221;default&#8221; phone_text_alignment=&#8221;default&#8221; background_color_opacity=&#8221;1&#8243; background_hover_color_opacity=&#8221;1&#8243; column_backdrop_filter=&#8221;none&#8221; column_shadow=&#8221;none&#8221; column_border_radius=&#8221;none&#8221; column_link_target=&#8221;_self&#8221; overflow=&#8221;visible&#8221; gradient_direction=&#8221;left_to_right&#8221; overlay_strength=&#8221;0.3&#8243; width=&#8221;1\/3&#8243; tablet_width_inherit=&#8221;small_desktop&#8221; animation_type=&#8221;default&#8221; enable_animation=&#8221;true&#8221; animation=&#8221;fade-in-from-bottom&#8221; animation_easing=&#8221;default&#8221; bg_image_animation=&#8221;none&#8221; border_type=&#8221;simple&#8221; column_border_width=&#8221;none&#8221; column_border_style=&#8221;solid&#8221;][vc_column_text css_animation=&#8221;none&#8221; css=&#8221;.vc_custom_1689773585088{margin-bottom: 10px !important;}&#8221;]\n<h4>O Que Est\u00e1 Inclu\u00eddo<\/h4>\n[\/vc_column_text][vc_column_text text_direction=&#8221;default&#8221;]\n<ul>\n<li>Recogida en el hotel \/ Regreso al hotel<\/li>\n<li>Desayuno ligero<\/li>\n<li>Aproximadamente 45 minutos de vuelo<\/li>\n<li>Seguro de pasajeros de 5 millones de euros<\/li>\n<li>Celebraci\u00f3n con champ\u00e1n y certificado de vuelo<\/li>\n<li>Todos los impuestos<\/li>\n<\/ul>\n[\/vc_column_text][\/vc_column_inner][vc_column_inner column_padding=&#8221;no-extra-padding&#8221; column_padding_tablet=&#8221;inherit&#8221; column_padding_phone=&#8221;inherit&#8221; column_padding_position=&#8221;all&#8221; column_element_direction_desktop=&#8221;default&#8221; column_element_spacing=&#8221;default&#8221; desktop_text_alignment=&#8221;default&#8221; tablet_text_alignment=&#8221;default&#8221; phone_text_alignment=&#8221;default&#8221; background_color_opacity=&#8221;1&#8243; background_hover_color_opacity=&#8221;1&#8243; column_backdrop_filter=&#8221;none&#8221; column_shadow=&#8221;none&#8221; column_border_radius=&#8221;none&#8221; column_link_target=&#8221;_self&#8221; overflow=&#8221;visible&#8221; gradient_direction=&#8221;left_to_right&#8221; overlay_strength=&#8221;0.3&#8243; width=&#8221;1\/3&#8243; tablet_width_inherit=&#8221;small_desktop&#8221; animation_type=&#8221;default&#8221; enable_animation=&#8221;true&#8221; animation=&#8221;fade-in-from-bottom&#8221; animation_easing=&#8221;default&#8221; bg_image_animation=&#8221;none&#8221; border_type=&#8221;simple&#8221; column_border_width=&#8221;none&#8221; column_border_style=&#8221;solid&#8221;][vc_column_text css_animation=&#8221;none&#8221; css=&#8221;.vc_custom_1690216469527{margin-bottom: 10px !important;}&#8221;]\n<h4>Notas<\/h4>\n[\/vc_column_text][vc_column_text text_direction=&#8221;default&#8221;]\u00a0[\/vc_column_text][\/vc_column_inner][vc_column_inner column_padding=&#8221;no-extra-padding&#8221; column_padding_tablet=&#8221;inherit&#8221; column_padding_phone=&#8221;inherit&#8221; column_padding_position=&#8221;all&#8221; column_element_direction_desktop=&#8221;default&#8221; column_element_spacing=&#8221;default&#8221; desktop_text_alignment=&#8221;default&#8221; tablet_text_alignment=&#8221;default&#8221; phone_text_alignment=&#8221;default&#8221; background_color_opacity=&#8221;1&#8243; background_hover_color_opacity=&#8221;1&#8243; column_backdrop_filter=&#8221;none&#8221; column_shadow=&#8221;none&#8221; column_border_radius=&#8221;none&#8221; column_link_target=&#8221;_self&#8221; overflow=&#8221;visible&#8221; gradient_direction=&#8221;left_to_right&#8221; overlay_strength=&#8221;0.3&#8243; width=&#8221;1\/3&#8243; tablet_width_inherit=&#8221;default&#8221; animation_type=&#8221;default&#8221; enable_animation=&#8221;true&#8221; animation=&#8221;fade-in-from-bottom&#8221; animation_easing=&#8221;default&#8221; bg_image_animation=&#8221;none&#8221; border_type=&#8221;simple&#8221; column_border_width=&#8221;none&#8221; column_border_style=&#8221;solid&#8221; column_padding_type=&#8221;default&#8221; gradient_type=&#8221;default&#8221;][vc_column_text css_animation=&#8221;none&#8221; css=&#8221;.vc_custom_1689772799372{margin-bottom: 10px !important;}&#8221;]\n<h4>Cancelamentos<\/h4>\n[\/vc_column_text][vc_column_text]\n<ul>\n<li>Se o voo for cancelado devido \u00e0s condi\u00e7\u00f5es meteorol\u00f3gicas, voc\u00ea receber\u00e1 100% de reembolso.<\/li>\n<li>Pode cancelar a reserva 48 horas antes sem qualquer pagamento,<\/li>\n<li>Se voc\u00ea cancelar nas \u00faltimas 24 horas, ter\u00e1 que pagar 50% do valor total<\/li>\n<li>se voc\u00ea n\u00e3o cancelar e se n\u00e3o usar a reserva, ter\u00e1 que pagar todo o valor.<\/li>\n<\/ul>\n[\/vc_column_text][\/vc_column_inner][\/vc_row_inner][\/vc_column][\/vc_row][vc_row type=&#8221;in_container&#8221; full_screen_row_position=&#8221;middle&#8221; column_margin=&#8221;default&#8221; column_direction=&#8221;default&#8221; column_direction_tablet=&#8221;default&#8221; column_direction_phone=&#8221;default&#8221; scene_position=&#8221;center&#8221; text_color=&#8221;dark&#8221; text_align=&#8221;left&#8221; row_border_radius=&#8221;none&#8221; row_border_radius_applies=&#8221;bg&#8221; overflow=&#8221;visible&#8221; overlay_strength=&#8221;0.3&#8243; gradient_direction=&#8221;left_to_right&#8221; shape_divider_position=&#8221;bottom&#8221; bg_image_animation=&#8221;none&#8221;][vc_column column_padding=&#8221;no-extra-padding&#8221; column_padding_tablet=&#8221;inherit&#8221; column_padding_phone=&#8221;inherit&#8221; column_padding_position=&#8221;all&#8221; column_element_direction_desktop=&#8221;default&#8221; column_element_spacing=&#8221;default&#8221; desktop_text_alignment=&#8221;default&#8221; tablet_text_alignment=&#8221;default&#8221; phone_text_alignment=&#8221;default&#8221; background_color_opacity=&#8221;1&#8243; background_hover_color_opacity=&#8221;1&#8243; column_backdrop_filter=&#8221;none&#8221; column_shadow=&#8221;none&#8221; column_border_radius=&#8221;none&#8221; column_link_target=&#8221;_self&#8221; column_position=&#8221;default&#8221; gradient_direction=&#8221;left_to_right&#8221; overlay_strength=&#8221;0.3&#8243; width=&#8221;1\/4&#8243; tablet_width_inherit=&#8221;default&#8221; animation_type=&#8221;default&#8221; enable_animation=&#8221;true&#8221; animation=&#8221;fade-in-from-left&#8221; animation_easing=&#8221;default&#8221; bg_image_animation=&#8221;none&#8221; border_type=&#8221;simple&#8221; column_border_width=&#8221;none&#8221; column_border_style=&#8221;solid&#8221; column_padding_type=&#8221;default&#8221; gradient_type=&#8221;default&#8221;][vc_raw_html css=&#8221;&#8221;]JTNDZGl2JTIwY2xhc3MlM0QlMjJjdGNfY2hhdCUyMGN0Y193b29fcGxhY2UlMjIlMjBzdHlsZSUzRCUyMmN1cnNvciUzQXBvaW50ZXIlM0JkaXNwbGF5JTNBJTIwYmxvY2slM0IlMjIlMjBkYXRhLWR0JTNEJTIyYmxvY2slMjIlM0UlMEElMjAlMjAlMjAlMjAlMjAlMjAlMjAlMjAlMjAlMjAlMjAlMjAlMjAlMjAlMjAlMjAlMEElM0NzdHlsZSUyMGlkJTNEJTIyaHQtY3RjLXM4JTIyJTNFJTBBLmh0LWN0Yy1zdHlsZS04JTIwLnNfOCUyMC5zXzhfaWNvbiU3Qm9yZGVyJTNBMCUzQm1hcmdpbi1yaWdodCUzQSUyMDE1cHglM0IlM0IlN0QuaHQtY3RjJTIwLmh0LWN0Yy1zdHlsZS04JTNBaG92ZXIlMjAuc184JTIwc3ZnJTIwZyUyMHBhdGglN0JmaWxsJTNBJTIzZmZmZmZmJTIwJTIxaW1wb3J0YW50JTNCJTdELmh0LWN0YyUyMC5odC1jdGMtc3R5bGUtOCUzQWhvdmVyJTIwLnNfOCUyMC5odC1jdGMtczgtdGV4dCU3QmNvbG9yJTNBJTIzZmZmZmZmJTIwJTIxaW1wb3J0YW50JTNCJTdELmh0LWN0YyUyMC5odC1jdGMtc3R5bGUtOCUzQWhvdmVyJTIwLnNfOCU3QmJveC1zaGFkb3clM0ElMjAwJTIwM3B4JTIwM3B4JTIwMCUyMHJnYmElMjg3JTJDNiUyQzYlMkMuMTQlMjklMkMlMjAwJTIwMXB4JTIwN3B4JTIwMCUyMHJnYmElMjgwJTJDMCUyQzAlMkMuMTIlMjklMkMlMjAwJTIwM3B4JTIwMXB4JTIwLTFweCUyMHJnYmElMjgwJTJDMCUyQzAlMkMuMiUyOSUyMCUyMWltcG9ydGFudCUzQiUyMHRyYW5zaXRpb24lM0ElMjAuMnMlMjBlYXNlLW91dCUyMCUyMWltcG9ydGFudCUzQiUyMGJhY2tncm91bmQtY29sb3IlM0ElMjMyNmE2OWElMjAlMjFpbXBvcnRhbnQlM0IlMjAlN0QlM0MlMkZzdHlsZSUzRSUwQSUwQSUzQ2RpdiUyMGNsYXNzJTNEJTIyaHQtY3RjLXN0eWxlLTglMjBjdGMtYW5hbHl0aWNzJTIyJTNFJTBBJTIwJTIwJTNDc3BhbiUyMGNsYXNzJTNEJTIyc184JTIwd2F2ZXMtZWZmZWN0JTIwd2F2ZXMtbGlnaHQlMjBjdGMtYW5hbHl0aWNzJTIyJTIwc3R5bGUlM0QlMjJkaXNwbGF5JTNBJTIwZmxleCUzQiUyMCUyMHBhZGRpbmclM0ElMjAwJTIwMnJlbSUzQmxldHRlci1zcGFjaW5nJTNBJTIwLjVweCUzQnRyYW5zaXRpb24lM0ElMjAuMnMlMjBlYXNlLW91dCUzQnRleHQtYWxpZ24lM0ElMjBjZW50ZXIlM0JqdXN0aWZ5LWNvbnRlbnQlM0ElMjBjZW50ZXIlM0JhbGlnbi1pdGVtcyUzQSUyMGNlbnRlciUzQmJvcmRlci1yYWRpdXMlM0EycHglM0JoZWlnaHQlM0EzNnB4JTNCbGluZS1oZWlnaHQlM0EzNnB4JTNCdmVydGljYWwtYWxpZ24lM0FtaWRkbGUlM0Jib3gtc2hhZG93JTNBMCUyMDJweCUyMDJweCUyMDAlMjByZ2JhJTI4MCUyQzAlMkMwJTJDLjE0JTI5JTJDJTIwMCUyMDFweCUyMDVweCUyMDAlMjByZ2JhJTI4MCUyQzAlMkMwJTJDLjEyJTI5JTJDJTIwMCUyMDNweCUyMDFweCUyMC0ycHglMjByZ2JhJTI4MCUyQzAlMkMwJTJDLjIlMjklM0Jib3gtc2l6aW5nJTNBaW5oZXJpdCUzQmJhY2tncm91bmQtY29sb3IlM0ElMjMyNmE2OWElM0IlMjIlM0UlMEElMjAlMjAlM0NzcGFuJTIwY2xhc3MlM0QlMjJzXzhfaWNvbiUyMiUzRSUwQSUyMCUyMCUyMCUyMCUzQ3N2ZyUyMHN0eWxlJTNEJTIyZGlzcGxheSUzQWJsb2NrJTNCJTIyJTIwaGVpZ2h0JTNEJTIyMTdweCUyMiUyMHZlcnNpb24lM0QlMjIxLjElMjIlMjB2aWV3Qm94JTNEJTIyMCUyMDAlMjA1MDklMjA1MTIlMjIlMjB3aWR0aCUzRCUyMjE3cHglMjIlM0UlMEElMjAlMjAlMjAlMjAlMjAlMjAlMjAlMjAlM0NnJTIwZmlsbCUzRCUyMm5vbmUlMjIlMjBmaWxsLXJ1bGUlM0QlMjJldmVub2RkJTIyJTIwaWQlM0QlMjJQYWdlLTElMjIlMjBzdHJva2UlM0QlMjJub25lJTIyJTIwc3Ryb2tlLXdpZHRoJTNEJTIyMSUyMiUzRSUwQSUyMCUyMCUyMCUyMCUyMCUyMCUyMCUyMCUyMCUyMCUyMCUyMCUzQ3BhdGglMjBzdHlsZSUzRCUyMmZpbGwlM0ElMjAlMjNmZmZmZmYlM0IlMjIlMjBkJTNEJTIyTTI1OS4yNTMxMzclMkMwLjAwMTgwMzg5Mzk2JTIwQzEyMS41MDI4NTklMkMwLjAwMTgwMzg5Mzk2JTIwOS44MzczMDY4NyUyQzExMS42NjI4OTYlMjA5LjgzNzMwNjg3JTJDMjQ5LjQxMzE3NSUyMEM5LjgzNzMwNjg3JTJDMjk2LjUzMDIzMiUyMDIyLjkxNDIyOTklMkMzNDAuNTk3MTIyJTIwNDUuNjI1NDg5NyUyQzM3OC4xOTEzMjUlMjBMMC42MTMyMjY1OTclMkM1MTIuMDAxODA0JTIwTDEzOC43MDAxODMlMkM0NjcuNzg3NzU3JTIwQzE3NC40MzAzOTUlMkM0ODcuNTQ5MTg0JTIwMjE1LjUyMjkyNiUyQzQ5OC44MTExNjglMjAyNTkuMjUzMTM3JTJDNDk4LjgxMTE2OCUyMEMzOTYuOTk0NDk4JTJDNDk4LjgxMTE2OCUyMDUwOC42NjAwNDklMkMzODcuMTU0NTM1JTIwNTA4LjY2MDA0OSUyQzI0OS40MTU0MDUlMjBDNTA4LjY2MjI3OSUyQzExMS42NjI4OTYlMjAzOTYuOTk2NzI3JTJDMC4wMDE4MDM4OTM5NiUyMDI1OS4yNTMxMzclMkMwLjAwMTgwMzg5Mzk2JTIwTDI1OS4yNTMxMzclMkMwLjAwMTgwMzg5Mzk2JTIwWiUyME0yNTkuMjUzMTM3JTJDNDU5LjA4OTg3NSUyMEMyMTYuNjU3ODIlMkM0NTkuMDg5ODc1JTIwMTc2Ljk5ODk1NyUyQzQ0Ni4zMTM5NTYlMjAxNDMuODg2MzU5JTJDNDI0LjQxMjA2JTIwTDYzLjMwNDQxOTUlMkM0NTAuMjE4MDglMjBMODkuNDkzOTQwMSUyQzM3Mi4zNDUxNzElMjBDNjQuMzkyNDkwOCUyQzMzNy43NzY2MDklMjA0OS41NjA4Mjk3JTJDMjk1LjI5OTQ2MyUyMDQ5LjU2MDgyOTclMkMyNDkuNDA2NDg2JTIwQzQ5LjU2MDgyOTclMkMxMzMuNzgzMjk4JTIwMTQzLjYyNzcxOSUyQzM5LjcxODYzNzglMjAyNTkuMjUzMTM3JTJDMzkuNzE4NjM3OCUyMEMzNzQuODcxODY3JTJDMzkuNzE4NjM3OCUyMDQ2OC45NDA5ODYlMkMxMzMuNzgzMjk4JTIwNDY4Ljk0MDk4NiUyQzI0OS40MDY0ODYlMjBDNDY4Ljk0MDk4NiUyQzM2NS4wMjUyMTUlMjAzNzQuODc0MDk2JTJDNDU5LjA4OTg3NSUyMDI1OS4yNTMxMzclMkM0NTkuMDg5ODc1JTIwWiUyME0yMDAuNzU1OTI0JTJDMTQ2LjI0NzA2NiUyMEMxOTYuNzE1NzkxJTJDMTM2LjUxMDE2NSUyMDE5My42MjEwMyUyQzEzNi4xODAxNzYlMjAxODcuMzgwMjI4JTJDMTM1Ljg4MzYzMiUyMEMxODUuMjM5NzU5JTJDMTM1Ljc4MTA2OCUyMDE4Mi45MTg2ODklMkMxMzUuNjgyOTYzJTIwMTgwLjM3OTExMyUyQzEzNS42ODI5NjMlMjBDMTcyLjMzODk3OSUyQzEzNS42ODI5NjMlMjAxNjQuMDAyMzAxJTJDMTM4LjA1MDg1NiUyMDE1OC45Nzg4OSUyQzE0My4xOTAyMSUyMEMxNTIuODY1MTc4JTJDMTQ5LjQ0NDM5JTIwMTM3LjU3ODY2NyUyQzE2NC4wOTMyMiUyMDEzNy41Nzg2NjclMkMxOTQuMTcxMjU4JTIwQzEzNy41Nzg2NjclMkMyMjQuMjUzNzU1JTIwMTU5LjQ4NzI1MSUyQzI1My4zMjE3NTklMjAxNjIuNTM5NjQ4JTJDMjU3LjQwMjAyNyUyMEMxNjUuNjAwOTYzJTJDMjYxLjQ3NzgzNSUyMDIwNS4yNjg3NDUlMkMzMjQuMTExMDU3JTIwMjY2Ljk4NTU3OSUyQzM0OS42ODI5NjMlMjBDMzE1LjE1NzI2MiUyQzM2OS42MzYxNDElMjAzMjkuNDYwNDk1JTJDMzY3Ljg1OTEwNiUyMDM0MC40NTA0NjIlMkMzNjUuNDU1NTM5JTIwQzM1Ni40NDE1NDMlMkMzNjEuOTYzOSUyMDM3Ni41MjE4MTElMkMzNTAuMTg2ODY1JTIwMzgxLjYxNjU3MSUyQzMzNS45MTcwNzclMjBDMzg2LjcxMTMzMSUyQzMyMS42MzgzNyUyMDM4Ni43MTEzMzElMkMzMDkuMzk5Nzk3JTIwMzg1LjE4NDAxOCUyQzMwNi44NTc5OTElMjBDMzgzLjY1NDQ3NSUyQzMwNC4zMDUwMzclMjAzNzkuNTc4NjY3JTJDMzAyLjc4MjE4MyUyMDM3My40NjQ5NTUlMkMyOTkuNzE2NDA4JTIwQzM2Ny4zNTEyNDIlMkMyOTYuNjU5NTUyJTIwMzM3LjI4ODgxMiUyQzI4MS44NzAyNTQlMjAzMzEuNjg1NjklMkMyNzkuODM0NTglMjBDMzI2LjA4MDMzOSUyQzI3Ny43OTY2NzYlMjAzMjAuODk4NjIyJTJDMjc4LjQxODc0OSUyMDMxNi41ODg3JTJDMjg0LjM3ODYxNSUyMEMzMTAuNjM5OTgyJTJDMjkyLjYxMjcyOSUyMDMwNC45MTg2ODklMkMzMDEuMDc0MjY4JTIwMzAwLjE4MDY3NCUyQzMwNi4wOTA5OSUyMEMyOTYuNDYxNjElMkMzMTAuMDI4NTYlMjAyOTAuNDc3MjE4JTJDMzEwLjU3NzA1NSUyMDI4NS4zMzExNzUlMkMzMDguMzg5NzY0JTIwQzI3OC41NjQxNzQlMkMzMDUuNTA2ODIxJTIwMjU5LjUxNjIzNyUyQzI5OC44NjkxMzklMjAyMzYuMTYwNjA3JTJDMjc4LjA0ODYyNyUyMEMyMTcuOTg4OTIzJTJDMjYxLjg0Nzk1OCUyMDIwNS43MTY5MDYlMkMyNDEuODM0NTglMjAyMDIuMTQ5NDU4JTJDMjM1LjcxMTk0OSUyMEMxOTguNTgyMDExJTJDMjI5LjU5ODIzNiUyMDIwMS44MzUwNzclMkMyMjUuOTQ4MjkyJTIwMjA0LjU4NDI0MSUyQzIyMi42MjE2NDglMjBDMjA3LjcxOTEzNSUyQzIxOC44MjQ1NDYlMjAyMTAuNjEwOTk3JTJDMjE2LjA5NzY3OSUyMDIxMy42Njc4NTMlMkMyMTIuNTMyNDYyJTIwQzIxNi43MjQ3MDklMkMyMDguOTYwNTU1JTIwMjE4LjQzMjYyNSUyQzIwNy4wNTg2NiUyMDIyMC40NzA1MjklMkMyMDIuOTczOTMzJTIwQzIyMi41MDg0MzMlMkMxOTguODk4MTI1JTIwMjIxLjEzNzE5NSUyQzE5NC42OTA3NjclMjAyMTkuNjA3NjUyJTJDMTkxLjYyOTQ1MiUyMEMyMTguMDc1ODglMkMxODguNTY4MTM2JTIwMjA1LjgzNTA3NyUyQzE1OC40OTQ1NTglMjAyMDAuNzU1OTI0JTJDMTQ2LjI0NzA2NiUyMFolMjIlMjBmaWxsJTNEJTIyJTIzZmZmZmZmJTIyJTIwaWQlM0QlMjJodHdhaWNvbi1jaGF0JTIyJTNFJTNDJTJGcGF0aCUzRSUwQSUyMCUyMCUyMCUyMCUyMCUyMCUyMCUyMCUzQyUyRmclM0UlMEElMjAlMjAlMjAlMjAlMjAlMjAlMjAlMjAlM0MlMkZzdmclM0UlMjAlMjAlMjAlMjAlM0MlMkZzcGFuJTNFJTBBJTIwJTIwJTIwJTIwJTNDc3BhbiUyMGNsYXNzJTNEJTIyaHQtY3RjLXM4LXRleHQlMjBzOF9zcGFuJTIwY3RjLWFuYWx5dGljcyUyMGN0Y19jdGElMjIlMjBzdHlsZSUzRCUyMmNvbG9yJTNBJTIzZmZmZmZmJTNCJTIwJTIwJTIyJTNFJTBBJTIwJTIwJTIwJTIwJTIwJTIwV2hhdHNBcHAlMjB1cyUyMCUyMCUyMCUyMCUzQyUyRnNwYW4lM0UlMEElMjAlMjAlM0MlMkZzcGFuJTNFJTBBJTNDJTJGZGl2JTNFJTIwJTIwJTIwJTIwJTIwJTIwJTIwJTIwJTIwJTIwJTIwJTIwJTNDJTJGZGl2JTNF[\/vc_raw_html][\/vc_column][vc_column column_padding=&#8221;no-extra-padding&#8221; column_padding_tablet=&#8221;inherit&#8221; column_padding_phone=&#8221;inherit&#8221; column_padding_position=&#8221;all&#8221; column_element_direction_desktop=&#8221;default&#8221; column_element_spacing=&#8221;default&#8221; desktop_text_alignment=&#8221;default&#8221; tablet_text_alignment=&#8221;default&#8221; phone_text_alignment=&#8221;default&#8221; background_color_opacity=&#8221;1&#8243; background_hover_color_opacity=&#8221;1&#8243; column_backdrop_filter=&#8221;none&#8221; column_shadow=&#8221;none&#8221; column_border_radius=&#8221;none&#8221; column_link_target=&#8221;_self&#8221; column_position=&#8221;default&#8221; gradient_direction=&#8221;left_to_right&#8221; overlay_strength=&#8221;0.3&#8243; width=&#8221;1\/2&#8243; tablet_width_inherit=&#8221;default&#8221; animation_type=&#8221;default&#8221; bg_image_animation=&#8221;none&#8221; border_type=&#8221;simple&#8221; column_border_width=&#8221;none&#8221; column_border_style=&#8221;solid&#8221;][\/vc_column][vc_column column_padding=&#8221;no-extra-padding&#8221; column_padding_tablet=&#8221;inherit&#8221; column_padding_phone=&#8221;inherit&#8221; column_padding_position=&#8221;all&#8221; column_element_direction_desktop=&#8221;default&#8221; column_element_spacing=&#8221;default&#8221; desktop_text_alignment=&#8221;default&#8221; tablet_text_alignment=&#8221;default&#8221; phone_text_alignment=&#8221;default&#8221; background_color_opacity=&#8221;1&#8243; background_hover_color_opacity=&#8221;1&#8243; column_backdrop_filter=&#8221;none&#8221; column_shadow=&#8221;none&#8221; column_border_radius=&#8221;none&#8221; column_link_target=&#8221;_self&#8221; column_position=&#8221;default&#8221; gradient_direction=&#8221;left_to_right&#8221; overlay_strength=&#8221;0.3&#8243; width=&#8221;1\/4&#8243; tablet_width_inherit=&#8221;default&#8221; animation_type=&#8221;default&#8221; bg_image_animation=&#8221;none&#8221; border_type=&#8221;simple&#8221; column_border_width=&#8221;none&#8221; column_border_style=&#8221;solid&#8221;][\/vc_column][\/vc_row]\n","protected":false},"excerpt":{"rendered":"<p>O Vale de \u00c7at est\u00e1 a 20 km da \u00e1rea principal de voo de bal\u00e3o. Haver\u00e1 um m\u00e1ximo de 6 bal\u00f5es voando juntos devido \u00e0s permiss\u00f5es de voo da avia\u00e7\u00e3o civil. H\u00e1 uma paisagem semelhante \u00e0 do passeio de bal\u00e3o na Capad\u00f3cia.<\/p>\n","protected":false},"featured_media":4878,"template":"","meta":[],"product_brand":[],"product_cat":[244],"product_tag":[],"class_list":{"0":"post-4871","1":"product","2":"type-product","3":"status-publish","4":"has-post-thumbnail","6":"product_cat-outros-voos-de-balao","8":"first","9":"instock","10":"shipping-taxable","11":"purchasable","12":"product-type-simple"},"aioseo_notices":[],"_links":{"self":[{"href":"https:\/\/cappadociatourturkey.com\/pt-pt\/wp-json\/wp\/v2\/product\/4871","targetHints":{"allow":["GET"]}}],"collection":[{"href":"https:\/\/cappadociatourturkey.com\/pt-pt\/wp-json\/wp\/v2\/product"}],"about":[{"href":"https:\/\/cappadociatourturkey.com\/pt-pt\/wp-json\/wp\/v2\/types\/product"}],"wp:featuredmedia":[{"embeddable":true,"href":"https:\/\/cappadociatourturkey.com\/pt-pt\/wp-json\/wp\/v2\/media\/4878"}],"wp:attachment":[{"href":"https:\/\/cappadociatourturkey.com\/pt-pt\/wp-json\/wp\/v2\/media?parent=4871"}],"wp:term":[{"taxonomy":"product_brand","embeddable":true,"href":"https:\/\/cappadociatourturkey.com\/pt-pt\/wp-json\/wp\/v2\/product_brand?post=4871"},{"taxonomy":"product_cat","embeddable":true,"href":"https:\/\/cappadociatourturkey.com\/pt-pt\/wp-json\/wp\/v2\/product_cat?post=4871"},{"taxonomy":"product_tag","embeddable":true,"href":"https:\/\/cappadociatourturkey.com\/pt-pt\/wp-json\/wp\/v2\/product_tag?post=4871"}],"curies":[{"name":"wp","href":"https:\/\/api.w.org\/{rel}","templated":true}]}}