{"id":4062,"date":"2023-07-24T11:11:56","date_gmt":"2023-07-24T11:11:56","guid":{"rendered":"https:\/\/cappadociatourturkey.com\/tours\/cerimonia-do-dervixe-giratorio\/"},"modified":"2025-05-14T11:26:15","modified_gmt":"2025-05-14T11:26:15","slug":"cerimonia-do-dervixe-giratorio","status":"publish","type":"product","link":"https:\/\/cappadociatourturkey.com\/pt-pt\/passeios-na-capad\u00f3cia\/cerimonia-do-dervixe-giratorio\/","title":{"rendered":"Cerim\u00f4nia do Dervixe Girat\u00f3rio"},"content":{"rendered":"[vc_row type=&#8221;full_width_background&#8221; full_screen_row_position=&#8221;middle&#8221; column_margin=&#8221;90px&#8221; equal_height=&#8221;yes&#8221; content_placement=&#8221;middle&#8221; column_direction=&#8221;default&#8221; column_direction_tablet=&#8221;default&#8221; column_direction_phone=&#8221;default&#8221; bg_color=&#8221;#ffffff&#8221; scene_position=&#8221;center&#8221; constrain_group_1=&#8221;yes&#8221; top_padding_tablet=&#8221;8%&#8221; bottom_padding_tablet=&#8221;8%&#8221; text_color=&#8221;dark&#8221; text_align=&#8221;left&#8221; row_border_radius=&#8221;none&#8221; row_border_radius_applies=&#8221;bg&#8221; overflow=&#8221;visible&#8221; id=&#8221;home&#8221; overlay_strength=&#8221;0.5&#8243; gradient_direction=&#8221;top_to_bottom&#8221; shape_divider_position=&#8221;bottom&#8221; bg_image_animation=&#8221;none&#8221; shape_type=&#8221;straight_section&#8221;][vc_column column_padding=&#8221;padding-2-percent&#8221; column_padding_tablet=&#8221;no-extra-padding&#8221; column_padding_phone=&#8221;no-extra-padding&#8221; column_padding_position=&#8221;right&#8221; column_element_direction_desktop=&#8221;default&#8221; column_element_spacing=&#8221;default&#8221; desktop_text_alignment=&#8221;default&#8221; tablet_text_alignment=&#8221;default&#8221; phone_text_alignment=&#8221;default&#8221; background_color_opacity=&#8221;1&#8243; background_hover_color_opacity=&#8221;1&#8243; column_backdrop_filter=&#8221;none&#8221; column_shadow=&#8221;none&#8221; column_border_radius=&#8221;none&#8221; column_link_target=&#8221;_self&#8221; column_position=&#8221;default&#8221; zindex=&#8221;100&#8243; gradient_direction=&#8221;left_t_to_right_b&#8221; overlay_strength=&#8221;0.3&#8243; width=&#8221;1\/1&#8243; tablet_width_inherit=&#8221;default&#8221; animation_type=&#8221;default&#8221; bg_image_animation=&#8221;none&#8221; border_type=&#8221;simple&#8221; column_border_width=&#8221;none&#8221; column_border_style=&#8221;solid&#8221; offset=&#8221;vc_col-xs-12&#8243;][vc_row_inner column_margin=&#8221;default&#8221; column_direction=&#8221;default&#8221; column_direction_tablet=&#8221;default&#8221; column_direction_phone=&#8221;default&#8221; text_align=&#8221;left&#8221; row_position=&#8221;default&#8221; row_position_tablet=&#8221;inherit&#8221; row_position_phone=&#8221;inherit&#8221; overflow=&#8221;visible&#8221; pointer_events=&#8221;all&#8221; min_width=&#8221;47vh&#8221;][vc_column_inner column_padding=&#8221;no-extra-padding&#8221; column_padding_tablet=&#8221;inherit&#8221; column_padding_phone=&#8221;inherit&#8221; column_padding_position=&#8221;all&#8221; column_element_direction_desktop=&#8221;default&#8221; column_element_spacing=&#8221;default&#8221; desktop_text_alignment=&#8221;default&#8221; tablet_text_alignment=&#8221;default&#8221; phone_text_alignment=&#8221;default&#8221; background_color_opacity=&#8221;1&#8243; background_hover_color_opacity=&#8221;1&#8243; column_backdrop_filter=&#8221;none&#8221; column_shadow=&#8221;none&#8221; column_border_radius=&#8221;none&#8221; column_link_target=&#8221;_self&#8221; overflow=&#8221;visible&#8221; gradient_direction=&#8221;left_to_right&#8221; overlay_strength=&#8221;0.3&#8243; width=&#8221;1\/1&#8243; tablet_width_inherit=&#8221;default&#8221; animation_type=&#8221;default&#8221; enable_animation=&#8221;true&#8221; animation=&#8221;fade-in-from-bottom&#8221; animation_easing=&#8221;default&#8221; bg_image_animation=&#8221;none&#8221; border_type=&#8221;simple&#8221; column_border_width=&#8221;none&#8221; column_border_style=&#8221;solid&#8221; enable_border_animation=&#8221;true&#8221;][vc_column_text css_animation=&#8221;none&#8221; css=&#8221;.vc_custom_1690198521880{margin-bottom: 20px !important;}&#8221;]\n<h2>Cerim\u00f4nia do Dervixe Girat\u00f3rio<\/h2>\n[\/vc_column_text][vc_custom_heading text=&#8221;A primeira coisa a apreciar \u00e9 que este n\u00e3o \u00e9 tanto um show de performance, mas uma genu\u00edna cerim\u00f4nia de adora\u00e7\u00e3o \u00e0 medita\u00e7\u00e3o acompanhada por instrumentos de palheta tradicionais. Mevlana Celaleddin (ou Rumi, como \u00e9 conhecido no Ocidente) foi o l\u00edder religioso do s\u00e9culo 13 por tr\u00e1s dos Dervixes Girat\u00f3rios. Sua filosofia de \u201cvenha como voc\u00ea \u00e9\u201d era atraente para muitas pessoas em busca do verdadeiro significado da vida.<br \/>\nA cerim\u00f4nia de uma hora tem sete partes, simbolizando o amor do dervixe rodopiante por Deus, a humanidade e toda a cria\u00e7\u00e3o enquanto dan\u00e7am (giro) com uma m\u00e3o levantada (para receber de Deus) e a outra virada para baixo em dire\u00e7\u00e3o \u00e0 terra (para passar a b\u00ean\u00e7\u00e3o sobre aos pobres).&#8221; font_container=&#8221;tag:p|font_size:20px|text_align:left|line_height:2em&#8221; use_theme_fonts=&#8221;yes&#8221; css_animation=&#8221;none&#8221; css=&#8221;&#8221;][vc_column_text css=&#8221;&#8221; text_direction=&#8221;default&#8221;]\nA cerim\u00f4nia de uma hora tem sete partes, simbolizando o amor do dervixe rodopiante por Deus, a humanidade e toda a cria\u00e7\u00e3o enquanto dan\u00e7am (giro) com uma m\u00e3o levantada (para receber de Deus) e a outra virada para baixo em dire\u00e7\u00e3o \u00e0 terra (para passar a b\u00ean\u00e7\u00e3o sobre aos pobres)O pre\u00e7o \u00e9 de 40\u20ac por pessoa.<\/p>\n<p>Op\u00e7\u00e3o 2: Saruhan Caravanserai (perto de Avanos) Constru\u00eddo em 1249, o caravanserai originalmente oferecia alojamento seguro para os comerciantes que viajavam de camelo e um centro comercial onde eles podiam vender seus produtos. Ele fornece um local \u00fanico e atmosf\u00e9rico para assistir \u00e0 cerim\u00f4nia dervixe.<\/p>\n<p>Ap\u00f3s a cerim\u00f4nia, voc\u00ea ter\u00e1 tempo para explorar o caravanserai e desfrutar de um ch\u00e1 turco antes de retornar ao hotel. Se o seu or\u00e7amento permitir, recomendamos vivamente que considere esta op\u00e7\u00e3o. O pre\u00e7o \u00e9 de 50\u20ac por pessoa. (Devido a limita\u00e7\u00f5es do nosso site, ignore o pre\u00e7o indicado na sua reserva \u2013 confirmaremos o pre\u00e7o final por e-mail).<\/p>\n<p>As cerim\u00f4nias s\u00e3o normalmente realizadas no final da tarde \/ in\u00edcio da noite, dependendo da \u00e9poca do ano e do local de sua prefer\u00eancia.<\/p>\n<p>Por favor, envie-nos um e-mail para nos informar quando voc\u00ea planeja estar aqui, qual local voc\u00ea prefere e podemos aconselhar o hor\u00e1rio.<\/p>\n<p>Horario:<\/p>\n<p>\u2022 Meio-dia ou in\u00edcio da noite, dependendo da esta\u00e7\u00e3o e do local<\/p>\n<ul>\n<li>Servi\u00e7o de busca em seu hotel aproximadamente 1 hora e 20 minutos antes da hora de in\u00edcio.<\/li>\n<\/ul>\n[\/vc_column_text][\/vc_column_inner][\/vc_row_inner][\/vc_column][\/vc_row][vc_row type=&#8221;full_width_background&#8221; full_screen_row_position=&#8221;middle&#8221; column_margin=&#8221;90px&#8221; equal_height=&#8221;yes&#8221; content_placement=&#8221;middle&#8221; column_direction=&#8221;default&#8221; column_direction_tablet=&#8221;default&#8221; column_direction_phone=&#8221;default&#8221; bg_color=&#8221;#ffffff&#8221; scene_position=&#8221;center&#8221; constrain_group_1=&#8221;yes&#8221; top_padding_tablet=&#8221;8%&#8221; bottom_padding_tablet=&#8221;8%&#8221; text_color=&#8221;dark&#8221; text_align=&#8221;left&#8221; row_border_radius=&#8221;none&#8221; row_border_radius_applies=&#8221;bg&#8221; overflow=&#8221;visible&#8221; overlay_strength=&#8221;0.5&#8243; gradient_direction=&#8221;top_to_bottom&#8221; shape_divider_position=&#8221;bottom&#8221; bg_image_animation=&#8221;none&#8221; shape_type=&#8221;straight_section&#8221; gradient_type=&#8221;default&#8221;][vc_column column_padding=&#8221;padding-2-percent&#8221; column_padding_tablet=&#8221;no-extra-padding&#8221; column_padding_phone=&#8221;no-extra-padding&#8221; column_padding_position=&#8221;right&#8221; column_element_direction_desktop=&#8221;default&#8221; column_element_spacing=&#8221;default&#8221; desktop_text_alignment=&#8221;default&#8221; tablet_text_alignment=&#8221;default&#8221; phone_text_alignment=&#8221;default&#8221; background_color_opacity=&#8221;1&#8243; background_hover_color_opacity=&#8221;1&#8243; column_backdrop_filter=&#8221;none&#8221; column_shadow=&#8221;none&#8221; column_border_radius=&#8221;none&#8221; column_link_target=&#8221;_self&#8221; column_position=&#8221;default&#8221; zindex=&#8221;100&#8243; gradient_direction=&#8221;left_t_to_right_b&#8221; overlay_strength=&#8221;0.3&#8243; width=&#8221;1\/1&#8243; tablet_width_inherit=&#8221;default&#8221; animation_type=&#8221;default&#8221; bg_image_animation=&#8221;none&#8221; border_type=&#8221;simple&#8221; column_border_width=&#8221;none&#8221; column_border_style=&#8221;solid&#8221; offset=&#8221;vc_col-xs-12&#8243;][vc_row_inner column_margin=&#8221;70px&#8221; column_direction=&#8221;default&#8221; column_direction_tablet=&#8221;default&#8221; column_direction_phone=&#8221;default&#8221; top_padding=&#8221;25&#8243; bottom_padding=&#8221;15&#8243; text_align=&#8221;left&#8221; row_position=&#8221;default&#8221; row_position_tablet=&#8221;inherit&#8221; row_position_phone=&#8221;inherit&#8221; overflow=&#8221;visible&#8221; pointer_events=&#8221;all&#8221;][vc_column_inner column_padding=&#8221;no-extra-padding&#8221; column_padding_tablet=&#8221;inherit&#8221; column_padding_phone=&#8221;inherit&#8221; column_padding_position=&#8221;all&#8221; column_element_direction_desktop=&#8221;default&#8221; column_element_spacing=&#8221;default&#8221; desktop_text_alignment=&#8221;default&#8221; tablet_text_alignment=&#8221;default&#8221; phone_text_alignment=&#8221;default&#8221; background_color_opacity=&#8221;1&#8243; background_hover_color_opacity=&#8221;1&#8243; column_backdrop_filter=&#8221;none&#8221; column_shadow=&#8221;none&#8221; column_border_radius=&#8221;none&#8221; column_link_target=&#8221;_self&#8221; overflow=&#8221;visible&#8221; gradient_direction=&#8221;left_to_right&#8221; overlay_strength=&#8221;0.3&#8243; width=&#8221;1\/3&#8243; tablet_width_inherit=&#8221;small_desktop&#8221; animation_type=&#8221;default&#8221; enable_animation=&#8221;true&#8221; animation=&#8221;fade-in-from-bottom&#8221; animation_easing=&#8221;default&#8221; bg_image_animation=&#8221;none&#8221; border_type=&#8221;simple&#8221; column_border_width=&#8221;none&#8221; column_border_style=&#8221;solid&#8221;][vc_column_text css_animation=&#8221;none&#8221; css=&#8221;.vc_custom_1689773585088{margin-bottom: 10px !important;}&#8221;]\n<h4>O Que Est\u00e1 Inclu\u00eddo<\/h4>\n[\/vc_column_text][vc_column_text]\n<ul class=\"table-list-allow\">\n<li>Servi\u00e7o de busca e deixar no hotel.<\/li>\n<li>Bilhete de entrada.<\/li>\n<\/ul>\n[\/vc_column_text][\/vc_column_inner][vc_column_inner column_padding=&#8221;no-extra-padding&#8221; column_padding_tablet=&#8221;inherit&#8221; column_padding_phone=&#8221;inherit&#8221; column_padding_position=&#8221;all&#8221; column_element_direction_desktop=&#8221;default&#8221; column_element_spacing=&#8221;default&#8221; desktop_text_alignment=&#8221;default&#8221; tablet_text_alignment=&#8221;default&#8221; phone_text_alignment=&#8221;default&#8221; background_color_opacity=&#8221;1&#8243; background_hover_color_opacity=&#8221;1&#8243; column_backdrop_filter=&#8221;none&#8221; column_shadow=&#8221;none&#8221; column_border_radius=&#8221;none&#8221; column_link_target=&#8221;_self&#8221; overflow=&#8221;visible&#8221; gradient_direction=&#8221;left_to_right&#8221; overlay_strength=&#8221;0.3&#8243; width=&#8221;1\/3&#8243; tablet_width_inherit=&#8221;small_desktop&#8221; animation_type=&#8221;default&#8221; enable_animation=&#8221;true&#8221; animation=&#8221;fade-in-from-bottom&#8221; animation_easing=&#8221;default&#8221; bg_image_animation=&#8221;none&#8221; border_type=&#8221;simple&#8221; column_border_width=&#8221;none&#8221; column_border_style=&#8221;solid&#8221;][vc_column_text css_animation=&#8221;none&#8221; css=&#8221;.vc_custom_1689773390381{margin-bottom: 10px !important;}&#8221;]\n<h4>Anexos<\/h4>\n[\/vc_column_text][vc_column_text]\n<ul>\n<li>M\u00ednimo de 2 pessoas necess\u00e1rias para reserva.<\/li>\n<li>N\u00e3o \u00e9 permitida a entrada de menores de 12 anos na cerim\u00f4nia.<\/li>\n<li>N\u00e3o \u00e9 permitido tirar fotos durante a cerim\u00f4nia de adora\u00e7\u00e3o, mas no final voc\u00ea ter\u00e1 tempo para tirar fotos com os dan\u00e7arinos.<\/li>\n<\/ul>\n[\/vc_column_text][\/vc_column_inner][vc_column_inner column_padding=&#8221;no-extra-padding&#8221; column_padding_tablet=&#8221;inherit&#8221; column_padding_phone=&#8221;inherit&#8221; column_padding_position=&#8221;all&#8221; column_element_direction_desktop=&#8221;default&#8221; column_element_spacing=&#8221;default&#8221; desktop_text_alignment=&#8221;default&#8221; tablet_text_alignment=&#8221;default&#8221; phone_text_alignment=&#8221;default&#8221; background_color_opacity=&#8221;1&#8243; background_hover_color_opacity=&#8221;1&#8243; column_backdrop_filter=&#8221;none&#8221; column_shadow=&#8221;none&#8221; column_border_radius=&#8221;none&#8221; column_link_target=&#8221;_self&#8221; overflow=&#8221;visible&#8221; gradient_direction=&#8221;left_to_right&#8221; overlay_strength=&#8221;0.3&#8243; width=&#8221;1\/3&#8243; tablet_width_inherit=&#8221;default&#8221; animation_type=&#8221;default&#8221; enable_animation=&#8221;true&#8221; animation=&#8221;fade-in-from-bottom&#8221; animation_easing=&#8221;default&#8221; bg_image_animation=&#8221;none&#8221; border_type=&#8221;simple&#8221; column_border_width=&#8221;none&#8221; column_border_style=&#8221;solid&#8221; column_padding_type=&#8221;default&#8221; gradient_type=&#8221;default&#8221;][vc_column_text css_animation=&#8221;none&#8221; css=&#8221;.vc_custom_1689772799372{margin-bottom: 10px !important;}&#8221;]\n<h4>Cancelamentos<\/h4>\n[\/vc_column_text][vc_column_text]\nCancelamentos feitos com mais de 48 horas do hor\u00e1rio de in\u00edcio n\u00e3o ser\u00e3o cobrados.<br \/>\nCancelamentos feitos at\u00e9 24 horas antes do hor\u00e1rio de in\u00edcio ser\u00e3o cobrados 50% do valor devido.<br \/>\nN\u00e3o compar\u00eancia e cancelamentos feitos dentro de 24 horas do hor\u00e1rio de in\u00edcio ser\u00e3o cobrados 100% do valor devido<br \/>\n[\/vc_column_text][\/vc_column_inner][\/vc_row_inner][\/vc_column][\/vc_row][vc_row type=&#8221;in_container&#8221; full_screen_row_position=&#8221;middle&#8221; column_margin=&#8221;default&#8221; column_direction=&#8221;default&#8221; column_direction_tablet=&#8221;default&#8221; column_direction_phone=&#8221;default&#8221; scene_position=&#8221;center&#8221; text_color=&#8221;dark&#8221; text_align=&#8221;left&#8221; row_border_radius=&#8221;none&#8221; row_border_radius_applies=&#8221;bg&#8221; overflow=&#8221;visible&#8221; overlay_strength=&#8221;0.3&#8243; gradient_direction=&#8221;left_to_right&#8221; shape_divider_position=&#8221;bottom&#8221; bg_image_animation=&#8221;none&#8221;][vc_column column_padding=&#8221;no-extra-padding&#8221; column_padding_tablet=&#8221;inherit&#8221; column_padding_phone=&#8221;inherit&#8221; column_padding_position=&#8221;all&#8221; column_element_direction_desktop=&#8221;default&#8221; column_element_spacing=&#8221;default&#8221; desktop_text_alignment=&#8221;default&#8221; tablet_text_alignment=&#8221;default&#8221; phone_text_alignment=&#8221;default&#8221; background_color_opacity=&#8221;1&#8243; background_hover_color_opacity=&#8221;1&#8243; column_backdrop_filter=&#8221;none&#8221; column_shadow=&#8221;none&#8221; column_border_radius=&#8221;none&#8221; column_link_target=&#8221;_self&#8221; column_position=&#8221;default&#8221; gradient_direction=&#8221;left_to_right&#8221; overlay_strength=&#8221;0.3&#8243; width=&#8221;1\/4&#8243; tablet_width_inherit=&#8221;default&#8221; animation_type=&#8221;default&#8221; enable_animation=&#8221;true&#8221; animation=&#8221;fade-in-from-left&#8221; animation_easing=&#8221;default&#8221; bg_image_animation=&#8221;none&#8221; border_type=&#8221;simple&#8221; column_border_width=&#8221;none&#8221; column_border_style=&#8221;solid&#8221; column_padding_type=&#8221;default&#8221; gradient_type=&#8221;default&#8221;][vc_raw_html css=&#8221;&#8221;]JTNDZGl2JTIwY2xhc3MlM0QlMjJjdGNfY2hhdCUyMGN0Y193b29fcGxhY2UlMjIlMjBzdHlsZSUzRCUyMmN1cnNvciUzQXBvaW50ZXIlM0JkaXNwbGF5JTNBJTIwYmxvY2slM0IlMjIlMjBkYXRhLWR0JTNEJTIyYmxvY2slMjIlM0UlMEElMjAlMjAlMjAlMjAlMjAlMjAlMjAlMjAlMjAlMjAlMjAlMjAlMjAlMjAlMjAlMjAlMEElM0NzdHlsZSUyMGlkJTNEJTIyaHQtY3RjLXM4JTIyJTNFJTBBLmh0LWN0Yy1zdHlsZS04JTIwLnNfOCUyMC5zXzhfaWNvbiU3Qm9yZGVyJTNBMCUzQm1hcmdpbi1yaWdodCUzQSUyMDE1cHglM0IlM0IlN0QuaHQtY3RjJTIwLmh0LWN0Yy1zdHlsZS04JTNBaG92ZXIlMjAuc184JTIwc3ZnJTIwZyUyMHBhdGglN0JmaWxsJTNBJTIzZmZmZmZmJTIwJTIxaW1wb3J0YW50JTNCJTdELmh0LWN0YyUyMC5odC1jdGMtc3R5bGUtOCUzQWhvdmVyJTIwLnNfOCUyMC5odC1jdGMtczgtdGV4dCU3QmNvbG9yJTNBJTIzZmZmZmZmJTIwJTIxaW1wb3J0YW50JTNCJTdELmh0LWN0YyUyMC5odC1jdGMtc3R5bGUtOCUzQWhvdmVyJTIwLnNfOCU3QmJveC1zaGFkb3clM0ElMjAwJTIwM3B4JTIwM3B4JTIwMCUyMHJnYmElMjg3JTJDNiUyQzYlMkMuMTQlMjklMkMlMjAwJTIwMXB4JTIwN3B4JTIwMCUyMHJnYmElMjgwJTJDMCUyQzAlMkMuMTIlMjklMkMlMjAwJTIwM3B4JTIwMXB4JTIwLTFweCUyMHJnYmElMjgwJTJDMCUyQzAlMkMuMiUyOSUyMCUyMWltcG9ydGFudCUzQiUyMHRyYW5zaXRpb24lM0ElMjAuMnMlMjBlYXNlLW91dCUyMCUyMWltcG9ydGFudCUzQiUyMGJhY2tncm91bmQtY29sb3IlM0ElMjMyNmE2OWElMjAlMjFpbXBvcnRhbnQlM0IlMjAlN0QlM0MlMkZzdHlsZSUzRSUwQSUwQSUzQ2RpdiUyMGNsYXNzJTNEJTIyaHQtY3RjLXN0eWxlLTglMjBjdGMtYW5hbHl0aWNzJTIyJTNFJTBBJTIwJTIwJTNDc3BhbiUyMGNsYXNzJTNEJTIyc184JTIwd2F2ZXMtZWZmZWN0JTIwd2F2ZXMtbGlnaHQlMjBjdGMtYW5hbHl0aWNzJTIyJTIwc3R5bGUlM0QlMjJkaXNwbGF5JTNBJTIwZmxleCUzQiUyMCUyMHBhZGRpbmclM0ElMjAwJTIwMnJlbSUzQmxldHRlci1zcGFjaW5nJTNBJTIwLjVweCUzQnRyYW5zaXRpb24lM0ElMjAuMnMlMjBlYXNlLW91dCUzQnRleHQtYWxpZ24lM0ElMjBjZW50ZXIlM0JqdXN0aWZ5LWNvbnRlbnQlM0ElMjBjZW50ZXIlM0JhbGlnbi1pdGVtcyUzQSUyMGNlbnRlciUzQmJvcmRlci1yYWRpdXMlM0EycHglM0JoZWlnaHQlM0EzNnB4JTNCbGluZS1oZWlnaHQlM0EzNnB4JTNCdmVydGljYWwtYWxpZ24lM0FtaWRkbGUlM0Jib3gtc2hhZG93JTNBMCUyMDJweCUyMDJweCUyMDAlMjByZ2JhJTI4MCUyQzAlMkMwJTJDLjE0JTI5JTJDJTIwMCUyMDFweCUyMDVweCUyMDAlMjByZ2JhJTI4MCUyQzAlMkMwJTJDLjEyJTI5JTJDJTIwMCUyMDNweCUyMDFweCUyMC0ycHglMjByZ2JhJTI4MCUyQzAlMkMwJTJDLjIlMjklM0Jib3gtc2l6aW5nJTNBaW5oZXJpdCUzQmJhY2tncm91bmQtY29sb3IlM0ElMjMyNmE2OWElM0IlMjIlM0UlMEElMjAlMjAlM0NzcGFuJTIwY2xhc3MlM0QlMjJzXzhfaWNvbiUyMiUzRSUwQSUyMCUyMCUyMCUyMCUzQ3N2ZyUyMHN0eWxlJTNEJTIyZGlzcGxheSUzQWJsb2NrJTNCJTIyJTIwaGVpZ2h0JTNEJTIyMTdweCUyMiUyMHZlcnNpb24lM0QlMjIxLjElMjIlMjB2aWV3Qm94JTNEJTIyMCUyMDAlMjA1MDklMjA1MTIlMjIlMjB3aWR0aCUzRCUyMjE3cHglMjIlM0UlMEElMjAlMjAlMjAlMjAlMjAlMjAlMjAlMjAlM0NnJTIwZmlsbCUzRCUyMm5vbmUlMjIlMjBmaWxsLXJ1bGUlM0QlMjJldmVub2RkJTIyJTIwaWQlM0QlMjJQYWdlLTElMjIlMjBzdHJva2UlM0QlMjJub25lJTIyJTIwc3Ryb2tlLXdpZHRoJTNEJTIyMSUyMiUzRSUwQSUyMCUyMCUyMCUyMCUyMCUyMCUyMCUyMCUyMCUyMCUyMCUyMCUzQ3BhdGglMjBzdHlsZSUzRCUyMmZpbGwlM0ElMjAlMjNmZmZmZmYlM0IlMjIlMjBkJTNEJTIyTTI1OS4yNTMxMzclMkMwLjAwMTgwMzg5Mzk2JTIwQzEyMS41MDI4NTklMkMwLjAwMTgwMzg5Mzk2JTIwOS44MzczMDY4NyUyQzExMS42NjI4OTYlMjA5LjgzNzMwNjg3JTJDMjQ5LjQxMzE3NSUyMEM5LjgzNzMwNjg3JTJDMjk2LjUzMDIzMiUyMDIyLjkxNDIyOTklMkMzNDAuNTk3MTIyJTIwNDUuNjI1NDg5NyUyQzM3OC4xOTEzMjUlMjBMMC42MTMyMjY1OTclMkM1MTIuMDAxODA0JTIwTDEzOC43MDAxODMlMkM0NjcuNzg3NzU3JTIwQzE3NC40MzAzOTUlMkM0ODcuNTQ5MTg0JTIwMjE1LjUyMjkyNiUyQzQ5OC44MTExNjglMjAyNTkuMjUzMTM3JTJDNDk4LjgxMTE2OCUyMEMzOTYuOTk0NDk4JTJDNDk4LjgxMTE2OCUyMDUwOC42NjAwNDklMkMzODcuMTU0NTM1JTIwNTA4LjY2MDA0OSUyQzI0OS40MTU0MDUlMjBDNTA4LjY2MjI3OSUyQzExMS42NjI4OTYlMjAzOTYuOTk2NzI3JTJDMC4wMDE4MDM4OTM5NiUyMDI1OS4yNTMxMzclMkMwLjAwMTgwMzg5Mzk2JTIwTDI1OS4yNTMxMzclMkMwLjAwMTgwMzg5Mzk2JTIwWiUyME0yNTkuMjUzMTM3JTJDNDU5LjA4OTg3NSUyMEMyMTYuNjU3ODIlMkM0NTkuMDg5ODc1JTIwMTc2Ljk5ODk1NyUyQzQ0Ni4zMTM5NTYlMjAxNDMuODg2MzU5JTJDNDI0LjQxMjA2JTIwTDYzLjMwNDQxOTUlMkM0NTAuMjE4MDglMjBMODkuNDkzOTQwMSUyQzM3Mi4zNDUxNzElMjBDNjQuMzkyNDkwOCUyQzMzNy43NzY2MDklMjA0OS41NjA4Mjk3JTJDMjk1LjI5OTQ2MyUyMDQ5LjU2MDgyOTclMkMyNDkuNDA2NDg2JTIwQzQ5LjU2MDgyOTclMkMxMzMuNzgzMjk4JTIwMTQzLjYyNzcxOSUyQzM5LjcxODYzNzglMjAyNTkuMjUzMTM3JTJDMzkuNzE4NjM3OCUyMEMzNzQuODcxODY3JTJDMzkuNzE4NjM3OCUyMDQ2OC45NDA5ODYlMkMxMzMuNzgzMjk4JTIwNDY4Ljk0MDk4NiUyQzI0OS40MDY0ODYlMjBDNDY4Ljk0MDk4NiUyQzM2NS4wMjUyMTUlMjAzNzQuODc0MDk2JTJDNDU5LjA4OTg3NSUyMDI1OS4yNTMxMzclMkM0NTkuMDg5ODc1JTIwWiUyME0yMDAuNzU1OTI0JTJDMTQ2LjI0NzA2NiUyMEMxOTYuNzE1NzkxJTJDMTM2LjUxMDE2NSUyMDE5My42MjEwMyUyQzEzNi4xODAxNzYlMjAxODcuMzgwMjI4JTJDMTM1Ljg4MzYzMiUyMEMxODUuMjM5NzU5JTJDMTM1Ljc4MTA2OCUyMDE4Mi45MTg2ODklMkMxMzUuNjgyOTYzJTIwMTgwLjM3OTExMyUyQzEzNS42ODI5NjMlMjBDMTcyLjMzODk3OSUyQzEzNS42ODI5NjMlMjAxNjQuMDAyMzAxJTJDMTM4LjA1MDg1NiUyMDE1OC45Nzg4OSUyQzE0My4xOTAyMSUyMEMxNTIuODY1MTc4JTJDMTQ5LjQ0NDM5JTIwMTM3LjU3ODY2NyUyQzE2NC4wOTMyMiUyMDEzNy41Nzg2NjclMkMxOTQuMTcxMjU4JTIwQzEzNy41Nzg2NjclMkMyMjQuMjUzNzU1JTIwMTU5LjQ4NzI1MSUyQzI1My4zMjE3NTklMjAxNjIuNTM5NjQ4JTJDMjU3LjQwMjAyNyUyMEMxNjUuNjAwOTYzJTJDMjYxLjQ3NzgzNSUyMDIwNS4yNjg3NDUlMkMzMjQuMTExMDU3JTIwMjY2Ljk4NTU3OSUyQzM0OS42ODI5NjMlMjBDMzE1LjE1NzI2MiUyQzM2OS42MzYxNDElMjAzMjkuNDYwNDk1JTJDMzY3Ljg1OTEwNiUyMDM0MC40NTA0NjIlMkMzNjUuNDU1NTM5JTIwQzM1Ni40NDE1NDMlMkMzNjEuOTYzOSUyMDM3Ni41MjE4MTElMkMzNTAuMTg2ODY1JTIwMzgxLjYxNjU3MSUyQzMzNS45MTcwNzclMjBDMzg2LjcxMTMzMSUyQzMyMS42MzgzNyUyMDM4Ni43MTEzMzElMkMzMDkuMzk5Nzk3JTIwMzg1LjE4NDAxOCUyQzMwNi44NTc5OTElMjBDMzgzLjY1NDQ3NSUyQzMwNC4zMDUwMzclMjAzNzkuNTc4NjY3JTJDMzAyLjc4MjE4MyUyMDM3My40NjQ5NTUlMkMyOTkuNzE2NDA4JTIwQzM2Ny4zNTEyNDIlMkMyOTYuNjU5NTUyJTIwMzM3LjI4ODgxMiUyQzI4MS44NzAyNTQlMjAzMzEuNjg1NjklMkMyNzkuODM0NTglMjBDMzI2LjA4MDMzOSUyQzI3Ny43OTY2NzYlMjAzMjAuODk4NjIyJTJDMjc4LjQxODc0OSUyMDMxNi41ODg3JTJDMjg0LjM3ODYxNSUyMEMzMTAuNjM5OTgyJTJDMjkyLjYxMjcyOSUyMDMwNC45MTg2ODklMkMzMDEuMDc0MjY4JTIwMzAwLjE4MDY3NCUyQzMwNi4wOTA5OSUyMEMyOTYuNDYxNjElMkMzMTAuMDI4NTYlMjAyOTAuNDc3MjE4JTJDMzEwLjU3NzA1NSUyMDI4NS4zMzExNzUlMkMzMDguMzg5NzY0JTIwQzI3OC41NjQxNzQlMkMzMDUuNTA2ODIxJTIwMjU5LjUxNjIzNyUyQzI5OC44NjkxMzklMjAyMzYuMTYwNjA3JTJDMjc4LjA0ODYyNyUyMEMyMTcuOTg4OTIzJTJDMjYxLjg0Nzk1OCUyMDIwNS43MTY5MDYlMkMyNDEuODM0NTglMjAyMDIuMTQ5NDU4JTJDMjM1LjcxMTk0OSUyMEMxOTguNTgyMDExJTJDMjI5LjU5ODIzNiUyMDIwMS44MzUwNzclMkMyMjUuOTQ4MjkyJTIwMjA0LjU4NDI0MSUyQzIyMi42MjE2NDglMjBDMjA3LjcxOTEzNSUyQzIxOC44MjQ1NDYlMjAyMTAuNjEwOTk3JTJDMjE2LjA5NzY3OSUyMDIxMy42Njc4NTMlMkMyMTIuNTMyNDYyJTIwQzIxNi43MjQ3MDklMkMyMDguOTYwNTU1JTIwMjE4LjQzMjYyNSUyQzIwNy4wNTg2NiUyMDIyMC40NzA1MjklMkMyMDIuOTczOTMzJTIwQzIyMi41MDg0MzMlMkMxOTguODk4MTI1JTIwMjIxLjEzNzE5NSUyQzE5NC42OTA3NjclMjAyMTkuNjA3NjUyJTJDMTkxLjYyOTQ1MiUyMEMyMTguMDc1ODglMkMxODguNTY4MTM2JTIwMjA1LjgzNTA3NyUyQzE1OC40OTQ1NTglMjAyMDAuNzU1OTI0JTJDMTQ2LjI0NzA2NiUyMFolMjIlMjBmaWxsJTNEJTIyJTIzZmZmZmZmJTIyJTIwaWQlM0QlMjJodHdhaWNvbi1jaGF0JTIyJTNFJTNDJTJGcGF0aCUzRSUwQSUyMCUyMCUyMCUyMCUyMCUyMCUyMCUyMCUzQyUyRmclM0UlMEElMjAlMjAlMjAlMjAlMjAlMjAlMjAlMjAlM0MlMkZzdmclM0UlMjAlMjAlMjAlMjAlM0MlMkZzcGFuJTNFJTBBJTIwJTIwJTIwJTIwJTNDc3BhbiUyMGNsYXNzJTNEJTIyaHQtY3RjLXM4LXRleHQlMjBzOF9zcGFuJTIwY3RjLWFuYWx5dGljcyUyMGN0Y19jdGElMjIlMjBzdHlsZSUzRCUyMmNvbG9yJTNBJTIzZmZmZmZmJTNCJTIwJTIwJTIyJTNFJTBBJTIwJTIwJTIwJTIwJTIwJTIwV2hhdHNBcHAlMjB1cyUyMCUyMCUyMCUyMCUzQyUyRnNwYW4lM0UlMEElMjAlMjAlM0MlMkZzcGFuJTNFJTBBJTNDJTJGZGl2JTNFJTIwJTIwJTIwJTIwJTIwJTIwJTIwJTIwJTIwJTIwJTIwJTIwJTNDJTJGZGl2JTNF[\/vc_raw_html][\/vc_column][vc_column column_padding=&#8221;no-extra-padding&#8221; column_padding_tablet=&#8221;inherit&#8221; column_padding_phone=&#8221;inherit&#8221; column_padding_position=&#8221;all&#8221; column_element_direction_desktop=&#8221;default&#8221; column_element_spacing=&#8221;default&#8221; desktop_text_alignment=&#8221;default&#8221; tablet_text_alignment=&#8221;default&#8221; phone_text_alignment=&#8221;default&#8221; background_color_opacity=&#8221;1&#8243; background_hover_color_opacity=&#8221;1&#8243; column_backdrop_filter=&#8221;none&#8221; column_shadow=&#8221;none&#8221; column_border_radius=&#8221;none&#8221; column_link_target=&#8221;_self&#8221; column_position=&#8221;default&#8221; gradient_direction=&#8221;left_to_right&#8221; overlay_strength=&#8221;0.3&#8243; width=&#8221;1\/2&#8243; tablet_width_inherit=&#8221;default&#8221; animation_type=&#8221;default&#8221; bg_image_animation=&#8221;none&#8221; border_type=&#8221;simple&#8221; column_border_width=&#8221;none&#8221; column_border_style=&#8221;solid&#8221;][\/vc_column][vc_column column_padding=&#8221;no-extra-padding&#8221; column_padding_tablet=&#8221;inherit&#8221; column_padding_phone=&#8221;inherit&#8221; column_padding_position=&#8221;all&#8221; column_element_direction_desktop=&#8221;default&#8221; column_element_spacing=&#8221;default&#8221; desktop_text_alignment=&#8221;default&#8221; tablet_text_alignment=&#8221;default&#8221; phone_text_alignment=&#8221;default&#8221; background_color_opacity=&#8221;1&#8243; background_hover_color_opacity=&#8221;1&#8243; column_backdrop_filter=&#8221;none&#8221; column_shadow=&#8221;none&#8221; column_border_radius=&#8221;none&#8221; column_link_target=&#8221;_self&#8221; column_position=&#8221;default&#8221; gradient_direction=&#8221;left_to_right&#8221; overlay_strength=&#8221;0.3&#8243; width=&#8221;1\/4&#8243; tablet_width_inherit=&#8221;default&#8221; animation_type=&#8221;default&#8221; bg_image_animation=&#8221;none&#8221; border_type=&#8221;simple&#8221; column_border_width=&#8221;none&#8221; column_border_style=&#8221;solid&#8221;][\/vc_column][\/vc_row]\n","protected":false},"excerpt":{"rendered":"<p>A primeira coisa a apreciar \u00e9 que este n\u00e3o \u00e9 tanto um show de performance, mas uma genu\u00edna cerim\u00f4nia de adora\u00e7\u00e3o \u00e0 medita\u00e7\u00e3o acompanhada por instrumentos de palheta tradicionais.<\/p>\n","protected":false},"featured_media":4071,"template":"","meta":[],"product_brand":[],"product_cat":[192],"product_tag":[],"class_list":{"0":"post-4062","1":"product","2":"type-product","3":"status-publish","4":"has-post-thumbnail","6":"product_cat-atividades","8":"first","9":"instock","10":"shipping-taxable","11":"product-type-external"},"aioseo_notices":[],"_links":{"self":[{"href":"https:\/\/cappadociatourturkey.com\/pt-pt\/wp-json\/wp\/v2\/product\/4062","targetHints":{"allow":["GET"]}}],"collection":[{"href":"https:\/\/cappadociatourturkey.com\/pt-pt\/wp-json\/wp\/v2\/product"}],"about":[{"href":"https:\/\/cappadociatourturkey.com\/pt-pt\/wp-json\/wp\/v2\/types\/product"}],"wp:featuredmedia":[{"embeddable":true,"href":"https:\/\/cappadociatourturkey.com\/pt-pt\/wp-json\/wp\/v2\/media\/4071"}],"wp:attachment":[{"href":"https:\/\/cappadociatourturkey.com\/pt-pt\/wp-json\/wp\/v2\/media?parent=4062"}],"wp:term":[{"taxonomy":"product_brand","embeddable":true,"href":"https:\/\/cappadociatourturkey.com\/pt-pt\/wp-json\/wp\/v2\/product_brand?post=4062"},{"taxonomy":"product_cat","embeddable":true,"href":"https:\/\/cappadociatourturkey.com\/pt-pt\/wp-json\/wp\/v2\/product_cat?post=4062"},{"taxonomy":"product_tag","embeddable":true,"href":"https:\/\/cappadociatourturkey.com\/pt-pt\/wp-json\/wp\/v2\/product_tag?post=4062"}],"curies":[{"name":"wp","href":"https:\/\/api.w.org\/{rel}","templated":true}]}}