{"id":4007,"date":"2023-07-25T10:31:38","date_gmt":"2023-07-25T10:31:38","guid":{"rendered":"https:\/\/cappadociatourturkey.com\/tours\/voos-privados-do-balao-sunrise\/"},"modified":"2025-03-27T07:24:08","modified_gmt":"2025-03-27T07:24:08","slug":"voos-privados-do-balao-sunrise","status":"publish","type":"product","link":"https:\/\/cappadociatourturkey.com\/pt-pt\/passeios-na-capad\u00f3cia\/voos-privados-do-balao-sunrise\/","title":{"rendered":"Voos privados do bal\u00e3o Sunrise"},"content":{"rendered":"[vc_row type=&#8221;full_width_background&#8221; full_screen_row_position=&#8221;middle&#8221; column_margin=&#8221;90px&#8221; equal_height=&#8221;yes&#8221; content_placement=&#8221;middle&#8221; column_direction=&#8221;default&#8221; column_direction_tablet=&#8221;default&#8221; column_direction_phone=&#8221;default&#8221; bg_color=&#8221;#ffffff&#8221; scene_position=&#8221;center&#8221; constrain_group_1=&#8221;yes&#8221; top_padding_tablet=&#8221;8%&#8221; bottom_padding_tablet=&#8221;8%&#8221; text_color=&#8221;dark&#8221; text_align=&#8221;left&#8221; row_border_radius=&#8221;none&#8221; row_border_radius_applies=&#8221;bg&#8221; overflow=&#8221;visible&#8221; id=&#8221;home&#8221; overlay_strength=&#8221;0.5&#8243; gradient_direction=&#8221;top_to_bottom&#8221; shape_divider_position=&#8221;bottom&#8221; bg_image_animation=&#8221;none&#8221; shape_type=&#8221;straight_section&#8221;][vc_column column_padding=&#8221;padding-2-percent&#8221; column_padding_tablet=&#8221;no-extra-padding&#8221; column_padding_phone=&#8221;no-extra-padding&#8221; column_padding_position=&#8221;right&#8221; column_element_direction_desktop=&#8221;default&#8221; column_element_spacing=&#8221;default&#8221; desktop_text_alignment=&#8221;default&#8221; tablet_text_alignment=&#8221;default&#8221; phone_text_alignment=&#8221;default&#8221; background_color_opacity=&#8221;1&#8243; background_hover_color_opacity=&#8221;1&#8243; column_backdrop_filter=&#8221;none&#8221; column_shadow=&#8221;none&#8221; column_border_radius=&#8221;none&#8221; column_link_target=&#8221;_self&#8221; column_position=&#8221;default&#8221; zindex=&#8221;100&#8243; gradient_direction=&#8221;left_t_to_right_b&#8221; overlay_strength=&#8221;0.3&#8243; width=&#8221;1\/1&#8243; tablet_width_inherit=&#8221;default&#8221; animation_type=&#8221;default&#8221; bg_image_animation=&#8221;none&#8221; border_type=&#8221;simple&#8221; column_border_width=&#8221;none&#8221; column_border_style=&#8221;solid&#8221; offset=&#8221;vc_col-xs-12&#8243;][vc_row_inner column_margin=&#8221;default&#8221; column_direction=&#8221;default&#8221; column_direction_tablet=&#8221;default&#8221; column_direction_phone=&#8221;default&#8221; text_align=&#8221;left&#8221; row_position=&#8221;default&#8221; row_position_tablet=&#8221;inherit&#8221; row_position_phone=&#8221;inherit&#8221; overflow=&#8221;visible&#8221; pointer_events=&#8221;all&#8221; min_width=&#8221;47vh&#8221;][vc_column_inner column_padding=&#8221;no-extra-padding&#8221; column_padding_tablet=&#8221;inherit&#8221; column_padding_phone=&#8221;inherit&#8221; column_padding_position=&#8221;all&#8221; column_element_direction_desktop=&#8221;default&#8221; column_element_spacing=&#8221;default&#8221; desktop_text_alignment=&#8221;default&#8221; tablet_text_alignment=&#8221;default&#8221; phone_text_alignment=&#8221;default&#8221; background_color_opacity=&#8221;1&#8243; background_hover_color_opacity=&#8221;1&#8243; column_backdrop_filter=&#8221;none&#8221; column_shadow=&#8221;none&#8221; column_border_radius=&#8221;none&#8221; column_link_target=&#8221;_self&#8221; overflow=&#8221;visible&#8221; gradient_direction=&#8221;left_to_right&#8221; overlay_strength=&#8221;0.3&#8243; width=&#8221;1\/1&#8243; tablet_width_inherit=&#8221;default&#8221; animation_type=&#8221;default&#8221; enable_animation=&#8221;true&#8221; animation=&#8221;fade-in-from-bottom&#8221; animation_easing=&#8221;default&#8221; bg_image_animation=&#8221;none&#8221; border_type=&#8221;simple&#8221; column_border_width=&#8221;none&#8221; column_border_style=&#8221;solid&#8221; enable_border_animation=&#8221;true&#8221;][vc_column_text css_animation=&#8221;none&#8221; css=&#8221;.vc_custom_1736696259885{margin-bottom: 20px !important;}&#8221; text_direction=&#8221;default&#8221;]\n<h2>Voos privados do bal\u00e3o Sunrise<\/h2>\n[\/vc_column_text][vc_custom_heading text=&#8221;Voc\u00ea tem um dia especial que deseja comemorar? Um compromisso surpresa? Um anivers\u00e1rio especial ou anivers\u00e1rio de casamento?Ou voc\u00ea est\u00e1 apenas viajando com um grupo de amigos e gostaria de ter o luxo de ter seu pr\u00f3prio passeio de bal\u00e3o na Capad\u00f3cia?&#8221; font_container=&#8221;tag:p|font_size:20px|text_align:left|line_height:2em&#8221; use_theme_fonts=&#8221;yes&#8221; css_animation=&#8221;none&#8221; css=&#8221;&#8221;][vc_column_text css=&#8221;&#8221; text_direction=&#8221;default&#8221;]<strong>Por favor, mantenha contato para o custo do voo privado&#8230;<\/strong><\/p>\n<p><strong>O QUE ESPERAR:<\/strong><br \/>\nO passeio de bal\u00e3o na Capad\u00f3cia come\u00e7ar\u00e1 aproximadamente 1 hora antes do nascer do sol, quando voc\u00ea for buscado em seu hotel em um carro particular de luxo e levado ao escrit\u00f3rio da empresa de bal\u00f5es para registro e um caf\u00e9 da manh\u00e3 leve.<\/p>\n<p>Enquanto voc\u00ea espera, os pilotos est\u00e3o ocupados verificando as condi\u00e7\u00f5es meteorol\u00f3gicas para determinar os pontos de decolagem perfeitos. Esses pontos de decolagem mudar\u00e3o todos os dias para garantir que voc\u00ea obtenha a melhor experi\u00eancia de voo poss\u00edvel, dependendo da velocidade e dire\u00e7\u00e3o do vento.<br \/>\nAssim que o sinal verde for dado pela autoridade de avia\u00e7\u00e3o civil turca, voc\u00ea ser\u00e1 levado ao ponto de decolagem designado. Aqui voc\u00ea assistir\u00e1 aos est\u00e1gios finais da infla\u00e7\u00e3o do bal\u00e3o antes de pular na cesta e iniciar o passeio de bal\u00e3o na Capad\u00f3cia.<br \/>\nSe estiver a celebrar um dia ou momento especial, informe-nos no momento da reserva, pois podemos oferecer um bolo de anivers\u00e1rio ou anivers\u00e1rio e\/ou decorar o cesto do bal\u00e3o de ar quente em conformidade.<br \/>\nO passeio de bal\u00e3o na Capad\u00f3cia ser\u00e1 de aproximadamente 1 hora enquanto seu piloto guia o bal\u00e3o pelos vales c\u00eanicos. \u00c0 medida que o sol nasce e os raios dourados do sol iluminam as forma\u00e7\u00f5es rochosas \u00fanicas, voc\u00ea ficar\u00e1 surpreso com a beleza. E testemunhar 100 ou mais outros bal\u00f5es compartilhando esse momento com voc\u00ea \u00e9 realmente de tirar o f\u00f4lego. O piloto lhe dar\u00e1 uma experi\u00eancia mais luxuosa em termos de sobrevoar locais adicionais &#8211; ou se voc\u00ea tiver uma dire\u00e7\u00e3o especial que deseja voar, o piloto tentar\u00e1 atender a essa solicita\u00e7\u00e3o (tudo dependendo das condi\u00e7\u00f5es do vento, \u00e9 claro).<br \/>\nNo final do seu voo, o piloto guiar\u00e1 o bal\u00e3o de volta \u00e0 terra, sempre em um local diferente de onde voc\u00ea come\u00e7ou. As minivans estar\u00e3o esperando.<br \/>\nDe volta ao solo, desfrute de uma celebra\u00e7\u00e3o tradicional com Espumante e receba seu certificado de voo para lembr\u00e1-lo de sua experi\u00eancia nos pr\u00f3ximos anos. Depois, voc\u00ea retornar\u00e1 ao seu hotel, onde poder\u00e1 desfrutar do seu segundo caf\u00e9 da manh\u00e3 enquanto recorda as lembran\u00e7as de seu voo particular muito especial.<br \/>\nCusto: O pre\u00e7o do passeio de bal\u00e3o privado na Capad\u00f3cia muda de acordo com a data e o n\u00famero de pessoas, por isso, entre em contato conosco para saber o custo.<br \/>\n[\/vc_column_text][\/vc_column_inner][\/vc_row_inner][\/vc_column][\/vc_row][vc_row type=&#8221;full_width_background&#8221; full_screen_row_position=&#8221;middle&#8221; column_margin=&#8221;90px&#8221; equal_height=&#8221;yes&#8221; content_placement=&#8221;middle&#8221; column_direction=&#8221;default&#8221; column_direction_tablet=&#8221;default&#8221; column_direction_phone=&#8221;default&#8221; bg_color=&#8221;#ffffff&#8221; scene_position=&#8221;center&#8221; constrain_group_1=&#8221;yes&#8221; top_padding_tablet=&#8221;8%&#8221; bottom_padding_tablet=&#8221;8%&#8221; text_color=&#8221;dark&#8221; text_align=&#8221;left&#8221; row_border_radius=&#8221;none&#8221; row_border_radius_applies=&#8221;bg&#8221; overflow=&#8221;visible&#8221; overlay_strength=&#8221;0.5&#8243; gradient_direction=&#8221;top_to_bottom&#8221; shape_divider_position=&#8221;bottom&#8221; bg_image_animation=&#8221;none&#8221; shape_type=&#8221;straight_section&#8221; gradient_type=&#8221;default&#8221;][vc_column column_padding=&#8221;padding-2-percent&#8221; column_padding_tablet=&#8221;no-extra-padding&#8221; column_padding_phone=&#8221;no-extra-padding&#8221; column_padding_position=&#8221;right&#8221; column_element_direction_desktop=&#8221;default&#8221; column_element_spacing=&#8221;default&#8221; desktop_text_alignment=&#8221;default&#8221; tablet_text_alignment=&#8221;default&#8221; phone_text_alignment=&#8221;default&#8221; background_color_opacity=&#8221;1&#8243; background_hover_color_opacity=&#8221;1&#8243; column_backdrop_filter=&#8221;none&#8221; column_shadow=&#8221;none&#8221; column_border_radius=&#8221;none&#8221; column_link_target=&#8221;_self&#8221; column_position=&#8221;default&#8221; zindex=&#8221;100&#8243; gradient_direction=&#8221;left_t_to_right_b&#8221; overlay_strength=&#8221;0.3&#8243; width=&#8221;1\/1&#8243; tablet_width_inherit=&#8221;default&#8221; animation_type=&#8221;default&#8221; bg_image_animation=&#8221;none&#8221; border_type=&#8221;simple&#8221; column_border_width=&#8221;none&#8221; column_border_style=&#8221;solid&#8221; offset=&#8221;vc_col-xs-12&#8243;][vc_row_inner column_margin=&#8221;70px&#8221; column_direction=&#8221;default&#8221; column_direction_tablet=&#8221;default&#8221; column_direction_phone=&#8221;default&#8221; top_padding=&#8221;25&#8243; bottom_padding=&#8221;15&#8243; text_align=&#8221;left&#8221; row_position=&#8221;default&#8221; row_position_tablet=&#8221;inherit&#8221; row_position_phone=&#8221;inherit&#8221; overflow=&#8221;visible&#8221; pointer_events=&#8221;all&#8221;][vc_column_inner column_padding=&#8221;no-extra-padding&#8221; column_padding_tablet=&#8221;inherit&#8221; column_padding_phone=&#8221;inherit&#8221; column_padding_position=&#8221;all&#8221; column_element_direction_desktop=&#8221;default&#8221; column_element_spacing=&#8221;default&#8221; desktop_text_alignment=&#8221;default&#8221; tablet_text_alignment=&#8221;default&#8221; phone_text_alignment=&#8221;default&#8221; background_color_opacity=&#8221;1&#8243; background_hover_color_opacity=&#8221;1&#8243; column_backdrop_filter=&#8221;none&#8221; column_shadow=&#8221;none&#8221; column_border_radius=&#8221;none&#8221; column_link_target=&#8221;_self&#8221; overflow=&#8221;visible&#8221; gradient_direction=&#8221;left_to_right&#8221; overlay_strength=&#8221;0.3&#8243; width=&#8221;1\/3&#8243; tablet_width_inherit=&#8221;small_desktop&#8221; animation_type=&#8221;default&#8221; enable_animation=&#8221;true&#8221; animation=&#8221;fade-in-from-bottom&#8221; animation_easing=&#8221;default&#8221; bg_image_animation=&#8221;none&#8221; border_type=&#8221;simple&#8221; column_border_width=&#8221;none&#8221; column_border_style=&#8221;solid&#8221;][vc_column_text css_animation=&#8221;none&#8221; css=&#8221;.vc_custom_1689773585088{margin-bottom: 10px !important;}&#8221;]\n<h4>Inclus\u00f5es:<\/h4>\n[\/vc_column_text][vc_column_text]\n<ul>\n<li>Coletar e deixar privado em seu hotel em minivan de luxo privada.<\/li>\n<li>Caf\u00e9 da manh\u00e3 leve<\/li>\n<li>Aproximadamente 1 hora de voo em cesta privada<\/li>\n<li>\u00a0Decora\u00e7\u00f5es de bolo de anivers\u00e1rio ou anivers\u00e1rio (se necess\u00e1rio &#8211; informe-nos com anteced\u00eancia)<\/li>\n<li>Celebra\u00e7\u00e3o com Espumante e certificado de voo<\/li>\n<li>\u00a0Seguro de Vidas no valor de 25 milh\u00f5es de euros<\/li>\n<\/ul>\n[\/vc_column_text][\/vc_column_inner][vc_column_inner column_padding=&#8221;no-extra-padding&#8221; column_padding_tablet=&#8221;inherit&#8221; column_padding_phone=&#8221;inherit&#8221; column_padding_position=&#8221;all&#8221; column_element_direction_desktop=&#8221;default&#8221; column_element_spacing=&#8221;default&#8221; desktop_text_alignment=&#8221;default&#8221; tablet_text_alignment=&#8221;default&#8221; phone_text_alignment=&#8221;default&#8221; background_color_opacity=&#8221;1&#8243; background_hover_color_opacity=&#8221;1&#8243; column_backdrop_filter=&#8221;none&#8221; column_shadow=&#8221;none&#8221; column_border_radius=&#8221;none&#8221; column_link_target=&#8221;_self&#8221; overflow=&#8221;visible&#8221; gradient_direction=&#8221;left_to_right&#8221; overlay_strength=&#8221;0.3&#8243; width=&#8221;1\/3&#8243; tablet_width_inherit=&#8221;small_desktop&#8221; animation_type=&#8221;default&#8221; enable_animation=&#8221;true&#8221; animation=&#8221;fade-in-from-bottom&#8221; animation_easing=&#8221;default&#8221; bg_image_animation=&#8221;none&#8221; border_type=&#8221;simple&#8221; column_border_width=&#8221;none&#8221; column_border_style=&#8221;solid&#8221;][vc_column_text css_animation=&#8221;none&#8221; css=&#8221;.vc_custom_1689773390381{margin-bottom: 10px !important;}&#8221;]\n<h4>Notas<\/h4>\n[\/vc_column_text][vc_column_text]Custo: O pre\u00e7o do passeio de bal\u00e3o privado na Capad\u00f3cia muda de acordo com a data e o n\u00famero de pessoas, por isso, entre em contato conosco para saber o custo.[\/vc_column_text][\/vc_column_inner][vc_column_inner column_padding=&#8221;no-extra-padding&#8221; column_padding_tablet=&#8221;inherit&#8221; column_padding_phone=&#8221;inherit&#8221; column_padding_position=&#8221;all&#8221; column_element_direction_desktop=&#8221;default&#8221; column_element_spacing=&#8221;default&#8221; desktop_text_alignment=&#8221;default&#8221; tablet_text_alignment=&#8221;default&#8221; phone_text_alignment=&#8221;default&#8221; background_color_opacity=&#8221;1&#8243; background_hover_color_opacity=&#8221;1&#8243; column_backdrop_filter=&#8221;none&#8221; column_shadow=&#8221;none&#8221; column_border_radius=&#8221;none&#8221; column_link_target=&#8221;_self&#8221; overflow=&#8221;visible&#8221; gradient_direction=&#8221;left_to_right&#8221; overlay_strength=&#8221;0.3&#8243; width=&#8221;1\/3&#8243; tablet_width_inherit=&#8221;default&#8221; animation_type=&#8221;default&#8221; enable_animation=&#8221;true&#8221; animation=&#8221;fade-in-from-bottom&#8221; animation_easing=&#8221;default&#8221; bg_image_animation=&#8221;none&#8221; border_type=&#8221;simple&#8221; column_border_width=&#8221;none&#8221; column_border_style=&#8221;solid&#8221; column_padding_type=&#8221;default&#8221; gradient_type=&#8221;default&#8221;][vc_column_text css_animation=&#8221;none&#8221; css=&#8221;.vc_custom_1689772799372{margin-bottom: 10px !important;}&#8221;]\n<h4>Cancelamentos<\/h4>\n[\/vc_column_text][vc_column_text]\n<ul>\n<li>Se o voo de bal\u00e3o for cancelado devido ao mau tempo, oferecemos o reagendamento para a tarde (caso voem) ou para a manh\u00e3 seguinte.<\/li>\n<li>Se voc\u00ea n\u00e3o conseguir reagendar, receber\u00e1 um reembolso de 100%. Cancelamentos feitos mais de 48 horas antes do in\u00edcio do passeio n\u00e3o ser\u00e3o cobrados.<\/li>\n<li>Cancelamentos feitos entre 24-48 horas do in\u00edcio do passeio ser\u00e3o cobrados 50% do valor devido.<\/li>\n<li>Sem apresenta\u00e7oes e cancelamentos feitos dentro de 24 horas do in\u00edcio do hor\u00e1rio de in\u00edcio ser\u00e3o cobrados 100% do valor devido.<\/li>\n<\/ul>\n[\/vc_column_text][\/vc_column_inner][\/vc_row_inner][\/vc_column][\/vc_row][vc_row type=&#8221;in_container&#8221; full_screen_row_position=&#8221;middle&#8221; column_margin=&#8221;default&#8221; column_direction=&#8221;default&#8221; column_direction_tablet=&#8221;default&#8221; column_direction_phone=&#8221;default&#8221; scene_position=&#8221;center&#8221; text_color=&#8221;dark&#8221; text_align=&#8221;left&#8221; row_border_radius=&#8221;none&#8221; row_border_radius_applies=&#8221;bg&#8221; overflow=&#8221;visible&#8221; overlay_strength=&#8221;0.3&#8243; gradient_direction=&#8221;left_to_right&#8221; shape_divider_position=&#8221;bottom&#8221; bg_image_animation=&#8221;none&#8221;][vc_column column_padding=&#8221;no-extra-padding&#8221; column_padding_tablet=&#8221;inherit&#8221; column_padding_phone=&#8221;inherit&#8221; column_padding_position=&#8221;all&#8221; column_element_direction_desktop=&#8221;default&#8221; column_element_spacing=&#8221;default&#8221; desktop_text_alignment=&#8221;default&#8221; tablet_text_alignment=&#8221;default&#8221; phone_text_alignment=&#8221;default&#8221; background_color_opacity=&#8221;1&#8243; background_hover_color_opacity=&#8221;1&#8243; column_backdrop_filter=&#8221;none&#8221; column_shadow=&#8221;none&#8221; column_border_radius=&#8221;none&#8221; column_link_target=&#8221;_self&#8221; column_position=&#8221;default&#8221; gradient_direction=&#8221;left_to_right&#8221; overlay_strength=&#8221;0.3&#8243; width=&#8221;1\/4&#8243; tablet_width_inherit=&#8221;default&#8221; animation_type=&#8221;default&#8221; enable_animation=&#8221;true&#8221; animation=&#8221;fade-in-from-left&#8221; animation_easing=&#8221;default&#8221; bg_image_animation=&#8221;none&#8221; border_type=&#8221;simple&#8221; column_border_width=&#8221;none&#8221; column_border_style=&#8221;solid&#8221; column_padding_type=&#8221;default&#8221; gradient_type=&#8221;default&#8221;][vc_raw_html css=&#8221;&#8221;]PGRpdiBjbGFzcz0iY3RjX2NoYXQgY3RjX3dvb19wbGFjZSIgc3R5bGU9ImN1cnNvcjpwb2ludGVyO2Rpc3BsYXk6IGJsb2NrOyIgZGF0YS1kdD0iYmxvY2siPg0KPHN0eWxlIGlkPSJodC1jdGMtczgiPg0KLmh0LWN0Yy1zdHlsZS04IC5zXzggLnNfOF9pY29ue29yZGVyOjA7bWFyZ2luLXJpZ2h0OiAxNXB4Ozt9Lmh0LWN0YyAuaHQtY3RjLXN0eWxlLTg6aG92ZXIgLnNfOCBzdmcgZyBwYXRoe2ZpbGw6I2ZmZmZmZiAhaW1wb3J0YW50O30uaHQtY3RjIC5odC1jdGMtc3R5bGUtODpob3ZlciAuc184IC5odC1jdGMtczgtdGV4dHtjb2xvcjojZmZmZmZmICFpbXBvcnRhbnQ7fS5odC1jdGMgLmh0LWN0Yy1zdHlsZS04OmhvdmVyIC5zXzh7Ym94LXNoYWRvdzogMCAzcHggM3B4IDAgcmdiYSg3LDYsNiwuMTQpLCAwIDFweCA3cHggMCByZ2JhKDAsMCwwLC4xMiksIDAgM3B4IDFweCAtMXB4IHJnYmEoMCwwLDAsLjIpICFpbXBvcnRhbnQ7IHRyYW5zaXRpb246IC4ycyBlYXNlLW91dCAhaW1wb3J0YW50OyBiYWNrZ3JvdW5kLWNvbG9yOiMyNmE2OWEgIWltcG9ydGFudDsgfTwvc3R5bGU+DQo8ZGl2IGNsYXNzPSJodC1jdGMtc3R5bGUtOCBjdGMtYW5hbHl0aWNzIj4NCiAgPHNwYW4gY2xhc3M9InNfOCB3YXZlcy1lZmZlY3Qgd2F2ZXMtbGlnaHQgY3RjLWFuYWx5dGljcyIgc3R5bGU9ImRpc3BsYXk6IGZsZXg7ICBwYWRkaW5nOiAwIDJyZW07bGV0dGVyLXNwYWNpbmc6IC41cHg7dHJhbnNpdGlvbjogLjJzIGVhc2Utb3V0O3RleHQtYWxpZ246IGNlbnRlcjtqdXN0aWZ5LWNvbnRlbnQ6IGNlbnRlcjthbGlnbi1pdGVtczogY2VudGVyO2JvcmRlci1yYWRpdXM6MnB4O2hlaWdodDozNnB4O2xpbmUtaGVpZ2h0OjM2cHg7dmVydGljYWwtYWxpZ246bWlkZGxlO2JveC1zaGFkb3c6MCAycHggMnB4IDAgcmdiYSgwLDAsMCwuMTQpLCAwIDFweCA1cHggMCByZ2JhKDAsMCwwLC4xMiksIDAgM3B4IDFweCAtMnB4IHJnYmEoMCwwLDAsLjIpO2JveC1zaXppbmc6aW5oZXJpdDtiYWNrZ3JvdW5kLWNvbG9yOiMyNmE2OWE7Ij48YnIgLz4NCiAgPHNwYW4gY2xhc3M9InNfOF9pY29uIj48YnIgLz4NCiAgICA8c3ZnIHN0eWxlPSJkaXNwbGF5OmJsb2NrOyIgaGVpZ2h0PSIxN3B4IiB2ZXJzaW9uPSIxLjEiIHZpZXdCb3g9IjAgMCA1MDkgNTEyIiB3aWR0aD0iMTdweCI+DQogICAgICAgIDxnIGZpbGw9Im5vbmUiIGZpbGwtcnVsZT0iZXZlbm9kZCIgaWQ9IlBhZ2UtMSIgc3Ryb2tlPSJub25lIiBzdHJva2Utd2lkdGg9IjEiPg0KICAgICAgICAgICAgPHBhdGggc3R5bGU9ImZpbGw6ICNmZmZmZmY7IiBkPSJNMjU5LjI1MzEzNywwLjAwMTgwMzg5Mzk2IEMxMjEuNTAyODU5LDAuMDAxODAzODkzOTYgOS44MzczMDY4NywxMTEuNjYyODk2IDkuODM3MzA2ODcsMjQ5LjQxMzE3NSBDOS44MzczMDY4NywyOTYuNTMwMjMyIDIyLjkxNDIyOTksMzQwLjU5NzEyMiA0NS42MjU0ODk3LDM3OC4xOTEzMjUgTDAuNjEzMjI2NTk3LDUxMi4wMDE4MDQgTDEzOC43MDAxODMsNDY3Ljc4Nzc1NyBDMTc0LjQzMDM5NSw0ODcuNTQ5MTg0IDIxNS41MjI5MjYsNDk4LjgxMTE2OCAyNTkuMjUzMTM3LDQ5OC44MTExNjggQzM5Ni45OTQ0OTgsNDk4LjgxMTE2OCA1MDguNjYwMDQ5LDM4Ny4xNTQ1MzUgNTA4LjY2MDA0OSwyNDkuNDE1NDA1IEM1MDguNjYyMjc5LDExMS42NjI4OTYgMzk2Ljk5NjcyNywwLjAwMTgwMzg5Mzk2IDI1OS4yNTMxMzcsMC4wMDE4MDM4OTM5NiBMMjU5LjI1MzEzNywwLjAwMTgwMzg5Mzk2IFogTTI1OS4yNTMxMzcsNDU5LjA4OTg3NSBDMjE2LjY1NzgyLDQ1OS4wODk4NzUgMTc2Ljk5ODk1Nyw0NDYuMzEzOTU2IDE0My44ODYzNTksNDI0LjQxMjA2IEw2My4zMDQ0MTk1LDQ1MC4yMTgwOCBMODkuNDkzOTQwMSwzNzIuMzQ1MTcxIEM2NC4zOTI0OTA4LDMzNy43NzY2MDkgNDkuNTYwODI5NywyOTUuMjk5NDYzIDQ5LjU2MDgyOTcsMjQ5LjQwNjQ4NiBDNDkuNTYwODI5NywxMzMuNzgzMjk4IDE0My42Mjc3MTksMzkuNzE4NjM3OCAyNTkuMjUzMTM3LDM5LjcxODYzNzggQzM3NC44NzE4NjcsMzkuNzE4NjM3OCA0NjguOTQwOTg2LDEzMy43ODMyOTggNDY4Ljk0MDk4NiwyNDkuNDA2NDg2IEM0NjguOTQwOTg2LDM2NS4wMjUyMTUgMzc0Ljg3NDA5Niw0NTkuMDg5ODc1IDI1OS4yNTMxMzcsNDU5LjA4OTg3NSBaIE0yMDAuNzU1OTI0LDE0Ni4yNDcwNjYgQzE5Ni43MTU3OTEsMTM2LjUxMDE2NSAxOTMuNjIxMDMsMTM2LjE4MDE3NiAxODcuMzgwMjI4LDEzNS44ODM2MzIgQzE4NS4yMzk3NTksMTM1Ljc4MTA2OCAxODIuOTE4Njg5LDEzNS42ODI5NjMgMTgwLjM3OTExMywxMzUuNjgyOTYzIEMxNzIuMzM4OTc5LDEzNS42ODI5NjMgMTY0LjAwMjMwMSwxMzguMDUwODU2IDE1OC45Nzg4OSwxNDMuMTkwMjEgQzE1Mi44NjUxNzgsMTQ5LjQ0NDM5IDEzNy41Nzg2NjcsMTY0LjA5MzIyIDEzNy41Nzg2NjcsMTk0LjE3MTI1OCBDMTM3LjU3ODY2NywyMjQuMjUzNzU1IDE1OS40ODcyNTEsMjUzLjMyMTc1OSAxNjIuNTM5NjQ4LDI1Ny40MDIwMjcgQzE2NS42MDA5NjMsMjYxLjQ3NzgzNSAyMDUuMjY4NzQ1LDMyNC4xMTEwNTcgMjY2Ljk4NTU3OSwzNDkuNjgyOTYzIEMzMTUuMTU3MjYyLDM2OS42MzYxNDEgMzI5LjQ2MDQ5NSwzNjcuODU5MTA2IDM0MC40NTA0NjIsMzY1LjQ1NTUzOSBDMzU2LjQ0MTU0MywzNjEuOTYzOSAzNzYuNTIxODExLDM1MC4xODY4NjUgMzgxLjYxNjU3MSwzMzUuOTE3MDc3IEMzODYuNzExMzMxLDMyMS42MzgzNyAzODYuNzExMzMxLDMwOS4zOTk3OTcgMzg1LjE4NDAxOCwzMDYuODU3OTkxIEMzODMuNjU0NDc1LDMwNC4zMDUwMzcgMzc5LjU3ODY2NywzMDIuNzgyMTgzIDM3My40NjQ5NTUsMjk5LjcxNjQwOCBDMzY3LjM1MTI0MiwyOTYuNjU5NTUyIDMzNy4yODg4MTIsMjgxLjg3MDI1NCAzMzEuNjg1NjksMjc5LjgzNDU4IEMzMjYuMDgwMzM5LDI3Ny43OTY2NzYgMzIwLjg5ODYyMiwyNzguNDE4NzQ5IDMxNi41ODg3LDI4NC4zNzg2MTUgQzMxMC42Mzk5ODIsMjkyLjYxMjcyOSAzMDQuOTE4Njg5LDMwMS4wNzQyNjggMzAwLjE4MDY3NCwzMDYuMDkwOTkgQzI5Ni40NjE2MSwzMTAuMDI4NTYgMjkwLjQ3NzIxOCwzMTAuNTc3MDU1IDI4NS4zMzExNzUsMzA4LjM4OTc2NCBDMjc4LjU2NDE3NCwzMDUuNTA2ODIxIDI1OS41MTYyMzcsMjk4Ljg2OTEzOSAyMzYuMTYwNjA3LDI3OC4wNDg2MjcgQzIxNy45ODg5MjMsMjYxLjg0Nzk1OCAyMDUuNzE2OTA2LDI0MS44MzQ1OCAyMDIuMTQ5NDU4LDIzNS43MTE5NDkgQzE5OC41ODIwMTEsMjI5LjU5ODIzNiAyMDEuODM1MDc3LDIyNS45NDgyOTIgMjA0LjU4NDI0MSwyMjIuNjIxNjQ4IEMyMDcuNzE5MTM1LDIxOC44MjQ1NDYgMjEwLjYxMDk5NywyMTYuMDk3Njc5IDIxMy42Njc4NTMsMjEyLjUzMjQ2MiBDMjE2LjcyNDcwOSwyMDguOTYwNTU1IDIxOC40MzI2MjUsMjA3LjA1ODY2IDIyMC40NzA1MjksMjAyLjk3MzkzMyBDMjIyLjUwODQzMywxOTguODk4MTI1IDIyMS4xMzcxOTUsMTk0LjY5MDc2NyAyMTkuNjA3NjUyLDE5MS42Mjk0NTIgQzIxOC4wNzU4OCwxODguNTY4MTM2IDIwNS44MzUwNzcsMTU4LjQ5NDU1OCAyMDAuNzU1OTI0LDE0Ni4yNDcwNjYgWiIgZmlsbD0iI2ZmZmZmZiIgaWQ9Imh0d2FpY29uLWNoYXQiPjwvcGF0aD4NCiAgICAgICAgPC9nPg0KICAgICAgICA8L3N2Zz4gICAgPC9zcGFuPjxiciAvPg0KICAgIDxzcGFuIGNsYXNzPSJodC1jdGMtczgtdGV4dCBzOF9zcGFuIGN0Yy1hbmFseXRpY3MgY3RjX2N0YSIgc3R5bGU9ImNvbG9yOiNmZmZmZmY7ICAiPjxiciAvPg0KICAgICAgV2hhdHNBcHAgICAgPC9zcGFuPjxiciAvPg0KICA8L3NwYW4+DQo8L2Rpdj4NCjwvcD48L2Rpdj4NCg==[\/vc_raw_html][\/vc_column][vc_column column_padding=&#8221;no-extra-padding&#8221; column_padding_tablet=&#8221;inherit&#8221; column_padding_phone=&#8221;inherit&#8221; column_padding_position=&#8221;all&#8221; column_element_direction_desktop=&#8221;default&#8221; column_element_spacing=&#8221;default&#8221; desktop_text_alignment=&#8221;default&#8221; tablet_text_alignment=&#8221;default&#8221; phone_text_alignment=&#8221;default&#8221; background_color_opacity=&#8221;1&#8243; background_hover_color_opacity=&#8221;1&#8243; column_backdrop_filter=&#8221;none&#8221; column_shadow=&#8221;none&#8221; column_border_radius=&#8221;none&#8221; column_link_target=&#8221;_self&#8221; column_position=&#8221;default&#8221; gradient_direction=&#8221;left_to_right&#8221; overlay_strength=&#8221;0.3&#8243; width=&#8221;1\/2&#8243; tablet_width_inherit=&#8221;default&#8221; animation_type=&#8221;default&#8221; bg_image_animation=&#8221;none&#8221; border_type=&#8221;simple&#8221; column_border_width=&#8221;none&#8221; column_border_style=&#8221;solid&#8221;][\/vc_column][vc_column column_padding=&#8221;no-extra-padding&#8221; column_padding_tablet=&#8221;inherit&#8221; column_padding_phone=&#8221;inherit&#8221; column_padding_position=&#8221;all&#8221; column_element_direction_desktop=&#8221;default&#8221; column_element_spacing=&#8221;default&#8221; desktop_text_alignment=&#8221;default&#8221; tablet_text_alignment=&#8221;default&#8221; phone_text_alignment=&#8221;default&#8221; background_color_opacity=&#8221;1&#8243; background_hover_color_opacity=&#8221;1&#8243; column_backdrop_filter=&#8221;none&#8221; column_shadow=&#8221;none&#8221; column_border_radius=&#8221;none&#8221; column_link_target=&#8221;_self&#8221; column_position=&#8221;default&#8221; gradient_direction=&#8221;left_to_right&#8221; overlay_strength=&#8221;0.3&#8243; width=&#8221;1\/4&#8243; tablet_width_inherit=&#8221;default&#8221; animation_type=&#8221;default&#8221; bg_image_animation=&#8221;none&#8221; border_type=&#8221;simple&#8221; column_border_width=&#8221;none&#8221; column_border_style=&#8221;solid&#8221;][\/vc_column][\/vc_row]\n","protected":false},"excerpt":{"rendered":"<p>Voc\u00ea tem um dia especial que deseja comemorar? Um compromisso surpresa? Um anivers\u00e1rio especial ou anivers\u00e1rio de casamento?<\/p>\n","protected":false},"featured_media":6643,"template":"","meta":[],"product_brand":[],"product_cat":[196],"product_tag":[],"class_list":{"0":"post-4007","1":"product","2":"type-product","3":"status-publish","4":"has-post-thumbnail","6":"product_cat-voos-de-balao-a-capadocia-goreme","8":"first","9":"instock","10":"shipping-taxable","11":"purchasable","12":"product-type-simple"},"aioseo_notices":[],"_links":{"self":[{"href":"https:\/\/cappadociatourturkey.com\/pt-pt\/wp-json\/wp\/v2\/product\/4007","targetHints":{"allow":["GET"]}}],"collection":[{"href":"https:\/\/cappadociatourturkey.com\/pt-pt\/wp-json\/wp\/v2\/product"}],"about":[{"href":"https:\/\/cappadociatourturkey.com\/pt-pt\/wp-json\/wp\/v2\/types\/product"}],"wp:featuredmedia":[{"embeddable":true,"href":"https:\/\/cappadociatourturkey.com\/pt-pt\/wp-json\/wp\/v2\/media\/6643"}],"wp:attachment":[{"href":"https:\/\/cappadociatourturkey.com\/pt-pt\/wp-json\/wp\/v2\/media?parent=4007"}],"wp:term":[{"taxonomy":"product_brand","embeddable":true,"href":"https:\/\/cappadociatourturkey.com\/pt-pt\/wp-json\/wp\/v2\/product_brand?post=4007"},{"taxonomy":"product_cat","embeddable":true,"href":"https:\/\/cappadociatourturkey.com\/pt-pt\/wp-json\/wp\/v2\/product_cat?post=4007"},{"taxonomy":"product_tag","embeddable":true,"href":"https:\/\/cappadociatourturkey.com\/pt-pt\/wp-json\/wp\/v2\/product_tag?post=4007"}],"curies":[{"name":"wp","href":"https:\/\/api.w.org\/{rel}","templated":true}]}}