{"id":3592,"date":"2023-12-23T17:06:26","date_gmt":"2023-12-23T17:06:26","guid":{"rendered":"https:\/\/cappadociatourturkey.com\/tours\/vermolho-tour-privado-na-capadocia\/"},"modified":"2025-05-18T08:17:37","modified_gmt":"2025-05-18T08:17:37","slug":"vermolho-tour-privado-na-capadocia","status":"publish","type":"product","link":"https:\/\/cappadociatourturkey.com\/pt-pt\/passeios-na-capad\u00f3cia\/vermolho-tour-privado-na-capadocia\/","title":{"rendered":"Vermolho Tour privado na Capad\u00f3cia"},"content":{"rendered":"[vc_row type=&#8221;full_width_background&#8221; full_screen_row_position=&#8221;middle&#8221; column_margin=&#8221;90px&#8221; equal_height=&#8221;yes&#8221; content_placement=&#8221;middle&#8221; column_direction=&#8221;default&#8221; column_direction_tablet=&#8221;default&#8221; column_direction_phone=&#8221;default&#8221; bg_color=&#8221;#ffffff&#8221; scene_position=&#8221;center&#8221; constrain_group_1=&#8221;yes&#8221; top_padding_tablet=&#8221;8%&#8221; bottom_padding_tablet=&#8221;8%&#8221; text_color=&#8221;dark&#8221; text_align=&#8221;left&#8221; row_border_radius=&#8221;none&#8221; row_border_radius_applies=&#8221;bg&#8221; overflow=&#8221;visible&#8221; id=&#8221;home&#8221; overlay_strength=&#8221;0.5&#8243; gradient_direction=&#8221;top_to_bottom&#8221; shape_divider_position=&#8221;bottom&#8221; bg_image_animation=&#8221;none&#8221; shape_type=&#8221;straight_section&#8221;][vc_column column_padding=&#8221;padding-2-percent&#8221; column_padding_tablet=&#8221;no-extra-padding&#8221; column_padding_phone=&#8221;no-extra-padding&#8221; column_padding_position=&#8221;right&#8221; column_element_direction_desktop=&#8221;default&#8221; column_element_spacing=&#8221;default&#8221; desktop_text_alignment=&#8221;default&#8221; tablet_text_alignment=&#8221;default&#8221; phone_text_alignment=&#8221;default&#8221; background_color_opacity=&#8221;1&#8243; background_hover_color_opacity=&#8221;1&#8243; column_backdrop_filter=&#8221;none&#8221; column_shadow=&#8221;none&#8221; column_border_radius=&#8221;none&#8221; column_link_target=&#8221;_self&#8221; column_position=&#8221;default&#8221; zindex=&#8221;100&#8243; gradient_direction=&#8221;left_t_to_right_b&#8221; overlay_strength=&#8221;0.3&#8243; width=&#8221;1\/1&#8243; tablet_width_inherit=&#8221;default&#8221; animation_type=&#8221;default&#8221; bg_image_animation=&#8221;none&#8221; border_type=&#8221;simple&#8221; column_border_width=&#8221;none&#8221; column_border_style=&#8221;solid&#8221; offset=&#8221;vc_col-xs-12&#8243;][vc_row_inner column_margin=&#8221;default&#8221; column_direction=&#8221;default&#8221; column_direction_tablet=&#8221;default&#8221; column_direction_phone=&#8221;default&#8221; text_align=&#8221;left&#8221; row_position=&#8221;default&#8221; row_position_tablet=&#8221;inherit&#8221; row_position_phone=&#8221;inherit&#8221; overflow=&#8221;visible&#8221; pointer_events=&#8221;all&#8221; min_width=&#8221;47vh&#8221;][vc_column_inner column_padding=&#8221;no-extra-padding&#8221; column_padding_tablet=&#8221;inherit&#8221; column_padding_phone=&#8221;inherit&#8221; column_padding_position=&#8221;all&#8221; column_element_direction_desktop=&#8221;default&#8221; column_element_spacing=&#8221;default&#8221; desktop_text_alignment=&#8221;default&#8221; tablet_text_alignment=&#8221;default&#8221; phone_text_alignment=&#8221;default&#8221; background_color_opacity=&#8221;1&#8243; background_hover_color_opacity=&#8221;1&#8243; column_backdrop_filter=&#8221;none&#8221; column_shadow=&#8221;none&#8221; column_border_radius=&#8221;none&#8221; column_link_target=&#8221;_self&#8221; overflow=&#8221;visible&#8221; gradient_direction=&#8221;left_to_right&#8221; overlay_strength=&#8221;0.3&#8243; width=&#8221;1\/1&#8243; tablet_width_inherit=&#8221;default&#8221; animation_type=&#8221;default&#8221; enable_animation=&#8221;true&#8221; animation=&#8221;fade-in-from-bottom&#8221; animation_easing=&#8221;default&#8221; bg_image_animation=&#8221;none&#8221; border_type=&#8221;simple&#8221; column_border_width=&#8221;none&#8221; column_border_style=&#8221;solid&#8221; enable_border_animation=&#8221;true&#8221;][vc_column_text css_animation=&#8221;none&#8221; css=&#8221;.vc_custom_1703418089353{margin-bottom: 20px !important;}&#8221;]\n<h2>Vermolho Tour privado na Capad\u00f3cia<\/h2>\n[\/vc_column_text][vc_custom_heading text=&#8221;Este Red Tour privado pela Capad\u00f3cia segue essencialmente o mesmo itiner\u00e1rio do Red Tour padr\u00e3o em grupo, mas esta op\u00e7\u00e3o oferece-lhe a si e ao seu grupo a privacidade do seu pr\u00f3prio ve\u00edculo e a flexibilidade de alterar o itiner\u00e1rio conforme necess\u00e1rio.&#8221; font_container=&#8221;tag:p|font_size:20px|text_align:left|line_height:2em&#8221; use_theme_fonts=&#8221;yes&#8221; css_animation=&#8221;none&#8221;][vc_column_text css=&#8221;&#8221; text_direction=&#8221;default&#8221;]\n<h3 class=\"\" data-start=\"62\" data-end=\"82\"><strong data-start=\"66\" data-end=\"80\">Itiner\u00e1rio<\/strong><\/h3>\n<p class=\"\" data-start=\"84\" data-end=\"226\"><strong data-start=\"84\" data-end=\"132\">Traslado do Hotel (Recomendado at\u00e9 as 10h30)<\/strong><br data-start=\"132\" data-end=\"135\" \/>Seu dia come\u00e7a com um conveniente traslado do seu hotel no hor\u00e1rio previamente combinado.<\/p>\n<p class=\"\" data-start=\"228\" data-end=\"504\"><strong data-start=\"228\" data-end=\"276\">Castelo de U\u00e7hisar \u2013 Um Mirante Deslumbrante<\/strong><br data-start=\"276\" data-end=\"279\" \/>Inicie seu passeio com uma visita ao Castelo de U\u00e7hisar, a forma\u00e7\u00e3o rochosa mais alta da regi\u00e3o. Desfrute de vistas panor\u00e2micas enquanto seu guia compartilha a fascinante hist\u00f3ria geol\u00f3gica da paisagem surreal da Capad\u00f3cia.<\/p>\n<p class=\"\" data-start=\"506\" data-end=\"891\"><strong data-start=\"506\" data-end=\"571\">Museu a C\u00e9u Aberto de G\u00f6reme ou Zelve \u2013 Uma Viagem ao Passado<\/strong><br data-start=\"571\" data-end=\"574\" \/>Mergulhe na hist\u00f3ria visitando o Museu a C\u00e9u Aberto de G\u00f6reme ou Zelve, onde as primeiras comunidades crist\u00e3s esculpiram igrejas e mosteiros na rocha. Maravilhe-se com os afrescos bem preservados dos s\u00e9culos X e XI, que retratam cenas b\u00edblicas. Ap\u00f3s uma introdu\u00e7\u00e3o guiada, explore esses locais no seu pr\u00f3prio ritmo.<\/p>\n<p class=\"\" data-start=\"893\" data-end=\"1095\"><strong data-start=\"893\" data-end=\"940\">Vila de \u00c7avu\u015fin \u2013 Ecos de uma Era Esquecida<\/strong><br data-start=\"940\" data-end=\"943\" \/>Passeie pelas antigas casas gregas abandonadas de \u00c7avu\u015fin, uma vila que ficou desabitada ap\u00f3s a troca populacional entre a Gr\u00e9cia e a Turquia em 1924.<\/p>\n<p class=\"\" data-start=\"1097\" data-end=\"1360\"><strong data-start=\"1097\" data-end=\"1149\">Almo\u00e7o Buffet em Avanos \u2013 Um Prazer Gastron\u00f4mico<\/strong><br data-start=\"1149\" data-end=\"1152\" \/>Desfrute de um almo\u00e7o em estilo buffet na cidade de Avanos, com uma variedade de pratos tradicionais turcos, incluindo mezzes, saladas frescas, op\u00e7\u00f5es de carne e vegetarianas, al\u00e9m de deliciosas sobremesas. (Opcional, n\u00e3o inclu\u00eddo)<\/p>\n<p class=\"\" data-start=\"1362\" data-end=\"1793\"><strong data-start=\"1362\" data-end=\"1416\">Oficina de Cer\u00e2mica em Avanos \u2013 Uma Arte Atemporal<\/strong><br data-start=\"1416\" data-end=\"1419\" \/>Visite uma oficina de cer\u00e2mica administrada por uma fam\u00edlia dentro de uma caverna subterr\u00e2nea. Aqui, artes\u00e3os moldam o barro retirado do rio K\u0131z\u0131l\u0131rmak (Vermelho) desde a \u00e9poca dos hititas (antes de 1700 a.C.). Assista a talentosos oleiros demonstrando seu of\u00edcio, observe os pintores aplicando padr\u00f5es delicados e at\u00e9 experimente criar sua pr\u00f3pria pe\u00e7a na roda de oleiro.<\/p>\n<p class=\"\" data-start=\"1795\" data-end=\"2106\"><strong data-start=\"1795\" data-end=\"1856\">Pa\u015faba\u011f\u0131 (Vale dos Monges) \u2013 A Terra das Chamin\u00e9s de Fada<\/strong><br data-start=\"1856\" data-end=\"1859\" \/>Caminhe entre as extraordin\u00e1rias forma\u00e7\u00f5es rochosas do Vale dos Monges, onde aglomerados de &#8220;chamin\u00e9s de fada&#8221; de v\u00e1rias cabe\u00e7as testemunham a arte da natureza. Descubra a Capela de S\u00e3o Sime\u00e3o, escondida entre essas maravilhas geol\u00f3gicas \u00fanicas.<\/p>\n<p class=\"\" data-start=\"2108\" data-end=\"2417\"><strong data-start=\"2108\" data-end=\"2172\">Vale de Devrent (Vale da Imagina\u00e7\u00e3o) \u2013 Uma Paisagem Criativa<\/strong><br data-start=\"2172\" data-end=\"2175\" \/>Deixe sua imagina\u00e7\u00e3o voar no Vale de Devrent, onde forma\u00e7\u00f5es rochosas naturalmente esculpidas assumem formas reconhec\u00edveis, incluindo a famosa rocha em forma de camelo. Desafie-se a encontrar outras figuras ocultas nessa paisagem cativante.<\/p>\n<p class=\"\" data-start=\"2419\" data-end=\"2639\"><strong data-start=\"2419\" data-end=\"2466\">Retorno ao Hotel (Aproximadamente \u00e0s 16h00)<\/strong><br data-start=\"2466\" data-end=\"2469\" \/>Ap\u00f3s um dia de explora\u00e7\u00e3o e descobertas, relaxe enquanto retorna ao seu hotel, levando consigo mem\u00f3rias das extraordin\u00e1rias paisagens e do rico patrim\u00f4nio da Capad\u00f3cia.<\/p>\n[\/vc_column_text][\/vc_column_inner][\/vc_row_inner][\/vc_column][\/vc_row][vc_row type=&#8221;full_width_background&#8221; full_screen_row_position=&#8221;middle&#8221; column_margin=&#8221;90px&#8221; equal_height=&#8221;yes&#8221; content_placement=&#8221;middle&#8221; column_direction=&#8221;default&#8221; column_direction_tablet=&#8221;default&#8221; column_direction_phone=&#8221;default&#8221; bg_color=&#8221;#ffffff&#8221; scene_position=&#8221;center&#8221; constrain_group_1=&#8221;yes&#8221; top_padding_tablet=&#8221;8%&#8221; bottom_padding_tablet=&#8221;8%&#8221; text_color=&#8221;dark&#8221; text_align=&#8221;left&#8221; row_border_radius=&#8221;none&#8221; row_border_radius_applies=&#8221;bg&#8221; overflow=&#8221;visible&#8221; overlay_strength=&#8221;0.5&#8243; gradient_direction=&#8221;top_to_bottom&#8221; shape_divider_position=&#8221;bottom&#8221; bg_image_animation=&#8221;none&#8221; shape_type=&#8221;straight_section&#8221; gradient_type=&#8221;default&#8221;][vc_column column_padding=&#8221;padding-2-percent&#8221; column_padding_tablet=&#8221;no-extra-padding&#8221; column_padding_phone=&#8221;no-extra-padding&#8221; column_padding_position=&#8221;right&#8221; column_element_direction_desktop=&#8221;default&#8221; column_element_spacing=&#8221;default&#8221; desktop_text_alignment=&#8221;default&#8221; tablet_text_alignment=&#8221;default&#8221; phone_text_alignment=&#8221;default&#8221; background_color_opacity=&#8221;1&#8243; background_hover_color_opacity=&#8221;1&#8243; column_backdrop_filter=&#8221;none&#8221; column_shadow=&#8221;none&#8221; column_border_radius=&#8221;none&#8221; column_link_target=&#8221;_self&#8221; column_position=&#8221;default&#8221; zindex=&#8221;100&#8243; gradient_direction=&#8221;left_t_to_right_b&#8221; overlay_strength=&#8221;0.3&#8243; width=&#8221;1\/1&#8243; tablet_width_inherit=&#8221;default&#8221; animation_type=&#8221;default&#8221; bg_image_animation=&#8221;none&#8221; border_type=&#8221;simple&#8221; column_border_width=&#8221;none&#8221; column_border_style=&#8221;solid&#8221; offset=&#8221;vc_col-xs-12&#8243;][vc_row_inner column_margin=&#8221;70px&#8221; column_direction=&#8221;default&#8221; column_direction_tablet=&#8221;default&#8221; column_direction_phone=&#8221;default&#8221; top_padding=&#8221;25&#8243; bottom_padding=&#8221;15&#8243; text_align=&#8221;left&#8221; row_position=&#8221;default&#8221; row_position_tablet=&#8221;inherit&#8221; row_position_phone=&#8221;inherit&#8221; overflow=&#8221;visible&#8221; pointer_events=&#8221;all&#8221;][vc_column_inner column_padding=&#8221;no-extra-padding&#8221; column_padding_tablet=&#8221;inherit&#8221; column_padding_phone=&#8221;inherit&#8221; column_padding_position=&#8221;all&#8221; column_element_direction_desktop=&#8221;default&#8221; column_element_spacing=&#8221;default&#8221; desktop_text_alignment=&#8221;default&#8221; tablet_text_alignment=&#8221;default&#8221; phone_text_alignment=&#8221;default&#8221; background_color_opacity=&#8221;1&#8243; background_hover_color_opacity=&#8221;1&#8243; column_backdrop_filter=&#8221;none&#8221; column_shadow=&#8221;none&#8221; column_border_radius=&#8221;none&#8221; column_link_target=&#8221;_self&#8221; overflow=&#8221;visible&#8221; gradient_direction=&#8221;left_to_right&#8221; overlay_strength=&#8221;0.3&#8243; width=&#8221;1\/3&#8243; tablet_width_inherit=&#8221;small_desktop&#8221; animation_type=&#8221;default&#8221; enable_animation=&#8221;true&#8221; animation=&#8221;fade-in-from-bottom&#8221; animation_easing=&#8221;default&#8221; bg_image_animation=&#8221;none&#8221; border_type=&#8221;simple&#8221; column_border_width=&#8221;none&#8221; column_border_style=&#8221;solid&#8221;][vc_column_text css_animation=&#8221;none&#8221; css=&#8221;.vc_custom_1703417954910{margin-bottom: 10px !important;}&#8221;]\n<h4>Inclus\u00f5es:<\/h4>\n[\/vc_column_text][vc_column_text css=&#8221;&#8221; text_direction=&#8221;default&#8221;]\n<ul>\n<li>Pick-up e drop-off no hotel<\/li>\n<li>Transporte em minivan confort\u00e1vel e moderna<\/li>\n<li>Guia profissional que fala Protuguese (se voc\u00ea quiser fazer este passeio em outro idioma, entre em contato conosco)<\/li>\n<\/ul>\n<h4>Exclus\u00f5es:<\/h4>\n<ul>\n<li>Almo\u00e7o e taxas de entrada<\/li>\n<\/ul>\n[\/vc_column_text][\/vc_column_inner][vc_column_inner column_padding=&#8221;no-extra-padding&#8221; column_padding_tablet=&#8221;inherit&#8221; column_padding_phone=&#8221;inherit&#8221; column_padding_position=&#8221;all&#8221; column_element_direction_desktop=&#8221;default&#8221; column_element_spacing=&#8221;default&#8221; desktop_text_alignment=&#8221;default&#8221; tablet_text_alignment=&#8221;default&#8221; phone_text_alignment=&#8221;default&#8221; background_color_opacity=&#8221;1&#8243; background_hover_color_opacity=&#8221;1&#8243; column_backdrop_filter=&#8221;none&#8221; column_shadow=&#8221;none&#8221; column_border_radius=&#8221;none&#8221; column_link_target=&#8221;_self&#8221; overflow=&#8221;visible&#8221; gradient_direction=&#8221;left_to_right&#8221; overlay_strength=&#8221;0.3&#8243; width=&#8221;1\/3&#8243; tablet_width_inherit=&#8221;small_desktop&#8221; animation_type=&#8221;default&#8221; enable_animation=&#8221;true&#8221; animation=&#8221;fade-in-from-bottom&#8221; animation_easing=&#8221;default&#8221; bg_image_animation=&#8221;none&#8221; border_type=&#8221;simple&#8221; column_border_width=&#8221;none&#8221; column_border_style=&#8221;solid&#8221;][vc_column_text css_animation=&#8221;none&#8221; css=&#8221;.vc_custom_1703417942823{margin-bottom: 10px !important;}&#8221;]\n<h4>Otras:<\/h4>\n[\/vc_column_text][vc_column_text css=&#8221;&#8221; text_direction=&#8221;default&#8221;]\n<ul>\n<li><strong>Hor\u00e1rio:<\/strong><br \/>\n09h30 \u00e0s 16h00 (hor\u00e1rios sugeridos, recomendado in\u00edcio \u00e0s 10h30 no inverno, recomendado in\u00edcio \u00e0s 13h00 no ver\u00e3o).<br \/>\nCusto:<\/li>\n<li>Por favor, informe-nos o n\u00famero de pessoas do seu grupo<\/li>\n<\/ul>\n[\/vc_column_text][\/vc_column_inner][vc_column_inner column_padding=&#8221;no-extra-padding&#8221; column_padding_tablet=&#8221;inherit&#8221; column_padding_phone=&#8221;inherit&#8221; column_padding_position=&#8221;all&#8221; column_element_direction_desktop=&#8221;default&#8221; column_element_spacing=&#8221;default&#8221; desktop_text_alignment=&#8221;default&#8221; tablet_text_alignment=&#8221;default&#8221; phone_text_alignment=&#8221;default&#8221; background_color_opacity=&#8221;1&#8243; background_hover_color_opacity=&#8221;1&#8243; column_backdrop_filter=&#8221;none&#8221; column_shadow=&#8221;none&#8221; column_border_radius=&#8221;none&#8221; column_link_target=&#8221;_self&#8221; overflow=&#8221;visible&#8221; gradient_direction=&#8221;left_to_right&#8221; overlay_strength=&#8221;0.3&#8243; width=&#8221;1\/3&#8243; tablet_width_inherit=&#8221;default&#8221; animation_type=&#8221;default&#8221; enable_animation=&#8221;true&#8221; animation=&#8221;fade-in-from-bottom&#8221; animation_easing=&#8221;default&#8221; bg_image_animation=&#8221;none&#8221; border_type=&#8221;simple&#8221; column_border_width=&#8221;none&#8221; column_border_style=&#8221;solid&#8221; column_padding_type=&#8221;default&#8221; gradient_type=&#8221;default&#8221;][vc_column_text css_animation=&#8221;none&#8221; css=&#8221;.vc_custom_1703417933544{margin-bottom: 10px !important;}&#8221;]\n<h4><strong>Cancelamentos: <\/strong><\/h4>\n[\/vc_column_text][vc_column_text]\nCancelamentos feitos mais de 48 horas antes do in\u00edcio do passeio n\u00e3o ser\u00e3o cobrados.<\/p>\n<p>Cancelamentos feitos entre 24-48 horas do in\u00edcio do passeio ser\u00e3o cobrados 50% do valor devido.<\/p>\n<p>sem apresenta\u00e7\u00e3o e cancelamentos feitos dentro de 24 horas do in\u00edcio do hor\u00e1rio de in\u00edcio ser\u00e3o cobrados 100% do valor devido.<br \/>\n[\/vc_column_text][\/vc_column_inner][\/vc_row_inner][\/vc_column][\/vc_row][vc_row type=&#8221;in_container&#8221; full_screen_row_position=&#8221;middle&#8221; column_margin=&#8221;default&#8221; column_direction=&#8221;default&#8221; column_direction_tablet=&#8221;default&#8221; column_direction_phone=&#8221;default&#8221; scene_position=&#8221;center&#8221; text_color=&#8221;dark&#8221; text_align=&#8221;left&#8221; row_border_radius=&#8221;none&#8221; row_border_radius_applies=&#8221;bg&#8221; overflow=&#8221;visible&#8221; overlay_strength=&#8221;0.3&#8243; gradient_direction=&#8221;left_to_right&#8221; shape_divider_position=&#8221;bottom&#8221; bg_image_animation=&#8221;none&#8221;][vc_column column_padding=&#8221;no-extra-padding&#8221; column_padding_tablet=&#8221;inherit&#8221; column_padding_phone=&#8221;inherit&#8221; column_padding_position=&#8221;all&#8221; column_element_direction_desktop=&#8221;default&#8221; column_element_spacing=&#8221;default&#8221; desktop_text_alignment=&#8221;default&#8221; tablet_text_alignment=&#8221;default&#8221; phone_text_alignment=&#8221;default&#8221; background_color_opacity=&#8221;1&#8243; background_hover_color_opacity=&#8221;1&#8243; column_backdrop_filter=&#8221;none&#8221; column_shadow=&#8221;none&#8221; column_border_radius=&#8221;none&#8221; column_link_target=&#8221;_self&#8221; column_position=&#8221;default&#8221; gradient_direction=&#8221;left_to_right&#8221; overlay_strength=&#8221;0.3&#8243; width=&#8221;1\/4&#8243; tablet_width_inherit=&#8221;default&#8221; animation_type=&#8221;default&#8221; enable_animation=&#8221;true&#8221; animation=&#8221;fade-in-from-left&#8221; animation_easing=&#8221;default&#8221; bg_image_animation=&#8221;none&#8221; border_type=&#8221;simple&#8221; column_border_width=&#8221;none&#8221; column_border_style=&#8221;solid&#8221; column_padding_type=&#8221;default&#8221; gradient_type=&#8221;default&#8221;][vc_raw_html css=&#8221;&#8221;]PGRpdiBjbGFzcz0iY3RjX2NoYXQgY3RjX3dvb19wbGFjZSIgc3R5bGU9ImN1cnNvcjogcG9pbnRlcjsgZGlzcGxheTogYmxvY2s7IiBkYXRhLWR0PSJibG9jayI+PHN0eWxlIGlkPSJodC1jdGMtczgiPg0KLmh0LWN0Yy1zdHlsZS04IC5zXzggLnNfOF9pY29ue29yZGVyOjA7bWFyZ2luLXJpZ2h0OiAxNXB4Ozt9Lmh0LWN0YyAuaHQtY3RjLXN0eWxlLTg6aG92ZXIgLnNfOCBzdmcgZyBwYXRoe2ZpbGw6I2ZmZmZmZiAhaW1wb3J0YW50O30uaHQtY3RjIC5odC1jdGMtc3R5bGUtODpob3ZlciAuc184IC5odC1jdGMtczgtdGV4dHtjb2xvcjojZmZmZmZmICFpbXBvcnRhbnQ7fS5odC1jdGMgLmh0LWN0Yy1zdHlsZS04OmhvdmVyIC5zXzh7Ym94LXNoYWRvdzogMCAzcHggM3B4IDAgcmdiYSg3LDYsNiwuMTQpLCAwIDFweCA3cHggMCByZ2JhKDAsMCwwLC4xMiksIDAgM3B4IDFweCAtMXB4IHJnYmEoMCwwLDAsLjIpICFpbXBvcnRhbnQ7IHRyYW5zaXRpb246IC4ycyBlYXNlLW91dCAhaW1wb3J0YW50OyBiYWNrZ3JvdW5kLWNvbG9yOiMyNmE2OWEgIWltcG9ydGFudDsgfTwvc3R5bGU+DQo8ZGl2IGNsYXNzPSJodC1jdGMtc3R5bGUtOCBjdGMtYW5hbHl0aWNzIj48c3BhbiBjbGFzcz0ic184IHdhdmVzLWVmZmVjdCB3YXZlcy1saWdodCBjdGMtYW5hbHl0aWNzIiBzdHlsZT0iZGlzcGxheTogZmxleDsgcGFkZGluZzogMCAycmVtOyBsZXR0ZXItc3BhY2luZzogLjVweDsgdHJhbnNpdGlvbjogLjJzIGVhc2Utb3V0OyB0ZXh0LWFsaWduOiBjZW50ZXI7IGp1c3RpZnktY29udGVudDogY2VudGVyOyBhbGlnbi1pdGVtczogY2VudGVyOyBib3JkZXItcmFkaXVzOiAycHg7IGhlaWdodDogMzZweDsgbGluZS1oZWlnaHQ6IDM2cHg7IHZlcnRpY2FsLWFsaWduOiBtaWRkbGU7IGJveC1zaGFkb3c6IDAgMnB4IDJweCAwIHJnYmEoMCwwLDAsLjE0KSwgMCAxcHggNXB4IDAgcmdiYSgwLDAsMCwuMTIpLCAwIDNweCAxcHggLTJweCByZ2JhKDAsMCwwLC4yKTsgYm94LXNpemluZzogaW5oZXJpdDsgYmFja2dyb3VuZC1jb2xvcjogIzI2YTY5YTsiPg0KPHNwYW4gY2xhc3M9InNfOF9pY29uIj4NCg0KDQoNCjwvc3Bhbj4NCjxzcGFuIGNsYXNzPSJodC1jdGMtczgtdGV4dCBzOF9zcGFuIGN0Yy1hbmFseXRpY3MgY3RjX2N0YSIgc3R5bGU9ImNvbG9yOiAjZmZmZmZmOyI+DQpXaGF0c0FwcCA8L3NwYW4+DQo8L3NwYW4+PC9kaXY+DQo8L2Rpdj4=[\/vc_raw_html][\/vc_column][vc_column column_padding=&#8221;no-extra-padding&#8221; column_padding_tablet=&#8221;inherit&#8221; column_padding_phone=&#8221;inherit&#8221; column_padding_position=&#8221;all&#8221; column_element_direction_desktop=&#8221;default&#8221; column_element_spacing=&#8221;default&#8221; desktop_text_alignment=&#8221;default&#8221; tablet_text_alignment=&#8221;default&#8221; phone_text_alignment=&#8221;default&#8221; background_color_opacity=&#8221;1&#8243; background_hover_color_opacity=&#8221;1&#8243; column_backdrop_filter=&#8221;none&#8221; column_shadow=&#8221;none&#8221; column_border_radius=&#8221;none&#8221; column_link_target=&#8221;_self&#8221; column_position=&#8221;default&#8221; gradient_direction=&#8221;left_to_right&#8221; overlay_strength=&#8221;0.3&#8243; width=&#8221;1\/2&#8243; tablet_width_inherit=&#8221;default&#8221; animation_type=&#8221;default&#8221; bg_image_animation=&#8221;none&#8221; border_type=&#8221;simple&#8221; column_border_width=&#8221;none&#8221; column_border_style=&#8221;solid&#8221;][\/vc_column][vc_column column_padding=&#8221;no-extra-padding&#8221; column_padding_tablet=&#8221;inherit&#8221; column_padding_phone=&#8221;inherit&#8221; column_padding_position=&#8221;all&#8221; column_element_direction_desktop=&#8221;default&#8221; column_element_spacing=&#8221;default&#8221; desktop_text_alignment=&#8221;default&#8221; tablet_text_alignment=&#8221;default&#8221; phone_text_alignment=&#8221;default&#8221; background_color_opacity=&#8221;1&#8243; background_hover_color_opacity=&#8221;1&#8243; column_backdrop_filter=&#8221;none&#8221; column_shadow=&#8221;none&#8221; column_border_radius=&#8221;none&#8221; column_link_target=&#8221;_self&#8221; column_position=&#8221;default&#8221; gradient_direction=&#8221;left_to_right&#8221; overlay_strength=&#8221;0.3&#8243; width=&#8221;1\/4&#8243; tablet_width_inherit=&#8221;default&#8221; animation_type=&#8221;default&#8221; bg_image_animation=&#8221;none&#8221; border_type=&#8221;simple&#8221; column_border_width=&#8221;none&#8221; column_border_style=&#8221;solid&#8221;][\/vc_column][\/vc_row]\n","protected":false},"excerpt":{"rendered":"<p>Este Vermolho Tour privado na Capad\u00f3cia segue essencialmente o mesmo itiner\u00e1rio que o grupo padr\u00e3o Vermelho Tour, mas esta op\u00e7\u00e3o oferece a voce<\/p>\n","protected":false},"featured_media":7016,"template":"","meta":[],"product_brand":[],"product_cat":[191,193],"product_tag":[],"class_list":{"0":"post-3592","1":"product","2":"type-product","3":"status-publish","4":"has-post-thumbnail","6":"product_cat-capadocia-pt-pt","7":"product_cat-passeios-privados","9":"first","10":"instock","11":"shipping-taxable","12":"purchasable","13":"product-type-variable"},"aioseo_notices":[],"_links":{"self":[{"href":"https:\/\/cappadociatourturkey.com\/pt-pt\/wp-json\/wp\/v2\/product\/3592","targetHints":{"allow":["GET"]}}],"collection":[{"href":"https:\/\/cappadociatourturkey.com\/pt-pt\/wp-json\/wp\/v2\/product"}],"about":[{"href":"https:\/\/cappadociatourturkey.com\/pt-pt\/wp-json\/wp\/v2\/types\/product"}],"wp:featuredmedia":[{"embeddable":true,"href":"https:\/\/cappadociatourturkey.com\/pt-pt\/wp-json\/wp\/v2\/media\/7016"}],"wp:attachment":[{"href":"https:\/\/cappadociatourturkey.com\/pt-pt\/wp-json\/wp\/v2\/media?parent=3592"}],"wp:term":[{"taxonomy":"product_brand","embeddable":true,"href":"https:\/\/cappadociatourturkey.com\/pt-pt\/wp-json\/wp\/v2\/product_brand?post=3592"},{"taxonomy":"product_cat","embeddable":true,"href":"https:\/\/cappadociatourturkey.com\/pt-pt\/wp-json\/wp\/v2\/product_cat?post=3592"},{"taxonomy":"product_tag","embeddable":true,"href":"https:\/\/cappadociatourturkey.com\/pt-pt\/wp-json\/wp\/v2\/product_tag?post=3592"}],"curies":[{"name":"wp","href":"https:\/\/api.w.org\/{rel}","templated":true}]}}