{"id":5764,"date":"2023-07-06T06:26:50","date_gmt":"2023-07-06T06:26:50","guid":{"rendered":"https:\/\/cappadociatourturkey.com\/politica-privacidade\/"},"modified":"2025-05-13T06:07:18","modified_gmt":"2025-05-13T06:07:18","slug":"politica-privacidade","status":"publish","type":"page","link":"https:\/\/cappadociatourturkey.com\/pt-pt\/politica-privacidade\/","title":{"rendered":"Pol\u00edtica de privacidade"},"content":{"rendered":"<p><strong>Para que serve esta Pol\u00edtica de Privacidade?<\/strong><\/p>\n<p>Esta pol\u00edtica de privacidade \u00e9 para o site [https:\/\/cappadociatourturkey.com], administrado pela <strong>Advice Tour<\/strong>, e rege a privacidade de seus usu\u00e1rios que optam por us\u00e1-lo.<\/p>\n<p>A pol\u00edtica estabelece as diferentes \u00e1reas em que a privacidade do usu\u00e1rio \u00e9 relevante e descreve as obriga\u00e7\u00f5es e requisitos dos usu\u00e1rios, do site e dos propriet\u00e1rios do site. Al\u00e9m disso, a forma como este site processa, armazena e protege os dados e informa\u00e7\u00f5es dos usu\u00e1rios tamb\u00e9m ser\u00e1 detalhada nesta pol\u00edtica.<\/p>\n<p><strong>O Site<\/strong><\/p>\n<p>Este site e seus propriet\u00e1rios adotam uma abordagem proativa em rela\u00e7\u00e3o \u00e0 privacidade dos usu\u00e1rios e garantem que as medidas necess\u00e1rias sejam tomadas para proteger a privacidade dos usu\u00e1rios durante sua experi\u00eancia de visita. Este site est\u00e1 em conformidade com todas as leis e requisitos nacionais turcos para a privacidade dos usu\u00e1rios.<\/p>\n<p><strong>Uso de Cookies<\/strong><\/p>\n<p>Este site usa cookies para melhorar a experi\u00eancia dos usu\u00e1rios ao visitar o site. Quando aplic\u00e1vel, este site usa um sistema de controle de cookies, permitindo que o usu\u00e1rio, em sua primeira visita ao site, permita ou pro\u00edba o uso de cookies em seu computador\/dispositivo. Isso est\u00e1 em conformidade com os requisitos recentes da legisla\u00e7\u00e3o para que os sites obtenham consentimento expl\u00edcito dos usu\u00e1rios antes de deixar ou ler arquivos como cookies no computador\/dispositivo do usu\u00e1rio.<\/p>\n<p>Os cookies s\u00e3o pequenos arquivos salvos no disco r\u00edgido do computador do usu\u00e1rio que rastreiam, salvam e armazenam informa\u00e7\u00f5es sobre as intera\u00e7\u00f5es e o uso do site pelo usu\u00e1rio. Isso permite que o site, por meio de seu servidor, ofere\u00e7a aos usu\u00e1rios uma experi\u00eancia personalizada dentro do site. Os usu\u00e1rios s\u00e3o aconselhados a, se desejarem negar o uso e a salvaguarda de cookies deste site em seu disco r\u00edgido, tomar as medidas necess\u00e1rias nas configura\u00e7\u00f5es de seguran\u00e7a de seus navegadores para bloquear todos os cookies deste site e seus fornecedores externos. Nenhuma informa\u00e7\u00e3o pessoal \u00e9 armazenada, salva ou coletada.<\/p>\n<p><strong>Contato e Comunica\u00e7\u00e3o<\/strong><\/p>\n<p>Os usu\u00e1rios que entram em contato com este site e\/ou seus propriet\u00e1rios o fazem por sua pr\u00f3pria conta e risco e fornecem quaisquer detalhes pessoais solicitados por sua pr\u00f3pria conta e risco. Suas informa\u00e7\u00f5es pessoais s\u00e3o mantidas em sigilo e armazenadas com seguran\u00e7a at\u00e9 o momento em que n\u00e3o forem mais necess\u00e1rias ou n\u00e3o tiverem uso, conforme detalhado na Lei de Prote\u00e7\u00e3o de Dados. Foram feitos todos os esfor\u00e7os para garantir um processo seguro e protegido de envio de e-mails por meio do formul\u00e1rio, mas aconselhamos os usu\u00e1rios a usarem tais processos de envio de e-mails com cautela e por sua pr\u00f3pria conta e risco.<\/p>\n<p>As informa\u00e7\u00f5es pessoais coletadas de voc\u00ea s\u00e3o usadas para atender ao seu pedido de servi\u00e7os ou para enviar detalhes de confirma\u00e7\u00e3o e, se necess\u00e1rio, para inform\u00e1-lo sobre atualiza\u00e7\u00f5es ou altera\u00e7\u00f5es em seus planos de viagem.<\/p>\n<p>A <strong>Advice Tour<\/strong> n\u00e3o modifica, copia, distribui, licencia, vende ou redistribui nenhuma de suas informa\u00e7\u00f5es pessoais. Ao usar o site da <strong>Advice Tour<\/strong>, voc\u00ea consente com a coleta e o uso dessas informa\u00e7\u00f5es da maneira descrita acima.<\/p>\n<p><strong>Seguran\u00e7a das Transa\u00e7\u00f5es de Compra e Certificado SSL<\/strong><\/p>\n<p>Usamos SSL (Secure Socket Layers) para garantir a privacidade das informa\u00e7\u00f5es fornecidas a n\u00f3s.<\/p>\n<p><strong>An\u00fancios e Links Patrocinados<\/strong><\/p>\n<p>Este site n\u00e3o cont\u00e9m links patrocinados e an\u00fancios.<\/p>\n<p><strong>Plataformas de M\u00eddia Social<\/strong><\/p>\n<p>A comunica\u00e7\u00e3o, engajamento e a\u00e7\u00f5es realizadas por meio de plataformas externas de m\u00eddias sociais nas quais este site e seus propriet\u00e1rios participam est\u00e3o sujeitas aos termos e condi\u00e7\u00f5es, bem como \u00e0s pol\u00edticas de privacidade mantidas por cada plataforma de m\u00eddia social, respectivamente.<\/p>\n<p>Os usu\u00e1rios s\u00e3o aconselhados a usar as plataformas de m\u00eddia social com sabedoria e a se comunicar\/engajar nelas com cuidado e cautela em rela\u00e7\u00e3o \u00e0 sua pr\u00f3pria privacidade e dados pessoais. Este site e seus propriet\u00e1rios nunca pedir\u00e3o informa\u00e7\u00f5es pessoais ou sens\u00edveis por meio de plataformas de m\u00eddia social e incentivam os usu\u00e1rios que desejam discutir detalhes sens\u00edveis a entrar em contato por meio de canais de comunica\u00e7\u00e3o prim\u00e1rios, como telefone ou e-mail.<\/p>\n<p>Este site pode usar bot\u00f5es de compartilhamento social que ajudam a compartilhar o conte\u00fado da web diretamente das p\u00e1ginas da web para a plataforma de m\u00eddia social em quest\u00e3o. Os usu\u00e1rios s\u00e3o aconselhados a usar esses bot\u00f5es de compartilhamento social por sua pr\u00f3pria conta e risco e a observar que a plataforma de m\u00eddia social pode rastrear e salvar seu pedido para compartilhar uma p\u00e1gina da web por meio de sua conta na plataforma de m\u00eddia social.<\/p>\n<p>v.1.2 Maio 2025 Editado e Personalizado por:<\/p>\n<p><strong>Advice Tour<\/strong><\/p>\n<div class=\"itemBody kl-blog-page-body\"><\/div>\n<p>&nbsp;<\/p>\n<p><!-- \/wp:heading --><\/p>\n","protected":false},"excerpt":{"rendered":"<p>Para que serve esta Pol\u00edtica de Privacidade? Esta pol\u00edtica de privacidade \u00e9 para o site [https:\/\/cappadociatourturkey.com], administrado pela Advice Tour, e rege a privacidade de seus usu\u00e1rios que optam por&#8230;<\/p>\n","protected":false},"author":1,"featured_media":0,"parent":0,"menu_order":0,"comment_status":"closed","ping_status":"open","template":"","meta":{"footnotes":""},"class_list":["post-5764","page","type-page","status-publish"],"aioseo_notices":[],"_links":{"self":[{"href":"https:\/\/cappadociatourturkey.com\/pt-pt\/wp-json\/wp\/v2\/pages\/5764","targetHints":{"allow":["GET"]}}],"collection":[{"href":"https:\/\/cappadociatourturkey.com\/pt-pt\/wp-json\/wp\/v2\/pages"}],"about":[{"href":"https:\/\/cappadociatourturkey.com\/pt-pt\/wp-json\/wp\/v2\/types\/page"}],"author":[{"embeddable":true,"href":"https:\/\/cappadociatourturkey.com\/pt-pt\/wp-json\/wp\/v2\/users\/1"}],"replies":[{"embeddable":true,"href":"https:\/\/cappadociatourturkey.com\/pt-pt\/wp-json\/wp\/v2\/comments?post=5764"}],"version-history":[{"count":6,"href":"https:\/\/cappadociatourturkey.com\/pt-pt\/wp-json\/wp\/v2\/pages\/5764\/revisions"}],"predecessor-version":[{"id":7631,"href":"https:\/\/cappadociatourturkey.com\/pt-pt\/wp-json\/wp\/v2\/pages\/5764\/revisions\/7631"}],"wp:attachment":[{"href":"https:\/\/cappadociatourturkey.com\/pt-pt\/wp-json\/wp\/v2\/media?parent=5764"}],"curies":[{"name":"wp","href":"https:\/\/api.w.org\/{rel}","templated":true}]}}