{"id":5058,"date":"2023-07-06T06:26:50","date_gmt":"2023-07-06T06:26:50","guid":{"rendered":"https:\/\/cappadociatourturkey.com\/comunicacao\/"},"modified":"2025-05-13T07:36:29","modified_gmt":"2025-05-13T07:36:29","slug":"comunicacao","status":"publish","type":"page","link":"https:\/\/cappadociatourturkey.com\/pt-pt\/comunicacao\/","title":{"rendered":"Comunica\u00e7\u00e3o"},"content":{"rendered":"[vc_row type=&#8221;full_width_content&#8221; full_screen_row_position=&#8221;middle&#8221; column_margin=&#8221;default&#8221; equal_height=&#8221;yes&#8221; column_direction=&#8221;default&#8221; column_direction_tablet=&#8221;default&#8221; column_direction_phone=&#8221;default&#8221; bg_color=&#8221;#141414&#8243; scene_position=&#8221;center&#8221; text_color=&#8221;light&#8221; text_align=&#8221;left&#8221; row_border_radius=&#8221;none&#8221; row_border_radius_applies=&#8221;bg&#8221; overflow=&#8221;visible&#8221; overlay_strength=&#8221;0.3&#8243; gradient_direction=&#8221;left_to_right&#8221; shape_divider_position=&#8221;bottom&#8221; bg_image_animation=&#8221;none&#8221;][vc_column column_padding=&#8221;padding-7-percent&#8221; column_padding_tablet=&#8221;inherit&#8221; column_padding_phone=&#8221;inherit&#8221; column_padding_position=&#8221;all&#8221; column_element_direction_desktop=&#8221;default&#8221; column_element_spacing=&#8221;default&#8221; desktop_text_alignment=&#8221;default&#8221; tablet_text_alignment=&#8221;default&#8221; phone_text_alignment=&#8221;default&#8221; background_color=&#8221;#31a2ac&#8221; background_color_opacity=&#8221;0.9&#8243; background_hover_color_opacity=&#8221;1&#8243; column_backdrop_filter=&#8221;none&#8221; column_shadow=&#8221;none&#8221; column_border_radius=&#8221;none&#8221; column_link_target=&#8221;_self&#8221; column_position=&#8221;default&#8221; gradient_direction=&#8221;left_to_right&#8221; overlay_strength=&#8221;0.3&#8243; width=&#8221;1\/2&#8243; tablet_width_inherit=&#8221;default&#8221; animation_type=&#8221;default&#8221; enable_animation=&#8221;true&#8221; animation=&#8221;grow-in&#8221; animation_easing=&#8221;default&#8221; bg_image_animation=&#8221;none&#8221; border_type=&#8221;simple&#8221; column_border_width=&#8221;none&#8221; column_border_style=&#8221;solid&#8221; delay=&#8221;200&#8243; column_padding_type=&#8221;default&#8221; gradient_type=&#8221;default&#8221;][vc_column_text css_animation=&#8221;none&#8221; css=&#8221;&#8221; text_direction=&#8221;default&#8221;]\n<h3>Tem alguma d\u00favida?<\/h3>\n<p>Se voc\u00ea n\u00e3o encontrou o que procura aqui neste site ou tem alguma d\u00favida sobre algum passeio ou programa tur\u00edstico na Capad\u00f3cia em T\u00fcrkiye, n\u00e3o hesite em nos contatar.<\/p>\n<p>Voc\u00ea pode entrar em contato conosco pelo WhatsApp ou e-mail, deixe uma mensagem e entraremos em contato como preferir, tamb\u00e9m WeChat ou Telegramme.[\/vc_column_text][nectar_cta btn_style=&#8221;underline&#8221; heading_tag=&#8221;p&#8221; button_color=&#8221;default&#8221; text_color=&#8221;#ffffff&#8221; text_color_hover=&#8221;#ffc924&#8243; button_border_thickness=&#8221;0px&#8221; link_type=&#8221;new_tab&#8221; alignment=&#8221;left&#8221; alignment_tablet=&#8221;default&#8221; alignment_phone=&#8221;default&#8221; display=&#8221;block&#8221; display_tablet=&#8221;inherit&#8221; display_phone=&#8221;inherit&#8221; icon_family=&#8221;fontawesome&#8221; link_text=&#8221;+90 545 390 50 50&#8243; url=&#8221;tel:+905453905050&#8243; icon_fontawesome=&#8221;fa fa-whatsapp&#8221;][nectar_cta btn_style=&#8221;underline&#8221; heading_tag=&#8221;p&#8221; button_color=&#8221;default&#8221; text_color=&#8221;#ffffff&#8221; text_color_hover=&#8221;#ffc924&#8243; button_border_thickness=&#8221;0px&#8221; link_type=&#8221;new_tab&#8221; alignment=&#8221;left&#8221; alignment_tablet=&#8221;default&#8221; alignment_phone=&#8221;default&#8221; display=&#8221;block&#8221; display_tablet=&#8221;inherit&#8221; display_phone=&#8221;inherit&#8221; icon_family=&#8221;none&#8221; link_text=&#8221;Email: info@cappadociatourturkey.com&#8221; url=&#8221;mailto: info@cappadociatourturkey.com&#8221;][\/vc_column][vc_column column_padding=&#8221;no-extra-padding&#8221; column_padding_tablet=&#8221;inherit&#8221; column_padding_phone=&#8221;inherit&#8221; column_padding_position=&#8221;all&#8221; column_element_direction_desktop=&#8221;default&#8221; column_element_spacing=&#8221;default&#8221; desktop_text_alignment=&#8221;default&#8221; tablet_text_alignment=&#8221;default&#8221; phone_text_alignment=&#8221;default&#8221; background_color_opacity=&#8221;1&#8243; background_hover_color_opacity=&#8221;1&#8243; background_image=&#8221;123&#8243; background_image_position=&#8221;center center&#8221; background_image_stacking=&#8221;default&#8221; enable_bg_scale=&#8221;true&#8221; background_image_loading=&#8221;default&#8221; column_backdrop_filter=&#8221;none&#8221; column_shadow=&#8221;none&#8221; column_border_radius=&#8221;none&#8221; column_link_target=&#8221;_self&#8221; column_position=&#8221;default&#8221; gradient_direction=&#8221;left_to_right&#8221; overlay_strength=&#8221;0.3&#8243; width=&#8221;1\/2&#8243; tablet_width_inherit=&#8221;default&#8221; animation_type=&#8221;default&#8221; enable_animation=&#8221;true&#8221; animation=&#8221;grow-in&#8221; animation_easing=&#8221;default&#8221; bg_image_animation=&#8221;none&#8221; border_type=&#8221;simple&#8221; column_border_width=&#8221;none&#8221; column_border_style=&#8221;solid&#8221; delay=&#8221;300&#8243; column_padding_type=&#8221;default&#8221; gradient_type=&#8221;default&#8221;][nectar_gmap map_type=&#8221;leaflet&#8221; zoom=&#8221;17&#8243; marker_style=&#8221;nectar&#8221; color=&#8221;extra-color-1&#8243; size=&#8221;620&#8243; map_center_lat=&#8221;38.645261&#8243; map_center_lng=&#8221;34.824051&#8243; map_markers=&#8221;38.645261|34.824051Advice Tour&#8221;][\/vc_column][\/vc_row]\n","protected":false},"excerpt":{"rendered":"<p>[vc_row type=&#8221;full_width_content&#8221; full_screen_row_position=&#8221;middle&#8221; column_margin=&#8221;default&#8221; equal_height=&#8221;yes&#8221; column_direction=&#8221;default&#8221; column_direction_tablet=&#8221;default&#8221; column_direction_phone=&#8221;default&#8221; bg_color=&#8221;#141414&#8243; scene_position=&#8221;center&#8221; text_color=&#8221;light&#8221; text_align=&#8221;left&#8221; row_border_radius=&#8221;none&#8221; row_border_radius_applies=&#8221;bg&#8221; overflow=&#8221;visible&#8221; overlay_strength=&#8221;0.3&#8243; gradient_direction=&#8221;left_to_right&#8221; shape_divider_position=&#8221;bottom&#8221; bg_image_animation=&#8221;none&#8221;][vc_column column_padding=&#8221;padding-7-percent&#8221; column_padding_tablet=&#8221;inherit&#8221; column_padding_phone=&#8221;inherit&#8221; column_padding_position=&#8221;all&#8221; column_element_direction_desktop=&#8221;default&#8221; column_element_spacing=&#8221;default&#8221; desktop_text_alignment=&#8221;default&#8221; tablet_text_alignment=&#8221;default&#8221; phone_text_alignment=&#8221;default&#8221; background_color=&#8221;#31a2ac&#8221; background_color_opacity=&#8221;0.9&#8243;&#8230;<\/p>\n","protected":false},"author":1,"featured_media":0,"parent":0,"menu_order":0,"comment_status":"closed","ping_status":"open","template":"","meta":{"footnotes":""},"class_list":["post-5058","page","type-page","status-publish"],"aioseo_notices":[],"_links":{"self":[{"href":"https:\/\/cappadociatourturkey.com\/pt-pt\/wp-json\/wp\/v2\/pages\/5058","targetHints":{"allow":["GET"]}}],"collection":[{"href":"https:\/\/cappadociatourturkey.com\/pt-pt\/wp-json\/wp\/v2\/pages"}],"about":[{"href":"https:\/\/cappadociatourturkey.com\/pt-pt\/wp-json\/wp\/v2\/types\/page"}],"author":[{"embeddable":true,"href":"https:\/\/cappadociatourturkey.com\/pt-pt\/wp-json\/wp\/v2\/users\/1"}],"replies":[{"embeddable":true,"href":"https:\/\/cappadociatourturkey.com\/pt-pt\/wp-json\/wp\/v2\/comments?post=5058"}],"version-history":[{"count":9,"href":"https:\/\/cappadociatourturkey.com\/pt-pt\/wp-json\/wp\/v2\/pages\/5058\/revisions"}],"predecessor-version":[{"id":7649,"href":"https:\/\/cappadociatourturkey.com\/pt-pt\/wp-json\/wp\/v2\/pages\/5058\/revisions\/7649"}],"wp:attachment":[{"href":"https:\/\/cappadociatourturkey.com\/pt-pt\/wp-json\/wp\/v2\/media?parent=5058"}],"curies":[{"name":"wp","href":"https:\/\/api.w.org\/{rel}","templated":true}]}}