{"id":3716,"date":"2023-07-06T15:04:50","date_gmt":"2023-07-06T15:04:50","guid":{"rendered":"https:\/\/cappadociatourturkey.com\/termos-e-condicoes\/"},"modified":"2025-05-13T06:22:26","modified_gmt":"2025-05-13T06:22:26","slug":"termos-e-condicoes","status":"publish","type":"page","link":"https:\/\/cappadociatourturkey.com\/pt-pt\/termos-e-condicoes\/","title":{"rendered":"Termos e Condi\u00e7\u00f5es"},"content":{"rendered":"[vc_row type=&#8221;in_container&#8221; full_screen_row_position=&#8221;middle&#8221; column_margin=&#8221;default&#8221; column_direction=&#8221;default&#8221; column_direction_tablet=&#8221;default&#8221; column_direction_phone=&#8221;default&#8221; scene_position=&#8221;center&#8221; text_color=&#8221;dark&#8221; text_align=&#8221;left&#8221; row_border_radius=&#8221;none&#8221; row_border_radius_applies=&#8221;bg&#8221; overflow=&#8221;visible&#8221; overlay_strength=&#8221;0.3&#8243; gradient_direction=&#8221;left_to_right&#8221; shape_divider_position=&#8221;bottom&#8221; bg_image_animation=&#8221;none&#8221;][vc_column column_padding=&#8221;no-extra-padding&#8221; column_padding_tablet=&#8221;inherit&#8221; column_padding_phone=&#8221;inherit&#8221; column_padding_position=&#8221;all&#8221; column_element_direction_desktop=&#8221;default&#8221; column_element_spacing=&#8221;default&#8221; desktop_text_alignment=&#8221;default&#8221; tablet_text_alignment=&#8221;default&#8221; phone_text_alignment=&#8221;default&#8221; background_color_opacity=&#8221;1&#8243; background_hover_color_opacity=&#8221;1&#8243; column_backdrop_filter=&#8221;none&#8221; column_shadow=&#8221;none&#8221; column_border_radius=&#8221;none&#8221; column_link_target=&#8221;_self&#8221; column_position=&#8221;default&#8221; gradient_direction=&#8221;left_to_right&#8221; overlay_strength=&#8221;0.3&#8243; width=&#8221;1\/1&#8243; tablet_width_inherit=&#8221;default&#8221; animation_type=&#8221;default&#8221; bg_image_animation=&#8221;none&#8221; border_type=&#8221;simple&#8221; column_border_width=&#8221;none&#8221; column_border_style=&#8221;solid&#8221;][vc_column_text css=&#8221;&#8221; text_direction=&#8221;default&#8221;]\r\n<p><strong>Reservas:<\/strong><\/p>\r\n<p>Quando desejar efetuar reserva, dever\u00e1 fornecer os dados de, pelo menos, dois m\u00e9todos de contacto (e-mail, WhatsApp, Telegram, Mobile). Introduza os detalhes corretamente. Precisamos de informa\u00e7\u00f5es de passaporte para alguns passeios.<\/p>\r\n<p><strong>Dep\u00f3sitos:<\/strong><br \/>Para confirmar a sua reserva dever\u00e1 pagar um dep\u00f3sito. A taxa de dep\u00f3sito varia de acordo com as datas e os passeios.<br \/>Os pre\u00e7os v\u00e1lidos por 1 semana. Se pagou e o pre\u00e7o aumentou, n\u00e3o o afetar\u00e1. Se os pre\u00e7os diminu\u00edrem ap\u00f3s o pagamento, podemos reduzir o pagamento do saldo.<\/p>\r\n<p><strong>Pagamento:<\/strong><br \/>Pode pagar em dinheiro ou com cart\u00e3o de cr\u00e9dito (Mastercard, Visa, Amex).<\/p>\r\n<p><strong>Divisa:<\/strong><br \/>Os pre\u00e7os est\u00e3o em euros. Quando se pretende pagar com lira turca, d\u00f3lar americano, libra esterlina ou iene japon\u00eas, utilizamos a taxa de c\u00e2mbio atual.<\/p>\r\n<p><strong>Cancelamentos:<\/strong><br \/>Quando quiser alterar o seu itiner\u00e1rio, se n\u00e3o houver nenhum custo extra devido a terceiros para a nossa empresa, n\u00e3o solicitaremos nenhum extra.<\/p>\r\n<p><strong>Cancelamentos:<\/strong><br \/>Cancelamento de pacotes tur\u00edsticos e passagens a\u00e9reas;<\/p>\r\n<ul>\r\n<li style=\"list-style-type: none;\">\r\n<ul>\r\n<li>Precisa de pagar multas cobradas de n\u00f3s por terceiros.<\/li>\r\n<\/ul>\r\n<\/li>\r\n<\/ul>\r\n<ul>\r\n<li style=\"list-style-type: none;\">\r\n<ul>\r\n<li>Outras todas as reservas podem ser canceladas gratuitamente at\u00e9 48 horas de anteced\u00eancia.<\/li>\r\n<\/ul>\r\n<\/li>\r\n<\/ul>\r\n<ul>\r\n<li style=\"list-style-type: none;\">\r\n<ul>\r\n<li>Ao cancelar entre as \u00faltimas 24 a 48 horas, perder\u00e1 o seu dep\u00f3sito.<\/li>\r\n<\/ul>\r\n<\/li>\r\n<\/ul>\r\n<ul>\r\n<li style=\"list-style-type: none;\">\r\n<ul>\r\n<li>Ao cancelar nas \u00faltimas 24 horas, dever\u00e1 pagar todas as taxas de reserva.<\/li>\r\n<\/ul>\r\n<\/li>\r\n<\/ul>\r\n<p>Deve seguir o itiner\u00e1rio que lhe enviamos. Deve estar pronto na hora e local de recolha. \u00c9 respons\u00e1vel por quaisquer custos incorridos devido a voos perdidos, transfers de aeroporto e passeios.<\/p>\r\n<p><strong>Privacidade e seguran\u00e7a do cart\u00e3o de cr\u00e9dito:<\/strong><br \/>Nunca partilhamos os seus dados de contacto ou itiner\u00e1rio com outras organiza\u00e7\u00f5es. Os dados do seu cart\u00e3o ser\u00e3o automaticamente eliminados ap\u00f3s o pagamento.<\/p>\r\n[\/vc_column_text][\/vc_column][\/vc_row][vc_row type=&#8221;in_container&#8221; full_screen_row_position=&#8221;middle&#8221; column_margin=&#8221;default&#8221; column_direction=&#8221;default&#8221; column_direction_tablet=&#8221;default&#8221; column_direction_phone=&#8221;default&#8221; scene_position=&#8221;center&#8221; text_color=&#8221;dark&#8221; text_align=&#8221;left&#8221; row_border_radius=&#8221;none&#8221; row_border_radius_applies=&#8221;bg&#8221; overflow=&#8221;visible&#8221; overlay_strength=&#8221;0.3&#8243; gradient_direction=&#8221;left_to_right&#8221; shape_divider_position=&#8221;bottom&#8221; bg_image_animation=&#8221;none&#8221;][vc_column column_padding=&#8221;no-extra-padding&#8221; column_padding_tablet=&#8221;inherit&#8221; column_padding_phone=&#8221;inherit&#8221; column_padding_position=&#8221;all&#8221; column_element_direction_desktop=&#8221;default&#8221; column_element_spacing=&#8221;default&#8221; desktop_text_alignment=&#8221;default&#8221; tablet_text_alignment=&#8221;default&#8221; phone_text_alignment=&#8221;default&#8221; background_color_opacity=&#8221;1&#8243; background_hover_color_opacity=&#8221;1&#8243; column_backdrop_filter=&#8221;none&#8221; column_shadow=&#8221;none&#8221; column_border_radius=&#8221;none&#8221; column_link_target=&#8221;_self&#8221; column_position=&#8221;default&#8221; gradient_direction=&#8221;left_to_right&#8221; overlay_strength=&#8221;0.3&#8243; width=&#8221;1\/1&#8243; tablet_width_inherit=&#8221;default&#8221; animation_type=&#8221;default&#8221; bg_image_animation=&#8221;none&#8221; border_type=&#8221;simple&#8221; column_border_width=&#8221;none&#8221; column_border_style=&#8221;solid&#8221;][vc_column_text]\r\n[\/vc_column_text][\/vc_column][\/vc_row]<!-- \/wp:post-content -->","protected":false},"excerpt":{"rendered":"<p>[vc_row type=&#8221;in_container&#8221; full_screen_row_position=&#8221;middle&#8221; column_margin=&#8221;default&#8221; column_direction=&#8221;default&#8221; column_direction_tablet=&#8221;default&#8221; column_direction_phone=&#8221;default&#8221; scene_position=&#8221;center&#8221; text_color=&#8221;dark&#8221; text_align=&#8221;left&#8221; row_border_radius=&#8221;none&#8221; row_border_radius_applies=&#8221;bg&#8221; overflow=&#8221;visible&#8221; overlay_strength=&#8221;0.3&#8243; gradient_direction=&#8221;left_to_right&#8221; shape_divider_position=&#8221;bottom&#8221; bg_image_animation=&#8221;none&#8221;][vc_column column_padding=&#8221;no-extra-padding&#8221; column_padding_tablet=&#8221;inherit&#8221; column_padding_phone=&#8221;inherit&#8221; column_padding_position=&#8221;all&#8221; column_element_direction_desktop=&#8221;default&#8221; column_element_spacing=&#8221;default&#8221; desktop_text_alignment=&#8221;default&#8221; tablet_text_alignment=&#8221;default&#8221; phone_text_alignment=&#8221;default&#8221; background_color_opacity=&#8221;1&#8243; background_hover_color_opacity=&#8221;1&#8243; column_backdrop_filter=&#8221;none&#8221; column_shadow=&#8221;none&#8221;&#8230;<\/p>\n","protected":false},"author":1,"featured_media":0,"parent":0,"menu_order":0,"comment_status":"closed","ping_status":"closed","template":"","meta":{"footnotes":""},"class_list":["post-3716","page","type-page","status-publish"],"aioseo_notices":[],"_links":{"self":[{"href":"https:\/\/cappadociatourturkey.com\/pt-pt\/wp-json\/wp\/v2\/pages\/3716","targetHints":{"allow":["GET"]}}],"collection":[{"href":"https:\/\/cappadociatourturkey.com\/pt-pt\/wp-json\/wp\/v2\/pages"}],"about":[{"href":"https:\/\/cappadociatourturkey.com\/pt-pt\/wp-json\/wp\/v2\/types\/page"}],"author":[{"embeddable":true,"href":"https:\/\/cappadociatourturkey.com\/pt-pt\/wp-json\/wp\/v2\/users\/1"}],"replies":[{"embeddable":true,"href":"https:\/\/cappadociatourturkey.com\/pt-pt\/wp-json\/wp\/v2\/comments?post=3716"}],"version-history":[{"count":13,"href":"https:\/\/cappadociatourturkey.com\/pt-pt\/wp-json\/wp\/v2\/pages\/3716\/revisions"}],"predecessor-version":[{"id":7640,"href":"https:\/\/cappadociatourturkey.com\/pt-pt\/wp-json\/wp\/v2\/pages\/3716\/revisions\/7640"}],"wp:attachment":[{"href":"https:\/\/cappadociatourturkey.com\/pt-pt\/wp-json\/wp\/v2\/media?parent=3716"}],"curies":[{"name":"wp","href":"https:\/\/api.w.org\/{rel}","templated":true}]}}