{"id":7768,"date":"2024-12-29T08:27:12","date_gmt":"2024-12-29T08:27:12","guid":{"rendered":"https:\/\/cappadociatourturkey.com\/cappadocia-packages\/"},"modified":"2025-06-23T08:38:56","modified_gmt":"2025-06-23T08:38:56","slug":"forfaits-cappadoce","status":"publish","type":"page","link":"https:\/\/cappadociatourturkey.com\/fr\/forfaits-cappadoce\/","title":{"rendered":"Forfaits Cappadoce"},"content":{"rendered":"[vc_row type=\u00a0\u00bbin_container\u00a0\u00bb full_screen_row_position=\u00a0\u00bbmiddle\u00a0\u00bb column_margin=\u00a0\u00bbdefault\u00a0\u00bb column_direction=\u00a0\u00bbdefault\u00a0\u00bb column_direction_tablet=\u00a0\u00bbdefault\u00a0\u00bb column_direction_phone=\u00a0\u00bbdefault\u00a0\u00bb scene_position=\u00a0\u00bbcenter\u00a0\u00bb top_margin=\u00a0\u00bb35&Prime; text_color=\u00a0\u00bbdark\u00a0\u00bb text_align=\u00a0\u00bbleft\u00a0\u00bb row_border_radius=\u00a0\u00bbnone\u00a0\u00bb row_border_radius_applies=\u00a0\u00bbbg\u00a0\u00bb overflow=\u00a0\u00bbvisible\u00a0\u00bb overlay_strength=\u00a0\u00bb0.3&Prime; gradient_direction=\u00a0\u00bbleft_to_right\u00a0\u00bb shape_divider_position=\u00a0\u00bbbottom\u00a0\u00bb bg_image_animation=\u00a0\u00bbnone\u00a0\u00bb gradient_type=\u00a0\u00bbdefault\u00a0\u00bb shape_type=\u00a0\u00bb\u00a0\u00bb][vc_column column_padding=\u00a0\u00bbno-extra-padding\u00a0\u00bb column_padding_tablet=\u00a0\u00bbinherit\u00a0\u00bb column_padding_phone=\u00a0\u00bbinherit\u00a0\u00bb column_padding_position=\u00a0\u00bball\u00a0\u00bb column_element_direction_desktop=\u00a0\u00bbdefault\u00a0\u00bb column_element_spacing=\u00a0\u00bbdefault\u00a0\u00bb desktop_text_alignment=\u00a0\u00bbdefault\u00a0\u00bb tablet_text_alignment=\u00a0\u00bbdefault\u00a0\u00bb phone_text_alignment=\u00a0\u00bbdefault\u00a0\u00bb background_color_opacity=\u00a0\u00bb1&Prime; background_hover_color_opacity=\u00a0\u00bb1&Prime; column_backdrop_filter=\u00a0\u00bbnone\u00a0\u00bb column_shadow=\u00a0\u00bbnone\u00a0\u00bb column_border_radius=\u00a0\u00bbnone\u00a0\u00bb column_link_target=\u00a0\u00bb_self\u00a0\u00bb column_position=\u00a0\u00bbdefault\u00a0\u00bb gradient_direction=\u00a0\u00bbleft_to_right\u00a0\u00bb overlay_strength=\u00a0\u00bb0.3&Prime; width=\u00a0\u00bb1\/1&Prime; tablet_width_inherit=\u00a0\u00bbdefault\u00a0\u00bb animation_type=\u00a0\u00bbdefault\u00a0\u00bb bg_image_animation=\u00a0\u00bbnone\u00a0\u00bb border_type=\u00a0\u00bbsimple\u00a0\u00bb column_border_width=\u00a0\u00bbnone\u00a0\u00bb column_border_style=\u00a0\u00bbsolid\u00a0\u00bb][split_line_heading animation_type=\u00a0\u00bbtwist-in\u00a0\u00bb font_style=\u00a0\u00bbh2&Prime; content_alignment=\u00a0\u00bbdefault\u00a0\u00bb mobile_content_alignment=\u00a0\u00bbinherit\u00a0\u00bb link_target=\u00a0\u00bb_self\u00a0\u00bb text_content=\u00a0\u00bbD\u00e9couvrez nos bonnes affaires !\u00a0\u00bb text_direction=\u00a0\u00bbdefault\u00a0\u00bb][\/split_line_heading][vc_column_text css=\u00a0\u00bb\u00a0\u00bb text_direction=\u00a0\u00bbdefault\u00a0\u00bb]Forfaits Cappadoce comprenant les circuits rouge et vert, les activit\u00e9s d&rsquo;aventure, les vols en montgolfi\u00e8re, les transferts a\u00e9roport avec\/sans h\u00f4tel. R\u00e9servez t\u00f4t et \u00e9conomisez de l&rsquo;argent ![\/vc_column_text][nectar_woo_products product_type=\u00a0\u00bball\u00a0\u00bb category=\u00a0\u00bbcappadocia-packages\u00a0\u00bb columns=\u00a0\u00bb4&Prime; flickity_mobile_column_width=\u00a0\u00bb100%\u00a0\u00bb orderby=\u00a0\u00bbdate\u00a0\u00bb order=\u00a0\u00bbASC\u00a0\u00bb][\/vc_column][\/vc_row]\n","protected":false},"excerpt":{"rendered":"<p>[vc_row type=\u00a0\u00bbin_container\u00a0\u00bb full_screen_row_position=\u00a0\u00bbmiddle\u00a0\u00bb column_margin=\u00a0\u00bbdefault\u00a0\u00bb column_direction=\u00a0\u00bbdefault\u00a0\u00bb column_direction_tablet=\u00a0\u00bbdefault\u00a0\u00bb column_direction_phone=\u00a0\u00bbdefault\u00a0\u00bb scene_position=\u00a0\u00bbcenter\u00a0\u00bb top_margin=\u00a0\u00bb35&Prime; text_color=\u00a0\u00bbdark\u00a0\u00bb text_align=\u00a0\u00bbleft\u00a0\u00bb row_border_radius=\u00a0\u00bbnone\u00a0\u00bb row_border_radius_applies=\u00a0\u00bbbg\u00a0\u00bb overflow=\u00a0\u00bbvisible\u00a0\u00bb overlay_strength=\u00a0\u00bb0.3&Prime; gradient_direction=\u00a0\u00bbleft_to_right\u00a0\u00bb shape_divider_position=\u00a0\u00bbbottom\u00a0\u00bb bg_image_animation=\u00a0\u00bbnone\u00a0\u00bb gradient_type=\u00a0\u00bbdefault\u00a0\u00bb shape_type=\u00a0\u00bb\u00a0\u00bb][vc_column column_padding=\u00a0\u00bbno-extra-padding\u00a0\u00bb column_padding_tablet=\u00a0\u00bbinherit\u00a0\u00bb column_padding_phone=\u00a0\u00bbinherit\u00a0\u00bb column_padding_position=\u00a0\u00bball\u00a0\u00bb column_element_direction_desktop=\u00a0\u00bbdefault\u00a0\u00bb column_element_spacing=\u00a0\u00bbdefault\u00a0\u00bb desktop_text_alignment=\u00a0\u00bbdefault\u00a0\u00bb tablet_text_alignment=\u00a0\u00bbdefault\u00a0\u00bb phone_text_alignment=\u00a0\u00bbdefault\u00a0\u00bb background_color_opacity=\u00a0\u00bb1&Prime;&#8230;<\/p>\n","protected":false},"author":1,"featured_media":0,"parent":0,"menu_order":0,"comment_status":"closed","ping_status":"closed","template":"","meta":{"footnotes":""},"class_list":["post-7768","page","type-page","status-publish"],"aioseo_notices":[],"_links":{"self":[{"href":"https:\/\/cappadociatourturkey.com\/fr\/wp-json\/wp\/v2\/pages\/7768","targetHints":{"allow":["GET"]}}],"collection":[{"href":"https:\/\/cappadociatourturkey.com\/fr\/wp-json\/wp\/v2\/pages"}],"about":[{"href":"https:\/\/cappadociatourturkey.com\/fr\/wp-json\/wp\/v2\/types\/page"}],"author":[{"embeddable":true,"href":"https:\/\/cappadociatourturkey.com\/fr\/wp-json\/wp\/v2\/users\/1"}],"replies":[{"embeddable":true,"href":"https:\/\/cappadociatourturkey.com\/fr\/wp-json\/wp\/v2\/comments?post=7768"}],"version-history":[{"count":3,"href":"https:\/\/cappadociatourturkey.com\/fr\/wp-json\/wp\/v2\/pages\/7768\/revisions"}],"predecessor-version":[{"id":7776,"href":"https:\/\/cappadociatourturkey.com\/fr\/wp-json\/wp\/v2\/pages\/7768\/revisions\/7776"}],"wp:attachment":[{"href":"https:\/\/cappadociatourturkey.com\/fr\/wp-json\/wp\/v2\/media?parent=7768"}],"curies":[{"name":"wp","href":"https:\/\/api.w.org\/{rel}","templated":true}]}}