{"id":7749,"date":"2023-07-06T15:04:50","date_gmt":"2023-07-06T15:04:50","guid":{"rendered":"https:\/\/cappadociatourturkey.com\/terms-and-conditions\/"},"modified":"2025-06-23T08:38:36","modified_gmt":"2025-06-23T08:38:36","slug":"conditions-generales-dutilisation","status":"publish","type":"page","link":"https:\/\/cappadociatourturkey.com\/fr\/conditions-generales-dutilisation\/","title":{"rendered":"Conditions g\u00e9n\u00e9rales d&rsquo;utilisation"},"content":{"rendered":"[vc_row type=\u00a0\u00bbin_container\u00a0\u00bb full_screen_row_position=\u00a0\u00bbmiddle\u00a0\u00bb column_margin=\u00a0\u00bbdefault\u00a0\u00bb column_direction=\u00a0\u00bbdefault\u00a0\u00bb column_direction_tablet=\u00a0\u00bbdefault\u00a0\u00bb column_direction_phone=\u00a0\u00bbdefault\u00a0\u00bb scene_position=\u00a0\u00bbcenter\u00a0\u00bb text_color=\u00a0\u00bbdark\u00a0\u00bb text_align=\u00a0\u00bbleft\u00a0\u00bb row_border_radius=\u00a0\u00bbnone\u00a0\u00bb row_border_radius_applies=\u00a0\u00bbbg\u00a0\u00bb overflow=\u00a0\u00bbvisible\u00a0\u00bb overlay_strength=\u00a0\u00bb0.3&Prime; gradient_direction=\u00a0\u00bbleft_to_right\u00a0\u00bb shape_divider_position=\u00a0\u00bbbottom\u00a0\u00bb bg_image_animation=\u00a0\u00bbnone\u00a0\u00bb][vc_column column_padding=\u00a0\u00bbno-extra-padding\u00a0\u00bb column_padding_tablet=\u00a0\u00bbinherit\u00a0\u00bb column_padding_phone=\u00a0\u00bbinherit\u00a0\u00bb column_padding_position=\u00a0\u00bball\u00a0\u00bb column_element_direction_desktop=\u00a0\u00bbdefault\u00a0\u00bb column_element_spacing=\u00a0\u00bbdefault\u00a0\u00bb desktop_text_alignment=\u00a0\u00bbdefault\u00a0\u00bb tablet_text_alignment=\u00a0\u00bbdefault\u00a0\u00bb phone_text_alignment=\u00a0\u00bbdefault\u00a0\u00bb background_color_opacity=\u00a0\u00bb1&Prime; background_hover_color_opacity=\u00a0\u00bb1&Prime; column_backdrop_filter=\u00a0\u00bbnone\u00a0\u00bb column_shadow=\u00a0\u00bbnone\u00a0\u00bb column_border_radius=\u00a0\u00bbnone\u00a0\u00bb column_link_target=\u00a0\u00bb_self\u00a0\u00bb column_position=\u00a0\u00bbdefault\u00a0\u00bb gradient_direction=\u00a0\u00bbleft_to_right\u00a0\u00bb overlay_strength=\u00a0\u00bb0.3&Prime; width=\u00a0\u00bb1\/1&Prime; tablet_width_inherit=\u00a0\u00bbdefault\u00a0\u00bb animation_type=\u00a0\u00bbdefault\u00a0\u00bb bg_image_animation=\u00a0\u00bbnone\u00a0\u00bb border_type=\u00a0\u00bbsimple\u00a0\u00bb column_border_width=\u00a0\u00bbnone\u00a0\u00bb column_border_style=\u00a0\u00bbsolid\u00a0\u00bb][vc_column_text css=\u00a0\u00bb\u00a0\u00bb text_direction=\u00a0\u00bbdefault\u00a0\u00bb]\n<p data-start=\"88\" data-end=\"108\"><strong data-start=\"88\" data-end=\"106\">R\u00e9servations :<\/strong><\/p>\n<p data-start=\"110\" data-end=\"416\">Lorsque vous souhaitez faire une r\u00e9servation, veuillez fournir les d\u00e9tails d\u2019au moins deux moyens de contact (email, WhatsApp, Telegram, mobile). Veuillez v\u00e9rifier que les informations de contact que vous nous envoyez sont correctes. Nous pourrons avoir besoin de votre passeport pour certaines excursions.<\/p>\n<p data-start=\"418\" data-end=\"432\"><strong data-start=\"418\" data-end=\"430\">Acomptes :<\/strong><\/p>\n<p data-start=\"434\" data-end=\"845\">Pour confirmer votre r\u00e9servation, nous demandons un acompte ; le pourcentage de l\u2019acompte peut varier selon le circuit choisi. Nous ne pouvons pas garantir une place sur un circuit sans avoir re\u00e7u d\u2019acompte.<br data-start=\"641\" data-end=\"644\" \/>Les prix sont valables pendant 1 semaine. Si vous avez pay\u00e9 et que les prix augmentent, cela ne vous affectera pas. Si les prix baissent apr\u00e8s votre paiement, nous pourrons r\u00e9duire le solde restant d\u00fb.<\/p>\n<p data-start=\"847\" data-end=\"863\"><strong data-start=\"847\" data-end=\"861\">Paiement :<\/strong><\/p>\n<p data-start=\"865\" data-end=\"942\">Vous pouvez payer en esp\u00e8ces ou par carte de cr\u00e9dit (Mastercard, Visa, Amex).<\/p>\n<p data-start=\"944\" data-end=\"959\"><strong data-start=\"944\" data-end=\"957\">Monnaie :<\/strong><\/p>\n<p data-start=\"961\" data-end=\"1131\">Les prix sont en euros. Si vous souhaitez payer en livre turque, en dollars am\u00e9ricains, en livre sterling ou en yen japonais, nous utilisons le taux de change en vigueur.<\/p>\n<p data-start=\"1133\" data-end=\"1170\"><strong data-start=\"1133\" data-end=\"1168\">Modifications de l&rsquo;itin\u00e9raire :<\/strong><\/p>\n<p data-start=\"1172\" data-end=\"1345\">Si vous souhaitez modifier votre itin\u00e9raire, s\u2019il n\u2019y a pas de co\u00fbt suppl\u00e9mentaire factur\u00e9 par des tiers \u00e0 notre entreprise, alors nous ne vous demanderons aucun suppl\u00e9ment.<\/p>\n<p data-start=\"1347\" data-end=\"2028\"><strong data-start=\"1347\" data-end=\"1364\">Annulations :<\/strong><br data-start=\"1364\" data-end=\"1367\" \/>L\u2019annulation des circuits organis\u00e9s avec billet d\u2019avion entra\u00eene des frais d\u2019annulation factur\u00e9s par des tiers, que vous devrez r\u00e9gler.<br data-start=\"1502\" data-end=\"1505\" \/>Toutes les autres r\u00e9servations peuvent \u00eatre annul\u00e9es sans frais jusqu\u2019\u00e0 48 heures \u00e0 l\u2019avance.<br data-start=\"1598\" data-end=\"1601\" \/>En cas d\u2019annulation entre 24 et 48 heures avant l\u2019activit\u00e9, vous perdrez votre acompte.<br data-start=\"1688\" data-end=\"1691\" \/>En cas d\u2019annulation dans les derni\u00e8res 24 heures, vous devrez r\u00e9gler la totalit\u00e9 du montant de la r\u00e9servation.<br data-start=\"1801\" data-end=\"1804\" \/>Vous devez suivre l\u2019itin\u00e9raire que nous vous avons envoy\u00e9. Vous devez \u00eatre pr\u00eat \u00e0 l\u2019heure et \u00e0 l\u2019endroit du ramassage. Vous \u00eates responsable de tous les frais r\u00e9sultant de vols manqu\u00e9s, transferts a\u00e9roport ou circuits rat\u00e9s.<\/p>\n<p data-start=\"2030\" data-end=\"2098\"><strong data-start=\"2030\" data-end=\"2096\">Protection de la vie priv\u00e9e et s\u00e9curit\u00e9 des cartes de cr\u00e9dit :<\/strong><\/p>\n<p data-start=\"2100\" data-end=\"2281\">Nous ne partageons jamais vos coordonn\u00e9es ou informations d\u2019itin\u00e9raire avec d\u2019autres organisations. Les d\u00e9tails de votre carte seront automatiquement supprim\u00e9s apr\u00e8s votre paiement.<\/p>\n[\/vc_column_text][\/vc_column][\/vc_row][vc_row type=\u00a0\u00bbin_container\u00a0\u00bb full_screen_row_position=\u00a0\u00bbmiddle\u00a0\u00bb column_margin=\u00a0\u00bbdefault\u00a0\u00bb column_direction=\u00a0\u00bbdefault\u00a0\u00bb column_direction_tablet=\u00a0\u00bbdefault\u00a0\u00bb column_direction_phone=\u00a0\u00bbdefault\u00a0\u00bb scene_position=\u00a0\u00bbcenter\u00a0\u00bb text_color=\u00a0\u00bbdark\u00a0\u00bb text_align=\u00a0\u00bbleft\u00a0\u00bb row_border_radius=\u00a0\u00bbnone\u00a0\u00bb row_border_radius_applies=\u00a0\u00bbbg\u00a0\u00bb overflow=\u00a0\u00bbvisible\u00a0\u00bb overlay_strength=\u00a0\u00bb0.3&Prime; gradient_direction=\u00a0\u00bbleft_to_right\u00a0\u00bb shape_divider_position=\u00a0\u00bbbottom\u00a0\u00bb bg_image_animation=\u00a0\u00bbnone\u00a0\u00bb][vc_column column_padding=\u00a0\u00bbno-extra-padding\u00a0\u00bb column_padding_tablet=\u00a0\u00bbinherit\u00a0\u00bb column_padding_phone=\u00a0\u00bbinherit\u00a0\u00bb column_padding_position=\u00a0\u00bball\u00a0\u00bb column_element_direction_desktop=\u00a0\u00bbdefault\u00a0\u00bb column_element_spacing=\u00a0\u00bbdefault\u00a0\u00bb desktop_text_alignment=\u00a0\u00bbdefault\u00a0\u00bb tablet_text_alignment=\u00a0\u00bbdefault\u00a0\u00bb phone_text_alignment=\u00a0\u00bbdefault\u00a0\u00bb background_color_opacity=\u00a0\u00bb1&Prime; background_hover_color_opacity=\u00a0\u00bb1&Prime; column_backdrop_filter=\u00a0\u00bbnone\u00a0\u00bb column_shadow=\u00a0\u00bbnone\u00a0\u00bb column_border_radius=\u00a0\u00bbnone\u00a0\u00bb column_link_target=\u00a0\u00bb_self\u00a0\u00bb column_position=\u00a0\u00bbdefault\u00a0\u00bb gradient_direction=\u00a0\u00bbleft_to_right\u00a0\u00bb overlay_strength=\u00a0\u00bb0.3&Prime; width=\u00a0\u00bb1\/1&Prime; tablet_width_inherit=\u00a0\u00bbdefault\u00a0\u00bb animation_type=\u00a0\u00bbdefault\u00a0\u00bb bg_image_animation=\u00a0\u00bbnone\u00a0\u00bb border_type=\u00a0\u00bbsimple\u00a0\u00bb column_border_width=\u00a0\u00bbnone\u00a0\u00bb column_border_style=\u00a0\u00bbsolid\u00a0\u00bb][vc_column_text]\n<p><!-- \/wp:paragraph -->[\/vc_column_text][\/vc_column][\/vc_row]\n","protected":false},"excerpt":{"rendered":"<p>[vc_row type=\u00a0\u00bbin_container\u00a0\u00bb full_screen_row_position=\u00a0\u00bbmiddle\u00a0\u00bb column_margin=\u00a0\u00bbdefault\u00a0\u00bb column_direction=\u00a0\u00bbdefault\u00a0\u00bb column_direction_tablet=\u00a0\u00bbdefault\u00a0\u00bb column_direction_phone=\u00a0\u00bbdefault\u00a0\u00bb scene_position=\u00a0\u00bbcenter\u00a0\u00bb text_color=\u00a0\u00bbdark\u00a0\u00bb text_align=\u00a0\u00bbleft\u00a0\u00bb row_border_radius=\u00a0\u00bbnone\u00a0\u00bb row_border_radius_applies=\u00a0\u00bbbg\u00a0\u00bb overflow=\u00a0\u00bbvisible\u00a0\u00bb overlay_strength=\u00a0\u00bb0.3&Prime; gradient_direction=\u00a0\u00bbleft_to_right\u00a0\u00bb shape_divider_position=\u00a0\u00bbbottom\u00a0\u00bb bg_image_animation=\u00a0\u00bbnone\u00a0\u00bb][vc_column column_padding=\u00a0\u00bbno-extra-padding\u00a0\u00bb column_padding_tablet=\u00a0\u00bbinherit\u00a0\u00bb column_padding_phone=\u00a0\u00bbinherit\u00a0\u00bb column_padding_position=\u00a0\u00bball\u00a0\u00bb column_element_direction_desktop=\u00a0\u00bbdefault\u00a0\u00bb column_element_spacing=\u00a0\u00bbdefault\u00a0\u00bb desktop_text_alignment=\u00a0\u00bbdefault\u00a0\u00bb tablet_text_alignment=\u00a0\u00bbdefault\u00a0\u00bb phone_text_alignment=\u00a0\u00bbdefault\u00a0\u00bb background_color_opacity=\u00a0\u00bb1&Prime; background_hover_color_opacity=\u00a0\u00bb1&Prime; column_backdrop_filter=\u00a0\u00bbnone\u00a0\u00bb column_shadow=\u00a0\u00bbnone\u00a0\u00bb&#8230;<\/p>\n","protected":false},"author":1,"featured_media":0,"parent":0,"menu_order":0,"comment_status":"closed","ping_status":"closed","template":"","meta":{"footnotes":""},"class_list":["post-7749","page","type-page","status-publish"],"aioseo_notices":[],"_links":{"self":[{"href":"https:\/\/cappadociatourturkey.com\/fr\/wp-json\/wp\/v2\/pages\/7749","targetHints":{"allow":["GET"]}}],"collection":[{"href":"https:\/\/cappadociatourturkey.com\/fr\/wp-json\/wp\/v2\/pages"}],"about":[{"href":"https:\/\/cappadociatourturkey.com\/fr\/wp-json\/wp\/v2\/types\/page"}],"author":[{"embeddable":true,"href":"https:\/\/cappadociatourturkey.com\/fr\/wp-json\/wp\/v2\/users\/1"}],"replies":[{"embeddable":true,"href":"https:\/\/cappadociatourturkey.com\/fr\/wp-json\/wp\/v2\/comments?post=7749"}],"version-history":[{"count":3,"href":"https:\/\/cappadociatourturkey.com\/fr\/wp-json\/wp\/v2\/pages\/7749\/revisions"}],"predecessor-version":[{"id":8034,"href":"https:\/\/cappadociatourturkey.com\/fr\/wp-json\/wp\/v2\/pages\/7749\/revisions\/8034"}],"wp:attachment":[{"href":"https:\/\/cappadociatourturkey.com\/fr\/wp-json\/wp\/v2\/media?parent=7749"}],"curies":[{"name":"wp","href":"https:\/\/api.w.org\/{rel}","templated":true}]}}