{"id":7726,"date":"2023-07-06T06:26:50","date_gmt":"2023-07-06T06:26:50","guid":{"rendered":"https:\/\/cappadociatourturkey.com\/privacy-policy\/"},"modified":"2025-06-23T08:39:17","modified_gmt":"2025-06-23T08:39:17","slug":"politique-de-confidentialite","status":"publish","type":"page","link":"https:\/\/cappadociatourturkey.com\/fr\/politique-de-confidentialite\/","title":{"rendered":"Politique de confidentialit\u00e9"},"content":{"rendered":"[vc_row type=\u00a0\u00bbin_container\u00a0\u00bb full_screen_row_position=\u00a0\u00bbmiddle\u00a0\u00bb column_margin=\u00a0\u00bbdefault\u00a0\u00bb column_direction=\u00a0\u00bbdefault\u00a0\u00bb column_direction_tablet=\u00a0\u00bbdefault\u00a0\u00bb column_direction_phone=\u00a0\u00bbdefault\u00a0\u00bb scene_position=\u00a0\u00bbcenter\u00a0\u00bb text_color=\u00a0\u00bbdark\u00a0\u00bb text_align=\u00a0\u00bbleft\u00a0\u00bb row_border_radius=\u00a0\u00bbnone\u00a0\u00bb row_border_radius_applies=\u00a0\u00bbbg\u00a0\u00bb overflow=\u00a0\u00bbvisible\u00a0\u00bb overlay_strength=\u00a0\u00bb0.3&Prime; gradient_direction=\u00a0\u00bbleft_to_right\u00a0\u00bb shape_divider_position=\u00a0\u00bbbottom\u00a0\u00bb bg_image_animation=\u00a0\u00bbnone\u00a0\u00bb][vc_column column_padding=\u00a0\u00bbno-extra-padding\u00a0\u00bb column_padding_tablet=\u00a0\u00bbinherit\u00a0\u00bb column_padding_phone=\u00a0\u00bbinherit\u00a0\u00bb column_padding_position=\u00a0\u00bball\u00a0\u00bb column_element_direction_desktop=\u00a0\u00bbdefault\u00a0\u00bb column_element_spacing=\u00a0\u00bbdefault\u00a0\u00bb desktop_text_alignment=\u00a0\u00bbdefault\u00a0\u00bb tablet_text_alignment=\u00a0\u00bbdefault\u00a0\u00bb phone_text_alignment=\u00a0\u00bbdefault\u00a0\u00bb background_color_opacity=\u00a0\u00bb1&Prime; background_hover_color_opacity=\u00a0\u00bb1&Prime; column_backdrop_filter=\u00a0\u00bbnone\u00a0\u00bb column_shadow=\u00a0\u00bbnone\u00a0\u00bb column_border_radius=\u00a0\u00bbnone\u00a0\u00bb column_link_target=\u00a0\u00bb_self\u00a0\u00bb column_position=\u00a0\u00bbdefault\u00a0\u00bb gradient_direction=\u00a0\u00bbleft_to_right\u00a0\u00bb overlay_strength=\u00a0\u00bb0.3&Prime; width=\u00a0\u00bb1\/1&Prime; tablet_width_inherit=\u00a0\u00bbdefault\u00a0\u00bb animation_type=\u00a0\u00bbdefault\u00a0\u00bb bg_image_animation=\u00a0\u00bbnone\u00a0\u00bb border_type=\u00a0\u00bbsimple\u00a0\u00bb column_border_width=\u00a0\u00bbnone\u00a0\u00bb column_border_style=\u00a0\u00bbsolid\u00a0\u00bb][vc_column_text css=\u00a0\u00bb\u00a0\u00bb text_direction=\u00a0\u00bbdefault\u00a0\u00bb]\r\n<p><strong>Politique de Confidentialit\u00e9<\/strong><\/p>\r\n<p><strong>\u00c0 quoi sert cette politique de confidentialit\u00e9 ?<\/strong><\/p>\r\n<p>Cette politique de confidentialit\u00e9 s\u2019applique au site web [<a href=\"https:\/\/cappadociatourturkey.com\/\">https:\/\/cappadociatourturkey.com<\/a>] et est fournie par <strong>Advice Tour<\/strong>. Elle r\u00e9git la confidentialit\u00e9 des utilisateurs qui choisissent de l\u2019utiliser.<\/p>\r\n<p>La politique d\u00e9finit les diff\u00e9rents domaines concern\u00e9s par la confidentialit\u00e9 des utilisateurs et pr\u00e9cise les obligations et exigences des utilisateurs, du site web et de ses propri\u00e9taires. En outre, cette politique d\u00e9taille la mani\u00e8re dont ce site traite, stocke et prot\u00e8ge les donn\u00e9es et informations des utilisateurs.<\/p>\r\n<p><strong>Le site web<\/strong><\/p>\r\n<p>Ce site web et ses propri\u00e9taires adoptent une approche proactive en mati\u00e8re de confidentialit\u00e9 des utilisateurs et s\u2019assurent que toutes les mesures n\u00e9cessaires sont prises pour prot\u00e9ger la vie priv\u00e9e des visiteurs durant leur navigation. Ce site est conforme \u00e0 toutes les lois et r\u00e9glementations nationales turques relatives \u00e0 la confidentialit\u00e9 des utilisateurs.<\/p>\r\n<p><strong>Utilisation des cookies<\/strong><\/p>\r\n<p>Ce site web utilise des cookies afin d&rsquo;am\u00e9liorer l\u2019exp\u00e9rience des utilisateurs lors de leur visite. Lorsque cela est applicable, ce site met en place un syst\u00e8me de contr\u00f4le des cookies permettant \u00e0 l&rsquo;utilisateur, lors de sa premi\u00e8re visite, d\u2019autoriser ou de refuser l\u2019utilisation de cookies sur son appareil. Cela est conforme aux exigences l\u00e9gales r\u00e9centes imposant aux sites d\u2019obtenir un consentement explicite des utilisateurs avant de d\u00e9poser ou de lire des fichiers tels que les cookies sur leur ordinateur ou appareil.<\/p>\r\n<p>Les cookies sont de petits fichiers enregistr\u00e9s sur le disque dur de l\u2019ordinateur de l\u2019utilisateur, qui suivent, enregistrent et stockent des informations sur ses interactions et son utilisation du site web. Cela permet au site, via son serveur, d\u2019offrir une exp\u00e9rience personnalis\u00e9e \u00e0 ses utilisateurs.<\/p>\r\n<p>Les utilisateurs sont inform\u00e9s que s\u2019ils souhaitent refuser l\u2019utilisation et le stockage de cookies depuis ce site web sur leur disque dur, ils doivent effectuer les r\u00e9glages n\u00e9cessaires dans les param\u00e8tres de s\u00e9curit\u00e9 de leur navigateur afin de bloquer tous les cookies provenant de ce site et de ses prestataires externes. Aucune information personnelle n\u2019est stock\u00e9e, enregistr\u00e9e ou collect\u00e9e.<\/p>\r\n<p><strong>Contact et communication<\/strong><\/p>\r\n<p>Les utilisateurs qui contactent ce site web et\/ou ses propri\u00e9taires le font \u00e0 leur propre discr\u00e9tion et fournissent toute information personnelle demand\u00e9e \u00e0 leurs propres risques. Vos informations personnelles sont conserv\u00e9es de mani\u00e8re priv\u00e9e et s\u00e9curis\u00e9e jusqu\u2019au moment o\u00f9 elles ne sont plus n\u00e9cessaires ou utiles, comme pr\u00e9cis\u00e9 dans la Loi sur la protection des donn\u00e9es.<\/p>\r\n<p>Tous les efforts ont \u00e9t\u00e9 faits pour assurer un processus s\u00e9curis\u00e9 de soumission par formulaire email, mais les utilisateurs sont avis\u00e9s que l\u2019utilisation de tels formulaires se fait \u00e0 leurs propres risques.<\/p>\r\n<p>Les informations personnelles que vous fournissez sont utilis\u00e9es pour r\u00e9pondre \u00e0 votre demande de services, pour vous envoyer les d\u00e9tails de confirmation et, si n\u00e9cessaire, pour vous informer de mises \u00e0 jour ou changements concernant vos plans de voyage.<\/p>\r\n<p><strong>Advice Tour<\/strong> ne modifie, copie, distribue, autorise, vend ou ne redistribue aucune de vos informations personnelles. En utilisant le site web de <strong>Advice Tour<\/strong>, vous consentez \u00e0 la collecte et \u00e0 l\u2019utilisation de ces informations comme d\u00e9crit ci-dessus.<\/p>\r\n<p><strong>S\u00e9curit\u00e9 des transactions et certificat SSL<\/strong><\/p>\r\n<p>Nous utilisons le protocole SSL (Secure Socket Layers) afin de garantir la confidentialit\u00e9 des informations que vous nous fournissez.<\/p>\r\n<p><strong>Publicit\u00e9s et liens sponsoris\u00e9s<\/strong><\/p>\r\n<p>Ce site web ne contient aucun lien sponsoris\u00e9 ni publicit\u00e9.<\/p>\r\n<p><strong>Plateformes de r\u00e9seaux sociaux<\/strong><\/p>\r\n<p>La communication, les interactions et les actions r\u00e9alis\u00e9es via des plateformes de r\u00e9seaux sociaux externes sur lesquelles ce site et ses propri\u00e9taires sont pr\u00e9sents sont soumises aux conditions g\u00e9n\u00e9rales d\u2019utilisation et aux politiques de confidentialit\u00e9 propres \u00e0 chaque plateforme.<\/p>\r\n<p>Les utilisateurs sont invit\u00e9s \u00e0 utiliser les r\u00e9seaux sociaux avec prudence et \u00e0 y communiquer avec soin concernant leurs donn\u00e9es personnelles. Ce site et ses propri\u00e9taires ne demanderont jamais d\u2019informations personnelles ou sensibles via les r\u00e9seaux sociaux et encouragent les utilisateurs souhaitant discuter d\u2019informations sensibles \u00e0 les contacter via les canaux de communication principaux, tels que le t\u00e9l\u00e9phone ou l\u2019email.<\/p>\r\n<p>Ce site peut utiliser des boutons de partage social permettant de partager directement du contenu depuis les pages web vers une plateforme sociale sp\u00e9cifique. Les utilisateurs sont inform\u00e9s qu\u2019ils utilisent ces boutons de partage \u00e0 leur propre discr\u00e9tion, et qu\u2019il est possible que la plateforme sociale en question suive et enregistre leur action de partage via leur compte personnel.<\/p>\r\n<p><strong>v.1.2 Mai 2025<br \/>\u00c9dit\u00e9 &amp; personnalis\u00e9 par :<br \/>Advice Tour<\/strong><\/p>\r\n[\/vc_column_text][\/vc_column][\/vc_row][vc_row type=\u00a0\u00bbin_container\u00a0\u00bb full_screen_row_position=\u00a0\u00bbmiddle\u00a0\u00bb column_margin=\u00a0\u00bbdefault\u00a0\u00bb column_direction=\u00a0\u00bbdefault\u00a0\u00bb column_direction_tablet=\u00a0\u00bbdefault\u00a0\u00bb column_direction_phone=\u00a0\u00bbdefault\u00a0\u00bb scene_position=\u00a0\u00bbcenter\u00a0\u00bb text_color=\u00a0\u00bbdark\u00a0\u00bb text_align=\u00a0\u00bbleft\u00a0\u00bb row_border_radius=\u00a0\u00bbnone\u00a0\u00bb row_border_radius_applies=\u00a0\u00bbbg\u00a0\u00bb overflow=\u00a0\u00bbvisible\u00a0\u00bb overlay_strength=\u00a0\u00bb0.3&Prime; gradient_direction=\u00a0\u00bbleft_to_right\u00a0\u00bb shape_divider_position=\u00a0\u00bbbottom\u00a0\u00bb bg_image_animation=\u00a0\u00bbnone\u00a0\u00bb][vc_column column_padding=\u00a0\u00bbno-extra-padding\u00a0\u00bb column_padding_tablet=\u00a0\u00bbinherit\u00a0\u00bb column_padding_phone=\u00a0\u00bbinherit\u00a0\u00bb column_padding_position=\u00a0\u00bball\u00a0\u00bb column_element_direction_desktop=\u00a0\u00bbdefault\u00a0\u00bb column_element_spacing=\u00a0\u00bbdefault\u00a0\u00bb desktop_text_alignment=\u00a0\u00bbdefault\u00a0\u00bb tablet_text_alignment=\u00a0\u00bbdefault\u00a0\u00bb phone_text_alignment=\u00a0\u00bbdefault\u00a0\u00bb background_color_opacity=\u00a0\u00bb1&Prime; background_hover_color_opacity=\u00a0\u00bb1&Prime; column_backdrop_filter=\u00a0\u00bbnone\u00a0\u00bb column_shadow=\u00a0\u00bbnone\u00a0\u00bb column_border_radius=\u00a0\u00bbnone\u00a0\u00bb column_link_target=\u00a0\u00bb_self\u00a0\u00bb column_position=\u00a0\u00bbdefault\u00a0\u00bb gradient_direction=\u00a0\u00bbleft_to_right\u00a0\u00bb overlay_strength=\u00a0\u00bb0.3&Prime; width=\u00a0\u00bb1\/1&Prime; tablet_width_inherit=\u00a0\u00bbdefault\u00a0\u00bb animation_type=\u00a0\u00bbdefault\u00a0\u00bb bg_image_animation=\u00a0\u00bbnone\u00a0\u00bb border_type=\u00a0\u00bbsimple\u00a0\u00bb column_border_width=\u00a0\u00bbnone\u00a0\u00bb column_border_style=\u00a0\u00bbsolid\u00a0\u00bb][vc_column_text]\r\n[\/vc_column_text][\/vc_column][\/vc_row]<!-- \/wp:post-content -->","protected":false},"excerpt":{"rendered":"<p>[vc_row type=\u00a0\u00bbin_container\u00a0\u00bb full_screen_row_position=\u00a0\u00bbmiddle\u00a0\u00bb column_margin=\u00a0\u00bbdefault\u00a0\u00bb column_direction=\u00a0\u00bbdefault\u00a0\u00bb column_direction_tablet=\u00a0\u00bbdefault\u00a0\u00bb column_direction_phone=\u00a0\u00bbdefault\u00a0\u00bb scene_position=\u00a0\u00bbcenter\u00a0\u00bb text_color=\u00a0\u00bbdark\u00a0\u00bb text_align=\u00a0\u00bbleft\u00a0\u00bb row_border_radius=\u00a0\u00bbnone\u00a0\u00bb row_border_radius_applies=\u00a0\u00bbbg\u00a0\u00bb overflow=\u00a0\u00bbvisible\u00a0\u00bb overlay_strength=\u00a0\u00bb0.3&Prime; gradient_direction=\u00a0\u00bbleft_to_right\u00a0\u00bb shape_divider_position=\u00a0\u00bbbottom\u00a0\u00bb bg_image_animation=\u00a0\u00bbnone\u00a0\u00bb][vc_column column_padding=\u00a0\u00bbno-extra-padding\u00a0\u00bb column_padding_tablet=\u00a0\u00bbinherit\u00a0\u00bb column_padding_phone=\u00a0\u00bbinherit\u00a0\u00bb column_padding_position=\u00a0\u00bball\u00a0\u00bb column_element_direction_desktop=\u00a0\u00bbdefault\u00a0\u00bb column_element_spacing=\u00a0\u00bbdefault\u00a0\u00bb desktop_text_alignment=\u00a0\u00bbdefault\u00a0\u00bb tablet_text_alignment=\u00a0\u00bbdefault\u00a0\u00bb phone_text_alignment=\u00a0\u00bbdefault\u00a0\u00bb background_color_opacity=\u00a0\u00bb1&Prime; background_hover_color_opacity=\u00a0\u00bb1&Prime; column_backdrop_filter=\u00a0\u00bbnone\u00a0\u00bb column_shadow=\u00a0\u00bbnone\u00a0\u00bb&#8230;<\/p>\n","protected":false},"author":1,"featured_media":0,"parent":0,"menu_order":0,"comment_status":"closed","ping_status":"open","template":"","meta":{"footnotes":""},"class_list":["post-7726","page","type-page","status-publish"],"aioseo_notices":[],"_links":{"self":[{"href":"https:\/\/cappadociatourturkey.com\/fr\/wp-json\/wp\/v2\/pages\/7726","targetHints":{"allow":["GET"]}}],"collection":[{"href":"https:\/\/cappadociatourturkey.com\/fr\/wp-json\/wp\/v2\/pages"}],"about":[{"href":"https:\/\/cappadociatourturkey.com\/fr\/wp-json\/wp\/v2\/types\/page"}],"author":[{"embeddable":true,"href":"https:\/\/cappadociatourturkey.com\/fr\/wp-json\/wp\/v2\/users\/1"}],"replies":[{"embeddable":true,"href":"https:\/\/cappadociatourturkey.com\/fr\/wp-json\/wp\/v2\/comments?post=7726"}],"version-history":[{"count":3,"href":"https:\/\/cappadociatourturkey.com\/fr\/wp-json\/wp\/v2\/pages\/7726\/revisions"}],"predecessor-version":[{"id":8037,"href":"https:\/\/cappadociatourturkey.com\/fr\/wp-json\/wp\/v2\/pages\/7726\/revisions\/8037"}],"wp:attachment":[{"href":"https:\/\/cappadociatourturkey.com\/fr\/wp-json\/wp\/v2\/media?parent=7726"}],"curies":[{"name":"wp","href":"https:\/\/api.w.org\/{rel}","templated":true}]}}