{"id":4778,"date":"2024-03-15T17:57:40","date_gmt":"2024-03-15T17:57:40","guid":{"rendered":"https:\/\/cappadociatourturkey.com\/?post_type=product&#038;p=4778"},"modified":"2025-07-02T11:12:42","modified_gmt":"2025-07-02T11:12:42","slug":"paseo-en-globo-por-el-valle-de-soganli","status":"publish","type":"product","link":"https:\/\/cappadociatourturkey.com\/es\/tours-por-capadocia\/paseo-en-globo-por-el-valle-de-soganli\/","title":{"rendered":"Paseo en Globo por el Valle de So\u011fanl\u0131"},"content":{"rendered":"[vc_row type=\u00bbfull_width_background\u00bb full_screen_row_position=\u00bbmiddle\u00bb column_margin=\u00bb90px\u00bb equal_height=\u00bbyes\u00bb content_placement=\u00bbmiddle\u00bb column_direction=\u00bbdefault\u00bb column_direction_tablet=\u00bbdefault\u00bb column_direction_phone=\u00bbdefault\u00bb bg_color=\u00bb#ffffff\u00bb scene_position=\u00bbcenter\u00bb constrain_group_1=\u00bbyes\u00bb top_padding_tablet=\u00bb8%\u00bb bottom_padding_tablet=\u00bb8%\u00bb text_color=\u00bbdark\u00bb text_align=\u00bbleft\u00bb row_border_radius=\u00bbnone\u00bb row_border_radius_applies=\u00bbbg\u00bb overflow=\u00bbvisible\u00bb id=\u00bbhome\u00bb overlay_strength=\u00bb0.5&#8243; gradient_direction=\u00bbtop_to_bottom\u00bb shape_divider_position=\u00bbbottom\u00bb bg_image_animation=\u00bbnone\u00bb shape_type=\u00bbstraight_section\u00bb][vc_column column_padding=\u00bbpadding-2-percent\u00bb column_padding_tablet=\u00bbno-extra-padding\u00bb column_padding_phone=\u00bbno-extra-padding\u00bb column_padding_position=\u00bbright\u00bb column_element_direction_desktop=\u00bbdefault\u00bb column_element_spacing=\u00bbdefault\u00bb desktop_text_alignment=\u00bbdefault\u00bb tablet_text_alignment=\u00bbdefault\u00bb phone_text_alignment=\u00bbdefault\u00bb background_color_opacity=\u00bb1&#8243; background_hover_color_opacity=\u00bb1&#8243; column_backdrop_filter=\u00bbnone\u00bb column_shadow=\u00bbnone\u00bb column_border_radius=\u00bbnone\u00bb column_link_target=\u00bb_self\u00bb column_position=\u00bbdefault\u00bb zindex=\u00bb100&#8243; gradient_direction=\u00bbleft_t_to_right_b\u00bb overlay_strength=\u00bb0.3&#8243; width=\u00bb1\/1&#8243; tablet_width_inherit=\u00bbdefault\u00bb animation_type=\u00bbdefault\u00bb bg_image_animation=\u00bbnone\u00bb border_type=\u00bbsimple\u00bb column_border_width=\u00bbnone\u00bb column_border_style=\u00bbsolid\u00bb offset=\u00bbvc_col-xs-12&#8243;][vc_row_inner column_margin=\u00bbdefault\u00bb column_direction=\u00bbdefault\u00bb column_direction_tablet=\u00bbdefault\u00bb column_direction_phone=\u00bbdefault\u00bb text_align=\u00bbleft\u00bb row_position=\u00bbdefault\u00bb row_position_tablet=\u00bbinherit\u00bb row_position_phone=\u00bbinherit\u00bb overflow=\u00bbvisible\u00bb pointer_events=\u00bball\u00bb min_width=\u00bb47vh\u00bb][vc_column_inner column_padding=\u00bbno-extra-padding\u00bb column_padding_tablet=\u00bbinherit\u00bb column_padding_phone=\u00bbinherit\u00bb column_padding_position=\u00bball\u00bb column_element_direction_desktop=\u00bbdefault\u00bb column_element_spacing=\u00bbdefault\u00bb desktop_text_alignment=\u00bbdefault\u00bb tablet_text_alignment=\u00bbdefault\u00bb phone_text_alignment=\u00bbdefault\u00bb background_color_opacity=\u00bb1&#8243; background_hover_color_opacity=\u00bb1&#8243; column_backdrop_filter=\u00bbnone\u00bb column_shadow=\u00bbnone\u00bb column_border_radius=\u00bbnone\u00bb column_link_target=\u00bb_self\u00bb overflow=\u00bbvisible\u00bb gradient_direction=\u00bbleft_to_right\u00bb overlay_strength=\u00bb0.3&#8243; width=\u00bb1\/1&#8243; tablet_width_inherit=\u00bbdefault\u00bb animation_type=\u00bbdefault\u00bb enable_animation=\u00bbtrue\u00bb animation=\u00bbfade-in-from-bottom\u00bb animation_easing=\u00bbdefault\u00bb bg_image_animation=\u00bbnone\u00bb border_type=\u00bbsimple\u00bb column_border_width=\u00bbnone\u00bb column_border_style=\u00bbsolid\u00bb enable_border_animation=\u00bbtrue\u00bb][vc_column_text css_animation=\u00bbnone\u00bb css=\u00bb.vc_custom_1710525485026{margin-bottom: 20px !important;}\u00bb text_direction=\u00bbdefault\u00bb]\n<h2>Paseo en Globo por el Valle de So\u011fanl\u0131<\/h2>\n[\/vc_column_text][vc_custom_heading text=\u00bbEl Valle de So\u011fanl\u0131 est\u00e1 a 45 km de la zona principal de vuelos en globo. Habr\u00e1 un m\u00e1ximo de 18 globos volando juntos debido a las permisos de vuelo de la aviaci\u00f3n civil. El paisaje es similar al recorrido en globo por Capadocia.\u00bb font_container=\u00bbtag:p|font_size:20px|text_align:left|line_height:2em\u00bb use_theme_fonts=\u00bbyes\u00bb css_animation=\u00bbnone\u00bb][vc_column_text css=\u00bb\u00bb text_direction=\u00bbdefault\u00bb]Si el vuelo se cancela en la zona principal, el Valle de So\u011fanl\u0131 puede ser una buena oportunidad para ver c\u00f3mo se desarrollan los vuelos en globo. El aterrizaje en el Valle de So\u011fanl\u0131 puede ser un poco r\u00e1pido, por eso no recomendamos que viaje con ni\u00f1os.<\/p>\n<p>&nbsp;<\/p>\n<p>Su recorrido en globo ser\u00e1 de aproximadamente 45 minutos, mientras su piloto gu\u00eda el globo sobre los pintorescos valles. Con el amanecer y los rayos dorados iluminando las formaciones rocosas \u00fanicas, quedar\u00e1 asombrado por la belleza.<\/p>\n<p>&nbsp;<\/p>\n<p>Duraci\u00f3n del vuelo: 45 minutos<\/p>\n<p>Tama\u00f1o de la cesta: m\u00e1ximo de 20 personas<\/p>\n<p>&nbsp;<\/p>\n<p>QU\u00c9 ESPERAR:<\/p>\n<ul>\n<li>Su aventura comenzar\u00e1 aproximadamente 2 horas antes del amanecer, cuando lo recojan de su hotel y lo lleven a la oficina de la compa\u00f1\u00eda de globos para el registro y un desayuno ligero.<\/li>\n<li>Mientras espera, los pilotos est\u00e1n ocupados verificando las condiciones meteorol\u00f3gicas para determinar los puntos de despegue perfectos. Estos puntos de despegue cambiar\u00e1n cada d\u00eda para garantizar la mejor experiencia de vuelo posible seg\u00fan la velocidad y direcci\u00f3n del viento.<\/li>\n<li>Una vez que la autoridad de aviaci\u00f3n civil turca d\u00e9 la luz verde, lo llevar\u00e1n al punto de despegue designado. Aqu\u00ed, observar\u00e1 las \u00faltimas etapas de la inflaci\u00f3n del globo antes de saltar a la cesta.<\/li>\n<li>El recorrido en globo ser\u00e1 de aproximadamente 45 minutos, mientras su piloto gu\u00eda el globo sobre los valles de So\u011fanl\u0131. Con el amanecer y los rayos dorados iluminando las formaciones rocosas \u00fanicas, quedar\u00e1 asombrado por la belleza.<\/li>\n<li>El recorrido en globo por So\u011fanl\u0131 puede terminar 5-10 minutos antes o despu\u00e9s del tiempo de duraci\u00f3n prometido, porque no hay control de direcci\u00f3n y no hay un punto de aterrizaje espec\u00edfico.<\/li>\n<li>Al final de su vuelo, el piloto guiar\u00e1 el globo de regreso a la tierra, siempre en un lugar diferente de donde comenz\u00f3. Los minivans estar\u00e1n esperando.<\/li>\n<li>De vuelta en tierra, disfrute de una celebraci\u00f3n tradicional con champ\u00e1n y reciba su certificado de vuelo para recordarle la experiencia durante a\u00f1os.<\/li>\n<\/ul>\n[\/vc_column_text][\/vc_column_inner][\/vc_row_inner][\/vc_column][\/vc_row][vc_row type=\u00bbfull_width_background\u00bb full_screen_row_position=\u00bbmiddle\u00bb column_margin=\u00bb90px\u00bb equal_height=\u00bbyes\u00bb content_placement=\u00bbmiddle\u00bb column_direction=\u00bbdefault\u00bb column_direction_tablet=\u00bbdefault\u00bb column_direction_phone=\u00bbdefault\u00bb bg_color=\u00bb#ffffff\u00bb scene_position=\u00bbcenter\u00bb constrain_group_1=\u00bbyes\u00bb top_padding_tablet=\u00bb8%\u00bb bottom_padding_tablet=\u00bb8%\u00bb text_color=\u00bbdark\u00bb text_align=\u00bbleft\u00bb row_border_radius=\u00bbnone\u00bb row_border_radius_applies=\u00bbbg\u00bb overflow=\u00bbvisible\u00bb overlay_strength=\u00bb0.5&#8243; gradient_direction=\u00bbtop_to_bottom\u00bb shape_divider_position=\u00bbbottom\u00bb bg_image_animation=\u00bbnone\u00bb shape_type=\u00bbstraight_section\u00bb gradient_type=\u00bbdefault\u00bb][vc_column column_padding=\u00bbpadding-2-percent\u00bb column_padding_tablet=\u00bbno-extra-padding\u00bb column_padding_phone=\u00bbno-extra-padding\u00bb column_padding_position=\u00bbright\u00bb column_element_direction_desktop=\u00bbdefault\u00bb column_element_spacing=\u00bbdefault\u00bb desktop_text_alignment=\u00bbdefault\u00bb tablet_text_alignment=\u00bbdefault\u00bb phone_text_alignment=\u00bbdefault\u00bb background_color_opacity=\u00bb1&#8243; background_hover_color_opacity=\u00bb1&#8243; column_backdrop_filter=\u00bbnone\u00bb column_shadow=\u00bbnone\u00bb column_border_radius=\u00bbnone\u00bb column_link_target=\u00bb_self\u00bb column_position=\u00bbdefault\u00bb zindex=\u00bb100&#8243; gradient_direction=\u00bbleft_t_to_right_b\u00bb overlay_strength=\u00bb0.3&#8243; width=\u00bb1\/1&#8243; tablet_width_inherit=\u00bbdefault\u00bb animation_type=\u00bbdefault\u00bb bg_image_animation=\u00bbnone\u00bb border_type=\u00bbsimple\u00bb column_border_width=\u00bbnone\u00bb column_border_style=\u00bbsolid\u00bb offset=\u00bbvc_col-xs-12&#8243;][vc_row_inner column_margin=\u00bb70px\u00bb column_direction=\u00bbdefault\u00bb column_direction_tablet=\u00bbdefault\u00bb column_direction_phone=\u00bbdefault\u00bb top_padding=\u00bb25&#8243; bottom_padding=\u00bb15&#8243; text_align=\u00bbleft\u00bb row_position=\u00bbdefault\u00bb row_position_tablet=\u00bbinherit\u00bb row_position_phone=\u00bbinherit\u00bb overflow=\u00bbvisible\u00bb pointer_events=\u00bball\u00bb][vc_column_inner column_padding=\u00bbno-extra-padding\u00bb column_padding_tablet=\u00bbinherit\u00bb column_padding_phone=\u00bbinherit\u00bb column_padding_position=\u00bball\u00bb column_element_direction_desktop=\u00bbdefault\u00bb column_element_spacing=\u00bbdefault\u00bb desktop_text_alignment=\u00bbdefault\u00bb tablet_text_alignment=\u00bbdefault\u00bb phone_text_alignment=\u00bbdefault\u00bb background_color_opacity=\u00bb1&#8243; background_hover_color_opacity=\u00bb1&#8243; column_backdrop_filter=\u00bbnone\u00bb column_shadow=\u00bbnone\u00bb column_border_radius=\u00bbnone\u00bb column_link_target=\u00bb_self\u00bb overflow=\u00bbvisible\u00bb gradient_direction=\u00bbleft_to_right\u00bb overlay_strength=\u00bb0.3&#8243; width=\u00bb1\/3&#8243; tablet_width_inherit=\u00bbsmall_desktop\u00bb animation_type=\u00bbdefault\u00bb enable_animation=\u00bbtrue\u00bb animation=\u00bbfade-in-from-bottom\u00bb animation_easing=\u00bbdefault\u00bb bg_image_animation=\u00bbnone\u00bb border_type=\u00bbsimple\u00bb column_border_width=\u00bbnone\u00bb column_border_style=\u00bbsolid\u00bb][vc_column_text css_animation=\u00bbnone\u00bb css=\u00bb.vc_custom_1689773585088{margin-bottom: 10px !important;}\u00bb]\n<h4>Incluido<\/h4>\n[\/vc_column_text][vc_column_text text_direction=\u00bbdefault\u00bb]\n<ul>\n<li>Recogida en el hotel \/ Regreso al hotel<\/li>\n<li>Desayuno ligero<\/li>\n<li>Aproximadamente 45 minutos de vuelo<\/li>\n<li>Seguro de pasajeros de 5 millones de euros<\/li>\n<li>Celebraci\u00f3n con champ\u00e1n y certificado de vuelo.<br \/>\ntodos los impuestos<\/li>\n<\/ul>\n[\/vc_column_text][\/vc_column_inner][vc_column_inner column_padding=\u00bbno-extra-padding\u00bb column_padding_tablet=\u00bbinherit\u00bb column_padding_phone=\u00bbinherit\u00bb column_padding_position=\u00bball\u00bb column_element_direction_desktop=\u00bbdefault\u00bb column_element_spacing=\u00bbdefault\u00bb desktop_text_alignment=\u00bbdefault\u00bb tablet_text_alignment=\u00bbdefault\u00bb phone_text_alignment=\u00bbdefault\u00bb background_color_opacity=\u00bb1&#8243; background_hover_color_opacity=\u00bb1&#8243; column_backdrop_filter=\u00bbnone\u00bb column_shadow=\u00bbnone\u00bb column_border_radius=\u00bbnone\u00bb column_link_target=\u00bb_self\u00bb overflow=\u00bbvisible\u00bb gradient_direction=\u00bbleft_to_right\u00bb overlay_strength=\u00bb0.3&#8243; width=\u00bb1\/3&#8243; tablet_width_inherit=\u00bbsmall_desktop\u00bb animation_type=\u00bbdefault\u00bb enable_animation=\u00bbtrue\u00bb animation=\u00bbfade-in-from-bottom\u00bb animation_easing=\u00bbdefault\u00bb bg_image_animation=\u00bbnone\u00bb border_type=\u00bbsimple\u00bb column_border_width=\u00bbnone\u00bb column_border_style=\u00bbsolid\u00bb][vc_column_text css_animation=\u00bbnone\u00bb css=\u00bb.vc_custom_1690216469527{margin-bottom: 10px !important;}\u00bb]\n<h4>Notas<\/h4>\n[\/vc_column_text][vc_column_text css=\u00bb\u00bb text_direction=\u00bbdefault\u00bb]\nEl aterrizaje en el valle de So\u011fanl\u0131 puede ser un poco r\u00e1pido, por eso no recomendamos viajar con ni\u00f1os.<br \/>\n[\/vc_column_text][\/vc_column_inner][vc_column_inner column_padding=\u00bbno-extra-padding\u00bb column_padding_tablet=\u00bbinherit\u00bb column_padding_phone=\u00bbinherit\u00bb column_padding_position=\u00bball\u00bb column_element_direction_desktop=\u00bbdefault\u00bb column_element_spacing=\u00bbdefault\u00bb desktop_text_alignment=\u00bbdefault\u00bb tablet_text_alignment=\u00bbdefault\u00bb phone_text_alignment=\u00bbdefault\u00bb background_color_opacity=\u00bb1&#8243; background_hover_color_opacity=\u00bb1&#8243; column_backdrop_filter=\u00bbnone\u00bb column_shadow=\u00bbnone\u00bb column_border_radius=\u00bbnone\u00bb column_link_target=\u00bb_self\u00bb overflow=\u00bbvisible\u00bb gradient_direction=\u00bbleft_to_right\u00bb overlay_strength=\u00bb0.3&#8243; width=\u00bb1\/3&#8243; tablet_width_inherit=\u00bbdefault\u00bb animation_type=\u00bbdefault\u00bb enable_animation=\u00bbtrue\u00bb animation=\u00bbfade-in-from-bottom\u00bb animation_easing=\u00bbdefault\u00bb bg_image_animation=\u00bbnone\u00bb border_type=\u00bbsimple\u00bb column_border_width=\u00bbnone\u00bb column_border_style=\u00bbsolid\u00bb column_padding_type=\u00bbdefault\u00bb gradient_type=\u00bbdefault\u00bb][vc_column_text css_animation=\u00bbnone\u00bb css=\u00bb.vc_custom_1689772799372{margin-bottom: 10px !important;}\u00bb]\n<h4>Cancelaciones:<\/h4>\n[\/vc_column_text][vc_column_text]\n<ul>\n<li>Si el vuelo en globo se cancela por mal tiempo, recibir\u00e1 un reembolso del 100%.<\/li>\n<li>Las cancelaciones realizadas con m\u00e1s de 48 horas desde el inicio del tour no tendr\u00e1n cargo.<\/li>\n<li>Las cancelaciones realizadas entre 24-48 horas desde el inicio del tour tendr\u00e1n un cargo del 50% del monto adeudado.<\/li>\n<li>Si no se presenta y las cancelaciones realizadas dentro de las 24 horas anteriores a la hora de inicio, se cobrar\u00e1 el 100% del monto adeudado.<\/li>\n<\/ul>\n[\/vc_column_text][\/vc_column_inner][\/vc_row_inner][\/vc_column][\/vc_row][vc_row type=\u00bbin_container\u00bb full_screen_row_position=\u00bbmiddle\u00bb column_margin=\u00bbdefault\u00bb column_direction=\u00bbdefault\u00bb column_direction_tablet=\u00bbdefault\u00bb column_direction_phone=\u00bbdefault\u00bb scene_position=\u00bbcenter\u00bb text_color=\u00bbdark\u00bb text_align=\u00bbleft\u00bb row_border_radius=\u00bbnone\u00bb row_border_radius_applies=\u00bbbg\u00bb overflow=\u00bbvisible\u00bb overlay_strength=\u00bb0.3&#8243; gradient_direction=\u00bbleft_to_right\u00bb shape_divider_position=\u00bbbottom\u00bb bg_image_animation=\u00bbnone\u00bb][vc_column column_padding=\u00bbno-extra-padding\u00bb column_padding_tablet=\u00bbinherit\u00bb column_padding_phone=\u00bbinherit\u00bb column_padding_position=\u00bball\u00bb column_element_direction_desktop=\u00bbdefault\u00bb column_element_spacing=\u00bbdefault\u00bb desktop_text_alignment=\u00bbdefault\u00bb tablet_text_alignment=\u00bbdefault\u00bb phone_text_alignment=\u00bbdefault\u00bb background_color_opacity=\u00bb1&#8243; background_hover_color_opacity=\u00bb1&#8243; column_backdrop_filter=\u00bbnone\u00bb column_shadow=\u00bbnone\u00bb column_border_radius=\u00bbnone\u00bb column_link_target=\u00bb_self\u00bb column_position=\u00bbdefault\u00bb gradient_direction=\u00bbleft_to_right\u00bb overlay_strength=\u00bb0.3&#8243; width=\u00bb1\/4&#8243; tablet_width_inherit=\u00bbdefault\u00bb animation_type=\u00bbdefault\u00bb enable_animation=\u00bbtrue\u00bb animation=\u00bbfade-in-from-left\u00bb animation_easing=\u00bbdefault\u00bb bg_image_animation=\u00bbnone\u00bb border_type=\u00bbsimple\u00bb column_border_width=\u00bbnone\u00bb column_border_style=\u00bbsolid\u00bb column_padding_type=\u00bbdefault\u00bb gradient_type=\u00bbdefault\u00bb][vc_raw_html css=\u00bb\u00bb]PGRpdiBjbGFzcz0iY3RjX2NoYXQgY3RjX3dvb19wbGFjZSIgc3R5bGU9ImN1cnNvcjogcG9pbnRlcjsgZGlzcGxheTogYmxvY2s7IiBkYXRhLWR0PSJibG9jayI+PHN0eWxlIGlkPSJodC1jdGMtczgiPg0KLmh0LWN0Yy1zdHlsZS04IC5zXzggLnNfOF9pY29ue29yZGVyOjA7bWFyZ2luLXJpZ2h0OiAxNXB4Ozt9Lmh0LWN0YyAuaHQtY3RjLXN0eWxlLTg6aG92ZXIgLnNfOCBzdmcgZyBwYXRoe2ZpbGw6I2ZmZmZmZiAhaW1wb3J0YW50O30uaHQtY3RjIC5odC1jdGMtc3R5bGUtODpob3ZlciAuc184IC5odC1jdGMtczgtdGV4dHtjb2xvcjojZmZmZmZmICFpbXBvcnRhbnQ7fS5odC1jdGMgLmh0LWN0Yy1zdHlsZS04OmhvdmVyIC5zXzh7Ym94LXNoYWRvdzogMCAzcHggM3B4IDAgcmdiYSg3LDYsNiwuMTQpLCAwIDFweCA3cHggMCByZ2JhKDAsMCwwLC4xMiksIDAgM3B4IDFweCAtMXB4IHJnYmEoMCwwLDAsLjIpICFpbXBvcnRhbnQ7IHRyYW5zaXRpb246IC4ycyBlYXNlLW91dCAhaW1wb3J0YW50OyBiYWNrZ3JvdW5kLWNvbG9yOiMyNmE2OWEgIWltcG9ydGFudDsgfTwvc3R5bGU+DQo8ZGl2IGNsYXNzPSJodC1jdGMtc3R5bGUtOCBjdGMtYW5hbHl0aWNzIj48c3BhbiBjbGFzcz0ic184IHdhdmVzLWVmZmVjdCB3YXZlcy1saWdodCBjdGMtYW5hbHl0aWNzIiBzdHlsZT0iZGlzcGxheTogZmxleDsgcGFkZGluZzogMCAycmVtOyBsZXR0ZXItc3BhY2luZzogLjVweDsgdHJhbnNpdGlvbjogLjJzIGVhc2Utb3V0OyB0ZXh0LWFsaWduOiBjZW50ZXI7IGp1c3RpZnktY29udGVudDogY2VudGVyOyBhbGlnbi1pdGVtczogY2VudGVyOyBib3JkZXItcmFkaXVzOiAycHg7IGhlaWdodDogMzZweDsgbGluZS1oZWlnaHQ6IDM2cHg7IHZlcnRpY2FsLWFsaWduOiBtaWRkbGU7IGJveC1zaGFkb3c6IDAgMnB4IDJweCAwIHJnYmEoMCwwLDAsLjE0KSwgMCAxcHggNXB4IDAgcmdiYSgwLDAsMCwuMTIpLCAwIDNweCAxcHggLTJweCByZ2JhKDAsMCwwLC4yKTsgYm94LXNpemluZzogaW5oZXJpdDsgYmFja2dyb3VuZC1jb2xvcjogIzI2YTY5YTsiPg0KPHNwYW4gY2xhc3M9InNfOF9pY29uIj4NCg0KDQoNCjwvc3Bhbj4NCjxzcGFuIGNsYXNzPSJodC1jdGMtczgtdGV4dCBzOF9zcGFuIGN0Yy1hbmFseXRpY3MgY3RjX2N0YSIgc3R5bGU9ImNvbG9yOiAjZmZmZmZmOyI+DQpXaGF0c0FwcCA8L3NwYW4+DQo8L3NwYW4+PC9kaXY+DQo8L2Rpdj4=[\/vc_raw_html][\/vc_column][vc_column column_padding=\u00bbno-extra-padding\u00bb column_padding_tablet=\u00bbinherit\u00bb column_padding_phone=\u00bbinherit\u00bb column_padding_position=\u00bball\u00bb column_element_direction_desktop=\u00bbdefault\u00bb column_element_spacing=\u00bbdefault\u00bb desktop_text_alignment=\u00bbdefault\u00bb tablet_text_alignment=\u00bbdefault\u00bb phone_text_alignment=\u00bbdefault\u00bb background_color_opacity=\u00bb1&#8243; background_hover_color_opacity=\u00bb1&#8243; column_backdrop_filter=\u00bbnone\u00bb column_shadow=\u00bbnone\u00bb column_border_radius=\u00bbnone\u00bb column_link_target=\u00bb_self\u00bb column_position=\u00bbdefault\u00bb gradient_direction=\u00bbleft_to_right\u00bb overlay_strength=\u00bb0.3&#8243; width=\u00bb1\/2&#8243; tablet_width_inherit=\u00bbdefault\u00bb animation_type=\u00bbdefault\u00bb bg_image_animation=\u00bbnone\u00bb border_type=\u00bbsimple\u00bb column_border_width=\u00bbnone\u00bb column_border_style=\u00bbsolid\u00bb][\/vc_column][vc_column column_padding=\u00bbno-extra-padding\u00bb column_padding_tablet=\u00bbinherit\u00bb column_padding_phone=\u00bbinherit\u00bb column_padding_position=\u00bball\u00bb column_element_direction_desktop=\u00bbdefault\u00bb column_element_spacing=\u00bbdefault\u00bb desktop_text_alignment=\u00bbdefault\u00bb tablet_text_alignment=\u00bbdefault\u00bb phone_text_alignment=\u00bbdefault\u00bb background_color_opacity=\u00bb1&#8243; background_hover_color_opacity=\u00bb1&#8243; column_backdrop_filter=\u00bbnone\u00bb column_shadow=\u00bbnone\u00bb column_border_radius=\u00bbnone\u00bb column_link_target=\u00bb_self\u00bb column_position=\u00bbdefault\u00bb gradient_direction=\u00bbleft_to_right\u00bb overlay_strength=\u00bb0.3&#8243; width=\u00bb1\/4&#8243; tablet_width_inherit=\u00bbdefault\u00bb animation_type=\u00bbdefault\u00bb bg_image_animation=\u00bbnone\u00bb border_type=\u00bbsimple\u00bb column_border_width=\u00bbnone\u00bb column_border_style=\u00bbsolid\u00bb][\/vc_column][\/vc_row]\n","protected":false},"excerpt":{"rendered":"<p>El valle de So\u011fanl\u0131 est\u00e1 a 45 km de la zona principal de vuelo en globo. Habr\u00e1 un m\u00e1ximo de 18 globos volando juntos seg\u00fan los permisos de vuelo de la aviaci\u00f3n civil. El paisaje es similar al del recorrido en globo por Capadocia.<\/p>\n<p>Si planea reservar para los pr\u00f3ximos 3 d\u00edas, por favor pregunte sobre la disponibilidad primero.<\/p>\n","protected":false},"featured_media":6773,"template":"","meta":[],"product_brand":[],"product_cat":[242],"product_tag":[],"class_list":{"0":"post-4778","1":"product","2":"type-product","3":"status-publish","4":"has-post-thumbnail","6":"product_cat-otros-vuelos-en-globo","8":"first","9":"instock","10":"shipping-taxable","11":"purchasable","12":"product-type-simple"},"aioseo_notices":[],"_links":{"self":[{"href":"https:\/\/cappadociatourturkey.com\/es\/wp-json\/wp\/v2\/product\/4778","targetHints":{"allow":["GET"]}}],"collection":[{"href":"https:\/\/cappadociatourturkey.com\/es\/wp-json\/wp\/v2\/product"}],"about":[{"href":"https:\/\/cappadociatourturkey.com\/es\/wp-json\/wp\/v2\/types\/product"}],"wp:featuredmedia":[{"embeddable":true,"href":"https:\/\/cappadociatourturkey.com\/es\/wp-json\/wp\/v2\/media\/6773"}],"wp:attachment":[{"href":"https:\/\/cappadociatourturkey.com\/es\/wp-json\/wp\/v2\/media?parent=4778"}],"wp:term":[{"taxonomy":"product_brand","embeddable":true,"href":"https:\/\/cappadociatourturkey.com\/es\/wp-json\/wp\/v2\/product_brand?post=4778"},{"taxonomy":"product_cat","embeddable":true,"href":"https:\/\/cappadociatourturkey.com\/es\/wp-json\/wp\/v2\/product_cat?post=4778"},{"taxonomy":"product_tag","embeddable":true,"href":"https:\/\/cappadociatourturkey.com\/es\/wp-json\/wp\/v2\/product_tag?post=4778"}],"curies":[{"name":"wp","href":"https:\/\/api.w.org\/{rel}","templated":true}]}}