{"id":3890,"date":"2023-07-25T11:08:36","date_gmt":"2023-07-25T11:08:36","guid":{"rendered":"https:\/\/cappadociatourturkey.com\/tours\/vuelo-confort-largo\/"},"modified":"2025-07-25T08:26:50","modified_gmt":"2025-07-25T08:26:50","slug":"confort-vuelo-largo","status":"publish","type":"product","link":"https:\/\/cappadociatourturkey.com\/es\/tours-por-capadocia\/confort-vuelo-largo\/","title":{"rendered":"Confort Vuelo largo"},"content":{"rendered":"[vc_row type=\u00bbfull_width_background\u00bb full_screen_row_position=\u00bbmiddle\u00bb column_margin=\u00bb90px\u00bb equal_height=\u00bbyes\u00bb content_placement=\u00bbmiddle\u00bb column_direction=\u00bbdefault\u00bb column_direction_tablet=\u00bbdefault\u00bb column_direction_phone=\u00bbdefault\u00bb bg_color=\u00bb#ffffff\u00bb scene_position=\u00bbcenter\u00bb constrain_group_1=\u00bbyes\u00bb top_padding_tablet=\u00bb8%\u00bb bottom_padding_tablet=\u00bb8%\u00bb text_color=\u00bbdark\u00bb text_align=\u00bbleft\u00bb row_border_radius=\u00bbnone\u00bb row_border_radius_applies=\u00bbbg\u00bb overflow=\u00bbvisible\u00bb id=\u00bbhome\u00bb overlay_strength=\u00bb0.5&#8243; gradient_direction=\u00bbtop_to_bottom\u00bb shape_divider_position=\u00bbbottom\u00bb bg_image_animation=\u00bbnone\u00bb shape_type=\u00bbstraight_section\u00bb][vc_column column_padding=\u00bbpadding-2-percent\u00bb column_padding_tablet=\u00bbno-extra-padding\u00bb column_padding_phone=\u00bbno-extra-padding\u00bb column_padding_position=\u00bbright\u00bb column_element_direction_desktop=\u00bbdefault\u00bb column_element_spacing=\u00bbdefault\u00bb desktop_text_alignment=\u00bbdefault\u00bb tablet_text_alignment=\u00bbdefault\u00bb phone_text_alignment=\u00bbdefault\u00bb background_color_opacity=\u00bb1&#8243; background_hover_color_opacity=\u00bb1&#8243; column_backdrop_filter=\u00bbnone\u00bb column_shadow=\u00bbnone\u00bb column_border_radius=\u00bbnone\u00bb column_link_target=\u00bb_self\u00bb column_position=\u00bbdefault\u00bb zindex=\u00bb100&#8243; gradient_direction=\u00bbleft_t_to_right_b\u00bb overlay_strength=\u00bb0.3&#8243; width=\u00bb1\/1&#8243; tablet_width_inherit=\u00bbdefault\u00bb animation_type=\u00bbdefault\u00bb bg_image_animation=\u00bbnone\u00bb border_type=\u00bbsimple\u00bb column_border_width=\u00bbnone\u00bb column_border_style=\u00bbsolid\u00bb offset=\u00bbvc_col-xs-12&#8243;][vc_row_inner column_margin=\u00bbdefault\u00bb column_direction=\u00bbdefault\u00bb column_direction_tablet=\u00bbdefault\u00bb column_direction_phone=\u00bbdefault\u00bb text_align=\u00bbleft\u00bb row_position=\u00bbdefault\u00bb row_position_tablet=\u00bbinherit\u00bb row_position_phone=\u00bbinherit\u00bb overflow=\u00bbvisible\u00bb pointer_events=\u00bball\u00bb min_width=\u00bb47vh\u00bb][vc_column_inner column_padding=\u00bbno-extra-padding\u00bb column_padding_tablet=\u00bbinherit\u00bb column_padding_phone=\u00bbinherit\u00bb column_padding_position=\u00bball\u00bb column_element_direction_desktop=\u00bbdefault\u00bb column_element_spacing=\u00bbdefault\u00bb desktop_text_alignment=\u00bbdefault\u00bb tablet_text_alignment=\u00bbdefault\u00bb phone_text_alignment=\u00bbdefault\u00bb background_color_opacity=\u00bb1&#8243; background_hover_color_opacity=\u00bb1&#8243; column_backdrop_filter=\u00bbnone\u00bb column_shadow=\u00bbnone\u00bb column_border_radius=\u00bbnone\u00bb column_link_target=\u00bb_self\u00bb overflow=\u00bbvisible\u00bb gradient_direction=\u00bbleft_to_right\u00bb overlay_strength=\u00bb0.3&#8243; width=\u00bb1\/1&#8243; tablet_width_inherit=\u00bbdefault\u00bb animation_type=\u00bbdefault\u00bb enable_animation=\u00bbtrue\u00bb animation=\u00bbfade-in-from-bottom\u00bb animation_easing=\u00bbdefault\u00bb bg_image_animation=\u00bbnone\u00bb border_type=\u00bbsimple\u00bb column_border_width=\u00bbnone\u00bb column_border_style=\u00bbsolid\u00bb enable_border_animation=\u00bbtrue\u00bb][vc_column_text css_animation=\u00bbnone\u00bb css=\u00bb.vc_custom_1690283379445{margin-bottom: 20px !important;}\u00bb]\n<h2>Confort Vuelo largo<\/h2>\n[\/vc_column_text][vc_custom_heading text=\u00bbEl vuelo en globo por Capadocia es la mejor manera de empezar un d\u00eda en Capadocia. El c\u00f3modo vuelo en globo por Capadocia dura unos 75 minutos, con 16 pasajeros volando en una cesta de 20 personas para que tengas m\u00e1s espacio. \u00bb font_container=\u00bbtag:p|font_size:20px|text_align:left|line_height:2em\u00bb use_theme_fonts=\u00bbyes\u00bb css_animation=\u00bbnone\u00bb][vc_column_text]<strong>Duraci\u00f3n del vuelo : 75 minutos<\/strong><br \/>\n<strong>Tama\u00f1o de la cesta : m\u00e1ximo 16 personas volando en una cesta de 20 personas.<\/strong><\/p>\n<p>La excursi\u00f3n en globo por Capadocia es la mejor manera de empezar el d\u00eda. El paisaje de la excursi\u00f3n en globo por Capadocia es incre\u00edble. <\/p>\n<p><strong>QU\u00c9 ESPERAR:<\/strong><\/p>\n<ul>\n<li>Tu aventura comenzar\u00e1 aproximadamente 1,5 horas antes del amanecer, cuando te recojan en tu hotel y te lleven a la oficina de la empresa de globos para registrarte y <strong>tomar un desayuno ligero.<\/strong><\/li>\n<li>Mientras esperas, los pilotos est\u00e1n ocupados comprobando las condiciones meteorol\u00f3gicas para determinar los puntos de despegue perfectos. Estos puntos de despegue cambiar\u00e1n cada d\u00eda para garantizarte la mejor experiencia de vuelo posible en funci\u00f3n de la velocidad y direcci\u00f3n del viento. <\/li>\n<li>Una vez que la autoridad turca de Aviaci\u00f3n Civil d\u00e9 luz verde, te llevar\u00e1n al punto de despegue designado. Aqu\u00ed observar\u00e1s las fases finales del inflado del globo antes de saltar a la cesta. <\/li>\n<li><strong>La excursi\u00f3n en globo por Capadocia durar\u00e1 un m\u00ednimo de 75 minutos<\/strong>, mientras tu piloto gu\u00eda el globo sobre los pintorescos valles. Cuando salga el sol y los rayos dorados del sol iluminen las singulares formaciones rocosas, quedar\u00e1s asombrado por su belleza. Y ser testigo de c\u00f3mo otros 100 o m\u00e1s globos comparten este momento contigo es realmente impresionante.  <\/li>\n<li>Al final de tu excursi\u00f3n en globo por Capadocia, el piloto guiar\u00e1 el globo de vuelta a tierra, siempre en un lugar distinto al que empezaste. Los monovol\u00famenes te estar\u00e1n esperando. <\/li>\n<li>De vuelta en tierra, <strong>disfruta de una tradicional<\/strong> <strong>celebraci\u00f3n con champ\u00e1n<\/strong> y recibe tu certificado de vuelo para que recuerdes tu experiencia en los a\u00f1os venideros. Despu\u00e9s, te devolver\u00e1n a tu hotel, donde podr\u00e1s disfrutar de tu segundo desayuno mientras rememoras los recuerdos de la ma\u00f1ana m\u00e1s incre\u00edble que jam\u00e1s hayas vivido. <\/li>\n<\/ul>\n[\/vc_column_text][\/vc_column_inner][\/vc_row_inner][\/vc_column][\/vc_row][vc_row type=\u00bbfull_width_background\u00bb full_screen_row_position=\u00bbmiddle\u00bb column_margin=\u00bb90px\u00bb equal_height=\u00bbyes\u00bb content_placement=\u00bbmiddle\u00bb column_direction=\u00bbdefault\u00bb column_direction_tablet=\u00bbdefault\u00bb column_direction_phone=\u00bbdefault\u00bb bg_color=\u00bb#ffffff\u00bb scene_position=\u00bbcenter\u00bb constrain_group_1=\u00bbyes\u00bb top_padding_tablet=\u00bb8%\u00bb bottom_padding_tablet=\u00bb8%\u00bb text_color=\u00bbdark\u00bb text_align=\u00bbleft\u00bb row_border_radius=\u00bbnone\u00bb row_border_radius_applies=\u00bbbg\u00bb overflow=\u00bbvisible\u00bb overlay_strength=\u00bb0.5&#8243; gradient_direction=\u00bbtop_to_bottom\u00bb shape_divider_position=\u00bbbottom\u00bb bg_image_animation=\u00bbnone\u00bb shape_type=\u00bbstraight_section\u00bb gradient_type=\u00bbdefault\u00bb][vc_column column_padding=\u00bbpadding-2-percent\u00bb column_padding_tablet=\u00bbno-extra-padding\u00bb column_padding_phone=\u00bbno-extra-padding\u00bb column_padding_position=\u00bbright\u00bb column_element_direction_desktop=\u00bbdefault\u00bb column_element_spacing=\u00bbdefault\u00bb desktop_text_alignment=\u00bbdefault\u00bb tablet_text_alignment=\u00bbdefault\u00bb phone_text_alignment=\u00bbdefault\u00bb background_color_opacity=\u00bb1&#8243; background_hover_color_opacity=\u00bb1&#8243; column_backdrop_filter=\u00bbnone\u00bb column_shadow=\u00bbnone\u00bb column_border_radius=\u00bbnone\u00bb column_link_target=\u00bb_self\u00bb column_position=\u00bbdefault\u00bb zindex=\u00bb100&#8243; gradient_direction=\u00bbleft_t_to_right_b\u00bb overlay_strength=\u00bb0.3&#8243; width=\u00bb1\/1&#8243; tablet_width_inherit=\u00bbdefault\u00bb animation_type=\u00bbdefault\u00bb bg_image_animation=\u00bbnone\u00bb border_type=\u00bbsimple\u00bb column_border_width=\u00bbnone\u00bb column_border_style=\u00bbsolid\u00bb offset=\u00bbvc_col-xs-12&#8243;][vc_row_inner column_margin=\u00bb70px\u00bb column_direction=\u00bbdefault\u00bb column_direction_tablet=\u00bbdefault\u00bb column_direction_phone=\u00bbdefault\u00bb top_padding=\u00bb25&#8243; bottom_padding=\u00bb15&#8243; text_align=\u00bbleft\u00bb row_position=\u00bbdefault\u00bb row_position_tablet=\u00bbinherit\u00bb row_position_phone=\u00bbinherit\u00bb overflow=\u00bbvisible\u00bb pointer_events=\u00bball\u00bb][vc_column_inner column_padding=\u00bbno-extra-padding\u00bb column_padding_tablet=\u00bbinherit\u00bb column_padding_phone=\u00bbinherit\u00bb column_padding_position=\u00bball\u00bb column_element_direction_desktop=\u00bbdefault\u00bb column_element_spacing=\u00bbdefault\u00bb desktop_text_alignment=\u00bbdefault\u00bb tablet_text_alignment=\u00bbdefault\u00bb phone_text_alignment=\u00bbdefault\u00bb background_color_opacity=\u00bb1&#8243; background_hover_color_opacity=\u00bb1&#8243; column_backdrop_filter=\u00bbnone\u00bb column_shadow=\u00bbnone\u00bb column_border_radius=\u00bbnone\u00bb column_link_target=\u00bb_self\u00bb overflow=\u00bbvisible\u00bb gradient_direction=\u00bbleft_to_right\u00bb overlay_strength=\u00bb0.3&#8243; width=\u00bb1\/3&#8243; tablet_width_inherit=\u00bbsmall_desktop\u00bb animation_type=\u00bbdefault\u00bb enable_animation=\u00bbtrue\u00bb animation=\u00bbfade-in-from-bottom\u00bb animation_easing=\u00bbdefault\u00bb bg_image_animation=\u00bbnone\u00bb border_type=\u00bbsimple\u00bb column_border_width=\u00bbnone\u00bb column_border_style=\u00bbsolid\u00bb][vc_column_text css_animation=\u00bbnone\u00bb css=\u00bb.vc_custom_1689773585088{margin-bottom: 10px !important;}\u00bb]\n<h4>Incluye<\/h4>\n[\/vc_column_text][vc_column_text]\n<ul>\n<li>Recogida y regreso a tu hotel<\/li>\n<li>Desayuno ligero<\/li>\n<li>M\u00ednimo 75 minutos de vuelo<\/li>\n<li>16 personas volando en una cesta de 20 personas.<\/li>\n<li>Celebraci\u00f3n con champ\u00e1n y certificado de vuelo<\/li>\n<li>Seguro personal por valor de 25 millones de euros<\/li>\n<\/ul>\n[\/vc_column_text][\/vc_column_inner][vc_column_inner column_padding=\u00bbno-extra-padding\u00bb column_padding_tablet=\u00bbinherit\u00bb column_padding_phone=\u00bbinherit\u00bb column_padding_position=\u00bball\u00bb column_element_direction_desktop=\u00bbdefault\u00bb column_element_spacing=\u00bbdefault\u00bb desktop_text_alignment=\u00bbdefault\u00bb tablet_text_alignment=\u00bbdefault\u00bb phone_text_alignment=\u00bbdefault\u00bb background_color_opacity=\u00bb1&#8243; background_hover_color_opacity=\u00bb1&#8243; column_backdrop_filter=\u00bbnone\u00bb column_shadow=\u00bbnone\u00bb column_border_radius=\u00bbnone\u00bb column_link_target=\u00bb_self\u00bb overflow=\u00bbvisible\u00bb gradient_direction=\u00bbleft_to_right\u00bb overlay_strength=\u00bb0.3&#8243; width=\u00bb1\/3&#8243; tablet_width_inherit=\u00bbsmall_desktop\u00bb animation_type=\u00bbdefault\u00bb enable_animation=\u00bbtrue\u00bb animation=\u00bbfade-in-from-bottom\u00bb animation_easing=\u00bbdefault\u00bb bg_image_animation=\u00bbnone\u00bb border_type=\u00bbsimple\u00bb column_border_width=\u00bbnone\u00bb column_border_style=\u00bbsolid\u00bb][vc_column_text css_animation=\u00bbnone\u00bb css=\u00bb.vc_custom_1689773390381{margin-bottom: 10px !important;}\u00bb]\n<h4>Notas<\/h4>\n[\/vc_column_text][vc_column_text]\n<ul>\n<li><strong>Hora de recogida:<\/strong> Las horas depender\u00e1n de la salida del sol. Consulta <a href=\"https:\/\/www.timeanddate.com\/sun\/@313947\" target=\"_blank\" rel=\"noopener\">este enlace<\/a> para obtener una gu\u00eda de las horas de puesta de sol para las fechas de tu visita. <\/li>\n<li>Los ni\u00f1os menores de 6 a\u00f1os NO pueden volar en globo en Capadocia por motivos de seguridad<\/li>\n<\/ul>\n[\/vc_column_text][\/vc_column_inner][vc_column_inner column_padding=\u00bbno-extra-padding\u00bb column_padding_tablet=\u00bbinherit\u00bb column_padding_phone=\u00bbinherit\u00bb column_padding_position=\u00bball\u00bb column_element_direction_desktop=\u00bbdefault\u00bb column_element_spacing=\u00bbdefault\u00bb desktop_text_alignment=\u00bbdefault\u00bb tablet_text_alignment=\u00bbdefault\u00bb phone_text_alignment=\u00bbdefault\u00bb background_color_opacity=\u00bb1&#8243; background_hover_color_opacity=\u00bb1&#8243; column_backdrop_filter=\u00bbnone\u00bb column_shadow=\u00bbnone\u00bb column_border_radius=\u00bbnone\u00bb column_link_target=\u00bb_self\u00bb overflow=\u00bbvisible\u00bb gradient_direction=\u00bbleft_to_right\u00bb overlay_strength=\u00bb0.3&#8243; width=\u00bb1\/3&#8243; tablet_width_inherit=\u00bbdefault\u00bb animation_type=\u00bbdefault\u00bb enable_animation=\u00bbtrue\u00bb animation=\u00bbfade-in-from-bottom\u00bb animation_easing=\u00bbdefault\u00bb bg_image_animation=\u00bbnone\u00bb border_type=\u00bbsimple\u00bb column_border_width=\u00bbnone\u00bb column_border_style=\u00bbsolid\u00bb column_padding_type=\u00bbdefault\u00bb gradient_type=\u00bbdefault\u00bb][vc_column_text css_animation=\u00bbnone\u00bb css=\u00bb.vc_custom_1689772799372{margin-bottom: 10px !important;}\u00bb]\n<h4>Anulaciones<\/h4>\n[\/vc_column_text][vc_column_text]\n<ul>\n<li>Si el vuelo en globo se cancela debido al mal tiempo, <strong>recibir\u00e1s un reembolso del 100%.<\/strong><\/li>\n<li>Las cancelaciones <strong>realizadas con m\u00e1s de 48 horas<\/strong> de antelaci\u00f3n al inicio del viaje no se cobrar\u00e1n.<\/li>\n<li>Las cancelaciones <strong>realizadas entre 24 y 48 horas<\/strong> antes del inicio del viaje tendr\u00e1n un cargo del 50% del importe debido.<\/li>\n<li>Si no te presentas y cancelas <strong>antes de 24 horas<\/strong> del comienzo de la hora de inicio, se te cobrar\u00e1 el 100% del importe adeudado.<\/li>\n<li>\n<\/li>\n<\/ul>\n[\/vc_column_text][\/vc_column_inner][\/vc_row_inner][\/vc_column][\/vc_row]\n","protected":false},"excerpt":{"rendered":"<p><strong>Confort Vuelo largo<\/strong> sobre Capadocia tiene una duraci\u00f3n de aproximadamente 75 minutos y 16 pasajeros viajando en una cesta con capacidad para 20 personas.<\/p>\n","protected":false},"featured_media":3866,"template":"","meta":[],"product_brand":[],"product_cat":[210],"product_tag":[],"class_list":{"0":"post-3890","1":"product","2":"type-product","3":"status-publish","4":"has-post-thumbnail","6":"product_cat-vuelos-por-globo-sobre-capadocia-goreme","8":"first","9":"instock","10":"shipping-taxable","11":"purchasable","12":"product-type-simple"},"aioseo_notices":[],"_links":{"self":[{"href":"https:\/\/cappadociatourturkey.com\/es\/wp-json\/wp\/v2\/product\/3890","targetHints":{"allow":["GET"]}}],"collection":[{"href":"https:\/\/cappadociatourturkey.com\/es\/wp-json\/wp\/v2\/product"}],"about":[{"href":"https:\/\/cappadociatourturkey.com\/es\/wp-json\/wp\/v2\/types\/product"}],"wp:featuredmedia":[{"embeddable":true,"href":"https:\/\/cappadociatourturkey.com\/es\/wp-json\/wp\/v2\/media\/3866"}],"wp:attachment":[{"href":"https:\/\/cappadociatourturkey.com\/es\/wp-json\/wp\/v2\/media?parent=3890"}],"wp:term":[{"taxonomy":"product_brand","embeddable":true,"href":"https:\/\/cappadociatourturkey.com\/es\/wp-json\/wp\/v2\/product_brand?post=3890"},{"taxonomy":"product_cat","embeddable":true,"href":"https:\/\/cappadociatourturkey.com\/es\/wp-json\/wp\/v2\/product_cat?post=3890"},{"taxonomy":"product_tag","embeddable":true,"href":"https:\/\/cappadociatourturkey.com\/es\/wp-json\/wp\/v2\/product_tag?post=3890"}],"curies":[{"name":"wp","href":"https:\/\/api.w.org\/{rel}","templated":true}]}}