{"id":3854,"date":"2023-07-24T13:44:33","date_gmt":"2023-07-24T13:44:33","guid":{"rendered":"https:\/\/cappadociatourturkey.com\/tours\/safari-en-jeep-al-atardecer-con-champan\/"},"modified":"2025-07-02T11:17:23","modified_gmt":"2025-07-02T11:17:23","slug":"safari-en-jeep-al-atardecer-con-champan","status":"publish","type":"product","link":"https:\/\/cappadociatourturkey.com\/es\/tours-por-capadocia\/safari-en-jeep-al-atardecer-con-champan\/","title":{"rendered":"Safari en jeep al atardecer con champ\u00e1n"},"content":{"rendered":"[vc_row type=\u00bbfull_width_background\u00bb full_screen_row_position=\u00bbmiddle\u00bb column_margin=\u00bb90px\u00bb equal_height=\u00bbyes\u00bb content_placement=\u00bbmiddle\u00bb column_direction=\u00bbdefault\u00bb column_direction_tablet=\u00bbdefault\u00bb column_direction_phone=\u00bbdefault\u00bb bg_color=\u00bb#ffffff\u00bb scene_position=\u00bbcenter\u00bb constrain_group_1=\u00bbyes\u00bb top_padding_tablet=\u00bb8%\u00bb bottom_padding_tablet=\u00bb8%\u00bb text_color=\u00bbdark\u00bb text_align=\u00bbleft\u00bb row_border_radius=\u00bbnone\u00bb row_border_radius_applies=\u00bbbg\u00bb overflow=\u00bbvisible\u00bb id=\u00bbhome\u00bb overlay_strength=\u00bb0.5&#8243; gradient_direction=\u00bbtop_to_bottom\u00bb shape_divider_position=\u00bbbottom\u00bb bg_image_animation=\u00bbnone\u00bb shape_type=\u00bbstraight_section\u00bb][vc_column column_padding=\u00bbpadding-2-percent\u00bb column_padding_tablet=\u00bbno-extra-padding\u00bb column_padding_phone=\u00bbno-extra-padding\u00bb column_padding_position=\u00bbright\u00bb column_element_direction_desktop=\u00bbdefault\u00bb column_element_spacing=\u00bbdefault\u00bb desktop_text_alignment=\u00bbdefault\u00bb tablet_text_alignment=\u00bbdefault\u00bb phone_text_alignment=\u00bbdefault\u00bb background_color_opacity=\u00bb1&#8243; background_hover_color_opacity=\u00bb1&#8243; column_backdrop_filter=\u00bbnone\u00bb column_shadow=\u00bbnone\u00bb column_border_radius=\u00bbnone\u00bb column_link_target=\u00bb_self\u00bb column_position=\u00bbdefault\u00bb zindex=\u00bb100&#8243; gradient_direction=\u00bbleft_t_to_right_b\u00bb overlay_strength=\u00bb0.3&#8243; width=\u00bb1\/1&#8243; tablet_width_inherit=\u00bbdefault\u00bb animation_type=\u00bbdefault\u00bb bg_image_animation=\u00bbnone\u00bb border_type=\u00bbsimple\u00bb column_border_width=\u00bbnone\u00bb column_border_style=\u00bbsolid\u00bb offset=\u00bbvc_col-xs-12&#8243;][vc_row_inner column_margin=\u00bbdefault\u00bb column_direction=\u00bbdefault\u00bb column_direction_tablet=\u00bbdefault\u00bb column_direction_phone=\u00bbdefault\u00bb text_align=\u00bbleft\u00bb row_position=\u00bbdefault\u00bb row_position_tablet=\u00bbinherit\u00bb row_position_phone=\u00bbinherit\u00bb overflow=\u00bbvisible\u00bb pointer_events=\u00bball\u00bb min_width=\u00bb47vh\u00bb][vc_column_inner column_padding=\u00bbno-extra-padding\u00bb column_padding_tablet=\u00bbinherit\u00bb column_padding_phone=\u00bbinherit\u00bb column_padding_position=\u00bball\u00bb column_element_direction_desktop=\u00bbdefault\u00bb column_element_spacing=\u00bbdefault\u00bb desktop_text_alignment=\u00bbdefault\u00bb tablet_text_alignment=\u00bbdefault\u00bb phone_text_alignment=\u00bbdefault\u00bb background_color_opacity=\u00bb1&#8243; background_hover_color_opacity=\u00bb1&#8243; column_backdrop_filter=\u00bbnone\u00bb column_shadow=\u00bbnone\u00bb column_border_radius=\u00bbnone\u00bb column_link_target=\u00bb_self\u00bb overflow=\u00bbvisible\u00bb gradient_direction=\u00bbleft_to_right\u00bb overlay_strength=\u00bb0.3&#8243; width=\u00bb1\/1&#8243; tablet_width_inherit=\u00bbdefault\u00bb animation_type=\u00bbdefault\u00bb enable_animation=\u00bbtrue\u00bb animation=\u00bbfade-in-from-bottom\u00bb animation_easing=\u00bbdefault\u00bb bg_image_animation=\u00bbnone\u00bb border_type=\u00bbsimple\u00bb column_border_width=\u00bbnone\u00bb column_border_style=\u00bbsolid\u00bb enable_border_animation=\u00bbtrue\u00bb][vc_column_text css_animation=\u00bbnone\u00bb css=\u00bb.vc_custom_1690272441618{margin-bottom: 20px !important;}\u00bb]\n<h2>Safari en jeep al atardecer con champ\u00e1n<\/h2>\n[\/vc_column_text][vc_custom_heading text=\u00bbEste safari en jeep por Capadocia te llevar\u00e1 a hermosos valles. Y paramos y tomamos champ\u00e1n en Rose Valley, el mejor punto de puesta de sol y panorama.\u00bb font_container=\u00bbtag:p|font_size:20px|text_align:left|line_height:2em\u00bb use_theme_fonts=\u00bbyes\u00bb css_animation=\u00bbnone\u00bb css=\u00bb\u00bb][vc_column_text css=\u00bb\u00bb text_direction=\u00bbdefault\u00bb]<strong>Hora de inicio:<\/strong> 3 horas antes seg\u00fan la hora de la puesta del sol, mant\u00e9ngase en contacto exactamente a la hora<\/p>\n<p>Pigeon Valley: que se encuentra en la ciudad de U\u00e7hisar para tener una de las mejores vistas panor\u00e1micas de la regi\u00f3n. Ese sitio tambi\u00e9n cubre muchos palomares que fueron construidos por los antiguos habitantes de la regi\u00f3n.<br \/>\nPuente Ibrahimpa\u015fa: con el antiguo nombre de Babayan, no hay casas cueva, pero es posible ver bonitas casas cueva de piedra.<br \/>\nPancarl\u0131k e Iglesia: Es un valle muy agradable e interesante debido a la belleza de la naturaleza y la historia.<br \/>\nValle de Gomeda: la parte inferior de Capadocia es como una red de t\u00faneles dispersos de tama\u00f1o insuficiente y el interior est\u00e1 lleno de cuevas oscuras.<br \/>\nOrtahisar Panorama: ver\u00e1s la segunda formaci\u00f3n rocosa m\u00e1s alta de la regi\u00f3n.<br \/>\nAntiguo hospital de Ortahisar: hospital de 600 a\u00f1os en una cueva que ya no se usa<br \/>\nAtardecer en Valle del Rosa: El mejor punto para ver el atardecer con jeep.<br \/>\nLe ofreceremos una copa de champ\u00e1n en el punto de puesta de sol<br \/>\nHora de finalizaci\u00f3n: 30 minutos despu\u00e9s de la puesta del sol[\/vc_column_text][\/vc_column_inner][\/vc_row_inner][\/vc_column][\/vc_row][vc_row type=\u00bbfull_width_background\u00bb full_screen_row_position=\u00bbmiddle\u00bb column_margin=\u00bb90px\u00bb equal_height=\u00bbyes\u00bb content_placement=\u00bbmiddle\u00bb column_direction=\u00bbdefault\u00bb column_direction_tablet=\u00bbdefault\u00bb column_direction_phone=\u00bbdefault\u00bb bg_color=\u00bb#ffffff\u00bb scene_position=\u00bbcenter\u00bb constrain_group_1=\u00bbyes\u00bb top_padding_tablet=\u00bb8%\u00bb bottom_padding_tablet=\u00bb8%\u00bb text_color=\u00bbdark\u00bb text_align=\u00bbleft\u00bb row_border_radius=\u00bbnone\u00bb row_border_radius_applies=\u00bbbg\u00bb overflow=\u00bbvisible\u00bb overlay_strength=\u00bb0.5&#8243; gradient_direction=\u00bbtop_to_bottom\u00bb shape_divider_position=\u00bbbottom\u00bb bg_image_animation=\u00bbnone\u00bb shape_type=\u00bbstraight_section\u00bb gradient_type=\u00bbdefault\u00bb][vc_column column_padding=\u00bbpadding-2-percent\u00bb column_padding_tablet=\u00bbno-extra-padding\u00bb column_padding_phone=\u00bbno-extra-padding\u00bb column_padding_position=\u00bbright\u00bb column_element_direction_desktop=\u00bbdefault\u00bb column_element_spacing=\u00bbdefault\u00bb desktop_text_alignment=\u00bbdefault\u00bb tablet_text_alignment=\u00bbdefault\u00bb phone_text_alignment=\u00bbdefault\u00bb background_color_opacity=\u00bb1&#8243; background_hover_color_opacity=\u00bb1&#8243; column_backdrop_filter=\u00bbnone\u00bb column_shadow=\u00bbnone\u00bb column_border_radius=\u00bbnone\u00bb column_link_target=\u00bb_self\u00bb column_position=\u00bbdefault\u00bb zindex=\u00bb100&#8243; gradient_direction=\u00bbleft_t_to_right_b\u00bb overlay_strength=\u00bb0.3&#8243; width=\u00bb1\/1&#8243; tablet_width_inherit=\u00bbdefault\u00bb animation_type=\u00bbdefault\u00bb bg_image_animation=\u00bbnone\u00bb border_type=\u00bbsimple\u00bb column_border_width=\u00bbnone\u00bb column_border_style=\u00bbsolid\u00bb offset=\u00bbvc_col-xs-12&#8243;][vc_row_inner column_margin=\u00bb70px\u00bb column_direction=\u00bbdefault\u00bb column_direction_tablet=\u00bbdefault\u00bb column_direction_phone=\u00bbdefault\u00bb top_padding=\u00bb25&#8243; bottom_padding=\u00bb15&#8243; text_align=\u00bbleft\u00bb row_position=\u00bbdefault\u00bb row_position_tablet=\u00bbinherit\u00bb row_position_phone=\u00bbinherit\u00bb overflow=\u00bbvisible\u00bb pointer_events=\u00bball\u00bb][vc_column_inner column_padding=\u00bbno-extra-padding\u00bb column_padding_tablet=\u00bbinherit\u00bb column_padding_phone=\u00bbinherit\u00bb column_padding_position=\u00bball\u00bb column_element_direction_desktop=\u00bbdefault\u00bb column_element_spacing=\u00bbdefault\u00bb desktop_text_alignment=\u00bbdefault\u00bb tablet_text_alignment=\u00bbdefault\u00bb phone_text_alignment=\u00bbdefault\u00bb background_color_opacity=\u00bb1&#8243; background_hover_color_opacity=\u00bb1&#8243; column_backdrop_filter=\u00bbnone\u00bb column_shadow=\u00bbnone\u00bb column_border_radius=\u00bbnone\u00bb column_link_target=\u00bb_self\u00bb overflow=\u00bbvisible\u00bb gradient_direction=\u00bbleft_to_right\u00bb overlay_strength=\u00bb0.3&#8243; width=\u00bb1\/3&#8243; tablet_width_inherit=\u00bbsmall_desktop\u00bb animation_type=\u00bbdefault\u00bb enable_animation=\u00bbtrue\u00bb animation=\u00bbfade-in-from-bottom\u00bb animation_easing=\u00bbdefault\u00bb bg_image_animation=\u00bbnone\u00bb border_type=\u00bbsimple\u00bb column_border_width=\u00bbnone\u00bb column_border_style=\u00bbsolid\u00bb][vc_column_text css_animation=\u00bbnone\u00bb css=\u00bb.vc_custom_1689773585088{margin-bottom: 10px !important;}\u00bb]\n<h4>Inclusiones<\/h4>\n[\/vc_column_text][vc_column_text]\n<ul>\n<li>Recogida en el hotel \/ Regreso al hotel<\/li>\n<li>Champ\u00e1n al final del tour<\/li>\n<li>Todos los impuestos<\/li>\n<\/ul>\n[\/vc_column_text][\/vc_column_inner][vc_column_inner column_padding=\u00bbno-extra-padding\u00bb column_padding_tablet=\u00bbinherit\u00bb column_padding_phone=\u00bbinherit\u00bb column_padding_position=\u00bball\u00bb column_element_direction_desktop=\u00bbdefault\u00bb column_element_spacing=\u00bbdefault\u00bb desktop_text_alignment=\u00bbdefault\u00bb tablet_text_alignment=\u00bbdefault\u00bb phone_text_alignment=\u00bbdefault\u00bb background_color_opacity=\u00bb1&#8243; background_hover_color_opacity=\u00bb1&#8243; column_backdrop_filter=\u00bbnone\u00bb column_shadow=\u00bbnone\u00bb column_border_radius=\u00bbnone\u00bb column_link_target=\u00bb_self\u00bb overflow=\u00bbvisible\u00bb gradient_direction=\u00bbleft_to_right\u00bb overlay_strength=\u00bb0.3&#8243; width=\u00bb1\/3&#8243; tablet_width_inherit=\u00bbsmall_desktop\u00bb animation_type=\u00bbdefault\u00bb enable_animation=\u00bbtrue\u00bb animation=\u00bbfade-in-from-bottom\u00bb animation_easing=\u00bbdefault\u00bb bg_image_animation=\u00bbnone\u00bb border_type=\u00bbsimple\u00bb column_border_width=\u00bbnone\u00bb column_border_style=\u00bbsolid\u00bb][vc_column_text css_animation=\u00bbnone\u00bb css=\u00bb.vc_custom_1689773390381{margin-bottom: 10px !important;}\u00bb]\n<h4>Nota<\/h4>\n[\/vc_column_text][vc_column_text]\nNo hay gu\u00eda en este recorrido, este recorrido se realiza solo con conductor<br \/>\n[\/vc_column_text][\/vc_column_inner][vc_column_inner column_padding=\u00bbno-extra-padding\u00bb column_padding_tablet=\u00bbinherit\u00bb column_padding_phone=\u00bbinherit\u00bb column_padding_position=\u00bball\u00bb column_element_direction_desktop=\u00bbdefault\u00bb column_element_spacing=\u00bbdefault\u00bb desktop_text_alignment=\u00bbdefault\u00bb tablet_text_alignment=\u00bbdefault\u00bb phone_text_alignment=\u00bbdefault\u00bb background_color_opacity=\u00bb1&#8243; background_hover_color_opacity=\u00bb1&#8243; column_backdrop_filter=\u00bbnone\u00bb column_shadow=\u00bbnone\u00bb column_border_radius=\u00bbnone\u00bb column_link_target=\u00bb_self\u00bb overflow=\u00bbvisible\u00bb gradient_direction=\u00bbleft_to_right\u00bb overlay_strength=\u00bb0.3&#8243; width=\u00bb1\/3&#8243; tablet_width_inherit=\u00bbdefault\u00bb animation_type=\u00bbdefault\u00bb enable_animation=\u00bbtrue\u00bb animation=\u00bbfade-in-from-bottom\u00bb animation_easing=\u00bbdefault\u00bb bg_image_animation=\u00bbnone\u00bb border_type=\u00bbsimple\u00bb column_border_width=\u00bbnone\u00bb column_border_style=\u00bbsolid\u00bb column_padding_type=\u00bbdefault\u00bb gradient_type=\u00bbdefault\u00bb][vc_column_text css_animation=\u00bbnone\u00bb css=\u00bb.vc_custom_1689772799372{margin-bottom: 10px !important;}\u00bb]\n<h4>Cancelaciones:<\/h4>\n[\/vc_column_text][vc_column_text]\n<ul>\n<li>Las cancelaciones realizadas con m\u00e1s de 24 horas desde el inicio del tour no tendr\u00e1n cargo.<\/li>\n<li>No presentarse y cancelaciones realizadas dentro de las 24 horas del comienzo de la hora de inicio, se cobrar\u00e1 el 100% del monto adeudado.<\/li>\n<\/ul>\n[\/vc_column_text][\/vc_column_inner][\/vc_row_inner][\/vc_column][\/vc_row][vc_row type=\u00bbin_container\u00bb full_screen_row_position=\u00bbmiddle\u00bb column_margin=\u00bbdefault\u00bb column_direction=\u00bbdefault\u00bb column_direction_tablet=\u00bbdefault\u00bb column_direction_phone=\u00bbdefault\u00bb scene_position=\u00bbcenter\u00bb text_color=\u00bbdark\u00bb text_align=\u00bbleft\u00bb row_border_radius=\u00bbnone\u00bb row_border_radius_applies=\u00bbbg\u00bb overflow=\u00bbvisible\u00bb overlay_strength=\u00bb0.3&#8243; gradient_direction=\u00bbleft_to_right\u00bb shape_divider_position=\u00bbbottom\u00bb bg_image_animation=\u00bbnone\u00bb][vc_column column_padding=\u00bbno-extra-padding\u00bb column_padding_tablet=\u00bbinherit\u00bb column_padding_phone=\u00bbinherit\u00bb column_padding_position=\u00bball\u00bb column_element_direction_desktop=\u00bbdefault\u00bb column_element_spacing=\u00bbdefault\u00bb desktop_text_alignment=\u00bbdefault\u00bb tablet_text_alignment=\u00bbdefault\u00bb phone_text_alignment=\u00bbdefault\u00bb background_color_opacity=\u00bb1&#8243; background_hover_color_opacity=\u00bb1&#8243; column_backdrop_filter=\u00bbnone\u00bb column_shadow=\u00bbnone\u00bb column_border_radius=\u00bbnone\u00bb column_link_target=\u00bb_self\u00bb column_position=\u00bbdefault\u00bb gradient_direction=\u00bbleft_to_right\u00bb overlay_strength=\u00bb0.3&#8243; width=\u00bb1\/4&#8243; tablet_width_inherit=\u00bbdefault\u00bb animation_type=\u00bbdefault\u00bb enable_animation=\u00bbtrue\u00bb animation=\u00bbfade-in-from-left\u00bb animation_easing=\u00bbdefault\u00bb bg_image_animation=\u00bbnone\u00bb border_type=\u00bbsimple\u00bb column_border_width=\u00bbnone\u00bb column_border_style=\u00bbsolid\u00bb column_padding_type=\u00bbdefault\u00bb gradient_type=\u00bbdefault\u00bb][vc_raw_html css=\u00bb\u00bb]JTNDZGl2JTIwY2xhc3MlM0QlMjJjdGNfY2hhdCUyMGN0Y193b29fcGxhY2UlMjIlMjBzdHlsZSUzRCUyMmN1cnNvciUzQXBvaW50ZXIlM0JkaXNwbGF5JTNBJTIwYmxvY2slM0IlMjIlMjBkYXRhLWR0JTNEJTIyYmxvY2slMjIlM0UlMEElMjAlMjAlMjAlMjAlMjAlMjAlMjAlMjAlMjAlMjAlMjAlMjAlMjAlMjAlMjAlMjAlMEElM0NzdHlsZSUyMGlkJTNEJTIyaHQtY3RjLXM4JTIyJTNFJTBBLmh0LWN0Yy1zdHlsZS04JTIwLnNfOCUyMC5zXzhfaWNvbiU3Qm9yZGVyJTNBMCUzQm1hcmdpbi1yaWdodCUzQSUyMDE1cHglM0IlM0IlN0QuaHQtY3RjJTIwLmh0LWN0Yy1zdHlsZS04JTNBaG92ZXIlMjAuc184JTIwc3ZnJTIwZyUyMHBhdGglN0JmaWxsJTNBJTIzZmZmZmZmJTIwJTIxaW1wb3J0YW50JTNCJTdELmh0LWN0YyUyMC5odC1jdGMtc3R5bGUtOCUzQWhvdmVyJTIwLnNfOCUyMC5odC1jdGMtczgtdGV4dCU3QmNvbG9yJTNBJTIzZmZmZmZmJTIwJTIxaW1wb3J0YW50JTNCJTdELmh0LWN0YyUyMC5odC1jdGMtc3R5bGUtOCUzQWhvdmVyJTIwLnNfOCU3QmJveC1zaGFkb3clM0ElMjAwJTIwM3B4JTIwM3B4JTIwMCUyMHJnYmElMjg3JTJDNiUyQzYlMkMuMTQlMjklMkMlMjAwJTIwMXB4JTIwN3B4JTIwMCUyMHJnYmElMjgwJTJDMCUyQzAlMkMuMTIlMjklMkMlMjAwJTIwM3B4JTIwMXB4JTIwLTFweCUyMHJnYmElMjgwJTJDMCUyQzAlMkMuMiUyOSUyMCUyMWltcG9ydGFudCUzQiUyMHRyYW5zaXRpb24lM0ElMjAuMnMlMjBlYXNlLW91dCUyMCUyMWltcG9ydGFudCUzQiUyMGJhY2tncm91bmQtY29sb3IlM0ElMjMyNmE2OWElMjAlMjFpbXBvcnRhbnQlM0IlMjAlN0QlM0MlMkZzdHlsZSUzRSUwQSUwQSUzQ2RpdiUyMGNsYXNzJTNEJTIyaHQtY3RjLXN0eWxlLTglMjBjdGMtYW5hbHl0aWNzJTIyJTNFJTBBJTIwJTIwJTNDc3BhbiUyMGNsYXNzJTNEJTIyc184JTIwd2F2ZXMtZWZmZWN0JTIwd2F2ZXMtbGlnaHQlMjBjdGMtYW5hbHl0aWNzJTIyJTIwc3R5bGUlM0QlMjJkaXNwbGF5JTNBJTIwZmxleCUzQiUyMCUyMHBhZGRpbmclM0ElMjAwJTIwMnJlbSUzQmxldHRlci1zcGFjaW5nJTNBJTIwLjVweCUzQnRyYW5zaXRpb24lM0ElMjAuMnMlMjBlYXNlLW91dCUzQnRleHQtYWxpZ24lM0ElMjBjZW50ZXIlM0JqdXN0aWZ5LWNvbnRlbnQlM0ElMjBjZW50ZXIlM0JhbGlnbi1pdGVtcyUzQSUyMGNlbnRlciUzQmJvcmRlci1yYWRpdXMlM0EycHglM0JoZWlnaHQlM0EzNnB4JTNCbGluZS1oZWlnaHQlM0EzNnB4JTNCdmVydGljYWwtYWxpZ24lM0FtaWRkbGUlM0Jib3gtc2hhZG93JTNBMCUyMDJweCUyMDJweCUyMDAlMjByZ2JhJTI4MCUyQzAlMkMwJTJDLjE0JTI5JTJDJTIwMCUyMDFweCUyMDVweCUyMDAlMjByZ2JhJTI4MCUyQzAlMkMwJTJDLjEyJTI5JTJDJTIwMCUyMDNweCUyMDFweCUyMC0ycHglMjByZ2JhJTI4MCUyQzAlMkMwJTJDLjIlMjklM0Jib3gtc2l6aW5nJTNBaW5oZXJpdCUzQmJhY2tncm91bmQtY29sb3IlM0ElMjMyNmE2OWElM0IlMjIlM0UlMEElMjAlMjAlM0NzcGFuJTIwY2xhc3MlM0QlMjJzXzhfaWNvbiUyMiUzRSUwQSUyMCUyMCUyMCUyMCUzQ3N2ZyUyMHN0eWxlJTNEJTIyZGlzcGxheSUzQWJsb2NrJTNCJTIyJTIwaGVpZ2h0JTNEJTIyMTdweCUyMiUyMHZlcnNpb24lM0QlMjIxLjElMjIlMjB2aWV3Qm94JTNEJTIyMCUyMDAlMjA1MDklMjA1MTIlMjIlMjB3aWR0aCUzRCUyMjE3cHglMjIlM0UlMEElMjAlMjAlMjAlMjAlMjAlMjAlMjAlMjAlM0NnJTIwZmlsbCUzRCUyMm5vbmUlMjIlMjBmaWxsLXJ1bGUlM0QlMjJldmVub2RkJTIyJTIwaWQlM0QlMjJQYWdlLTElMjIlMjBzdHJva2UlM0QlMjJub25lJTIyJTIwc3Ryb2tlLXdpZHRoJTNEJTIyMSUyMiUzRSUwQSUyMCUyMCUyMCUyMCUyMCUyMCUyMCUyMCUyMCUyMCUyMCUyMCUzQ3BhdGglMjBzdHlsZSUzRCUyMmZpbGwlM0ElMjAlMjNmZmZmZmYlM0IlMjIlMjBkJTNEJTIyTTI1OS4yNTMxMzclMkMwLjAwMTgwMzg5Mzk2JTIwQzEyMS41MDI4NTklMkMwLjAwMTgwMzg5Mzk2JTIwOS44MzczMDY4NyUyQzExMS42NjI4OTYlMjA5LjgzNzMwNjg3JTJDMjQ5LjQxMzE3NSUyMEM5LjgzNzMwNjg3JTJDMjk2LjUzMDIzMiUyMDIyLjkxNDIyOTklMkMzNDAuNTk3MTIyJTIwNDUuNjI1NDg5NyUyQzM3OC4xOTEzMjUlMjBMMC42MTMyMjY1OTclMkM1MTIuMDAxODA0JTIwTDEzOC43MDAxODMlMkM0NjcuNzg3NzU3JTIwQzE3NC40MzAzOTUlMkM0ODcuNTQ5MTg0JTIwMjE1LjUyMjkyNiUyQzQ5OC44MTExNjglMjAyNTkuMjUzMTM3JTJDNDk4LjgxMTE2OCUyMEMzOTYuOTk0NDk4JTJDNDk4LjgxMTE2OCUyMDUwOC42NjAwNDklMkMzODcuMTU0NTM1JTIwNTA4LjY2MDA0OSUyQzI0OS40MTU0MDUlMjBDNTA4LjY2MjI3OSUyQzExMS42NjI4OTYlMjAzOTYuOTk2NzI3JTJDMC4wMDE4MDM4OTM5NiUyMDI1OS4yNTMxMzclMkMwLjAwMTgwMzg5Mzk2JTIwTDI1OS4yNTMxMzclMkMwLjAwMTgwMzg5Mzk2JTIwWiUyME0yNTkuMjUzMTM3JTJDNDU5LjA4OTg3NSUyMEMyMTYuNjU3ODIlMkM0NTkuMDg5ODc1JTIwMTc2Ljk5ODk1NyUyQzQ0Ni4zMTM5NTYlMjAxNDMuODg2MzU5JTJDNDI0LjQxMjA2JTIwTDYzLjMwNDQxOTUlMkM0NTAuMjE4MDglMjBMODkuNDkzOTQwMSUyQzM3Mi4zNDUxNzElMjBDNjQuMzkyNDkwOCUyQzMzNy43NzY2MDklMjA0OS41NjA4Mjk3JTJDMjk1LjI5OTQ2MyUyMDQ5LjU2MDgyOTclMkMyNDkuNDA2NDg2JTIwQzQ5LjU2MDgyOTclMkMxMzMuNzgzMjk4JTIwMTQzLjYyNzcxOSUyQzM5LjcxODYzNzglMjAyNTkuMjUzMTM3JTJDMzkuNzE4NjM3OCUyMEMzNzQuODcxODY3JTJDMzkuNzE4NjM3OCUyMDQ2OC45NDA5ODYlMkMxMzMuNzgzMjk4JTIwNDY4Ljk0MDk4NiUyQzI0OS40MDY0ODYlMjBDNDY4Ljk0MDk4NiUyQzM2NS4wMjUyMTUlMjAzNzQuODc0MDk2JTJDNDU5LjA4OTg3NSUyMDI1OS4yNTMxMzclMkM0NTkuMDg5ODc1JTIwWiUyME0yMDAuNzU1OTI0JTJDMTQ2LjI0NzA2NiUyMEMxOTYuNzE1NzkxJTJDMTM2LjUxMDE2NSUyMDE5My42MjEwMyUyQzEzNi4xODAxNzYlMjAxODcuMzgwMjI4JTJDMTM1Ljg4MzYzMiUyMEMxODUuMjM5NzU5JTJDMTM1Ljc4MTA2OCUyMDE4Mi45MTg2ODklMkMxMzUuNjgyOTYzJTIwMTgwLjM3OTExMyUyQzEzNS42ODI5NjMlMjBDMTcyLjMzODk3OSUyQzEzNS42ODI5NjMlMjAxNjQuMDAyMzAxJTJDMTM4LjA1MDg1NiUyMDE1OC45Nzg4OSUyQzE0My4xOTAyMSUyMEMxNTIuODY1MTc4JTJDMTQ5LjQ0NDM5JTIwMTM3LjU3ODY2NyUyQzE2NC4wOTMyMiUyMDEzNy41Nzg2NjclMkMxOTQuMTcxMjU4JTIwQzEzNy41Nzg2NjclMkMyMjQuMjUzNzU1JTIwMTU5LjQ4NzI1MSUyQzI1My4zMjE3NTklMjAxNjIuNTM5NjQ4JTJDMjU3LjQwMjAyNyUyMEMxNjUuNjAwOTYzJTJDMjYxLjQ3NzgzNSUyMDIwNS4yNjg3NDUlMkMzMjQuMTExMDU3JTIwMjY2Ljk4NTU3OSUyQzM0OS42ODI5NjMlMjBDMzE1LjE1NzI2MiUyQzM2OS42MzYxNDElMjAzMjkuNDYwNDk1JTJDMzY3Ljg1OTEwNiUyMDM0MC40NTA0NjIlMkMzNjUuNDU1NTM5JTIwQzM1Ni40NDE1NDMlMkMzNjEuOTYzOSUyMDM3Ni41MjE4MTElMkMzNTAuMTg2ODY1JTIwMzgxLjYxNjU3MSUyQzMzNS45MTcwNzclMjBDMzg2LjcxMTMzMSUyQzMyMS42MzgzNyUyMDM4Ni43MTEzMzElMkMzMDkuMzk5Nzk3JTIwMzg1LjE4NDAxOCUyQzMwNi44NTc5OTElMjBDMzgzLjY1NDQ3NSUyQzMwNC4zMDUwMzclMjAzNzkuNTc4NjY3JTJDMzAyLjc4MjE4MyUyMDM3My40NjQ5NTUlMkMyOTkuNzE2NDA4JTIwQzM2Ny4zNTEyNDIlMkMyOTYuNjU5NTUyJTIwMzM3LjI4ODgxMiUyQzI4MS44NzAyNTQlMjAzMzEuNjg1NjklMkMyNzkuODM0NTglMjBDMzI2LjA4MDMzOSUyQzI3Ny43OTY2NzYlMjAzMjAuODk4NjIyJTJDMjc4LjQxODc0OSUyMDMxNi41ODg3JTJDMjg0LjM3ODYxNSUyMEMzMTAuNjM5OTgyJTJDMjkyLjYxMjcyOSUyMDMwNC45MTg2ODklMkMzMDEuMDc0MjY4JTIwMzAwLjE4MDY3NCUyQzMwNi4wOTA5OSUyMEMyOTYuNDYxNjElMkMzMTAuMDI4NTYlMjAyOTAuNDc3MjE4JTJDMzEwLjU3NzA1NSUyMDI4NS4zMzExNzUlMkMzMDguMzg5NzY0JTIwQzI3OC41NjQxNzQlMkMzMDUuNTA2ODIxJTIwMjU5LjUxNjIzNyUyQzI5OC44NjkxMzklMjAyMzYuMTYwNjA3JTJDMjc4LjA0ODYyNyUyMEMyMTcuOTg4OTIzJTJDMjYxLjg0Nzk1OCUyMDIwNS43MTY5MDYlMkMyNDEuODM0NTglMjAyMDIuMTQ5NDU4JTJDMjM1LjcxMTk0OSUyMEMxOTguNTgyMDExJTJDMjI5LjU5ODIzNiUyMDIwMS44MzUwNzclMkMyMjUuOTQ4MjkyJTIwMjA0LjU4NDI0MSUyQzIyMi42MjE2NDglMjBDMjA3LjcxOTEzNSUyQzIxOC44MjQ1NDYlMjAyMTAuNjEwOTk3JTJDMjE2LjA5NzY3OSUyMDIxMy42Njc4NTMlMkMyMTIuNTMyNDYyJTIwQzIxNi43MjQ3MDklMkMyMDguOTYwNTU1JTIwMjE4LjQzMjYyNSUyQzIwNy4wNTg2NiUyMDIyMC40NzA1MjklMkMyMDIuOTczOTMzJTIwQzIyMi41MDg0MzMlMkMxOTguODk4MTI1JTIwMjIxLjEzNzE5NSUyQzE5NC42OTA3NjclMjAyMTkuNjA3NjUyJTJDMTkxLjYyOTQ1MiUyMEMyMTguMDc1ODglMkMxODguNTY4MTM2JTIwMjA1LjgzNTA3NyUyQzE1OC40OTQ1NTglMjAyMDAuNzU1OTI0JTJDMTQ2LjI0NzA2NiUyMFolMjIlMjBmaWxsJTNEJTIyJTIzZmZmZmZmJTIyJTIwaWQlM0QlMjJodHdhaWNvbi1jaGF0JTIyJTNFJTNDJTJGcGF0aCUzRSUwQSUyMCUyMCUyMCUyMCUyMCUyMCUyMCUyMCUzQyUyRmclM0UlMEElMjAlMjAlMjAlMjAlMjAlMjAlMjAlMjAlM0MlMkZzdmclM0UlMjAlMjAlMjAlMjAlM0MlMkZzcGFuJTNFJTBBJTIwJTIwJTIwJTIwJTNDc3BhbiUyMGNsYXNzJTNEJTIyaHQtY3RjLXM4LXRleHQlMjBzOF9zcGFuJTIwY3RjLWFuYWx5dGljcyUyMGN0Y19jdGElMjIlMjBzdHlsZSUzRCUyMmNvbG9yJTNBJTIzZmZmZmZmJTNCJTIwJTIwJTIyJTNFJTBBJTIwJTIwJTIwJTIwJTIwJTIwV2hhdHNBcHAlMjB1cyUyMCUyMCUyMCUyMCUzQyUyRnNwYW4lM0UlMEElMjAlMjAlM0MlMkZzcGFuJTNFJTBBJTNDJTJGZGl2JTNFJTIwJTIwJTIwJTIwJTIwJTIwJTIwJTIwJTIwJTIwJTIwJTIwJTNDJTJGZGl2JTNF[\/vc_raw_html][\/vc_column][vc_column column_padding=\u00bbno-extra-padding\u00bb column_padding_tablet=\u00bbinherit\u00bb column_padding_phone=\u00bbinherit\u00bb column_padding_position=\u00bball\u00bb column_element_direction_desktop=\u00bbdefault\u00bb column_element_spacing=\u00bbdefault\u00bb desktop_text_alignment=\u00bbdefault\u00bb tablet_text_alignment=\u00bbdefault\u00bb phone_text_alignment=\u00bbdefault\u00bb background_color_opacity=\u00bb1&#8243; background_hover_color_opacity=\u00bb1&#8243; column_backdrop_filter=\u00bbnone\u00bb column_shadow=\u00bbnone\u00bb column_border_radius=\u00bbnone\u00bb column_link_target=\u00bb_self\u00bb column_position=\u00bbdefault\u00bb gradient_direction=\u00bbleft_to_right\u00bb overlay_strength=\u00bb0.3&#8243; width=\u00bb1\/2&#8243; tablet_width_inherit=\u00bbdefault\u00bb animation_type=\u00bbdefault\u00bb bg_image_animation=\u00bbnone\u00bb border_type=\u00bbsimple\u00bb column_border_width=\u00bbnone\u00bb column_border_style=\u00bbsolid\u00bb][\/vc_column][vc_column column_padding=\u00bbno-extra-padding\u00bb column_padding_tablet=\u00bbinherit\u00bb column_padding_phone=\u00bbinherit\u00bb column_padding_position=\u00bball\u00bb column_element_direction_desktop=\u00bbdefault\u00bb column_element_spacing=\u00bbdefault\u00bb desktop_text_alignment=\u00bbdefault\u00bb tablet_text_alignment=\u00bbdefault\u00bb phone_text_alignment=\u00bbdefault\u00bb background_color_opacity=\u00bb1&#8243; background_hover_color_opacity=\u00bb1&#8243; column_backdrop_filter=\u00bbnone\u00bb column_shadow=\u00bbnone\u00bb column_border_radius=\u00bbnone\u00bb column_link_target=\u00bb_self\u00bb column_position=\u00bbdefault\u00bb gradient_direction=\u00bbleft_to_right\u00bb overlay_strength=\u00bb0.3&#8243; width=\u00bb1\/4&#8243; tablet_width_inherit=\u00bbdefault\u00bb animation_type=\u00bbdefault\u00bb bg_image_animation=\u00bbnone\u00bb border_type=\u00bbsimple\u00bb column_border_width=\u00bbnone\u00bb column_border_style=\u00bbsolid\u00bb][\/vc_column][\/vc_row]\n","protected":false},"excerpt":{"rendered":"<p>Este safari en jeep por Capadocia te llevar\u00e1 a hermosos valles. Y paramos y tomamos champ\u00e1n en Rose Valley, el mejor punto de puesta de sol y panorama.<\/p>\n","protected":false},"featured_media":3859,"template":"","meta":[],"product_brand":[],"product_cat":[188],"product_tag":[],"class_list":{"0":"post-3854","1":"product","2":"type-product","3":"status-publish","4":"has-post-thumbnail","6":"product_cat-el-tour-safari-con-jeep","8":"first","9":"instock","10":"shipping-taxable","11":"purchasable","12":"product-type-simple"},"aioseo_notices":[],"_links":{"self":[{"href":"https:\/\/cappadociatourturkey.com\/es\/wp-json\/wp\/v2\/product\/3854","targetHints":{"allow":["GET"]}}],"collection":[{"href":"https:\/\/cappadociatourturkey.com\/es\/wp-json\/wp\/v2\/product"}],"about":[{"href":"https:\/\/cappadociatourturkey.com\/es\/wp-json\/wp\/v2\/types\/product"}],"wp:featuredmedia":[{"embeddable":true,"href":"https:\/\/cappadociatourturkey.com\/es\/wp-json\/wp\/v2\/media\/3859"}],"wp:attachment":[{"href":"https:\/\/cappadociatourturkey.com\/es\/wp-json\/wp\/v2\/media?parent=3854"}],"wp:term":[{"taxonomy":"product_brand","embeddable":true,"href":"https:\/\/cappadociatourturkey.com\/es\/wp-json\/wp\/v2\/product_brand?post=3854"},{"taxonomy":"product_cat","embeddable":true,"href":"https:\/\/cappadociatourturkey.com\/es\/wp-json\/wp\/v2\/product_cat?post=3854"},{"taxonomy":"product_tag","embeddable":true,"href":"https:\/\/cappadociatourturkey.com\/es\/wp-json\/wp\/v2\/product_tag?post=3854"}],"curies":[{"name":"wp","href":"https:\/\/api.w.org\/{rel}","templated":true}]}}