{"id":3756,"date":"2023-07-24T14:24:54","date_gmt":"2023-07-24T14:24:54","guid":{"rendered":"https:\/\/cappadociatourturkey.com\/tours\/servicio-de-transporte-al-aeropuerto-capadocia\/"},"modified":"2025-07-02T11:15:50","modified_gmt":"2025-07-02T11:15:50","slug":"servicio-de-transporte-al-aeropuerto-capadocia","status":"publish","type":"product","link":"https:\/\/cappadociatourturkey.com\/es\/tours-por-capadocia\/servicio-de-transporte-al-aeropuerto-capadocia\/","title":{"rendered":"Servicio de transporte al aeropuerto Capadocia"},"content":{"rendered":"[vc_row type=\u00bbfull_width_background\u00bb full_screen_row_position=\u00bbmiddle\u00bb column_margin=\u00bb90px\u00bb equal_height=\u00bbyes\u00bb content_placement=\u00bbmiddle\u00bb column_direction=\u00bbdefault\u00bb column_direction_tablet=\u00bbdefault\u00bb column_direction_phone=\u00bbdefault\u00bb bg_color=\u00bb#ffffff\u00bb scene_position=\u00bbcenter\u00bb constrain_group_1=\u00bbyes\u00bb top_padding_tablet=\u00bb8%\u00bb bottom_padding_tablet=\u00bb8%\u00bb text_color=\u00bbdark\u00bb text_align=\u00bbleft\u00bb row_border_radius=\u00bbnone\u00bb row_border_radius_applies=\u00bbbg\u00bb overflow=\u00bbvisible\u00bb id=\u00bbhome\u00bb overlay_strength=\u00bb0.5&#8243; gradient_direction=\u00bbtop_to_bottom\u00bb shape_divider_position=\u00bbbottom\u00bb bg_image_animation=\u00bbnone\u00bb shape_type=\u00bbstraight_section\u00bb][vc_column column_padding=\u00bbpadding-2-percent\u00bb column_padding_tablet=\u00bbno-extra-padding\u00bb column_padding_phone=\u00bbno-extra-padding\u00bb column_padding_position=\u00bbright\u00bb column_element_direction_desktop=\u00bbdefault\u00bb column_element_spacing=\u00bbdefault\u00bb desktop_text_alignment=\u00bbdefault\u00bb tablet_text_alignment=\u00bbdefault\u00bb phone_text_alignment=\u00bbdefault\u00bb background_color_opacity=\u00bb1&#8243; background_hover_color_opacity=\u00bb1&#8243; column_backdrop_filter=\u00bbnone\u00bb column_shadow=\u00bbnone\u00bb column_border_radius=\u00bbnone\u00bb column_link_target=\u00bb_self\u00bb column_position=\u00bbdefault\u00bb zindex=\u00bb100&#8243; gradient_direction=\u00bbleft_t_to_right_b\u00bb overlay_strength=\u00bb0.3&#8243; width=\u00bb1\/1&#8243; tablet_width_inherit=\u00bbdefault\u00bb animation_type=\u00bbdefault\u00bb bg_image_animation=\u00bbnone\u00bb border_type=\u00bbsimple\u00bb column_border_width=\u00bbnone\u00bb column_border_style=\u00bbsolid\u00bb offset=\u00bbvc_col-xs-12&#8243;][vc_row_inner column_margin=\u00bbdefault\u00bb column_direction=\u00bbdefault\u00bb column_direction_tablet=\u00bbdefault\u00bb column_direction_phone=\u00bbdefault\u00bb text_align=\u00bbleft\u00bb row_position=\u00bbdefault\u00bb row_position_tablet=\u00bbinherit\u00bb row_position_phone=\u00bbinherit\u00bb overflow=\u00bbvisible\u00bb pointer_events=\u00bball\u00bb min_width=\u00bb47vh\u00bb][vc_column_inner column_padding=\u00bbno-extra-padding\u00bb column_padding_tablet=\u00bbinherit\u00bb column_padding_phone=\u00bbinherit\u00bb column_padding_position=\u00bball\u00bb column_element_direction_desktop=\u00bbdefault\u00bb column_element_spacing=\u00bbdefault\u00bb desktop_text_alignment=\u00bbdefault\u00bb tablet_text_alignment=\u00bbdefault\u00bb phone_text_alignment=\u00bbdefault\u00bb background_color_opacity=\u00bb1&#8243; background_hover_color_opacity=\u00bb1&#8243; column_backdrop_filter=\u00bbnone\u00bb column_shadow=\u00bbnone\u00bb column_border_radius=\u00bbnone\u00bb column_link_target=\u00bb_self\u00bb overflow=\u00bbvisible\u00bb gradient_direction=\u00bbleft_to_right\u00bb overlay_strength=\u00bb0.3&#8243; width=\u00bb1\/1&#8243; tablet_width_inherit=\u00bbdefault\u00bb animation_type=\u00bbdefault\u00bb enable_animation=\u00bbtrue\u00bb animation=\u00bbfade-in-from-bottom\u00bb animation_easing=\u00bbdefault\u00bb bg_image_animation=\u00bbnone\u00bb border_type=\u00bbsimple\u00bb column_border_width=\u00bbnone\u00bb column_border_style=\u00bbsolid\u00bb enable_border_animation=\u00bbtrue\u00bb][vc_column_text css_animation=\u00bbnone\u00bb css=\u00bb.vc_custom_1690274642071{margin-bottom: 20px !important;}\u00bb]\n<h2 class=\"header-a fn org\">Servicio de transporte al aeropuerto Capadocia<\/h2>\n[\/vc_column_text][vc_custom_heading text=\u00bbLos traslados al aeropuerto se reunir\u00e1n con todos los vuelos (24 horas al d\u00eda) y lo dejar\u00e1n en su hotel en cualquier lugar de Capadocia. Desde el aeropuerto de Nevsehir (NAV), se tarda aprox. 45 minutos y desde el aeropuerto de Kayseri (ASR) se tarda aprox. 1 hora.\u00bb font_container=\u00bbtag:p|font_size:20px|text_align:left|line_height:2em\u00bb use_theme_fonts=\u00bbyes\u00bb css_animation=\u00bbnone\u00bb css=\u00bb\u00bb][vc_column_text css=\u00bb\u00bb text_direction=\u00bbdefault\u00bb]Para reservar un servicio de transporte, proporcione: tu n\u00famero de vuelo<br \/>\nsu fecha y hora de llegada prevista el n\u00famero de personas<br \/>\nel nombre de tu hotel<br \/>\nNOTAS: DEBE proporcionar un n\u00famero de vuelo para que podamos hacer la reserva. Verifique que proporcione el n\u00famero de vuelo correcto (generalmente comienza con TK&#8230; o PC&#8230;). Esto tambi\u00e9n asegurar\u00e1 que identifiquemos el aeropuerto correcto.<br \/>\nNo aceptamos reservas solo para traslados. Los traslados solo se pueden reservar junto con otros tours o actividades.<br \/>\n[\/vc_column_text][\/vc_column_inner][\/vc_row_inner][\/vc_column][\/vc_row][vc_row type=\u00bbin_container\u00bb full_screen_row_position=\u00bbmiddle\u00bb column_margin=\u00bbdefault\u00bb column_direction=\u00bbdefault\u00bb column_direction_tablet=\u00bbdefault\u00bb column_direction_phone=\u00bbdefault\u00bb scene_position=\u00bbcenter\u00bb text_color=\u00bbdark\u00bb text_align=\u00bbleft\u00bb row_border_radius=\u00bbnone\u00bb row_border_radius_applies=\u00bbbg\u00bb overflow=\u00bbvisible\u00bb overlay_strength=\u00bb0.3&#8243; gradient_direction=\u00bbleft_to_right\u00bb shape_divider_position=\u00bbbottom\u00bb bg_image_animation=\u00bbnone\u00bb][vc_column column_padding=\u00bbno-extra-padding\u00bb column_padding_tablet=\u00bbinherit\u00bb column_padding_phone=\u00bbinherit\u00bb column_padding_position=\u00bball\u00bb column_element_direction_desktop=\u00bbdefault\u00bb column_element_spacing=\u00bbdefault\u00bb desktop_text_alignment=\u00bbdefault\u00bb tablet_text_alignment=\u00bbdefault\u00bb phone_text_alignment=\u00bbdefault\u00bb background_color_opacity=\u00bb1&#8243; background_hover_color_opacity=\u00bb1&#8243; column_backdrop_filter=\u00bbnone\u00bb column_shadow=\u00bbnone\u00bb column_border_radius=\u00bbnone\u00bb column_link_target=\u00bb_self\u00bb column_position=\u00bbdefault\u00bb gradient_direction=\u00bbleft_to_right\u00bb overlay_strength=\u00bb0.3&#8243; width=\u00bb1\/4&#8243; tablet_width_inherit=\u00bbdefault\u00bb animation_type=\u00bbdefault\u00bb enable_animation=\u00bbtrue\u00bb animation=\u00bbfade-in-from-left\u00bb animation_easing=\u00bbdefault\u00bb bg_image_animation=\u00bbnone\u00bb border_type=\u00bbsimple\u00bb column_border_width=\u00bbnone\u00bb column_border_style=\u00bbsolid\u00bb column_padding_type=\u00bbdefault\u00bb gradient_type=\u00bbdefault\u00bb][vc_raw_html css=\u00bb\u00bb]PGRpdiBjbGFzcz0iY3RjX2NoYXQgY3RjX3dvb19wbGFjZSIgc3R5bGU9ImN1cnNvcjpwb2ludGVyO2Rpc3BsYXk6IGJsb2NrOyIgZGF0YS1kdD0iYmxvY2siPg0KPHN0eWxlIGlkPSJodC1jdGMtczgiPg0KLmh0LWN0Yy1zdHlsZS04IC5zXzggLnNfOF9pY29ue29yZGVyOjA7bWFyZ2luLXJpZ2h0OiAxNXB4Ozt9Lmh0LWN0YyAuaHQtY3RjLXN0eWxlLTg6aG92ZXIgLnNfOCBzdmcgZyBwYXRoe2ZpbGw6I2ZmZmZmZiAhaW1wb3J0YW50O30uaHQtY3RjIC5odC1jdGMtc3R5bGUtODpob3ZlciAuc184IC5odC1jdGMtczgtdGV4dHtjb2xvcjojZmZmZmZmICFpbXBvcnRhbnQ7fS5odC1jdGMgLmh0LWN0Yy1zdHlsZS04OmhvdmVyIC5zXzh7Ym94LXNoYWRvdzogMCAzcHggM3B4IDAgcmdiYSg3LDYsNiwuMTQpLCAwIDFweCA3cHggMCByZ2JhKDAsMCwwLC4xMiksIDAgM3B4IDFweCAtMXB4IHJnYmEoMCwwLDAsLjIpICFpbXBvcnRhbnQ7IHRyYW5zaXRpb246IC4ycyBlYXNlLW91dCAhaW1wb3J0YW50OyBiYWNrZ3JvdW5kLWNvbG9yOiMyNmE2OWEgIWltcG9ydGFudDsgfTwvc3R5bGU+DQo8ZGl2IGNsYXNzPSJodC1jdGMtc3R5bGUtOCBjdGMtYW5hbHl0aWNzIj4NCiAgPHNwYW4gY2xhc3M9InNfOCB3YXZlcy1lZmZlY3Qgd2F2ZXMtbGlnaHQgY3RjLWFuYWx5dGljcyIgc3R5bGU9ImRpc3BsYXk6IGZsZXg7ICBwYWRkaW5nOiAwIDJyZW07bGV0dGVyLXNwYWNpbmc6IC41cHg7dHJhbnNpdGlvbjogLjJzIGVhc2Utb3V0O3RleHQtYWxpZ246IGNlbnRlcjtqdXN0aWZ5LWNvbnRlbnQ6IGNlbnRlcjthbGlnbi1pdGVtczogY2VudGVyO2JvcmRlci1yYWRpdXM6MnB4O2hlaWdodDozNnB4O2xpbmUtaGVpZ2h0OjM2cHg7dmVydGljYWwtYWxpZ246bWlkZGxlO2JveC1zaGFkb3c6MCAycHggMnB4IDAgcmdiYSgwLDAsMCwuMTQpLCAwIDFweCA1cHggMCByZ2JhKDAsMCwwLC4xMiksIDAgM3B4IDFweCAtMnB4IHJnYmEoMCwwLDAsLjIpO2JveC1zaXppbmc6aW5oZXJpdDtiYWNrZ3JvdW5kLWNvbG9yOiMyNmE2OWE7Ij48YnIgLz4NCiAgPHNwYW4gY2xhc3M9InNfOF9pY29uIj48YnIgLz4NCiAgICA8c3ZnIHN0eWxlPSJkaXNwbGF5OmJsb2NrOyIgaGVpZ2h0PSIxN3B4IiB2ZXJzaW9uPSIxLjEiIHZpZXdCb3g9IjAgMCA1MDkgNTEyIiB3aWR0aD0iMTdweCI+DQogICAgICAgIDxnIGZpbGw9Im5vbmUiIGZpbGwtcnVsZT0iZXZlbm9kZCIgaWQ9IlBhZ2UtMSIgc3Ryb2tlPSJub25lIiBzdHJva2Utd2lkdGg9IjEiPg0KICAgICAgICAgICAgPHBhdGggc3R5bGU9ImZpbGw6ICNmZmZmZmY7IiBkPSJNMjU5LjI1MzEzNywwLjAwMTgwMzg5Mzk2IEMxMjEuNTAyODU5LDAuMDAxODAzODkzOTYgOS44MzczMDY4NywxMTEuNjYyODk2IDkuODM3MzA2ODcsMjQ5LjQxMzE3NSBDOS44MzczMDY4NywyOTYuNTMwMjMyIDIyLjkxNDIyOTksMzQwLjU5NzEyMiA0NS42MjU0ODk3LDM3OC4xOTEzMjUgTDAuNjEzMjI2NTk3LDUxMi4wMDE4MDQgTDEzOC43MDAxODMsNDY3Ljc4Nzc1NyBDMTc0LjQzMDM5NSw0ODcuNTQ5MTg0IDIxNS41MjI5MjYsNDk4LjgxMTE2OCAyNTkuMjUzMTM3LDQ5OC44MTExNjggQzM5Ni45OTQ0OTgsNDk4LjgxMTE2OCA1MDguNjYwMDQ5LDM4Ny4xNTQ1MzUgNTA4LjY2MDA0OSwyNDkuNDE1NDA1IEM1MDguNjYyMjc5LDExMS42NjI4OTYgMzk2Ljk5NjcyNywwLjAwMTgwMzg5Mzk2IDI1OS4yNTMxMzcsMC4wMDE4MDM4OTM5NiBMMjU5LjI1MzEzNywwLjAwMTgwMzg5Mzk2IFogTTI1OS4yNTMxMzcsNDU5LjA4OTg3NSBDMjE2LjY1NzgyLDQ1OS4wODk4NzUgMTc2Ljk5ODk1Nyw0NDYuMzEzOTU2IDE0My44ODYzNTksNDI0LjQxMjA2IEw2My4zMDQ0MTk1LDQ1MC4yMTgwOCBMODkuNDkzOTQwMSwzNzIuMzQ1MTcxIEM2NC4zOTI0OTA4LDMzNy43NzY2MDkgNDkuNTYwODI5NywyOTUuMjk5NDYzIDQ5LjU2MDgyOTcsMjQ5LjQwNjQ4NiBDNDkuNTYwODI5NywxMzMuNzgzMjk4IDE0My42Mjc3MTksMzkuNzE4NjM3OCAyNTkuMjUzMTM3LDM5LjcxODYzNzggQzM3NC44NzE4NjcsMzkuNzE4NjM3OCA0NjguOTQwOTg2LDEzMy43ODMyOTggNDY4Ljk0MDk4NiwyNDkuNDA2NDg2IEM0NjguOTQwOTg2LDM2NS4wMjUyMTUgMzc0Ljg3NDA5Niw0NTkuMDg5ODc1IDI1OS4yNTMxMzcsNDU5LjA4OTg3NSBaIE0yMDAuNzU1OTI0LDE0Ni4yNDcwNjYgQzE5Ni43MTU3OTEsMTM2LjUxMDE2NSAxOTMuNjIxMDMsMTM2LjE4MDE3NiAxODcuMzgwMjI4LDEzNS44ODM2MzIgQzE4NS4yMzk3NTksMTM1Ljc4MTA2OCAxODIuOTE4Njg5LDEzNS42ODI5NjMgMTgwLjM3OTExMywxMzUuNjgyOTYzIEMxNzIuMzM4OTc5LDEzNS42ODI5NjMgMTY0LjAwMjMwMSwxMzguMDUwODU2IDE1OC45Nzg4OSwxNDMuMTkwMjEgQzE1Mi44NjUxNzgsMTQ5LjQ0NDM5IDEzNy41Nzg2NjcsMTY0LjA5MzIyIDEzNy41Nzg2NjcsMTk0LjE3MTI1OCBDMTM3LjU3ODY2NywyMjQuMjUzNzU1IDE1OS40ODcyNTEsMjUzLjMyMTc1OSAxNjIuNTM5NjQ4LDI1Ny40MDIwMjcgQzE2NS42MDA5NjMsMjYxLjQ3NzgzNSAyMDUuMjY4NzQ1LDMyNC4xMTEwNTcgMjY2Ljk4NTU3OSwzNDkuNjgyOTYzIEMzMTUuMTU3MjYyLDM2OS42MzYxNDEgMzI5LjQ2MDQ5NSwzNjcuODU5MTA2IDM0MC40NTA0NjIsMzY1LjQ1NTUzOSBDMzU2LjQ0MTU0MywzNjEuOTYzOSAzNzYuNTIxODExLDM1MC4xODY4NjUgMzgxLjYxNjU3MSwzMzUuOTE3MDc3IEMzODYuNzExMzMxLDMyMS42MzgzNyAzODYuNzExMzMxLDMwOS4zOTk3OTcgMzg1LjE4NDAxOCwzMDYuODU3OTkxIEMzODMuNjU0NDc1LDMwNC4zMDUwMzcgMzc5LjU3ODY2NywzMDIuNzgyMTgzIDM3My40NjQ5NTUsMjk5LjcxNjQwOCBDMzY3LjM1MTI0MiwyOTYuNjU5NTUyIDMzNy4yODg4MTIsMjgxLjg3MDI1NCAzMzEuNjg1NjksMjc5LjgzNDU4IEMzMjYuMDgwMzM5LDI3Ny43OTY2NzYgMzIwLjg5ODYyMiwyNzguNDE4NzQ5IDMxNi41ODg3LDI4NC4zNzg2MTUgQzMxMC42Mzk5ODIsMjkyLjYxMjcyOSAzMDQuOTE4Njg5LDMwMS4wNzQyNjggMzAwLjE4MDY3NCwzMDYuMDkwOTkgQzI5Ni40NjE2MSwzMTAuMDI4NTYgMjkwLjQ3NzIxOCwzMTAuNTc3MDU1IDI4NS4zMzExNzUsMzA4LjM4OTc2NCBDMjc4LjU2NDE3NCwzMDUuNTA2ODIxIDI1OS41MTYyMzcsMjk4Ljg2OTEzOSAyMzYuMTYwNjA3LDI3OC4wNDg2MjcgQzIxNy45ODg5MjMsMjYxLjg0Nzk1OCAyMDUuNzE2OTA2LDI0MS44MzQ1OCAyMDIuMTQ5NDU4LDIzNS43MTE5NDkgQzE5OC41ODIwMTEsMjI5LjU5ODIzNiAyMDEuODM1MDc3LDIyNS45NDgyOTIgMjA0LjU4NDI0MSwyMjIuNjIxNjQ4IEMyMDcuNzE5MTM1LDIxOC44MjQ1NDYgMjEwLjYxMDk5NywyMTYuMDk3Njc5IDIxMy42Njc4NTMsMjEyLjUzMjQ2MiBDMjE2LjcyNDcwOSwyMDguOTYwNTU1IDIxOC40MzI2MjUsMjA3LjA1ODY2IDIyMC40NzA1MjksMjAyLjk3MzkzMyBDMjIyLjUwODQzMywxOTguODk4MTI1IDIyMS4xMzcxOTUsMTk0LjY5MDc2NyAyMTkuNjA3NjUyLDE5MS42Mjk0NTIgQzIxOC4wNzU4OCwxODguNTY4MTM2IDIwNS44MzUwNzcsMTU4LjQ5NDU1OCAyMDAuNzU1OTI0LDE0Ni4yNDcwNjYgWiIgZmlsbD0iI2ZmZmZmZiIgaWQ9Imh0d2FpY29uLWNoYXQiPjwvcGF0aD4NCiAgICAgICAgPC9nPg0KICAgICAgICA8L3N2Zz4gICAgPC9zcGFuPjxiciAvPg0KICAgIDxzcGFuIGNsYXNzPSJodC1jdGMtczgtdGV4dCBzOF9zcGFuIGN0Yy1hbmFseXRpY3MgY3RjX2N0YSIgc3R5bGU9ImNvbG9yOiNmZmZmZmY7ICAiPjxiciAvPg0KICAgICAgV2hhdHNBcHAgICA8L3NwYW4+PGJyIC8+DQogIDwvc3Bhbj4NCjwvZGl2Pg0KPC9wPjwvZGl2Pg0K[\/vc_raw_html][\/vc_column][vc_column column_padding=\u00bbno-extra-padding\u00bb column_padding_tablet=\u00bbinherit\u00bb column_padding_phone=\u00bbinherit\u00bb column_padding_position=\u00bball\u00bb column_element_direction_desktop=\u00bbdefault\u00bb column_element_spacing=\u00bbdefault\u00bb desktop_text_alignment=\u00bbdefault\u00bb tablet_text_alignment=\u00bbdefault\u00bb phone_text_alignment=\u00bbdefault\u00bb background_color_opacity=\u00bb1&#8243; background_hover_color_opacity=\u00bb1&#8243; column_backdrop_filter=\u00bbnone\u00bb column_shadow=\u00bbnone\u00bb column_border_radius=\u00bbnone\u00bb column_link_target=\u00bb_self\u00bb column_position=\u00bbdefault\u00bb gradient_direction=\u00bbleft_to_right\u00bb overlay_strength=\u00bb0.3&#8243; width=\u00bb1\/2&#8243; tablet_width_inherit=\u00bbdefault\u00bb animation_type=\u00bbdefault\u00bb bg_image_animation=\u00bbnone\u00bb border_type=\u00bbsimple\u00bb column_border_width=\u00bbnone\u00bb column_border_style=\u00bbsolid\u00bb][\/vc_column][vc_column column_padding=\u00bbno-extra-padding\u00bb column_padding_tablet=\u00bbinherit\u00bb column_padding_phone=\u00bbinherit\u00bb column_padding_position=\u00bball\u00bb column_element_direction_desktop=\u00bbdefault\u00bb column_element_spacing=\u00bbdefault\u00bb desktop_text_alignment=\u00bbdefault\u00bb tablet_text_alignment=\u00bbdefault\u00bb phone_text_alignment=\u00bbdefault\u00bb background_color_opacity=\u00bb1&#8243; background_hover_color_opacity=\u00bb1&#8243; column_backdrop_filter=\u00bbnone\u00bb column_shadow=\u00bbnone\u00bb column_border_radius=\u00bbnone\u00bb column_link_target=\u00bb_self\u00bb column_position=\u00bbdefault\u00bb gradient_direction=\u00bbleft_to_right\u00bb overlay_strength=\u00bb0.3&#8243; width=\u00bb1\/4&#8243; tablet_width_inherit=\u00bbdefault\u00bb animation_type=\u00bbdefault\u00bb bg_image_animation=\u00bbnone\u00bb border_type=\u00bbsimple\u00bb column_border_width=\u00bbnone\u00bb column_border_style=\u00bbsolid\u00bb][\/vc_column][\/vc_row]\n","protected":false},"excerpt":{"rendered":"<p>Los servicios de transporte del aeropuerto se reunir\u00e1n con todos los vuelos (las 24 horas del d\u00eda) y lo dejar\u00e1n en su hotel en cualquier lugar de Capadocia. Desde los aeropuertos de Nevsehir y Kayseri (NAV y ASR)<\/p>\n","protected":false},"featured_media":6875,"template":"","meta":[],"product_brand":[],"product_cat":[190],"product_tag":[],"class_list":{"0":"post-3756","1":"product","2":"type-product","3":"status-publish","4":"has-post-thumbnail","6":"product_cat-traslados-al-aeropuerto","8":"first","9":"instock","10":"shipping-taxable","11":"purchasable","12":"product-type-simple"},"aioseo_notices":[],"_links":{"self":[{"href":"https:\/\/cappadociatourturkey.com\/es\/wp-json\/wp\/v2\/product\/3756","targetHints":{"allow":["GET"]}}],"collection":[{"href":"https:\/\/cappadociatourturkey.com\/es\/wp-json\/wp\/v2\/product"}],"about":[{"href":"https:\/\/cappadociatourturkey.com\/es\/wp-json\/wp\/v2\/types\/product"}],"wp:featuredmedia":[{"embeddable":true,"href":"https:\/\/cappadociatourturkey.com\/es\/wp-json\/wp\/v2\/media\/6875"}],"wp:attachment":[{"href":"https:\/\/cappadociatourturkey.com\/es\/wp-json\/wp\/v2\/media?parent=3756"}],"wp:term":[{"taxonomy":"product_brand","embeddable":true,"href":"https:\/\/cappadociatourturkey.com\/es\/wp-json\/wp\/v2\/product_brand?post=3756"},{"taxonomy":"product_cat","embeddable":true,"href":"https:\/\/cappadociatourturkey.com\/es\/wp-json\/wp\/v2\/product_cat?post=3756"},{"taxonomy":"product_tag","embeddable":true,"href":"https:\/\/cappadociatourturkey.com\/es\/wp-json\/wp\/v2\/product_tag?post=3756"}],"curies":[{"name":"wp","href":"https:\/\/api.w.org\/{rel}","templated":true}]}}