{"id":3641,"date":"2023-07-24T09:42:46","date_gmt":"2023-07-24T09:42:46","guid":{"rendered":"https:\/\/cappadociatourturkey.com\/tours\/lo-mas-destacado-de-capadocia\/"},"modified":"2025-05-18T08:22:42","modified_gmt":"2025-05-18T08:22:42","slug":"lo-mas-destacado-de-capadocia","status":"publish","type":"product","link":"https:\/\/cappadociatourturkey.com\/es\/tours-por-capadocia\/lo-mas-destacado-de-capadocia\/","title":{"rendered":"Lo mas destacado de Capadocia"},"content":{"rendered":"[vc_row type=\u00bbfull_width_background\u00bb full_screen_row_position=\u00bbmiddle\u00bb column_margin=\u00bb90px\u00bb equal_height=\u00bbyes\u00bb content_placement=\u00bbmiddle\u00bb column_direction=\u00bbdefault\u00bb column_direction_tablet=\u00bbdefault\u00bb column_direction_phone=\u00bbdefault\u00bb bg_color=\u00bb#ffffff\u00bb scene_position=\u00bbcenter\u00bb constrain_group_1=\u00bbyes\u00bb top_padding_tablet=\u00bb8%\u00bb bottom_padding_tablet=\u00bb8%\u00bb text_color=\u00bbdark\u00bb text_align=\u00bbleft\u00bb row_border_radius=\u00bbnone\u00bb row_border_radius_applies=\u00bbbg\u00bb overflow=\u00bbvisible\u00bb id=\u00bbhome\u00bb overlay_strength=\u00bb0.5&#8243; gradient_direction=\u00bbtop_to_bottom\u00bb shape_divider_position=\u00bbbottom\u00bb bg_image_animation=\u00bbnone\u00bb shape_type=\u00bbstraight_section\u00bb][vc_column column_padding=\u00bbpadding-2-percent\u00bb column_padding_tablet=\u00bbno-extra-padding\u00bb column_padding_phone=\u00bbno-extra-padding\u00bb column_padding_position=\u00bbright\u00bb column_element_direction_desktop=\u00bbdefault\u00bb column_element_spacing=\u00bbdefault\u00bb desktop_text_alignment=\u00bbdefault\u00bb tablet_text_alignment=\u00bbdefault\u00bb phone_text_alignment=\u00bbdefault\u00bb background_color_opacity=\u00bb1&#8243; background_hover_color_opacity=\u00bb1&#8243; column_backdrop_filter=\u00bbnone\u00bb column_shadow=\u00bbnone\u00bb column_border_radius=\u00bbnone\u00bb column_link_target=\u00bb_self\u00bb column_position=\u00bbdefault\u00bb zindex=\u00bb100&#8243; gradient_direction=\u00bbleft_t_to_right_b\u00bb overlay_strength=\u00bb0.3&#8243; width=\u00bb1\/1&#8243; tablet_width_inherit=\u00bbdefault\u00bb animation_type=\u00bbdefault\u00bb bg_image_animation=\u00bbnone\u00bb border_type=\u00bbsimple\u00bb column_border_width=\u00bbnone\u00bb column_border_style=\u00bbsolid\u00bb offset=\u00bbvc_col-xs-12&#8243;][vc_row_inner column_margin=\u00bbdefault\u00bb column_direction=\u00bbdefault\u00bb column_direction_tablet=\u00bbdefault\u00bb column_direction_phone=\u00bbdefault\u00bb text_align=\u00bbleft\u00bb row_position=\u00bbdefault\u00bb row_position_tablet=\u00bbinherit\u00bb row_position_phone=\u00bbinherit\u00bb overflow=\u00bbvisible\u00bb pointer_events=\u00bball\u00bb min_width=\u00bb47vh\u00bb][vc_column_inner column_padding=\u00bbno-extra-padding\u00bb column_padding_tablet=\u00bbinherit\u00bb column_padding_phone=\u00bbinherit\u00bb column_padding_position=\u00bball\u00bb column_element_direction_desktop=\u00bbdefault\u00bb column_element_spacing=\u00bbdefault\u00bb desktop_text_alignment=\u00bbdefault\u00bb tablet_text_alignment=\u00bbdefault\u00bb phone_text_alignment=\u00bbdefault\u00bb background_color_opacity=\u00bb1&#8243; background_hover_color_opacity=\u00bb1&#8243; column_backdrop_filter=\u00bbnone\u00bb column_shadow=\u00bbnone\u00bb column_border_radius=\u00bbnone\u00bb column_link_target=\u00bb_self\u00bb overflow=\u00bbvisible\u00bb gradient_direction=\u00bbleft_to_right\u00bb overlay_strength=\u00bb0.3&#8243; width=\u00bb1\/1&#8243; tablet_width_inherit=\u00bbdefault\u00bb animation_type=\u00bbdefault\u00bb enable_animation=\u00bbtrue\u00bb animation=\u00bbfade-in-from-bottom\u00bb animation_easing=\u00bbdefault\u00bb bg_image_animation=\u00bbnone\u00bb border_type=\u00bbsimple\u00bb column_border_width=\u00bbnone\u00bb column_border_style=\u00bbsolid\u00bb enable_border_animation=\u00bbtrue\u00bb][vc_column_text css_animation=\u00bbnone\u00bb css=\u00bb.vc_custom_1743145117156{margin-bottom: 20px !important;}\u00bb text_direction=\u00bbdefault\u00bb]\n<h3>Tour privado mixto por Capadocia (1 d\u00eda)<\/h3>\n[\/vc_column_text][vc_custom_heading text=\u00bbIdeal para aquellos que tienen tiempo limitado, este recorrido de 1 d\u00eda combina lo mejor de los recorridos rojo y verde mientras le ofrece a usted y a su grupo la privacidad de su propio veh\u00edculo y la flexibilidad de cambiar el itinerario seg\u00fan sus necesidades. Incluye una de las ciudades subterr\u00e1neas m\u00e1s grandes, el museo al aire libre de Goreme, impresionantes vistas de formaciones rocosas \u00fanicas y mucho m\u00e1s.\u00bb font_container=\u00bbtag:p|font_size:20px|text_align:left|line_height:2em\u00bb use_theme_fonts=\u00bbyes\u00bb css_animation=\u00bbnone\u00bb css=\u00bb\u00bb][vc_column_text css=\u00bb\u00bb text_direction=\u00bbdefault\u00bb]\n<ul>\n<li>Recogida en tu hotel a la hora acordada (recomendamos no m\u00e1s tarde de las 9.30 h).<\/li>\n<li>La primera parada es el mirador panor\u00e1mico de G\u00f6reme, donde te sorprender\u00e1 una de las mejores vistas de la regi\u00f3n. La gu\u00eda explicar\u00e1 c\u00f3mo surgi\u00f3 este incre\u00edble paisaje.<\/li>\n<li>La siguiente parada es Derinkuyu o Kaymakli Underground City, un asentamiento subterr\u00e1neo que data de los siglos VII y VIII. Camine por cada nivel, cada uno de los cuales est\u00e1 interconectado por t\u00faneles estrechos y escaleras talladas en piedra.<\/li>\n<li>La siguiente parada es Derinkuyu o Kaymakli Underground City, un asentamiento subterr\u00e1neo que data de los siglos VII y VIII. Camina por cada nivel, cada uno de los cuales est\u00e1 interconectado por t\u00faneles estrechos y escaleras talladas en piedra. Vea la bodega, la iglesia, las cocinas, las \u00e1reas de almacenamiento de alimentos y los establos de animales mientras su gu\u00eda le brinda una idea de su vida diaria.<\/li>\n<li>El infame mirador de Pigeon Valley es espectacular, donde ver\u00e1 los palomares tallados en la roca por los antiguos habitantes.<\/li>\n<li>El siguiente es el castillo de U\u00e7hisar, la formaci\u00f3n rocosa m\u00e1s alta de la regi\u00f3n. La gu\u00eda explicar\u00e1 c\u00f3mo surgi\u00f3 este incre\u00edble paisaje.<\/li>\n<li>Disfruta de un almuerzo tipo buffet en Avanos, que ofrece una amplia variedad de comida turca, incluyendo mezes, ensaladas, platos de carne y vegetarianos, y postres. (Opcional, no incluido)<\/li>\n<li>A\u00fan en Avanos, visite un aut\u00e9ntico taller de cer\u00e1mica familiar ubicado en una cueva subterr\u00e1nea. La arcilla del r\u00edo K\u0131z\u0131l\u0131rmak (Rojo) fue utilizada por primera vez en la producci\u00f3n de cer\u00e1mica por los hititas antes de 1700 a. C. y contin\u00faa como una forma de arte en la actualidad.Vea a un maestro demostrar c\u00f3mo hacer una vasija y observe c\u00f3mo los pintores y<br \/>\nvidriadores aplican sus delicados patrones. Pruebe usted mismo el torno de alfarero y haga su propia vasija \u00fanica si lo desea.<\/li>\n<li>En Pa\u015faba\u011f\u0131 (tambi\u00e9n conocido como Valle de los Monjes debido a la Capilla de San Sime\u00f3n que se encuentra all\u00ed) pasee por los grupos inusuales de \u00abchimeneas de hadas\u00bb (formaciones rocosas) con forma de hongo de m\u00faltiples cabezas.<\/li>\n<li>Devrent Valley (\u00abValle de la Imaginaci\u00f3n\u00bb): un impresionante valle donde se pueden observar formaciones rocosas naturales en muchas formas reconocibles, incluida la famosa roca en forma de camello. Usa tu imaginaci\u00f3n y mira qu\u00e9 otras formas puedes encontrar.<\/li>\n<li>La \u00faltima parada es el museo al aire libre de G\u00f6reme, donde el gu\u00eda explicar\u00e1 la importancia del cristianismo y la vida mon\u00e1stica en Capadocia antes de dejarte libre para explorar las iglesias rupestres y los monasterios de los siglos X y XI con hermosos frescos pintados que representan escenas b\u00edblicas famosas.<\/li>\n<li>Regreso a su hotel aproximadamente a las 18:00 horas.<\/li>\n<\/ul>\n[\/vc_column_text][\/vc_column_inner][\/vc_row_inner][\/vc_column][\/vc_row][vc_row type=\u00bbfull_width_background\u00bb full_screen_row_position=\u00bbmiddle\u00bb column_margin=\u00bb90px\u00bb equal_height=\u00bbyes\u00bb content_placement=\u00bbmiddle\u00bb column_direction=\u00bbdefault\u00bb column_direction_tablet=\u00bbdefault\u00bb column_direction_phone=\u00bbdefault\u00bb bg_color=\u00bb#ffffff\u00bb scene_position=\u00bbcenter\u00bb constrain_group_1=\u00bbyes\u00bb top_padding_tablet=\u00bb8%\u00bb bottom_padding_tablet=\u00bb8%\u00bb text_color=\u00bbdark\u00bb text_align=\u00bbleft\u00bb row_border_radius=\u00bbnone\u00bb row_border_radius_applies=\u00bbbg\u00bb overflow=\u00bbvisible\u00bb overlay_strength=\u00bb0.5&#8243; gradient_direction=\u00bbtop_to_bottom\u00bb shape_divider_position=\u00bbbottom\u00bb bg_image_animation=\u00bbnone\u00bb shape_type=\u00bbstraight_section\u00bb gradient_type=\u00bbdefault\u00bb][vc_column column_padding=\u00bbpadding-2-percent\u00bb column_padding_tablet=\u00bbno-extra-padding\u00bb column_padding_phone=\u00bbno-extra-padding\u00bb column_padding_position=\u00bbright\u00bb column_element_direction_desktop=\u00bbdefault\u00bb column_element_spacing=\u00bbdefault\u00bb desktop_text_alignment=\u00bbdefault\u00bb tablet_text_alignment=\u00bbdefault\u00bb phone_text_alignment=\u00bbdefault\u00bb background_color_opacity=\u00bb1&#8243; background_hover_color_opacity=\u00bb1&#8243; column_backdrop_filter=\u00bbnone\u00bb column_shadow=\u00bbnone\u00bb column_border_radius=\u00bbnone\u00bb column_link_target=\u00bb_self\u00bb column_position=\u00bbdefault\u00bb zindex=\u00bb100&#8243; gradient_direction=\u00bbleft_t_to_right_b\u00bb overlay_strength=\u00bb0.3&#8243; width=\u00bb1\/1&#8243; tablet_width_inherit=\u00bbdefault\u00bb animation_type=\u00bbdefault\u00bb bg_image_animation=\u00bbnone\u00bb border_type=\u00bbsimple\u00bb column_border_width=\u00bbnone\u00bb column_border_style=\u00bbsolid\u00bb offset=\u00bbvc_col-xs-12&#8243;][vc_row_inner column_margin=\u00bb70px\u00bb column_direction=\u00bbdefault\u00bb column_direction_tablet=\u00bbdefault\u00bb column_direction_phone=\u00bbdefault\u00bb top_padding=\u00bb25&#8243; bottom_padding=\u00bb15&#8243; text_align=\u00bbleft\u00bb row_position=\u00bbdefault\u00bb row_position_tablet=\u00bbinherit\u00bb row_position_phone=\u00bbinherit\u00bb overflow=\u00bbvisible\u00bb pointer_events=\u00bball\u00bb][vc_column_inner column_padding=\u00bbno-extra-padding\u00bb column_padding_tablet=\u00bbinherit\u00bb column_padding_phone=\u00bbinherit\u00bb column_padding_position=\u00bball\u00bb column_element_direction_desktop=\u00bbdefault\u00bb column_element_spacing=\u00bbdefault\u00bb desktop_text_alignment=\u00bbdefault\u00bb tablet_text_alignment=\u00bbdefault\u00bb phone_text_alignment=\u00bbdefault\u00bb background_color_opacity=\u00bb1&#8243; background_hover_color_opacity=\u00bb1&#8243; column_backdrop_filter=\u00bbnone\u00bb column_shadow=\u00bbnone\u00bb column_border_radius=\u00bbnone\u00bb column_link_target=\u00bb_self\u00bb overflow=\u00bbvisible\u00bb gradient_direction=\u00bbleft_to_right\u00bb overlay_strength=\u00bb0.3&#8243; width=\u00bb1\/3&#8243; tablet_width_inherit=\u00bbsmall_desktop\u00bb animation_type=\u00bbdefault\u00bb enable_animation=\u00bbtrue\u00bb animation=\u00bbfade-in-from-bottom\u00bb animation_easing=\u00bbdefault\u00bb bg_image_animation=\u00bbnone\u00bb border_type=\u00bbsimple\u00bb column_border_width=\u00bbnone\u00bb column_border_style=\u00bbsolid\u00bb][vc_column_text css_animation=\u00bbnone\u00bb css=\u00bb.vc_custom_1689773585088{margin-bottom: 10px !important;}\u00bb]\n<h4>Inclusiones<\/h4>\n[\/vc_column_text][vc_column_text css=\u00bb\u00bb text_direction=\u00bbdefault\u00bb]\n<ul>\n<li>Recogida y regreso al hotel.<\/li>\n<li>Transporte en minivan c\u00f3moda y moderna.<\/li>\n<li>Gu\u00eda profesional de habla Espanhol (si desea realizar este recorrido en otro idioma, cont\u00e1ctenos)<\/li>\n<\/ul>\n<h4>Exclusiones:<\/h4>\n<ul>\n<li>Almuerzo y entradas<\/li>\n<\/ul>\n[\/vc_column_text][\/vc_column_inner][vc_column_inner column_padding=\u00bbno-extra-padding\u00bb column_padding_tablet=\u00bbinherit\u00bb column_padding_phone=\u00bbinherit\u00bb column_padding_position=\u00bball\u00bb column_element_direction_desktop=\u00bbdefault\u00bb column_element_spacing=\u00bbdefault\u00bb desktop_text_alignment=\u00bbdefault\u00bb tablet_text_alignment=\u00bbdefault\u00bb phone_text_alignment=\u00bbdefault\u00bb background_color_opacity=\u00bb1&#8243; background_hover_color_opacity=\u00bb1&#8243; column_backdrop_filter=\u00bbnone\u00bb column_shadow=\u00bbnone\u00bb column_border_radius=\u00bbnone\u00bb column_link_target=\u00bb_self\u00bb overflow=\u00bbvisible\u00bb gradient_direction=\u00bbleft_to_right\u00bb overlay_strength=\u00bb0.3&#8243; width=\u00bb1\/3&#8243; tablet_width_inherit=\u00bbsmall_desktop\u00bb animation_type=\u00bbdefault\u00bb enable_animation=\u00bbtrue\u00bb animation=\u00bbfade-in-from-bottom\u00bb animation_easing=\u00bbdefault\u00bb bg_image_animation=\u00bbnone\u00bb border_type=\u00bbsimple\u00bb column_border_width=\u00bbnone\u00bb column_border_style=\u00bbsolid\u00bb][vc_column_text css_animation=\u00bbnone\u00bb css=\u00bb.vc_custom_1689773390381{margin-bottom: 10px !important;}\u00bb]\n<h4>Otras<\/h4>\n[\/vc_column_text][vc_column_text css=\u00bb\u00bb text_direction=\u00bbdefault\u00bb]\n<ul>\n<li>De 9:30 a 18:00 (horario sugerido, se recomienda comenzar a m\u00e1s tardar a las 10:30)<\/li>\n<li>Por favor, inf\u00f3rmenos del n\u00famero de personas en su grupo.<\/li>\n<\/ul>\n[\/vc_column_text][\/vc_column_inner][vc_column_inner column_padding=\u00bbno-extra-padding\u00bb column_padding_tablet=\u00bbinherit\u00bb column_padding_phone=\u00bbinherit\u00bb column_padding_position=\u00bball\u00bb column_element_direction_desktop=\u00bbdefault\u00bb column_element_spacing=\u00bbdefault\u00bb desktop_text_alignment=\u00bbdefault\u00bb tablet_text_alignment=\u00bbdefault\u00bb phone_text_alignment=\u00bbdefault\u00bb background_color_opacity=\u00bb1&#8243; background_hover_color_opacity=\u00bb1&#8243; column_backdrop_filter=\u00bbnone\u00bb column_shadow=\u00bbnone\u00bb column_border_radius=\u00bbnone\u00bb column_link_target=\u00bb_self\u00bb overflow=\u00bbvisible\u00bb gradient_direction=\u00bbleft_to_right\u00bb overlay_strength=\u00bb0.3&#8243; width=\u00bb1\/3&#8243; tablet_width_inherit=\u00bbdefault\u00bb animation_type=\u00bbdefault\u00bb enable_animation=\u00bbtrue\u00bb animation=\u00bbfade-in-from-bottom\u00bb animation_easing=\u00bbdefault\u00bb bg_image_animation=\u00bbnone\u00bb border_type=\u00bbsimple\u00bb column_border_width=\u00bbnone\u00bb column_border_style=\u00bbsolid\u00bb column_padding_type=\u00bbdefault\u00bb gradient_type=\u00bbdefault\u00bb][vc_column_text css_animation=\u00bbnone\u00bb css=\u00bb.vc_custom_1689772799372{margin-bottom: 10px !important;}\u00bb]\n<h4>Cancelaciones:<\/h4>\n[\/vc_column_text][vc_column_text]\n<ul>\n<li>Las cancelaciones realizadas con m\u00e1s de 48 horas desde el inicio del tour no tendr\u00e1n cargo.<\/li>\n<li>Las cancelaciones realizadas entre 24-48 horas desde el inicio del tour tendr\u00e1n un cargo del 50% del monto adeudado.<\/li>\n<li>La no presentaci\u00f3n y las cancelaciones realizadas dentro de las 24 horas<br \/>\nposteriores al comienzo de la hora de inicio se cobrar\u00e1n el 100% del monto adeudado<\/li>\n<\/ul>\n[\/vc_column_text][\/vc_column_inner][\/vc_row_inner][\/vc_column][\/vc_row][vc_row type=\u00bbin_container\u00bb full_screen_row_position=\u00bbmiddle\u00bb column_margin=\u00bbdefault\u00bb column_direction=\u00bbdefault\u00bb column_direction_tablet=\u00bbdefault\u00bb column_direction_phone=\u00bbdefault\u00bb scene_position=\u00bbcenter\u00bb text_color=\u00bbdark\u00bb text_align=\u00bbleft\u00bb row_border_radius=\u00bbnone\u00bb row_border_radius_applies=\u00bbbg\u00bb overflow=\u00bbvisible\u00bb overlay_strength=\u00bb0.3&#8243; gradient_direction=\u00bbleft_to_right\u00bb shape_divider_position=\u00bbbottom\u00bb bg_image_animation=\u00bbnone\u00bb][vc_column column_padding=\u00bbno-extra-padding\u00bb column_padding_tablet=\u00bbinherit\u00bb column_padding_phone=\u00bbinherit\u00bb column_padding_position=\u00bball\u00bb column_element_direction_desktop=\u00bbdefault\u00bb column_element_spacing=\u00bbdefault\u00bb desktop_text_alignment=\u00bbdefault\u00bb tablet_text_alignment=\u00bbdefault\u00bb phone_text_alignment=\u00bbdefault\u00bb background_color_opacity=\u00bb1&#8243; background_hover_color_opacity=\u00bb1&#8243; column_backdrop_filter=\u00bbnone\u00bb column_shadow=\u00bbnone\u00bb column_border_radius=\u00bbnone\u00bb column_link_target=\u00bb_self\u00bb column_position=\u00bbdefault\u00bb gradient_direction=\u00bbleft_to_right\u00bb overlay_strength=\u00bb0.3&#8243; width=\u00bb1\/4&#8243; tablet_width_inherit=\u00bbdefault\u00bb animation_type=\u00bbdefault\u00bb enable_animation=\u00bbtrue\u00bb animation=\u00bbfade-in-from-left\u00bb animation_easing=\u00bbdefault\u00bb bg_image_animation=\u00bbnone\u00bb border_type=\u00bbsimple\u00bb column_border_width=\u00bbnone\u00bb column_border_style=\u00bbsolid\u00bb column_padding_type=\u00bbdefault\u00bb gradient_type=\u00bbdefault\u00bb][vc_raw_html css=\u00bb\u00bb]PGRpdiBjbGFzcz0iY3RjX2NoYXQgY3RjX3dvb19wbGFjZSIgc3R5bGU9ImN1cnNvcjogcG9pbnRlcjsgZGlzcGxheTogYmxvY2s7IiBkYXRhLWR0PSJibG9jayI+PHN0eWxlIGlkPSJodC1jdGMtczgiPg0KLmh0LWN0Yy1zdHlsZS04IC5zXzggLnNfOF9pY29ue29yZGVyOjA7bWFyZ2luLXJpZ2h0OiAxNXB4Ozt9Lmh0LWN0YyAuaHQtY3RjLXN0eWxlLTg6aG92ZXIgLnNfOCBzdmcgZyBwYXRoe2ZpbGw6I2ZmZmZmZiAhaW1wb3J0YW50O30uaHQtY3RjIC5odC1jdGMtc3R5bGUtODpob3ZlciAuc184IC5odC1jdGMtczgtdGV4dHtjb2xvcjojZmZmZmZmICFpbXBvcnRhbnQ7fS5odC1jdGMgLmh0LWN0Yy1zdHlsZS04OmhvdmVyIC5zXzh7Ym94LXNoYWRvdzogMCAzcHggM3B4IDAgcmdiYSg3LDYsNiwuMTQpLCAwIDFweCA3cHggMCByZ2JhKDAsMCwwLC4xMiksIDAgM3B4IDFweCAtMXB4IHJnYmEoMCwwLDAsLjIpICFpbXBvcnRhbnQ7IHRyYW5zaXRpb246IC4ycyBlYXNlLW91dCAhaW1wb3J0YW50OyBiYWNrZ3JvdW5kLWNvbG9yOiMyNmE2OWEgIWltcG9ydGFudDsgfTwvc3R5bGU+DQo8ZGl2IGNsYXNzPSJodC1jdGMtc3R5bGUtOCBjdGMtYW5hbHl0aWNzIj48c3BhbiBjbGFzcz0ic184IHdhdmVzLWVmZmVjdCB3YXZlcy1saWdodCBjdGMtYW5hbHl0aWNzIiBzdHlsZT0iZGlzcGxheTogZmxleDsgcGFkZGluZzogMCAycmVtOyBsZXR0ZXItc3BhY2luZzogLjVweDsgdHJhbnNpdGlvbjogLjJzIGVhc2Utb3V0OyB0ZXh0LWFsaWduOiBjZW50ZXI7IGp1c3RpZnktY29udGVudDogY2VudGVyOyBhbGlnbi1pdGVtczogY2VudGVyOyBib3JkZXItcmFkaXVzOiAycHg7IGhlaWdodDogMzZweDsgbGluZS1oZWlnaHQ6IDM2cHg7IHZlcnRpY2FsLWFsaWduOiBtaWRkbGU7IGJveC1zaGFkb3c6IDAgMnB4IDJweCAwIHJnYmEoMCwwLDAsLjE0KSwgMCAxcHggNXB4IDAgcmdiYSgwLDAsMCwuMTIpLCAwIDNweCAxcHggLTJweCByZ2JhKDAsMCwwLC4yKTsgYm94LXNpemluZzogaW5oZXJpdDsgYmFja2dyb3VuZC1jb2xvcjogIzI2YTY5YTsiPg0KPHNwYW4gY2xhc3M9InNfOF9pY29uIj4NCjwvc3Bhbj4NCjxzcGFuIGNsYXNzPSJodC1jdGMtczgtdGV4dCBzOF9zcGFuIGN0Yy1hbmFseXRpY3MgY3RjX2N0YSIgc3R5bGU9ImNvbG9yOiAjZmZmZmZmOyI+V2hhdHNBcHAgPC9zcGFuPg0KPC9zcGFuPjwvZGl2Pg0KPC9kaXY+[\/vc_raw_html][\/vc_column][vc_column column_padding=\u00bbno-extra-padding\u00bb column_padding_tablet=\u00bbinherit\u00bb column_padding_phone=\u00bbinherit\u00bb column_padding_position=\u00bball\u00bb column_element_direction_desktop=\u00bbdefault\u00bb column_element_spacing=\u00bbdefault\u00bb desktop_text_alignment=\u00bbdefault\u00bb tablet_text_alignment=\u00bbdefault\u00bb phone_text_alignment=\u00bbdefault\u00bb background_color_opacity=\u00bb1&#8243; background_hover_color_opacity=\u00bb1&#8243; column_backdrop_filter=\u00bbnone\u00bb column_shadow=\u00bbnone\u00bb column_border_radius=\u00bbnone\u00bb column_link_target=\u00bb_self\u00bb column_position=\u00bbdefault\u00bb gradient_direction=\u00bbleft_to_right\u00bb overlay_strength=\u00bb0.3&#8243; width=\u00bb1\/2&#8243; tablet_width_inherit=\u00bbdefault\u00bb animation_type=\u00bbdefault\u00bb bg_image_animation=\u00bbnone\u00bb border_type=\u00bbsimple\u00bb column_border_width=\u00bbnone\u00bb column_border_style=\u00bbsolid\u00bb][\/vc_column][vc_column column_padding=\u00bbno-extra-padding\u00bb column_padding_tablet=\u00bbinherit\u00bb column_padding_phone=\u00bbinherit\u00bb column_padding_position=\u00bball\u00bb column_element_direction_desktop=\u00bbdefault\u00bb column_element_spacing=\u00bbdefault\u00bb desktop_text_alignment=\u00bbdefault\u00bb tablet_text_alignment=\u00bbdefault\u00bb phone_text_alignment=\u00bbdefault\u00bb background_color_opacity=\u00bb1&#8243; background_hover_color_opacity=\u00bb1&#8243; column_backdrop_filter=\u00bbnone\u00bb column_shadow=\u00bbnone\u00bb column_border_radius=\u00bbnone\u00bb column_link_target=\u00bb_self\u00bb column_position=\u00bbdefault\u00bb gradient_direction=\u00bbleft_to_right\u00bb overlay_strength=\u00bb0.3&#8243; width=\u00bb1\/4&#8243; tablet_width_inherit=\u00bbdefault\u00bb animation_type=\u00bbdefault\u00bb bg_image_animation=\u00bbnone\u00bb border_type=\u00bbsimple\u00bb column_border_width=\u00bbnone\u00bb column_border_style=\u00bbsolid\u00bb][\/vc_column][\/vc_row]\n","protected":false},"excerpt":{"rendered":"<p>Ideal para aquellos que tienen tiempo limitado, este recorrido de 1 d\u00eda combina lo mejor de los recorridos rojo y verde mientras le ofrece a usted y a su grupo la privacidad de su propio veh\u00edculo y la flexibilidad de cambiar el itinerario seg\u00fan sus necesidades.<\/p>\n","protected":false},"featured_media":7030,"template":"","meta":[],"product_brand":[],"product_cat":[183,186],"product_tag":[],"class_list":{"0":"post-3641","1":"product","2":"type-product","3":"status-publish","4":"has-post-thumbnail","6":"product_cat-capadocia","7":"product_cat-tours-privados","9":"first","10":"instock","11":"shipping-taxable","12":"purchasable","13":"product-type-variable"},"aioseo_notices":[],"_links":{"self":[{"href":"https:\/\/cappadociatourturkey.com\/es\/wp-json\/wp\/v2\/product\/3641","targetHints":{"allow":["GET"]}}],"collection":[{"href":"https:\/\/cappadociatourturkey.com\/es\/wp-json\/wp\/v2\/product"}],"about":[{"href":"https:\/\/cappadociatourturkey.com\/es\/wp-json\/wp\/v2\/types\/product"}],"wp:featuredmedia":[{"embeddable":true,"href":"https:\/\/cappadociatourturkey.com\/es\/wp-json\/wp\/v2\/media\/7030"}],"wp:attachment":[{"href":"https:\/\/cappadociatourturkey.com\/es\/wp-json\/wp\/v2\/media?parent=3641"}],"wp:term":[{"taxonomy":"product_brand","embeddable":true,"href":"https:\/\/cappadociatourturkey.com\/es\/wp-json\/wp\/v2\/product_brand?post=3641"},{"taxonomy":"product_cat","embeddable":true,"href":"https:\/\/cappadociatourturkey.com\/es\/wp-json\/wp\/v2\/product_cat?post=3641"},{"taxonomy":"product_tag","embeddable":true,"href":"https:\/\/cappadociatourturkey.com\/es\/wp-json\/wp\/v2\/product_tag?post=3641"}],"curies":[{"name":"wp","href":"https:\/\/api.w.org\/{rel}","templated":true}]}}