{"id":7215,"date":"2024-12-20T11:21:07","date_gmt":"2024-12-20T11:21:07","guid":{"rendered":"https:\/\/cappadociatourturkey.com\/vuelos-en-globo-en-capadocia\/"},"modified":"2025-06-23T08:41:29","modified_gmt":"2025-06-23T08:41:29","slug":"vuelos-por-globo-en-capadocia","status":"publish","type":"page","link":"https:\/\/cappadociatourturkey.com\/es\/vuelos-por-globo-en-capadocia\/","title":{"rendered":"Vuelos por Globo en Capadocia"},"content":{"rendered":"[vc_row type=\u00bbfull_width_background\u00bb full_screen_row_position=\u00bbmiddle\u00bb column_margin=\u00bbnone\u00bb column_direction=\u00bbdefault\u00bb column_direction_tablet=\u00bbdefault\u00bb column_direction_phone=\u00bbdefault\u00bb bg_image=\u00bb6373&#8243; bg_position=\u00bbcenter center\u00bb background_image_loading=\u00bbskip-lazy-load\u00bb bg_repeat=\u00bbno-repeat\u00bb scene_position=\u00bbcenter\u00bb top_padding=\u00bb10%\u00bb top_padding_tablet=\u00bb30%\u00bb constrain_group_3=\u00bbyes\u00bb bottom_padding_tablet=\u00bb30%\u00bb top_padding_phone=\u00bb40%\u00bb constrain_group_5=\u00bbyes\u00bb bottom_padding_phone=\u00bb40%\u00bb text_color=\u00bbcustom\u00bb text_align=\u00bbleft\u00bb row_border_radius=\u00bbnone\u00bb row_border_radius_applies=\u00bbbg\u00bb overflow=\u00bbvisible\u00bb id=\u00bbgoreme\u00bb overlay_strength=\u00bb0.3&#8243; gradient_direction=\u00bbradial\u00bb shape_divider_color=\u00bb#ffffff\u00bb shape_divider_position=\u00bbbottom\u00bb shape_divider_height=\u00bb45%\u00bb bg_image_animation=\u00bbzoom-out\u00bb parallax_bg=\u00bbtrue\u00bb parallax_bg_speed=\u00bbfast\u00bb shape_type=\u00bbstraight_section\u00bb gradient_type=\u00bbdefault\u00bb][vc_column column_padding=\u00bbno-extra-padding\u00bb column_padding_tablet=\u00bbinherit\u00bb column_padding_phone=\u00bbinherit\u00bb column_padding_position=\u00bball\u00bb column_element_direction_desktop=\u00bbdefault\u00bb column_element_spacing=\u00bb0px\u00bb desktop_text_alignment=\u00bbdefault\u00bb tablet_text_alignment=\u00bbdefault\u00bb phone_text_alignment=\u00bbcenter\u00bb background_color_opacity=\u00bb1&#8243; background_hover_color_opacity=\u00bb1&#8243; column_backdrop_filter=\u00bbnone\u00bb column_shadow=\u00bbnone\u00bb column_border_radius=\u00bbnone\u00bb column_link_target=\u00bb_self\u00bb column_position=\u00bbdefault\u00bb gradient_direction=\u00bbradial\u00bb overlay_strength=\u00bb0.3&#8243; width=\u00bb1\/1&#8243; tablet_width_inherit=\u00bbdefault\u00bb animation_type=\u00bbdefault\u00bb bg_image_animation=\u00bbzoom-out-reveal\u00bb parallax_bg=\u00bbtrue\u00bb parallax_bg_speed=\u00bbfast\u00bb border_type=\u00bbsimple\u00bb column_border_width=\u00bbnone\u00bb column_border_style=\u00bbsolid\u00bb][split_line_heading animation_type=\u00bbtwist-in\u00bb font_style=\u00bbh2&#8243; content_alignment=\u00bbdefault\u00bb mobile_content_alignment=\u00bbinherit\u00bb link_target=\u00bb_self\u00bb text_content=\u00bbVuelos en Globo Aerost\u00e1tico sobre G\u00f6reme\u00bb font_size=\u00bb10vh\u00bb text_direction=\u00bbdefault\u00bb][\/split_line_heading][vc_column_text css=\u00bb\u00bb text_direction=\u00bbdefault\u00bb]\u00a1Descubre la incre\u00edble belleza de Capadocia como nunca antes con un m\u00e1gico vuelo en globo al amanecer! Captura fotos y videos espectaculares para compartir con amigos y familiares, creando recuerdos que durar\u00e1n toda la vida.<\/p>\n<p>Situada en el centro de Turqu\u00eda, Capadocia es reconocida mundialmente por sus vuelos en globo aerost\u00e1tico, celebrada como uno de los mejores destinos del mundo para esta experiencia inolvidable.[\/vc_column_text][nectar_woo_products product_type=\u00bball\u00bb category=\u00bbcappadocia-hot-air-balloon-flights\u00bb columns=\u00bb4&#8243; flickity_mobile_column_width=\u00bb100%\u00bb orderby=\u00bbdate\u00bb order=\u00bbASC\u00bb][\/vc_column][\/vc_row][vc_row type=\u00bbin_container\u00bb full_screen_row_position=\u00bbmiddle\u00bb column_margin=\u00bbdefault\u00bb column_direction=\u00bbdefault\u00bb column_direction_tablet=\u00bbdefault\u00bb column_direction_phone=\u00bbdefault\u00bb scene_position=\u00bbcenter\u00bb text_color=\u00bbdark\u00bb text_align=\u00bbleft\u00bb row_border_radius=\u00bbnone\u00bb row_border_radius_applies=\u00bbbg\u00bb overflow=\u00bbvisible\u00bb id=\u00bbotherflights\u00bb overlay_strength=\u00bb0.3&#8243; gradient_direction=\u00bbleft_to_right\u00bb shape_divider_position=\u00bbbottom\u00bb bg_image_animation=\u00bbnone\u00bb gradient_type=\u00bbdefault\u00bb shape_type=\u00bb\u00bb][vc_column column_padding=\u00bbno-extra-padding\u00bb column_padding_tablet=\u00bbinherit\u00bb column_padding_phone=\u00bbinherit\u00bb column_padding_position=\u00bball\u00bb column_element_direction_desktop=\u00bbdefault\u00bb column_element_spacing=\u00bbdefault\u00bb desktop_text_alignment=\u00bbdefault\u00bb tablet_text_alignment=\u00bbdefault\u00bb phone_text_alignment=\u00bbdefault\u00bb background_color_opacity=\u00bb1&#8243; background_hover_color_opacity=\u00bb1&#8243; column_backdrop_filter=\u00bbnone\u00bb column_shadow=\u00bbnone\u00bb column_border_radius=\u00bbnone\u00bb column_link_target=\u00bb_self\u00bb column_position=\u00bbdefault\u00bb gradient_direction=\u00bbleft_to_right\u00bb overlay_strength=\u00bb0.3&#8243; width=\u00bb1\/1&#8243; tablet_width_inherit=\u00bbdefault\u00bb animation_type=\u00bbdefault\u00bb bg_image_animation=\u00bbnone\u00bb border_type=\u00bbsimple\u00bb column_border_width=\u00bbnone\u00bb column_border_style=\u00bbsolid\u00bb][split_line_heading animation_type=\u00bbline-reveal-by-space\u00bb font_style=\u00bbh2&#8243; line_reveal_by_space_text_effect=\u00bbdefault\u00bb stagger_animation=\u00bbtrue\u00bb mobile_disable_animation=\u00bbtrue\u00bb content_alignment=\u00bbdefault\u00bb mobile_content_alignment=\u00bbinherit\u00bb link_target=\u00bb_self\u00bb text_content=\u00bb Otros Vuelos en Globo sobre Capadocia\u00bb font_size=\u00bb10vh\u00bb animation_delay=\u00bb200&#8243; text_direction=\u00bbdefault\u00bb][\/split_line_heading][vc_column_text css=\u00bb\u00bb text_direction=\u00bbdefault\u00bb]Si los vuelos sobre la regi\u00f3n de G\u00f6reme son cancelados, a menudo es posible volar sobre otras \u00e1reas impresionantes de Capadocia. Los valles de \u00c7at y So\u011fanl\u0131 tienen paisajes muy similares a los de G\u00f6reme, con formaciones rocosas irregulares y profundos desfiladeros. Podr\u00e1s deslizarte sobre los valles junto a muchos otros globos en el cielo al amanecer \u2013 \u00a1una vista incre\u00edble![\/vc_column_text][nectar_woo_products product_type=\u00bball\u00bb category=\u00bbturkiye-balloon-flights\u00bb columns=\u00bb4&#8243; flickity_mobile_column_width=\u00bb100%\u00bb orderby=\u00bbdate\u00bb order=\u00bbDESC\u00bb][\/vc_column][\/vc_row]\n","protected":false},"excerpt":{"rendered":"<p>[vc_row type=\u00bbfull_width_background\u00bb full_screen_row_position=\u00bbmiddle\u00bb column_margin=\u00bbnone\u00bb column_direction=\u00bbdefault\u00bb column_direction_tablet=\u00bbdefault\u00bb column_direction_phone=\u00bbdefault\u00bb bg_image=\u00bb6373&#8243; bg_position=\u00bbcenter center\u00bb background_image_loading=\u00bbskip-lazy-load\u00bb bg_repeat=\u00bbno-repeat\u00bb scene_position=\u00bbcenter\u00bb top_padding=\u00bb10%\u00bb top_padding_tablet=\u00bb30%\u00bb constrain_group_3=\u00bbyes\u00bb bottom_padding_tablet=\u00bb30%\u00bb top_padding_phone=\u00bb40%\u00bb constrain_group_5=\u00bbyes\u00bb bottom_padding_phone=\u00bb40%\u00bb text_color=\u00bbcustom\u00bb text_align=\u00bbleft\u00bb row_border_radius=\u00bbnone\u00bb row_border_radius_applies=\u00bbbg\u00bb overflow=\u00bbvisible\u00bb id=\u00bbgoreme\u00bb overlay_strength=\u00bb0.3&#8243; gradient_direction=\u00bbradial\u00bb shape_divider_color=\u00bb#ffffff\u00bb shape_divider_position=\u00bbbottom\u00bb&#8230;<\/p>\n","protected":false},"author":1,"featured_media":0,"parent":0,"menu_order":0,"comment_status":"closed","ping_status":"closed","template":"","meta":{"footnotes":""},"class_list":["post-7215","page","type-page","status-publish"],"aioseo_notices":[],"_links":{"self":[{"href":"https:\/\/cappadociatourturkey.com\/es\/wp-json\/wp\/v2\/pages\/7215","targetHints":{"allow":["GET"]}}],"collection":[{"href":"https:\/\/cappadociatourturkey.com\/es\/wp-json\/wp\/v2\/pages"}],"about":[{"href":"https:\/\/cappadociatourturkey.com\/es\/wp-json\/wp\/v2\/types\/page"}],"author":[{"embeddable":true,"href":"https:\/\/cappadociatourturkey.com\/es\/wp-json\/wp\/v2\/users\/1"}],"replies":[{"embeddable":true,"href":"https:\/\/cappadociatourturkey.com\/es\/wp-json\/wp\/v2\/comments?post=7215"}],"version-history":[{"count":7,"href":"https:\/\/cappadociatourturkey.com\/es\/wp-json\/wp\/v2\/pages\/7215\/revisions"}],"predecessor-version":[{"id":8053,"href":"https:\/\/cappadociatourturkey.com\/es\/wp-json\/wp\/v2\/pages\/7215\/revisions\/8053"}],"wp:attachment":[{"href":"https:\/\/cappadociatourturkey.com\/es\/wp-json\/wp\/v2\/media?parent=7215"}],"curies":[{"name":"wp","href":"https:\/\/api.w.org\/{rel}","templated":true}]}}