{"id":5793,"date":"2023-07-06T15:04:50","date_gmt":"2023-07-06T15:04:50","guid":{"rendered":"https:\/\/cappadociatourturkey.com\/terminos-y-condiciones\/"},"modified":"2025-05-13T06:29:37","modified_gmt":"2025-05-13T06:29:37","slug":"terminos-y-condiciones","status":"publish","type":"page","link":"https:\/\/cappadociatourturkey.com\/es\/terminos-y-condiciones\/","title":{"rendered":"T\u00e9rminos y condiciones"},"content":{"rendered":"<p><strong>Reservas:<\/strong><\/p>\n<p>Cuando desee hacer una reserva, debe proporcionar detalles de al menos dos m\u00e9todos de contacto (correo electr\u00f3nico, WhatsApp, Telegram, m\u00f3vil). Ingrese los datos correctamente. Necesitamos informaci\u00f3n del pasaporte para algunos recorridos.<\/p>\n<p><strong>Dep\u00f3sitos:<\/strong><br \/>Para confirmar su reserva, debe pagar un dep\u00f3sito. La solicitud de reserva enviada sin dep\u00f3sito nunca se confirma. La tasa de dep\u00f3sito cambia seg\u00fan las fechas y los recorridos.<br \/>Los precios son v\u00e1lidos por 1 semana. Si pag\u00f3 y el precio aument\u00f3, no se ver\u00e1 afectado. Si los precios se redujeron despu\u00e9s de realizar el pago, podemos reducir el pago del saldo.<\/p>\n<p><strong>Pago:<\/strong><br \/>Puede pagar en efectivo o con tarjeta de cr\u00e9dito (Mastercard, Visa, Amex).<\/p>\n<p><strong>Moneda:<\/strong><br \/>Los precios est\u00e1n en euros. Cuando desee pagar con liras turcas, d\u00f3lares estadounidenses, libras esterlinas o yenes japoneses, utilizaremos el tipo de cambio actual.<\/p>\n<p><strong>Cambios de itinerario:<\/strong><br \/>Cuando desee cambiar su itinerario, si no hay un costo adicional debido a terceros para nuestra empresa, no le solicitaremos ning\u00fan costo adicional.<\/p>\n<p><strong>Cancelaciones:<\/strong><\/p>\n<ul>\n<li>Cancelaci\u00f3n de paquetes tur\u00edsticos y boletos de avi\u00f3n; Debes pagar las multas que nos cobran terceros.<\/li>\n<li>Todas las dem\u00e1s reservas se pueden cancelar sin cargo hasta con 48 horas de anticipaci\u00f3n.<\/li>\n<li>Si cancelas entre las \u00faltimas 24 y 48 horas, perder\u00e1s tu dep\u00f3sito.<\/li>\n<li>Si cancelas en las \u00faltimas 24 horas, deber\u00e1s pagar la tarifa de reserva.<\/li>\n<li>Debes seguir el itinerario que te enviamos. Debes estar listo a la hora y lugar de recogida. Eres responsable de los costos incurridos debido a vuelos perdidos, traslados al aeropuerto y tours.<\/li>\n<\/ul>\n<p><strong>Privacidad y seguridad de la tarjeta de cr\u00e9dito:<\/strong><br \/>Nunca compartimos tus datos de contacto o itinerario con ninguna otra organizaci\u00f3n. Los datos de tu tarjeta se eliminar\u00e1n autom\u00e1ticamente despu\u00e9s de tu pago.<\/p>\n<p>&nbsp;<\/p>\n<p><!-- \/wp:paragraph --><\/p>\n","protected":false},"excerpt":{"rendered":"<p>Reservas: Cuando desee hacer una reserva, debe proporcionar detalles de al menos dos m\u00e9todos de contacto (correo electr\u00f3nico, WhatsApp, Telegram, m\u00f3vil). Ingrese los datos correctamente. Necesitamos informaci\u00f3n del pasaporte para&#8230;<\/p>\n","protected":false},"author":1,"featured_media":0,"parent":0,"menu_order":0,"comment_status":"closed","ping_status":"closed","template":"","meta":{"footnotes":""},"class_list":["post-5793","page","type-page","status-publish"],"aioseo_notices":[],"_links":{"self":[{"href":"https:\/\/cappadociatourturkey.com\/es\/wp-json\/wp\/v2\/pages\/5793","targetHints":{"allow":["GET"]}}],"collection":[{"href":"https:\/\/cappadociatourturkey.com\/es\/wp-json\/wp\/v2\/pages"}],"about":[{"href":"https:\/\/cappadociatourturkey.com\/es\/wp-json\/wp\/v2\/types\/page"}],"author":[{"embeddable":true,"href":"https:\/\/cappadociatourturkey.com\/es\/wp-json\/wp\/v2\/users\/1"}],"replies":[{"embeddable":true,"href":"https:\/\/cappadociatourturkey.com\/es\/wp-json\/wp\/v2\/comments?post=5793"}],"version-history":[{"count":5,"href":"https:\/\/cappadociatourturkey.com\/es\/wp-json\/wp\/v2\/pages\/5793\/revisions"}],"predecessor-version":[{"id":7644,"href":"https:\/\/cappadociatourturkey.com\/es\/wp-json\/wp\/v2\/pages\/5793\/revisions\/7644"}],"wp:attachment":[{"href":"https:\/\/cappadociatourturkey.com\/es\/wp-json\/wp\/v2\/media?parent=5793"}],"curies":[{"name":"wp","href":"https:\/\/api.w.org\/{rel}","templated":true}]}}