{"id":5771,"date":"2023-07-06T06:26:50","date_gmt":"2023-07-06T06:26:50","guid":{"rendered":"https:\/\/cappadociatourturkey.com\/politica-privacidad\/"},"modified":"2025-05-13T06:16:30","modified_gmt":"2025-05-13T06:16:30","slug":"politica-privacidad","status":"publish","type":"page","link":"https:\/\/cappadociatourturkey.com\/es\/politica-privacidad\/","title":{"rendered":"Pol\u00edtica de privacidad"},"content":{"rendered":"[vc_row type=\u00bbin_container\u00bb full_screen_row_position=\u00bbmiddle\u00bb column_margin=\u00bbdefault\u00bb column_direction=\u00bbdefault\u00bb column_direction_tablet=\u00bbdefault\u00bb column_direction_phone=\u00bbdefault\u00bb scene_position=\u00bbcenter\u00bb text_color=\u00bbdark\u00bb text_align=\u00bbleft\u00bb row_border_radius=\u00bbnone\u00bb row_border_radius_applies=\u00bbbg\u00bb overflow=\u00bbvisible\u00bb overlay_strength=\u00bb0.3&#8243; gradient_direction=\u00bbleft_to_right\u00bb shape_divider_position=\u00bbbottom\u00bb bg_image_animation=\u00bbnone\u00bb][vc_column column_padding=\u00bbno-extra-padding\u00bb column_padding_tablet=\u00bbinherit\u00bb column_padding_phone=\u00bbinherit\u00bb column_padding_position=\u00bball\u00bb column_element_direction_desktop=\u00bbdefault\u00bb column_element_spacing=\u00bbdefault\u00bb desktop_text_alignment=\u00bbdefault\u00bb tablet_text_alignment=\u00bbdefault\u00bb phone_text_alignment=\u00bbdefault\u00bb background_color_opacity=\u00bb1&#8243; background_hover_color_opacity=\u00bb1&#8243; column_backdrop_filter=\u00bbnone\u00bb column_shadow=\u00bbnone\u00bb column_border_radius=\u00bbnone\u00bb column_link_target=\u00bb_self\u00bb column_position=\u00bbdefault\u00bb gradient_direction=\u00bbleft_to_right\u00bb overlay_strength=\u00bb0.3&#8243; width=\u00bb1\/1&#8243; tablet_width_inherit=\u00bbdefault\u00bb animation_type=\u00bbdefault\u00bb bg_image_animation=\u00bbnone\u00bb border_type=\u00bbsimple\u00bb column_border_width=\u00bbnone\u00bb column_border_style=\u00bbsolid\u00bb][vc_column_text css=\u00bb\u00bb text_direction=\u00bbdefault\u00bb]\r\n<p><strong>\u00bfPara qu\u00e9 sirve esta Pol\u00edtica de Privacidad?<\/strong><\/p>\r\n<p>Esta pol\u00edtica de privacidad, dirigida a este sitio web [https:\/\/cappadociatourturkey.com] y gestionada por <strong>Advice Tour<\/strong>, rige la privacidad de los usuarios que lo utilizan.<\/p>\r\n<p>La pol\u00edtica establece las diferentes \u00e1reas relacionadas con la privacidad del usuario y describe las obligaciones y requisitos de los usuarios, del sitio web y de sus propietarios. Adem\u00e1s, la forma en que este sitio web procesa, almacena y protege los datos e informaci\u00f3n del usuario tambi\u00e9n se detalla en esta pol\u00edtica.<\/p>\r\n<p><strong>El Sitio Web<\/strong><\/p>\r\n<p>Este sitio web y sus propietarios adoptan un enfoque proactivo en la privacidad del usuario y garantizan que se toman las medidas necesarias para protegerla durante toda su visita. Este sitio web cumple con todas las leyes y requisitos nacionales turcos en materia de privacidad del usuario.<\/p>\r\n<p><strong>Uso de Cookies<\/strong><\/p>\r\n<p>Este sitio web utiliza cookies para mejorar la experiencia del usuario durante su visita. Cuando corresponde, este sitio web utiliza un sistema de control de cookies que permite al usuario, en su primera visita, habilitar o deshabilitar el uso de cookies en su ordenador o dispositivo. Esto cumple con los requisitos legislativos recientes que exigen que los sitios web obtengan el consentimiento expl\u00edcito de los usuarios antes de almacenar o leer archivos como cookies en su ordenador o dispositivo.<\/p>\r\n<p>Las cookies son peque\u00f1os archivos que se guardan en el disco duro del usuario y que rastrean, guardan y almacenan informaci\u00f3n sobre sus interacciones y el uso del sitio web. Esto permite que el sitio web, a trav\u00e9s de su servidor, ofrezca a los usuarios una experiencia personalizada.<br \/>Se recomienda a los usuarios que, si desean denegar el uso y almacenamiento de cookies de este sitio web en el disco duro de su ordenador, tomen las medidas necesarias en la configuraci\u00f3n de seguridad de su navegador para bloquear todas las cookies de este sitio web y de sus proveedores externos. No se almacena, guarda ni recopila informaci\u00f3n personal.<\/p>\r\n<p><strong>Contacto y comunicaci\u00f3n<\/strong><\/p>\r\n<p>Los usuarios que contacten con este sitio web o sus propietarios lo hacen a su propia discreci\u00f3n y proporcionan los datos personales solicitados bajo su propia responsabilidad. Su informaci\u00f3n personal se mantiene privada y se almacena de forma segura hasta que deje de ser necesaria o no tenga uso, seg\u00fan lo detallado en la Ley de Protecci\u00f3n de Datos. Se ha hecho todo lo posible para garantizar un proceso seguro de env\u00edo de formularios a correo electr\u00f3nico, pero se recomienda a los usuarios que lo hagan bajo su propia responsabilidad.<\/p>\r\n<p>La informaci\u00f3n personal que recopilamos se utiliza para atender su solicitud de servicios, enviarle informaci\u00f3n de confirmaci\u00f3n y, si es necesario, informarle sobre actualizaciones o cambios en sus planes de viaje.<\/p>\r\n<p><strong>Advice Tour<\/strong> no modifica, copia, distribuye, licencia, vende ni redistribuye su informaci\u00f3n personal. Al utilizar el sitio web de <strong>Advice Tour<\/strong>, usted consiente la recopilaci\u00f3n y el uso de esta informaci\u00f3n de la manera descrita anteriormente.<\/p>\r\n<p><strong>Seguridad de las transacciones y certificado SSL<\/strong><\/p>\r\n<p>Utilizamos Secure Socket Layers (SSL) para garantizar la privacidad de la informaci\u00f3n que nos proporciona.<\/p>\r\n<p><strong>Anuncios y enlaces patrocinados<\/strong><\/p>\r\n<p>Este sitio web no contiene enlaces patrocinados ni anuncios.<\/p>\r\n<p><strong>Redes sociales<\/strong><\/p>\r\n<p>La comunicaci\u00f3n, la interacci\u00f3n y las acciones realizadas a trav\u00e9s de redes sociales externas en las que participan este sitio web y sus propietarios se rigen por los t\u00e9rminos y condiciones, as\u00ed como por las pol\u00edticas de privacidad de cada red social.<\/p>\r\n<p>Se recomienda a los usuarios utilizar las redes sociales con prudencia y comunicarse o interactuar en ellas con la debida precauci\u00f3n y precauci\u00f3n respecto a su privacidad y datos personales. Ni este sitio web ni sus propietarios solicitar\u00e1n jam\u00e1s informaci\u00f3n personal o sensible a trav\u00e9s de las redes sociales, y animamos a los usuarios que deseen compartir informaci\u00f3n sensible a que se pongan en contacto con ellos a trav\u00e9s de los canales de comunicaci\u00f3n principales, como el tel\u00e9fono o el correo electr\u00f3nico.<\/p>\r\n<p>Este sitio web puede utilizar botones para compartir en redes sociales que permiten compartir contenido web directamente desde las p\u00e1ginas web a la plataforma en cuesti\u00f3n. Se recomienda a los usuarios que, antes de utilizar dichos botones, lo hagan a su propia discreci\u00f3n y tengan en cuenta que la plataforma puede rastrear y guardar su solicitud para compartir una p\u00e1gina web a trav\u00e9s de su cuenta.<\/p>\r\n<p>v.1.2 Mayo de 2025 Editado y personalizado por:<\/p>\r\n<p><strong>Advice Tour<\/strong><\/p>\r\n[\/vc_column_text][\/vc_column][\/vc_row][vc_row type=\u00bbin_container\u00bb full_screen_row_position=\u00bbmiddle\u00bb column_margin=\u00bbdefault\u00bb column_direction=\u00bbdefault\u00bb column_direction_tablet=\u00bbdefault\u00bb column_direction_phone=\u00bbdefault\u00bb scene_position=\u00bbcenter\u00bb text_color=\u00bbdark\u00bb text_align=\u00bbleft\u00bb row_border_radius=\u00bbnone\u00bb row_border_radius_applies=\u00bbbg\u00bb overflow=\u00bbvisible\u00bb overlay_strength=\u00bb0.3&#8243; gradient_direction=\u00bbleft_to_right\u00bb shape_divider_position=\u00bbbottom\u00bb bg_image_animation=\u00bbnone\u00bb][vc_column column_padding=\u00bbno-extra-padding\u00bb column_padding_tablet=\u00bbinherit\u00bb column_padding_phone=\u00bbinherit\u00bb column_padding_position=\u00bball\u00bb column_element_direction_desktop=\u00bbdefault\u00bb column_element_spacing=\u00bbdefault\u00bb desktop_text_alignment=\u00bbdefault\u00bb tablet_text_alignment=\u00bbdefault\u00bb phone_text_alignment=\u00bbdefault\u00bb background_color_opacity=\u00bb1&#8243; background_hover_color_opacity=\u00bb1&#8243; column_backdrop_filter=\u00bbnone\u00bb column_shadow=\u00bbnone\u00bb column_border_radius=\u00bbnone\u00bb column_link_target=\u00bb_self\u00bb column_position=\u00bbdefault\u00bb gradient_direction=\u00bbleft_to_right\u00bb overlay_strength=\u00bb0.3&#8243; width=\u00bb1\/1&#8243; tablet_width_inherit=\u00bbdefault\u00bb animation_type=\u00bbdefault\u00bb bg_image_animation=\u00bbnone\u00bb border_type=\u00bbsimple\u00bb column_border_width=\u00bbnone\u00bb column_border_style=\u00bbsolid\u00bb][vc_column_text]\r\n[\/vc_column_text][\/vc_column][\/vc_row]<!-- \/wp:post-content -->","protected":false},"excerpt":{"rendered":"<p>[vc_row type=\u00bbin_container\u00bb full_screen_row_position=\u00bbmiddle\u00bb column_margin=\u00bbdefault\u00bb column_direction=\u00bbdefault\u00bb column_direction_tablet=\u00bbdefault\u00bb column_direction_phone=\u00bbdefault\u00bb scene_position=\u00bbcenter\u00bb text_color=\u00bbdark\u00bb text_align=\u00bbleft\u00bb row_border_radius=\u00bbnone\u00bb row_border_radius_applies=\u00bbbg\u00bb overflow=\u00bbvisible\u00bb overlay_strength=\u00bb0.3&#8243; gradient_direction=\u00bbleft_to_right\u00bb shape_divider_position=\u00bbbottom\u00bb bg_image_animation=\u00bbnone\u00bb][vc_column column_padding=\u00bbno-extra-padding\u00bb column_padding_tablet=\u00bbinherit\u00bb column_padding_phone=\u00bbinherit\u00bb column_padding_position=\u00bball\u00bb column_element_direction_desktop=\u00bbdefault\u00bb column_element_spacing=\u00bbdefault\u00bb desktop_text_alignment=\u00bbdefault\u00bb tablet_text_alignment=\u00bbdefault\u00bb phone_text_alignment=\u00bbdefault\u00bb background_color_opacity=\u00bb1&#8243; background_hover_color_opacity=\u00bb1&#8243; column_backdrop_filter=\u00bbnone\u00bb column_shadow=\u00bbnone\u00bb&#8230;<\/p>\n","protected":false},"author":1,"featured_media":0,"parent":0,"menu_order":0,"comment_status":"closed","ping_status":"open","template":"","meta":{"footnotes":""},"class_list":["post-5771","page","type-page","status-publish"],"aioseo_notices":[],"_links":{"self":[{"href":"https:\/\/cappadociatourturkey.com\/es\/wp-json\/wp\/v2\/pages\/5771","targetHints":{"allow":["GET"]}}],"collection":[{"href":"https:\/\/cappadociatourturkey.com\/es\/wp-json\/wp\/v2\/pages"}],"about":[{"href":"https:\/\/cappadociatourturkey.com\/es\/wp-json\/wp\/v2\/types\/page"}],"author":[{"embeddable":true,"href":"https:\/\/cappadociatourturkey.com\/es\/wp-json\/wp\/v2\/users\/1"}],"replies":[{"embeddable":true,"href":"https:\/\/cappadociatourturkey.com\/es\/wp-json\/wp\/v2\/comments?post=5771"}],"version-history":[{"count":11,"href":"https:\/\/cappadociatourturkey.com\/es\/wp-json\/wp\/v2\/pages\/5771\/revisions"}],"predecessor-version":[{"id":7634,"href":"https:\/\/cappadociatourturkey.com\/es\/wp-json\/wp\/v2\/pages\/5771\/revisions\/7634"}],"wp:attachment":[{"href":"https:\/\/cappadociatourturkey.com\/es\/wp-json\/wp\/v2\/media?parent=5771"}],"curies":[{"name":"wp","href":"https:\/\/api.w.org\/{rel}","templated":true}]}}